{"id":4432,"date":"2020-12-11T07:05:41","date_gmt":"2020-12-11T07:05:41","guid":{"rendered":"https:\/\/jhstaal.com\/branchen\/"},"modified":"2020-12-11T13:41:26","modified_gmt":"2020-12-11T13:41:26","slug":"branchen","status":"publish","type":"page","link":"https:\/\/jhstaal.com\/de\/branchen\/","title":{"rendered":"Branchen"},"content":{"rendered":"<div class=\"wpb-content-wrapper\"><p>[vc_row][vc_column]<div class=\"gap\" style=\"line-height: 20px; height: 20px;\"><\/div>[\/vc_column][\/vc_row][vc_row][vc_column][vc_column_text]Bei JH St\u00e5lindustri sind wir der bevorzugte Lieferant f\u00fcr eine Reihe gro\u00dfer Unternehmen innerhalb der Branchen Lebensmittelindustrie, Milchindustrie, chemische Industrie, Pharmaindustrie, Fischindustrie und Wasserwerke. Wir haben daher gro\u00dfe Einsichten und Fachkenntnisse in der Lieferung von Tanks und Prozessausr\u00fcstungen f\u00fcr diese Branchen. Lesen Sie im Folgenden mehr \u00fcber unsere einzelnen Prim\u00e4rindustrien.[\/vc_column_text][\/vc_column][\/vc_row][vc_row][vc_column]<div class=\"gap\" style=\"line-height: 20px; height: 20px;\"><\/div>[\/vc_column][\/vc_row][vc_row type=&#8220;vc_default&#8220; full_width=&#8220;stretch_row&#8220; equal_height=&#8220;yes&#8220; bg_type=&#8220;bg_color&#8220; css=&#8220;.vc_custom_1567534493288{margin-right: 4px !important;margin-bottom: -5px !important;margin-left: 4px !important;}&#8220; bg_color_value=&#8220;#303030&#8243;][vc_column][vc_row_inner css=&#8220;.vc_custom_1504639140776{margin-bottom: 20px !important;}&#8220;][vc_column_inner css=&#8220;.vc_custom_1504639209951{margin-bottom: 10px !important;}&#8220;][vc_column_text][\/vc_column_text][\/vc_column_inner][\/vc_row_inner][vc_row_inner equal_height=&#8220;yes&#8220; content_placement=&#8220;top&#8220; gap=&#8220;15&#8243;][vc_column_inner width=&#8220;1\/3&#8243;][vc_single_image image=&#8220;1630&#8243; img_size=&#8220;full&#8220; alignment=&#8220;center&#8220; style=&#8220;vc_box_border&#8220; border_color=&#8220;black&#8220; onclick=&#8220;custom_link&#8220; css_animation=&#8220;none&#8220; link=&#8220;\/de\/branchen\/die-milchindustrie\/&#8220; css=&#8220;.vc_custom_1607693944382{margin-top: -35px !important;margin-bottom: 10px !important;}&#8220;]<span id=\"creative-link-wrap-1778\" class=\"ult_main_cl ult-adjust-bottom-margin  \" >\n\t \t\t\t<span class=\"ult_cl_link_6  ult_crlink\" >\n\t\t\t\t\t<a  data-ultimate-target='#creative-link-wrap-1778 .ult_colorlink'  data-responsive-json-new='{\"font-size\":\"\",\"line-height\":\"\"}'  href=\"\/de\/branchen\/die-milchindustrie\/\" title=\"Lesen Sie mehr \u00fcber Milchindustrie\"  class=\"ult_colorlink ult-responsive  vc_custom_1607693951971\" style=\"font-weight:normal;color:#afafaf; \"  data-textcolor=\"#f2f2f2\" data-texthover=\"#afafaf\"data-style=\"Style_6\">\n\t\t\t\t\t\t\n\t\t\t\t\t\t<span data-hover=\"Milchindustrie\" style=\"color:#f2f2f2;;;\" class=\"ult_btn10_span   \">Milchindustrie<\/span>\n\t\t\t\t\t\t<span class=\"ult_btn6_link_top \" data-color=\"#afafaf\">\u2022<\/span>\n\t\t\t\t\t<\/a>\n\t\t\t\t<\/span>\n\t\t\t<\/span>[\/vc_column_inner][vc_column_inner width=&#8220;1\/3&#8243;][vc_single_image image=&#8220;1621&#8243; img_size=&#8220;full&#8220; alignment=&#8220;center&#8220; style=&#8220;vc_box_border&#8220; border_color=&#8220;black&#8220; onclick=&#8220;custom_link&#8220; css_animation=&#8220;none&#8220; link=&#8220;\/de\/branchen\/die-lebensmittelindustrie\/&#8220; css=&#8220;.vc_custom_1607693969870{margin-top: -35px !important;margin-bottom: 10px !important;}&#8220;]<span id=\"creative-link-wrap-4585\" class=\"ult_main_cl ult-adjust-bottom-margin  \" >\n\t \t\t\t<span class=\"ult_cl_link_6  ult_crlink\" >\n\t\t\t\t\t<a  data-ultimate-target='#creative-link-wrap-4585 .ult_colorlink'  data-responsive-json-new='{\"font-size\":\"\",\"line-height\":\"\"}'  href=\"\/de\/branchen\/die-lebensmittelindustrie\/\" title=\"Lesen Sie mehr \u00fcber Lebensmittelindustrie\"  class=\"ult_colorlink ult-responsive  vc_custom_1607693977938\" style=\"font-weight:normal;color:#afafaf; \"  data-textcolor=\"#f2f2f2\" data-texthover=\"#afafaf\"data-style=\"Style_6\">\n\t\t\t\t\t\t\n\t\t\t\t\t\t<span data-hover=\"Lebensmittelindustrie\" style=\"color:#f2f2f2;;;\" class=\"ult_btn10_span   \">Lebensmittelindustrie<\/span>\n\t\t\t\t\t\t<span class=\"ult_btn6_link_top \" data-color=\"#afafaf\">\u2022<\/span>\n\t\t\t\t\t<\/a>\n\t\t\t\t<\/span>\n\t\t\t<\/span>[\/vc_column_inner][vc_column_inner width=&#8220;1\/3&#8243;][vc_single_image image=&#8220;1612&#8243; img_size=&#8220;full&#8220; alignment=&#8220;center&#8220; style=&#8220;vc_box_border&#8220; border_color=&#8220;black&#8220; onclick=&#8220;custom_link&#8220; css_animation=&#8220;none&#8220; link=&#8220;\/de\/branchen\/die-pharmaindustrie\/&#8220; css=&#8220;.vc_custom_1607693987924{margin-top: -35px !important;margin-bottom: 10px !important;}&#8220;]<span id=\"creative-link-wrap-1060\" class=\"ult_main_cl ult-adjust-bottom-margin  \" >\n\t \t\t\t<span class=\"ult_cl_link_6  ult_crlink\" >\n\t\t\t\t\t<a  data-ultimate-target='#creative-link-wrap-1060 .ult_colorlink'  data-responsive-json-new='{\"font-size\":\"\",\"line-height\":\"\"}'  href=\"\/de\/branchen\/die-pharmaindustrie\/\" title=\"Lesen Sie mehr \u00fcber Pharmaindustrie\"  class=\"ult_colorlink ult-responsive  vc_custom_1607693996138\" style=\"font-weight:normal;color:#afafaf; \"  data-textcolor=\"#f2f2f2\" data-texthover=\"#afafaf\"data-style=\"Style_6\">\n\t\t\t\t\t\t\n\t\t\t\t\t\t<span data-hover=\"Pharmaindustrie\" style=\"color:#f2f2f2;;;\" class=\"ult_btn10_span   \">Pharmaindustrie<\/span>\n\t\t\t\t\t\t<span class=\"ult_btn6_link_top \" data-color=\"#afafaf\">\u2022<\/span>\n\t\t\t\t\t<\/a>\n\t\t\t\t<\/span>\n\t\t\t<\/span>[\/vc_column_inner][\/vc_row_inner][vc_row_inner equal_height=&#8220;yes&#8220; content_placement=&#8220;top&#8220; gap=&#8220;15&#8243;][vc_column_inner width=&#8220;1\/3&#8243;][vc_single_image image=&#8220;1682&#8243; img_size=&#8220;full&#8220; alignment=&#8220;center&#8220; style=&#8220;vc_box_border&#8220; border_color=&#8220;black&#8220; onclick=&#8220;custom_link&#8220; css_animation=&#8220;none&#8220; link=&#8220;\/de\/branchen\/wasserwerke\/&#8220; css=&#8220;.vc_custom_1607694005685{margin-top: -35px !important;margin-bottom: 2px !important;}&#8220;]<span id=\"creative-link-wrap-7860\" class=\"ult_main_cl ult-adjust-bottom-margin  \" >\n\t \t\t\t<span class=\"ult_cl_link_6  ult_crlink\" >\n\t\t\t\t\t<a  data-ultimate-target='#creative-link-wrap-7860 .ult_colorlink'  data-responsive-json-new='{\"font-size\":\"\",\"line-height\":\"\"}'  href=\"\/de\/branchen\/wasserwerke\/\" title=\"Lesen Sie mehr \u00fcber Wasserwerke\"  class=\"ult_colorlink ult-responsive \" style=\"font-weight:normal;color:#afafaf; \"  data-textcolor=\"#f2f2f2\" data-texthover=\"#afafaf\"data-style=\"Style_6\">\n\t\t\t\t\t\t\n\t\t\t\t\t\t<span data-hover=\"Wasserwerke\" style=\"color:#f2f2f2;;;\" class=\"ult_btn10_span   \">Wasserwerke<\/span>\n\t\t\t\t\t\t<span class=\"ult_btn6_link_top \" data-color=\"#afafaf\">\u2022<\/span>\n\t\t\t\t\t<\/a>\n\t\t\t\t<\/span>\n\t\t\t<\/span>[\/vc_column_inner][vc_column_inner width=&#8220;1\/3&#8243;][vc_single_image image=&#8220;1616&#8243; img_size=&#8220;full&#8220; alignment=&#8220;center&#8220; style=&#8220;vc_box_border&#8220; border_color=&#8220;black&#8220; onclick=&#8220;custom_link&#8220; css_animation=&#8220;none&#8220; link=&#8220;\/de\/branchen\/die-fischindustrie\/&#8220; css=&#8220;.vc_custom_1607694030344{margin-top: -35px !important;margin-bottom: 2px !important;}&#8220;]<span id=\"creative-link-wrap-9479\" class=\"ult_main_cl ult-adjust-bottom-margin  \" >\n\t \t\t\t<span class=\"ult_cl_link_6  ult_crlink\" >\n\t\t\t\t\t<a  data-ultimate-target='#creative-link-wrap-9479 .ult_colorlink'  data-responsive-json-new='{\"font-size\":\"\",\"line-height\":\"\"}'  href=\"\/de\/branchen\/die-fischindustrie\/\" title=\"Lesen Sie mehr \u00fcber Fischindustrie\"  class=\"ult_colorlink ult-responsive \" style=\"font-weight:normal;color:#afafaf; \"  data-textcolor=\"#f2f2f2\" data-texthover=\"#afafaf\"data-style=\"Style_6\">\n\t\t\t\t\t\t\n\t\t\t\t\t\t<span data-hover=\"Fischindustrie\" style=\"color:#f2f2f2;;;\" class=\"ult_btn10_span   \">Fischindustrie<\/span>\n\t\t\t\t\t\t<span class=\"ult_btn6_link_top \" data-color=\"#afafaf\">\u2022<\/span>\n\t\t\t\t\t<\/a>\n\t\t\t\t<\/span>\n\t\t\t<\/span>[\/vc_column_inner][vc_column_inner width=&#8220;1\/3&#8243;][vc_single_image image=&#8220;1626&#8243; img_size=&#8220;full&#8220; alignment=&#8220;center&#8220; style=&#8220;vc_box_border&#8220; border_color=&#8220;black&#8220; onclick=&#8220;custom_link&#8220; css_animation=&#8220;none&#8220; link=&#8220;\/de\/branchen\/die-chemieindustrie\/&#8220; css=&#8220;.vc_custom_1607694049054{margin-top: -35px !important;margin-bottom: 2px !important;}&#8220;]<span id=\"creative-link-wrap-5650\" class=\"ult_main_cl ult-adjust-bottom-margin  \" >\n\t \t\t\t<span class=\"ult_cl_link_6  ult_crlink\" >\n\t\t\t\t\t<a  data-ultimate-target='#creative-link-wrap-5650 .ult_colorlink'  data-responsive-json-new='{\"font-size\":\"\",\"line-height\":\"\"}'  href=\"\/de\/branchen\/die-chemieindustrie\/\" title=\"Lesen Sie mehr \u00fcber Chemieindustrie\"  class=\"ult_colorlink ult-responsive \" style=\"font-weight:normal;color:#afafaf; \"  data-textcolor=\"#f2f2f2\" data-texthover=\"#afafaf\"data-style=\"Style_6\">\n\t\t\t\t\t\t\n\t\t\t\t\t\t<span data-hover=\"Chemieindustrie\" style=\"color:#f2f2f2;;;\" class=\"ult_btn10_span   \">Chemieindustrie<\/span>\n\t\t\t\t\t\t<span class=\"ult_btn6_link_top \" data-color=\"#afafaf\">\u2022<\/span>\n\t\t\t\t\t<\/a>\n\t\t\t\t<\/span>\n\t\t\t<\/span>[\/vc_column_inner][\/vc_row_inner][\/vc_column][\/vc_row][vc_row type=&#8220;vc_default&#8220; full_width=&#8220;stretch_row&#8220; bg_type=&#8220;bg_color&#8220; css=&#8220;.vc_custom_1567534511045{padding-top: 10px !important;}&#8220;][\/vc_row][vc_column width=&#8220;1\/2&#8243;][\/vc_column][vc_column_text css=&#8220;.vc_custom_1504688282372{padding-bottom: -20px !important;}&#8220;][\/vc_column_text]<\/p>\n<\/div>","protected":false},"excerpt":{"rendered":"<p>[vc_row][vc_column][\/vc_column][\/vc_row][vc_row][vc_column][vc_column_text]Bei JH St\u00e5lindustri sind wir der bevorzugte Lieferant f\u00fcr eine Reihe gro\u00dfer Unternehmen innerhalb der Branchen Lebensmittelindustrie, Milchindustrie, chemische Industrie, Pharmaindustrie, Fischindustrie und Wasserwerke. Wir haben daher gro\u00dfe Einsichten und Fachkenntnisse in der Lieferung von Tanks und Prozessausr\u00fcstungen f\u00fcr diese Branchen. Lesen Sie im Folgenden mehr \u00fcber unsere einzelnen Prim\u00e4rindustrien.[\/vc_column_text][\/vc_column][\/vc_row][vc_row][vc_column][\/vc_column][\/vc_row][vc_row type=&#8220;vc_default&#8220; full_width=&#8220;stretch_row&#8220; equal_height=&#8220;yes&#8220; bg_type=&#8220;bg_color&#8220; css=&#8220;.vc_custom_1567534493288{margin-right:&hellip;<\/p>\n","protected":false},"author":10,"featured_media":0,"parent":0,"menu_order":0,"comment_status":"closed","ping_status":"closed","template":"","meta":{"footnotes":""},"yoast_head":"<!-- This site is optimized with the Yoast SEO plugin v22.2 - https:\/\/yoast.com\/wordpress\/plugins\/seo\/ -->\n<title>Branchen &#8211; JH St&aring;lindustri A\/S<\/title>\n<meta name=\"robots\" content=\"index, follow, max-snippet:-1, max-image-preview:large, max-video-preview:-1\" \/>\n<link rel=\"canonical\" href=\"https:\/\/jhstaal.com\/de\/branchen\/\" \/>\n<meta property=\"og:locale\" content=\"de_DE\" \/>\n<meta property=\"og:type\" content=\"article\" \/>\n<meta property=\"og:title\" content=\"Branchen &#8211; JH St&aring;lindustri A\/S\" \/>\n<meta property=\"og:description\" content=\"[vc_row][vc_column][\/vc_column][\/vc_row][vc_row][vc_column][vc_column_text]Bei JH St\u00e5lindustri sind wir der bevorzugte Lieferant f\u00fcr eine Reihe gro\u00dfer Unternehmen innerhalb der Branchen Lebensmittelindustrie, Milchindustrie, chemische Industrie, Pharmaindustrie, Fischindustrie und Wasserwerke. Wir haben daher gro\u00dfe Einsichten und Fachkenntnisse in der Lieferung von Tanks und Prozessausr\u00fcstungen f\u00fcr diese Branchen. Lesen Sie im Folgenden mehr \u00fcber unsere einzelnen Prim\u00e4rindustrien.[\/vc_column_text][\/vc_column][\/vc_row][vc_row][vc_column][\/vc_column][\/vc_row][vc_row type=&#8220;vc_default&#8220; full_width=&#8220;stretch_row&#8220; equal_height=&#8220;yes&#8220; bg_type=&#8220;bg_color&#8220; css=&#8220;.vc_custom_1567534493288{margin-right:&hellip;\" \/>\n<meta property=\"og:url\" content=\"https:\/\/jhstaal.com\/de\/branchen\/\" \/>\n<meta property=\"og:site_name\" content=\"JH St&aring;lindustri A\/S\" \/>\n<meta property=\"article:modified_time\" content=\"2020-12-11T13:41:26+00:00\" \/>\n<meta name=\"twitter:card\" content=\"summary_large_image\" \/>\n<meta name=\"twitter:label1\" content=\"Gesch\u00e4tzte Lesezeit\" \/>\n\t<meta name=\"twitter:data1\" content=\"4\u00a0Minuten\" \/>\n<script type=\"application\/ld+json\" class=\"yoast-schema-graph\">{\"@context\":\"https:\/\/schema.org\",\"@graph\":[{\"@type\":\"WebPage\",\"@id\":\"https:\/\/jhstaal.com\/de\/branchen\/\",\"url\":\"https:\/\/jhstaal.com\/de\/branchen\/\",\"name\":\"Branchen &#8211; JH St&aring;lindustri A\/S\",\"isPartOf\":{\"@id\":\"https:\/\/jhstaal.dk\/#website\"},\"datePublished\":\"2020-12-11T07:05:41+00:00\",\"dateModified\":\"2020-12-11T13:41:26+00:00\",\"breadcrumb\":{\"@id\":\"https:\/\/jhstaal.com\/de\/branchen\/#breadcrumb\"},\"inLanguage\":\"de\",\"potentialAction\":[{\"@type\":\"ReadAction\",\"target\":[\"https:\/\/jhstaal.com\/de\/branchen\/\"]}]},{\"@type\":\"BreadcrumbList\",\"@id\":\"https:\/\/jhstaal.com\/de\/branchen\/#breadcrumb\",\"itemListElement\":[{\"@type\":\"ListItem\",\"position\":1,\"name\":\"Hjem\",\"item\":\"https:\/\/jhstaal.com\/de\/\"},{\"@type\":\"ListItem\",\"position\":2,\"name\":\"Branchen\"}]},{\"@type\":\"WebSite\",\"@id\":\"https:\/\/jhstaal.dk\/#website\",\"url\":\"https:\/\/jhstaal.dk\/\",\"name\":\"JH St&aring;lindustri A\/S\",\"description\":\"St&aring;ltanke\",\"publisher\":{\"@id\":\"https:\/\/jhstaal.dk\/#organization\"},\"potentialAction\":[{\"@type\":\"SearchAction\",\"target\":{\"@type\":\"EntryPoint\",\"urlTemplate\":\"https:\/\/jhstaal.dk\/?s={search_term_string}\"},\"query-input\":\"required name=search_term_string\"}],\"inLanguage\":\"de\"},{\"@type\":\"Organization\",\"@id\":\"https:\/\/jhstaal.dk\/#organization\",\"name\":\"JH St\u00e5lindustri A\/S\",\"url\":\"https:\/\/jhstaal.dk\/\",\"logo\":{\"@type\":\"ImageObject\",\"inLanguage\":\"de\",\"@id\":\"https:\/\/jhstaal.dk\/#\/schema\/logo\/image\/\",\"url\":\"\/wp-content\/uploads\/2016\/09\/JHstaal-LOGO-600px.jpg\",\"contentUrl\":\"\/wp-content\/uploads\/2016\/09\/JHstaal-LOGO-600px.jpg\",\"width\":600,\"height\":160,\"caption\":\"JH St\u00e5lindustri A\/S\"},\"image\":{\"@id\":\"https:\/\/jhstaal.dk\/#\/schema\/logo\/image\/\"}}]}<\/script>\n<!-- \/ Yoast SEO plugin. -->","yoast_head_json":{"title":"Branchen &#8211; JH St&aring;lindustri A\/S","robots":{"index":"index","follow":"follow","max-snippet":"max-snippet:-1","max-image-preview":"max-image-preview:large","max-video-preview":"max-video-preview:-1"},"canonical":"https:\/\/jhstaal.com\/de\/branchen\/","og_locale":"de_DE","og_type":"article","og_title":"Branchen &#8211; JH St&aring;lindustri A\/S","og_description":"[vc_row][vc_column][\/vc_column][\/vc_row][vc_row][vc_column][vc_column_text]Bei JH St\u00e5lindustri sind wir der bevorzugte Lieferant f\u00fcr eine Reihe gro\u00dfer Unternehmen innerhalb der Branchen Lebensmittelindustrie, Milchindustrie, chemische Industrie, Pharmaindustrie, Fischindustrie und Wasserwerke. Wir haben daher gro\u00dfe Einsichten und Fachkenntnisse in der Lieferung von Tanks und Prozessausr\u00fcstungen f\u00fcr diese Branchen. Lesen Sie im Folgenden mehr \u00fcber unsere einzelnen Prim\u00e4rindustrien.[\/vc_column_text][\/vc_column][\/vc_row][vc_row][vc_column][\/vc_column][\/vc_row][vc_row type=&#8220;vc_default&#8220; full_width=&#8220;stretch_row&#8220; equal_height=&#8220;yes&#8220; bg_type=&#8220;bg_color&#8220; css=&#8220;.vc_custom_1567534493288{margin-right:&hellip;","og_url":"https:\/\/jhstaal.com\/de\/branchen\/","og_site_name":"JH St&aring;lindustri A\/S","article_modified_time":"2020-12-11T13:41:26+00:00","twitter_card":"summary_large_image","twitter_misc":{"Gesch\u00e4tzte Lesezeit":"4\u00a0Minuten"},"schema":{"@context":"https:\/\/schema.org","@graph":[{"@type":"WebPage","@id":"https:\/\/jhstaal.com\/de\/branchen\/","url":"https:\/\/jhstaal.com\/de\/branchen\/","name":"Branchen &#8211; JH St&aring;lindustri A\/S","isPartOf":{"@id":"https:\/\/jhstaal.dk\/#website"},"datePublished":"2020-12-11T07:05:41+00:00","dateModified":"2020-12-11T13:41:26+00:00","breadcrumb":{"@id":"https:\/\/jhstaal.com\/de\/branchen\/#breadcrumb"},"inLanguage":"de","potentialAction":[{"@type":"ReadAction","target":["https:\/\/jhstaal.com\/de\/branchen\/"]}]},{"@type":"BreadcrumbList","@id":"https:\/\/jhstaal.com\/de\/branchen\/#breadcrumb","itemListElement":[{"@type":"ListItem","position":1,"name":"Hjem","item":"https:\/\/jhstaal.com\/de\/"},{"@type":"ListItem","position":2,"name":"Branchen"}]},{"@type":"WebSite","@id":"https:\/\/jhstaal.dk\/#website","url":"https:\/\/jhstaal.dk\/","name":"JH St&aring;lindustri A\/S","description":"St&aring;ltanke","publisher":{"@id":"https:\/\/jhstaal.dk\/#organization"},"potentialAction":[{"@type":"SearchAction","target":{"@type":"EntryPoint","urlTemplate":"https:\/\/jhstaal.dk\/?s={search_term_string}"},"query-input":"required name=search_term_string"}],"inLanguage":"de"},{"@type":"Organization","@id":"https:\/\/jhstaal.dk\/#organization","name":"JH St\u00e5lindustri A\/S","url":"https:\/\/jhstaal.dk\/","logo":{"@type":"ImageObject","inLanguage":"de","@id":"https:\/\/jhstaal.dk\/#\/schema\/logo\/image\/","url":"\/wp-content\/uploads\/2016\/09\/JHstaal-LOGO-600px.jpg","contentUrl":"\/wp-content\/uploads\/2016\/09\/JHstaal-LOGO-600px.jpg","width":600,"height":160,"caption":"JH St\u00e5lindustri A\/S"},"image":{"@id":"https:\/\/jhstaal.dk\/#\/schema\/logo\/image\/"}}]}},"_links":{"self":[{"href":"https:\/\/jhstaal.com\/de\/wp-json\/wp\/v2\/pages\/4432"}],"collection":[{"href":"https:\/\/jhstaal.com\/de\/wp-json\/wp\/v2\/pages"}],"about":[{"href":"https:\/\/jhstaal.com\/de\/wp-json\/wp\/v2\/types\/page"}],"author":[{"embeddable":true,"href":"https:\/\/jhstaal.com\/de\/wp-json\/wp\/v2\/users\/10"}],"replies":[{"embeddable":true,"href":"https:\/\/jhstaal.com\/de\/wp-json\/wp\/v2\/comments?post=4432"}],"version-history":[{"count":0,"href":"https:\/\/jhstaal.com\/de\/wp-json\/wp\/v2\/pages\/4432\/revisions"}],"wp:attachment":[{"href":"https:\/\/jhstaal.com\/de\/wp-json\/wp\/v2\/media?parent=4432"}],"curies":[{"name":"wp","href":"https:\/\/api.w.org\/{rel}","templated":true}]}}