{"id":4486,"date":"2020-12-11T07:43:46","date_gmt":"2020-12-11T07:43:46","guid":{"rendered":"https:\/\/jhstaal.com\/produkte\/"},"modified":"2021-02-02T12:45:00","modified_gmt":"2021-02-02T12:45:00","slug":"produkte","status":"publish","type":"page","link":"https:\/\/jhstaal.com\/de\/produkte\/","title":{"rendered":"Produkte"},"content":{"rendered":"<div class=\"wpb-content-wrapper\"><p>[vc_row][vc_column]<div class=\"gap\" style=\"line-height: 20px; height: 20px;\"><\/div><div class=\"gap\" style=\"line-height: 20px; height: 20px;\"><\/div>[vc_column_text]Wir von JH St\u00e5lindustri sind Experten in der Herstellung von Tank und Prozessausr\u00fcstung in Edelstahl. Basierend auf den Bed\u00fcrfnissen des Kunden entwickeln wir speziell eine L\u00f6sung, die selbst die schwierigsten Anforderungen und Spezifikationen erf\u00fcllt. Wir liefern sowohl einzelne Tank als auch komplette Prozessanlagen und k\u00fcmmern uns um alles, vom Maschinenbau bis zur Montage. Lesen Sie hier mehr \u00fcber unsere unterschiedlichen Produktarten.[\/vc_column_text][\/vc_column][\/vc_row][vc_row type=&#8220;vc_default&#8220; full_width=&#8220;stretch_row&#8220; equal_height=&#8220;yes&#8220; bg_type=&#8220;bg_color&#8220; css=&#8220;.vc_custom_1567534493288{margin-right: 4px !important;margin-bottom: -5px !important;margin-left: 4px !important;}&#8220; bg_color_value=&#8220;#303030&#8243;][vc_column][vc_row_inner css=&#8220;.vc_custom_1504639140776{margin-bottom: 20px !important;}&#8220;][vc_column_inner css=&#8220;.vc_custom_1504639209951{margin-bottom: 10px !important;}&#8220;][vc_column_text]<\/p>\n<p>[\/vc_column_text][\/vc_column_inner][\/vc_row_inner][vc_row_inner equal_height=&#8220;yes&#8220; content_placement=&#8220;top&#8220; gap=&#8220;15&#8243;][vc_column_inner width=&#8220;1\/3&#8243;][vc_single_image image=&#8220;6373&#8243; img_size=&#8220;600&#215;333&#8243; alignment=&#8220;center&#8220; style=&#8220;vc_box_border&#8220; border_color=&#8220;black&#8220; onclick=&#8220;custom_link&#8220; css_animation=&#8220;none&#8220; link=&#8220;\/de\/produkte\/edelstahl-prozesstank\/&#8220; css=&#8220;.vc_custom_1612269067884{margin-top: -35px !important;margin-bottom: 10px !important;}&#8220;]<span id=\"creative-link-wrap-7209\" class=\"ult_main_cl ult-adjust-bottom-margin  \" >\n\t \t\t\t<span class=\"ult_cl_link_6  ult_crlink\" >\n\t\t\t\t\t<a  data-ultimate-target='#creative-link-wrap-7209 .ult_colorlink'  data-responsive-json-new='{\"font-size\":\"\",\"line-height\":\"\"}'  href=\"\/de\/produkte\/edelstahl-prozesstank\/\" title=\"Lesen Sie mehr \u00fcber Edelstahl Prozesstank\"  class=\"ult_colorlink ult-responsive  vc_custom_1607693148789\" style=\"font-weight:normal;color:#afafaf; \"  data-textcolor=\"#f2f2f2\" data-texthover=\"#afafaf\"data-style=\"Style_6\">\n\t\t\t\t\t\t\n\t\t\t\t\t\t<span data-hover=\"Edelstahl Prozesstank\" style=\"color:#f2f2f2;;;\" class=\"ult_btn10_span   \">Edelstahl Prozesstank<\/span>\n\t\t\t\t\t\t<span class=\"ult_btn6_link_top \" data-color=\"#afafaf\">\u2022<\/span>\n\t\t\t\t\t<\/a>\n\t\t\t\t<\/span>\n\t\t\t<\/span>[\/vc_column_inner][vc_column_inner width=&#8220;1\/3&#8243;][vc_single_image image=&#8220;6085&#8243; img_size=&#8220;600&#215;333&#8243; alignment=&#8220;center&#8220; style=&#8220;vc_box_border&#8220; border_color=&#8220;black&#8220; onclick=&#8220;custom_link&#8220; css_animation=&#8220;none&#8220; link=&#8220;\/de\/produkte\/edelstahl-druckbehaelter\/&#8220; css=&#8220;.vc_custom_1612269163587{margin-top: -35px !important;margin-bottom: 10px !important;}&#8220;]<span id=\"creative-link-wrap-1076\" class=\"ult_main_cl ult-adjust-bottom-margin  \" >\n\t \t\t\t<span class=\"ult_cl_link_6  ult_crlink\" >\n\t\t\t\t\t<a  data-ultimate-target='#creative-link-wrap-1076 .ult_colorlink'  data-responsive-json-new='{\"font-size\":\"\",\"line-height\":\"\"}'  href=\"\/de\/produkte\/edelstahl-druckbehaelter\/\" title=\"Sie mehr \u00fcber Edelstahl-Druckbeh\u00e4lter\"  class=\"ult_colorlink ult-responsive \" style=\"font-weight:normal;color:#afafaf; \"  data-textcolor=\"#f2f2f2\" data-texthover=\"#afafaf\"data-style=\"Style_6\">\n\t\t\t\t\t\t\n\t\t\t\t\t\t<span data-hover=\"Edelstahl Druckbeh\u00e4lter\" style=\"color:#f2f2f2;;;\" class=\"ult_btn10_span   \">Edelstahl Druckbeh\u00e4lter<\/span>\n\t\t\t\t\t\t<span class=\"ult_btn6_link_top \" data-color=\"#afafaf\">\u2022<\/span>\n\t\t\t\t\t<\/a>\n\t\t\t\t<\/span>\n\t\t\t<\/span>[\/vc_column_inner][vc_column_inner width=&#8220;1\/3&#8243;][vc_single_image image=&#8220;6331&#8243; img_size=&#8220;600&#215;333&#8243; alignment=&#8220;center&#8220; style=&#8220;vc_box_border&#8220; border_color=&#8220;black&#8220; onclick=&#8220;custom_link&#8220; css_animation=&#8220;none&#8220; link=&#8220;\/de\/produkte\/edelstahl-silo\/&#8220; css=&#8220;.vc_custom_1612269486248{margin-top: -35px !important;margin-bottom: 10px !important;}&#8220;]<span id=\"creative-link-wrap-3305\" class=\"ult_main_cl ult-adjust-bottom-margin  \" >\n\t \t\t\t<span class=\"ult_cl_link_6  ult_crlink\" >\n\t\t\t\t\t<a  data-ultimate-target='#creative-link-wrap-3305 .ult_colorlink'  data-responsive-json-new='{\"font-size\":\"\",\"line-height\":\"\"}'  href=\"\/de\/produkte\/edelstahl-silo\/\" title=\"Sie mehr \u00fcber Edelstahl-Silo\"  class=\"ult_colorlink ult-responsive \" style=\"font-weight:normal;color:#afafaf; \"  data-textcolor=\"#f2f2f2\" data-texthover=\"#afafaf\"data-style=\"Style_6\">\n\t\t\t\t\t\t\n\t\t\t\t\t\t<span data-hover=\"Edelstahl Silo\" style=\"color:#f2f2f2;;;\" class=\"ult_btn10_span   \">Edelstahl Silo<\/span>\n\t\t\t\t\t\t<span class=\"ult_btn6_link_top \" data-color=\"#afafaf\">\u2022<\/span>\n\t\t\t\t\t<\/a>\n\t\t\t\t<\/span>\n\t\t\t<\/span>[\/vc_column_inner][\/vc_row_inner][vc_row_inner equal_height=&#8220;yes&#8220; content_placement=&#8220;top&#8220; gap=&#8220;15&#8243;][vc_column_inner width=&#8220;1\/3&#8243;][vc_single_image image=&#8220;6570&#8243; img_size=&#8220;600&#215;333&#8243; alignment=&#8220;center&#8220; style=&#8220;vc_box_border&#8220; border_color=&#8220;black&#8220; onclick=&#8220;custom_link&#8220; css_animation=&#8220;none&#8220; link=&#8220;\/de\/produkte\/edelstahl-mobile-behaelter\/&#8220; css=&#8220;.vc_custom_1612269635247{margin-top: -35px !important;margin-bottom: 10px !important;}&#8220;]<span id=\"creative-link-wrap-6094\" class=\"ult_main_cl ult-adjust-bottom-margin  \" >\n\t \t\t\t<span class=\"ult_cl_link_6  ult_crlink\" >\n\t\t\t\t\t<a  data-ultimate-target='#creative-link-wrap-6094 .ult_colorlink'  data-responsive-json-new='{\"font-size\":\"\",\"line-height\":\"\"}'  href=\"\/de\/produkte\/edelstahl-mobile-behaelter\/\" title=\"Sie mehr \u00fcber Edelstahl mobile Beh\u00e4lter\"  class=\"ult_colorlink ult-responsive  vc_custom_1607693207351\" style=\"font-weight:normal;color:#afafaf; \"  data-textcolor=\"#f2f2f2\" data-texthover=\"#afafaf\"data-style=\"Style_6\">\n\t\t\t\t\t\t\n\t\t\t\t\t\t<span data-hover=\"Edelstahl mobile Beh\u00e4lter\" style=\"color:#f2f2f2;;;\" class=\"ult_btn10_span   \">Edelstahl mobile Beh\u00e4lter<\/span>\n\t\t\t\t\t\t<span class=\"ult_btn6_link_top \" data-color=\"#afafaf\">\u2022<\/span>\n\t\t\t\t\t<\/a>\n\t\t\t\t<\/span>\n\t\t\t<\/span>[\/vc_column_inner][vc_column_inner width=&#8220;1\/3&#8243;][vc_single_image image=&#8220;2395&#8243; img_size=&#8220;full&#8220; alignment=&#8220;center&#8220; style=&#8220;vc_box_border&#8220; border_color=&#8220;black&#8220; onclick=&#8220;custom_link&#8220; css_animation=&#8220;none&#8220; link=&#8220;\/de\/produkte\/edelstahl-ruehrwerke\/&#8220; css=&#8220;.vc_custom_1607693215730{margin-top: -35px !important;margin-bottom: 10px !important;}&#8220;]<span id=\"creative-link-wrap-1881\" class=\"ult_main_cl ult-adjust-bottom-margin  \" >\n\t \t\t\t<span class=\"ult_cl_link_6  ult_crlink\" >\n\t\t\t\t\t<a  data-ultimate-target='#creative-link-wrap-1881 .ult_colorlink'  data-responsive-json-new='{\"font-size\":\"\",\"line-height\":\"\"}'  href=\"\/de\/produkte\/edelstahl-ruehrwerke\/\" title=\"Sie mehr \u00fcber Edelstahl-R\u00fchrwerke\"  class=\"ult_colorlink ult-responsive  vc_custom_1607693224389\" style=\"font-weight:normal;color:#afafaf; \"  data-textcolor=\"#f2f2f2\" data-texthover=\"#afafaf\"data-style=\"Style_6\">\n\t\t\t\t\t\t\n\t\t\t\t\t\t<span data-hover=\"Edelstahl-R\u00fchrwerke\" style=\"color:#f2f2f2;;;\" class=\"ult_btn10_span   \">Edelstahl-R\u00fchrwerke<\/span>\n\t\t\t\t\t\t<span class=\"ult_btn6_link_top \" data-color=\"#afafaf\">\u2022<\/span>\n\t\t\t\t\t<\/a>\n\t\t\t\t<\/span>\n\t\t\t<\/span>[\/vc_column_inner][vc_column_inner width=&#8220;1\/3&#8243;][vc_single_image image=&#8220;6774&#8243; img_size=&#8220;600&#215;333&#8243; alignment=&#8220;center&#8220; style=&#8220;vc_box_border&#8220; border_color=&#8220;black&#8220; onclick=&#8220;custom_link&#8220; css_animation=&#8220;none&#8220; link=&#8220;\/de\/produkte\/edelstahl-mischtank\/&#8220; css=&#8220;.vc_custom_1612269625479{margin-top: -35px !important;margin-bottom: 10px !important;background-color: #f9f9f9 !important;}&#8220;]<span id=\"creative-link-wrap-5431\" class=\"ult_main_cl ult-adjust-bottom-margin  \" >\n\t \t\t\t<span class=\"ult_cl_link_6  ult_crlink\" >\n\t\t\t\t\t<a  data-ultimate-target='#creative-link-wrap-5431 .ult_colorlink'  data-responsive-json-new='{\"font-size\":\"\",\"line-height\":\"\"}'  href=\"\/de\/produkte\/edelstahl-mischtank\/\" title=\"Sie mehr \u00fcber Edelstahl Mischtank\"  class=\"ult_colorlink ult-responsive  vc_custom_1607693241945\" style=\"font-weight:normal;color:#afafaf; \"  data-textcolor=\"#f2f2f2\" data-texthover=\"#afafaf\"data-style=\"Style_6\">\n\t\t\t\t\t\t\n\t\t\t\t\t\t<span data-hover=\"Edelstahl mischtank\" style=\"color:#f2f2f2;;;\" class=\"ult_btn10_span   \">Edelstahl mischtank<\/span>\n\t\t\t\t\t\t<span class=\"ult_btn6_link_top \" data-color=\"#afafaf\">\u2022<\/span>\n\t\t\t\t\t<\/a>\n\t\t\t\t<\/span>\n\t\t\t<\/span>[\/vc_column_inner][\/vc_row_inner][vc_row_inner equal_height=&#8220;yes&#8220; content_placement=&#8220;top&#8220; gap=&#8220;15&#8243;][vc_column_inner width=&#8220;1\/3&#8243; css=&#8220;.vc_custom_1504638838341{margin-right: 0px !important;margin-left: 0px !important;}&#8220;][vc_single_image image=&#8220;6811&#8243; img_size=&#8220;600&#215;333&#8243; alignment=&#8220;center&#8220; style=&#8220;vc_box_border&#8220; border_color=&#8220;black&#8220; onclick=&#8220;custom_link&#8220; css_animation=&#8220;none&#8220; link=&#8220;\/de\/produkte\/edelstahl-puffertank\/&#8220; css=&#8220;.vc_custom_1612269779975{margin-top: -35px !important;margin-bottom: 10px !important;}&#8220;]<span id=\"creative-link-wrap-6804\" class=\"ult_main_cl ult-adjust-bottom-margin  \" >\n\t \t\t\t<span class=\"ult_cl_link_6  ult_crlink\" >\n\t\t\t\t\t<a  data-ultimate-target='#creative-link-wrap-6804 .ult_colorlink'  data-responsive-json-new='{\"font-size\":\"\",\"line-height\":\"\"}'  href=\"\/de\/produkte\/edelstahl-puffertank\/\" title=\"Sie mehr \u00fcber Edelstahl-Puffertank\"  class=\"ult_colorlink ult-responsive  vc_custom_1607693261685\" style=\"font-weight:normal;color:#afafaf; \"  data-textcolor=\"#f2f2f2\" data-texthover=\"#afafaf\"data-style=\"Style_6\">\n\t\t\t\t\t\t\n\t\t\t\t\t\t<span data-hover=\"Edelstahl Puffertank\" style=\"color:#f2f2f2;;;\" class=\"ult_btn10_span   \">Edelstahl Puffertank<\/span>\n\t\t\t\t\t\t<span class=\"ult_btn6_link_top \" data-color=\"#afafaf\">\u2022<\/span>\n\t\t\t\t\t<\/a>\n\t\t\t\t<\/span>\n\t\t\t<\/span>[\/vc_column_inner][vc_column_inner width=&#8220;1\/3&#8243;][vc_single_image image=&#8220;2403&#8243; img_size=&#8220;full&#8220; alignment=&#8220;center&#8220; style=&#8220;vc_box_border&#8220; border_color=&#8220;black&#8220; onclick=&#8220;custom_link&#8220; css_animation=&#8220;none&#8220; link=&#8220;\/de\/produkte\/schabewaermetauscher\/&#8220; css=&#8220;.vc_custom_1607693272247{margin-top: -35px !important;margin-bottom: 10px !important;}&#8220;]<span id=\"creative-link-wrap-8647\" class=\"ult_main_cl ult-adjust-bottom-margin  \" >\n\t \t\t\t<span class=\"ult_cl_link_6  ult_crlink\" >\n\t\t\t\t\t<a  data-ultimate-target='#creative-link-wrap-8647 .ult_colorlink'  data-responsive-json-new='{\"font-size\":\"\",\"line-height\":\"\"}'  href=\"\/de\/produkte\/schabewaermetauscher\/\" title=\"Sie mehr \u00fcber Schabew\u00e4rmetauscher\"  class=\"ult_colorlink ult-responsive  vc_custom_1607693278780\" style=\"font-weight:normal;color:#afafaf; \"  data-textcolor=\"#f2f2f2\" data-texthover=\"#afafaf\"data-style=\"Style_6\">\n\t\t\t\t\t\t\n\t\t\t\t\t\t<span data-hover=\"Schabew\u00e4rmetauscher\" style=\"color:#f2f2f2;;;\" class=\"ult_btn10_span   \">Schabew\u00e4rmetauscher<\/span>\n\t\t\t\t\t\t<span class=\"ult_btn6_link_top \" data-color=\"#afafaf\">\u2022<\/span>\n\t\t\t\t\t<\/a>\n\t\t\t\t<\/span>\n\t\t\t<\/span>[\/vc_column_inner][vc_column_inner width=&#8220;1\/3&#8243;][vc_single_image image=&#8220;6897&#8243; img_size=&#8220;600&#215;333&#8243; alignment=&#8220;center&#8220; style=&#8220;vc_box_border&#8220; border_color=&#8220;black&#8220; onclick=&#8220;custom_link&#8220; css_animation=&#8220;none&#8220; link=&#8220;\/de\/produkte\/prozesseinheiten\/&#8220; css=&#8220;.vc_custom_1612269893679{margin-top: -35px !important;margin-bottom: 10px !important;}&#8220;]<span id=\"creative-link-wrap-2984\" class=\"ult_main_cl ult-adjust-bottom-margin  \" >\n\t \t\t\t<span class=\"ult_cl_link_6  ult_crlink\" >\n\t\t\t\t\t<a  data-ultimate-target='#creative-link-wrap-2984 .ult_colorlink'  data-responsive-json-new='{\"font-size\":\"\",\"line-height\":\"\"}'  href=\"\/de\/produkte\/prozesseinheiten\/\" title=\"Sie mehr \u00fcber Prozesseinheiten\"  class=\"ult_colorlink ult-responsive  vc_custom_1607693296646\" style=\"font-weight:normal;color:#afafaf; \"  data-textcolor=\"#f2f2f2\" data-texthover=\"#afafaf\"data-style=\"Style_6\">\n\t\t\t\t\t\t\n\t\t\t\t\t\t<span data-hover=\"Prozesseinheiten\" style=\"color:#f2f2f2;;;\" class=\"ult_btn10_span   \">Prozesseinheiten<\/span>\n\t\t\t\t\t\t<span class=\"ult_btn6_link_top \" data-color=\"#afafaf\">\u2022<\/span>\n\t\t\t\t\t<\/a>\n\t\t\t\t<\/span>\n\t\t\t<\/span>[\/vc_column_inner][\/vc_row_inner][\/vc_column][\/vc_row][vc_row type=&#8220;vc_default&#8220; full_width=&#8220;stretch_row&#8220; bg_type=&#8220;bg_color&#8220; css=&#8220;.vc_custom_1567534502158{margin-right: 4px !important;margin-left: 4px !important;}&#8220; bg_color_value=&#8220;#303030&#8243;][\/vc_row][vc_column][\/vc_column][vc_row_inner css=&#8220;.vc_custom_1504639140776{margin-bottom: 20px !important;}&#8220;][\/vc_row_inner][vc_column_inner css=&#8220;.vc_custom_1504639209951{margin-bottom: 10px !important;}&#8220;][\/vc_column_inner]<\/p>\n<\/div>","protected":false},"excerpt":{"rendered":"<p>[vc_row][vc_column][vc_column_text]Wir von JH St\u00e5lindustri sind Experten in der Herstellung von Tank und Prozessausr\u00fcstung in Edelstahl. Basierend auf den Bed\u00fcrfnissen des Kunden entwickeln wir speziell eine L\u00f6sung, die selbst die schwierigsten Anforderungen und Spezifikationen erf\u00fcllt. Wir liefern sowohl einzelne Tank als auch komplette Prozessanlagen und k\u00fcmmern uns um alles, vom Maschinenbau bis zur Montage. Lesen Sie&hellip;<\/p>\n","protected":false},"author":10,"featured_media":0,"parent":0,"menu_order":0,"comment_status":"closed","ping_status":"closed","template":"","meta":{"footnotes":""},"yoast_head":"<!-- This site is optimized with the Yoast SEO plugin v22.2 - https:\/\/yoast.com\/wordpress\/plugins\/seo\/ -->\n<title>Produkte &#8211; JH St&aring;lindustri A\/S<\/title>\n<meta name=\"robots\" content=\"index, follow, max-snippet:-1, max-image-preview:large, max-video-preview:-1\" \/>\n<link rel=\"canonical\" href=\"https:\/\/jhstaal.com\/de\/produkte\/\" \/>\n<meta property=\"og:locale\" content=\"de_DE\" \/>\n<meta property=\"og:type\" content=\"article\" \/>\n<meta property=\"og:title\" content=\"Produkte &#8211; JH St&aring;lindustri A\/S\" \/>\n<meta property=\"og:description\" content=\"[vc_row][vc_column][vc_column_text]Wir von JH St\u00e5lindustri sind Experten in der Herstellung von Tank und Prozessausr\u00fcstung in Edelstahl. Basierend auf den Bed\u00fcrfnissen des Kunden entwickeln wir speziell eine L\u00f6sung, die selbst die schwierigsten Anforderungen und Spezifikationen erf\u00fcllt. Wir liefern sowohl einzelne Tank als auch komplette Prozessanlagen und k\u00fcmmern uns um alles, vom Maschinenbau bis zur Montage. Lesen Sie&hellip;\" \/>\n<meta property=\"og:url\" content=\"https:\/\/jhstaal.com\/de\/produkte\/\" \/>\n<meta property=\"og:site_name\" content=\"JH St&aring;lindustri A\/S\" \/>\n<meta property=\"article:modified_time\" content=\"2021-02-02T12:45:00+00:00\" \/>\n<meta name=\"twitter:card\" content=\"summary_large_image\" \/>\n<meta name=\"twitter:label1\" content=\"Gesch\u00e4tzte Lesezeit\" \/>\n\t<meta name=\"twitter:data1\" content=\"2\u00a0Minuten\" \/>\n<script type=\"application\/ld+json\" class=\"yoast-schema-graph\">{\"@context\":\"https:\/\/schema.org\",\"@graph\":[{\"@type\":\"WebPage\",\"@id\":\"https:\/\/jhstaal.com\/de\/produkte\/\",\"url\":\"https:\/\/jhstaal.com\/de\/produkte\/\",\"name\":\"Produkte &#8211; JH St&aring;lindustri A\/S\",\"isPartOf\":{\"@id\":\"https:\/\/jhstaal.dk\/sv\/#website\"},\"datePublished\":\"2020-12-11T07:43:46+00:00\",\"dateModified\":\"2021-02-02T12:45:00+00:00\",\"breadcrumb\":{\"@id\":\"https:\/\/jhstaal.com\/de\/produkte\/#breadcrumb\"},\"inLanguage\":\"de\",\"potentialAction\":[{\"@type\":\"ReadAction\",\"target\":[\"https:\/\/jhstaal.com\/de\/produkte\/\"]}]},{\"@type\":\"BreadcrumbList\",\"@id\":\"https:\/\/jhstaal.com\/de\/produkte\/#breadcrumb\",\"itemListElement\":[{\"@type\":\"ListItem\",\"position\":1,\"name\":\"Hjem\",\"item\":\"https:\/\/www.jhstaal.com\/de\/\"},{\"@type\":\"ListItem\",\"position\":2,\"name\":\"Produkte\"}]},{\"@type\":\"WebSite\",\"@id\":\"https:\/\/jhstaal.dk\/sv\/#website\",\"url\":\"https:\/\/jhstaal.dk\/sv\/\",\"name\":\"JH St&aring;lindustri A\/S\",\"description\":\"St&aring;ltanke\",\"publisher\":{\"@id\":\"https:\/\/jhstaal.dk\/sv\/#organization\"},\"potentialAction\":[{\"@type\":\"SearchAction\",\"target\":{\"@type\":\"EntryPoint\",\"urlTemplate\":\"https:\/\/jhstaal.dk\/sv\/?s={search_term_string}\"},\"query-input\":\"required name=search_term_string\"}],\"inLanguage\":\"de\"},{\"@type\":\"Organization\",\"@id\":\"https:\/\/jhstaal.dk\/sv\/#organization\",\"name\":\"JH St\u00e5lindustri A\/S\",\"url\":\"https:\/\/jhstaal.dk\/sv\/\",\"logo\":{\"@type\":\"ImageObject\",\"inLanguage\":\"de\",\"@id\":\"https:\/\/jhstaal.dk\/sv\/#\/schema\/logo\/image\/\",\"url\":\"\/wp-content\/uploads\/2016\/09\/JHstaal-LOGO-600px.jpg\",\"contentUrl\":\"\/wp-content\/uploads\/2016\/09\/JHstaal-LOGO-600px.jpg\",\"width\":600,\"height\":160,\"caption\":\"JH St\u00e5lindustri A\/S\"},\"image\":{\"@id\":\"https:\/\/jhstaal.dk\/sv\/#\/schema\/logo\/image\/\"}}]}<\/script>\n<!-- \/ Yoast SEO plugin. -->","yoast_head_json":{"title":"Produkte &#8211; JH St&aring;lindustri A\/S","robots":{"index":"index","follow":"follow","max-snippet":"max-snippet:-1","max-image-preview":"max-image-preview:large","max-video-preview":"max-video-preview:-1"},"canonical":"https:\/\/jhstaal.com\/de\/produkte\/","og_locale":"de_DE","og_type":"article","og_title":"Produkte &#8211; JH St&aring;lindustri A\/S","og_description":"[vc_row][vc_column][vc_column_text]Wir von JH St\u00e5lindustri sind Experten in der Herstellung von Tank und Prozessausr\u00fcstung in Edelstahl. Basierend auf den Bed\u00fcrfnissen des Kunden entwickeln wir speziell eine L\u00f6sung, die selbst die schwierigsten Anforderungen und Spezifikationen erf\u00fcllt. Wir liefern sowohl einzelne Tank als auch komplette Prozessanlagen und k\u00fcmmern uns um alles, vom Maschinenbau bis zur Montage. Lesen Sie&hellip;","og_url":"https:\/\/jhstaal.com\/de\/produkte\/","og_site_name":"JH St&aring;lindustri A\/S","article_modified_time":"2021-02-02T12:45:00+00:00","twitter_card":"summary_large_image","twitter_misc":{"Gesch\u00e4tzte Lesezeit":"2\u00a0Minuten"},"schema":{"@context":"https:\/\/schema.org","@graph":[{"@type":"WebPage","@id":"https:\/\/jhstaal.com\/de\/produkte\/","url":"https:\/\/jhstaal.com\/de\/produkte\/","name":"Produkte &#8211; JH St&aring;lindustri A\/S","isPartOf":{"@id":"https:\/\/jhstaal.dk\/sv\/#website"},"datePublished":"2020-12-11T07:43:46+00:00","dateModified":"2021-02-02T12:45:00+00:00","breadcrumb":{"@id":"https:\/\/jhstaal.com\/de\/produkte\/#breadcrumb"},"inLanguage":"de","potentialAction":[{"@type":"ReadAction","target":["https:\/\/jhstaal.com\/de\/produkte\/"]}]},{"@type":"BreadcrumbList","@id":"https:\/\/jhstaal.com\/de\/produkte\/#breadcrumb","itemListElement":[{"@type":"ListItem","position":1,"name":"Hjem","item":"https:\/\/www.jhstaal.com\/de\/"},{"@type":"ListItem","position":2,"name":"Produkte"}]},{"@type":"WebSite","@id":"https:\/\/jhstaal.dk\/sv\/#website","url":"https:\/\/jhstaal.dk\/sv\/","name":"JH St&aring;lindustri A\/S","description":"St&aring;ltanke","publisher":{"@id":"https:\/\/jhstaal.dk\/sv\/#organization"},"potentialAction":[{"@type":"SearchAction","target":{"@type":"EntryPoint","urlTemplate":"https:\/\/jhstaal.dk\/sv\/?s={search_term_string}"},"query-input":"required name=search_term_string"}],"inLanguage":"de"},{"@type":"Organization","@id":"https:\/\/jhstaal.dk\/sv\/#organization","name":"JH St\u00e5lindustri A\/S","url":"https:\/\/jhstaal.dk\/sv\/","logo":{"@type":"ImageObject","inLanguage":"de","@id":"https:\/\/jhstaal.dk\/sv\/#\/schema\/logo\/image\/","url":"\/wp-content\/uploads\/2016\/09\/JHstaal-LOGO-600px.jpg","contentUrl":"\/wp-content\/uploads\/2016\/09\/JHstaal-LOGO-600px.jpg","width":600,"height":160,"caption":"JH St\u00e5lindustri A\/S"},"image":{"@id":"https:\/\/jhstaal.dk\/sv\/#\/schema\/logo\/image\/"}}]}},"_links":{"self":[{"href":"https:\/\/jhstaal.com\/de\/wp-json\/wp\/v2\/pages\/4486"}],"collection":[{"href":"https:\/\/jhstaal.com\/de\/wp-json\/wp\/v2\/pages"}],"about":[{"href":"https:\/\/jhstaal.com\/de\/wp-json\/wp\/v2\/types\/page"}],"author":[{"embeddable":true,"href":"https:\/\/jhstaal.com\/de\/wp-json\/wp\/v2\/users\/10"}],"replies":[{"embeddable":true,"href":"https:\/\/jhstaal.com\/de\/wp-json\/wp\/v2\/comments?post=4486"}],"version-history":[{"count":2,"href":"https:\/\/jhstaal.com\/de\/wp-json\/wp\/v2\/pages\/4486\/revisions"}],"predecessor-version":[{"id":6950,"href":"https:\/\/jhstaal.com\/de\/wp-json\/wp\/v2\/pages\/4486\/revisions\/6950"}],"wp:attachment":[{"href":"https:\/\/jhstaal.com\/de\/wp-json\/wp\/v2\/media?parent=4486"}],"curies":[{"name":"wp","href":"https:\/\/api.w.org\/{rel}","templated":true}]}}