{"id":4524,"date":"2020-12-11T07:49:37","date_gmt":"2020-12-11T07:49:37","guid":{"rendered":"https:\/\/jhstaal.com\/produkte\/prozesseinheiten\/"},"modified":"2021-03-01T18:55:36","modified_gmt":"2021-03-01T18:55:36","slug":"prozesseinheiten","status":"publish","type":"page","link":"https:\/\/jhstaal.com\/de\/produkte\/prozesseinheiten\/","title":{"rendered":"Prozesseinheiten"},"content":{"rendered":"<div class=\"wpb-content-wrapper\"><p>[vc_row][vc_column][vc_single_image image=&#8220;4527&#8243; img_size=&#8220;full&#8220; alignment=&#8220;center&#8220;][vc_row_inner][\/vc_row_inner][vc_column_inner][\/vc_column_inner][vc_column_text]<\/p>\n<p>Prozesseinheiten aus Edelstahl k\u00f6nnen in einer Vielzahl von Produktionen eingesetzt werden. Es handelt sich um eine angepasste L\u00f6sung, die aus einer Reihe von Tank, CIP-L\u00f6sungen, Rohrleitungssystemen und R\u00fchrwerken bestehen kann. Zus\u00e4tzlich kann die gesamte verfahrenstechnische Anlage von einer SPS gesteuert werden.<\/p>\n<div class=\"gap\" style=\"line-height: 20px; height: 20px;\"><\/div>\n<h2>Komplette Prozesseinheiten aus Edelstahl<\/h2>\n<div class=\"gap\" style=\"line-height: 20px; height: 20px;\"><\/div>\n<p>Wir von JH St\u00e5lindustri stellen nicht nur Tank her, sondern bieten auch Komplettl\u00f6sungen an, die auf die individuellen Kundenbed\u00fcrfnisse zugeschnitten sind. Basierend auf unserem Produktportfolio und unserer Erfahrung bieten wir die Planung und Lieferung kompletter verfahrenstechnischer Anlagen an. Die konkrete Aufgabe wird in enger Zusammenarbeit mit dem Kunden erstellt, damit die fertige Anlage genau den Anforderungen an Produktion, Hygiene und Funktion entspricht.<\/p>\n<div class=\"gap\" style=\"line-height: 20px; height: 20px;\"><\/div>\n<h3>Beratung<\/h3>\n<div class=\"gap\" style=\"line-height: 20px; height: 20px;\"><\/div>\n<p>Bei JH St\u00e5lindustri verf\u00fcgen wir \u00fcber umfangreiche Erfahrung mit Tank und Prozessausr\u00fcstung aus Edelstahl, die es uns erm\u00f6glichen, \u00fcber die gesamte L\u00f6sung der Prozesseinheit eingehend zu beraten. Wir ber\u00fccksichtigen alle Kundenbed\u00fcrfnisse und beraten bei der Herstellung und dem Bau der verfahrenstechnischen Anlage zu einer Komplettl\u00f6sung. Dies umfasst Tank, CIP-Anlagen, R\u00fchrwerke und SPS-Steuerung.<\/p>\n<div class=\"gap\" style=\"line-height: 20px; height: 20px;\"><\/div>\n<h3>Kratzw\u00e4rmetauscher<\/h3>\n<div class=\"gap\" style=\"line-height: 20px; height: 20px;\"><\/div>\n<p>Im Laufe der Jahre haben wir eine Reihe von Prozesseinheiten f\u00fcr die Lebensmittelindustrie mittels eines eingebauten Kratzw\u00e4rmetauscher hergestellt. Bei JH St\u00e5lindustri haben wir den Rotapro-Kratzw\u00e4rmetauscher entwickelt, der sich ideal f\u00fcr den Einsatz in Prozesseinheiten eignet, bei denen hochviskose Produkte erw\u00e4rmt oder gek\u00fchlt werden m\u00fcssen. Der Kratzw\u00e4rmetauscher ist ein wesentlicher Bestandteil einer Vielzahl von Prozesseinheiten, die wir bei JH St\u00e5lindustri herstellen, da er das Produkt auf schonende Weise effektiv verarbeiten kann.<\/p>\n<div class=\"gap\" style=\"line-height: 20px; height: 20px;\"><\/div>\n<h3>CIP-Anlage<\/h3>\n<div class=\"gap\" style=\"line-height: 20px; height: 20px;\"><\/div>\n<p>CIP-Anlagen sind h\u00e4ufig Teil der gesamten Prozesseinheit. Bei JH St\u00e5lindustri haben wir eine eigene \u201eJH CIP Unit\u201c entwickelt, die Prozessanlagen und einzelne Einheiten effizient reinigt. JH CIP-Einheiten werden auf einem Edelstahlboden hergestellt, der je nach Aufgaben mit der erforderlichen Anzahl an Tank montiert ist. Die Anlage kann je nach Gr\u00f6\u00dfe und Kapazit\u00e4t station\u00e4r oder mobil sein. Die JH CIP-Anlage kann \u201eA-String\u201c ohne Recycling oder \u201eMulti-String\u201c mit Recycling sein.<\/p>\n<p>[\/vc_column_text][\/vc_column][\/vc_row][vc_row][vc_column][vc_tta_accordion style=&#8220;flat&#8220; shape=&#8220;square&#8220; gap=&#8220;20&#8243; c_icon=&#8220;&#8220; active_section=&#8220;1&#8243;][vc_tta_section title=&#8220;Flowdiagrammer&#8220; tab_id=&#8220;1474965212674-bcb4ff53-9676&#8243;][vc_row_inner][vc_column_inner width=&#8220;1\/2&#8243;][vc_single_image image=&#8220;4526&#8243; img_size=&#8220;full&#8220; css=&#8220;.vc_custom_1475002231167{margin-bottom: -1px !important;}&#8220;][vc_column_text]Einsaitiges System ohne Recycling, station\u00e4re oder mobile Einheit.[\/vc_column_text][\/vc_column_inner][vc_column_inner width=&#8220;1\/2&#8243;][vc_single_image image=&#8220;4525&#8243; img_size=&#8220;full&#8220; css=&#8220;.vc_custom_1475002239203{margin-bottom: -1px !important;}&#8220;][vc_column_text]Einsaitiges System mit Recycling, station\u00e4re Einheit.[\/vc_column_text][\/vc_column_inner][\/vc_row_inner][\/vc_tta_section][\/vc_tta_accordion][\/vc_column][\/vc_row][vc_row][vc_column]<div class=\"gap\" style=\"line-height: 20px; height: 20px;\"><\/div>[\/vc_column][\/vc_row][vc_row][vc_column][vc_column_text]<\/p>\n<h2>JH St\u00e5lindustri ist sehr professionell<\/h2>\n<div class=\"gap\" style=\"line-height: 20px; height: 20px;\"><\/div>\n<p>Bei JH St\u00e5lindustri fertigen wir Prozesseinheiten nach den Anforderungen unserer Kunden. Wir setzen uns daf\u00fcr ein, dass alle Standards eingehalten werden und dass unsere Kunden eine qualitativ hochwertige Einheit haben. Daher k\u00f6nnen unsere Kunden erwarten:<\/p>\n<p>Ein gr\u00fcndlicher und intensiver Dialog, damit wir die Bed\u00fcrfnisse und Anforderungen des Kunden zu 100% verstehen<br \/>\nVolle R\u00fcckverfolgbarkeit aller Materialien<br \/>\nEin gro\u00dfer Aufwand, um sicherzustellen, dass der Kunde alle technischen Details der einzelnen Prozesseinheit versteht. Unter anderem verwenden wir 3D-Zeichnungen, um dieses Verst\u00e4ndnis zu schaffen<br \/>\nDokumentation des Herstellungsprozesses. Einschlie\u00dflich Material- und Schwei\u00dfzertifikate, Oberfl\u00e4chen, Pr\u00fcfungen und vieles mehr<\/p>\n<div class=\"gap\" style=\"line-height: 20px; height: 20px;\"><\/div>\n<h3>Unsere Schmiede sind zertifiziert<\/h3>\n<div class=\"gap\" style=\"line-height: 20px; height: 20px;\"><\/div>\n<p>Die Herstellung hochwertiger Prozesseinheiten ist ein Handwerk. Daher sind unsere Schmiede nat\u00fcrlich nach den PED-Anforderungen zertifiziert, bei denen es sich um Zertifizierungen handelt, mit denen gearbeitet werden kann:<\/p>\n<ul>\n<li>Materialien<\/li>\n<li>Schwei\u00dfmethoden<\/li>\n<li>Wandst\u00e4rken<\/li>\n<\/ul>\n<div class=\"gap\" style=\"line-height: 20px; height: 20px;\"><\/div>\n<p>Die Zertifizierungen sind 3 Jahre g\u00fcltig und daher k\u00f6nnen wir garantieren, dass unsere Schmiede immer auf dem neuesten Stand der Arbeitsweise sind. Es ist Ihre Garantie f\u00fcr eine gute Arbeit.<\/p>\n<div class=\"gap\" style=\"line-height: 20px; height: 20px;\"><\/div>\n<p>Wenden Sie sich noch heute an JH St\u00e5lindustri, wenn Sie mehr \u00fcber Prozesseinheiten oder unsere Verfahren telefonisch unter +45 86 47 90 44 oder per E-Mail an jhstaal@jhstaal.com erfahren m\u00f6chten.<\/p>\n<p>[\/vc_column_text][\/vc_column][\/vc_row][vc_row][vc_column]<style type=\"text\/css\" data-type=\"the7_shortcodes-inline-css\">#default-btn-d8c5237c5fe76120b0f5003cd8542aa5 {\n  border-radius: 5px;\n  font-size: 18px;\n  line-height: 20px;\n}\n.btn-shadow#default-btn-d8c5237c5fe76120b0f5003cd8542aa5 {\n  box-shadow: 0 1px 6px rgba(0,0,0,0.12);\n  transition: box-shadow 0.2s ease-out, opacity 0.45s;\n}\n.btn-shadow#default-btn-d8c5237c5fe76120b0f5003cd8542aa5:hover {\n  box-shadow: 0 5px 11px 0 rgba(0,0,0,0.18), 0 4px 15px 0 rgba(0,0,0,0.15);\n}\n.btn-flat#default-btn-d8c5237c5fe76120b0f5003cd8542aa5 {\n  box-shadow: none;\n}\n.btn-flat#default-btn-d8c5237c5fe76120b0f5003cd8542aa5:hover {\n  box-shadow: none;\n}\n#default-btn-d8c5237c5fe76120b0f5003cd8542aa5.ico-right-side > i {\n  margin-right: 0px;\n  margin-left: 8px;\n}\n#default-btn-d8c5237c5fe76120b0f5003cd8542aa5 > i {\n  margin-right: 8px;\n  font-size: 25px;\n}\n#default-btn-d8c5237c5fe76120b0f5003cd8542aa5:not(:hover) {\n  border-width: 0px;\n  padding: 17px 24px 16px 24px;\n}\n#default-btn-d8c5237c5fe76120b0f5003cd8542aa5:hover {\n  border-width: 0px;\n  padding: 17px 24px 16px 24px;\n}\n#default-btn-d8c5237c5fe76120b0f5003cd8542aa5.ico-right-side > i {\n  margin-right: 0px;\n  margin-left: 8px;\n}\n#default-btn-d8c5237c5fe76120b0f5003cd8542aa5 > i {\n  margin-right: 8px;\n}\n<\/style><div class=\"btn-align-center\"><a href=\"https:\/\/jhstaal.com\/en\/datasheets\/\" class=\"default-btn-shortcode dt-btn link-hover-off btn-flat  vc_custom_1614268365676\" id=\"default-btn-d8c5237c5fe76120b0f5003cd8542aa5\" title=\"Datasheets\"><span>See our datasheets here<\/span><\/a><\/div>[vc_separator border_width=&#8220;3&#8243;]<div class=\"ult-spacer spacer-69e205fcbef20\" data-id=\"69e205fcbef20\" data-height=\"30\" data-height-mobile=\"30\" data-height-tab=\"30\" data-height-tab-portrait=\"30\" data-height-mobile-landscape=\"30\" style=\"clear:both;display:block;\"><\/div>[\/vc_column][\/vc_row][vc_row][vc_column]<div class=\"wf-container dt-gallery-container dt-photos-shortcode loading-effect-fade-in iso-grid jg-container description-on-hover hover-style-two hover-fade content-align-centre\" data-padding=\"20px\" data-cur-page=\"1\" data-target-height=\"240px\"><div class=\"wf-cell\" data-post-id=\"6912\" data-date=\"2021-02-02T09:28:37+00:00\" data-name=\"\">\n<article class=\"post post-6912 attachment type-attachment status-inherit hentry no-img description-off\">\n\n\t<figure class=\"rollover-project links-hovers-disabled\">\n\t<a href=\"\/wp-content\/uploads\/2017\/07\/JHStaal-Rotapro-Process-Unit-scaled.jpg\" class=\"rollover rollover-zoom dt-pswp-item layzr-bg\"  data-dt-img-description=\"\"  data-large_image_width=\"1869\" data-large_image_height = \"2560\" ><img fetchpriority=\"high\" decoding=\"async\" class=\"preload-me jgrid-lazy-load aspect\" src=\"data:image\/svg+xml,%3Csvg%20xmlns%3D&#39;http%3A%2F%2Fwww.w3.org%2F2000%2Fsvg&#39;%20viewBox%3D&#39;0%200%20554%20312&#39;%2F%3E\" data-src=\"\/wp-content\/uploads\/2017\/07\/JHStaal-Rotapro-Process-Unit-scaled-554x312.jpg\" data-srcset=\"\/wp-content\/uploads\/2017\/07\/JHStaal-Rotapro-Process-Unit-scaled-554x312.jpg 554w, \/wp-content\/uploads\/2017\/07\/JHStaal-Rotapro-Process-Unit-scaled-1108x624.jpg 1108w\" loading=\"eager\" style=\"--ratio: 554 \/ 312\" sizes=\"(max-width: 554px) 100vw, 554px\" alt=\"\" width=\"554\" height=\"312\"  \/><\/a>\t<\/figure>\n<\/article>\n\n<\/div><div class=\"wf-cell\" data-post-id=\"6907\" data-date=\"2021-02-02T09:28:30+00:00\" data-name=\"JHStaal Destilation System\">\n<article class=\"post post-6907 attachment type-attachment status-inherit hentry no-img description-off\">\n\n\t<figure class=\"rollover-project links-hovers-disabled\">\n\t<a href=\"\/wp-content\/uploads\/2017\/07\/JHStaal-Destilation-System-scaled.jpg\" class=\"rollover rollover-zoom dt-pswp-item layzr-bg\" title=\"JHStaal Destilation System\" data-dt-img-description=\"\"  data-large_image_width=\"2560\" data-large_image_height = \"1920\" ><img decoding=\"async\" class=\"preload-me jgrid-lazy-load aspect\" src=\"data:image\/svg+xml,%3Csvg%20xmlns%3D&#39;http%3A%2F%2Fwww.w3.org%2F2000%2Fsvg&#39;%20viewBox%3D&#39;0%200%20554%20312&#39;%2F%3E\" data-src=\"\/wp-content\/uploads\/2017\/07\/JHStaal-Destilation-System-scaled-554x312.jpg\" data-srcset=\"\/wp-content\/uploads\/2017\/07\/JHStaal-Destilation-System-scaled-554x312.jpg 554w, \/wp-content\/uploads\/2017\/07\/JHStaal-Destilation-System-scaled-1108x624.jpg 1108w\" loading=\"eager\" style=\"--ratio: 554 \/ 312\" sizes=\"(max-width: 554px) 100vw, 554px\" alt=\"\" width=\"554\" height=\"312\"  \/><\/a>\t<\/figure>\n<\/article>\n\n<\/div><div class=\"wf-cell\" data-post-id=\"6902\" data-date=\"2021-02-02T09:26:34+00:00\" data-name=\"\">\n<article class=\"post post-6902 attachment type-attachment status-inherit hentry no-img description-off\">\n\n\t<figure class=\"rollover-project links-hovers-disabled\">\n\t<a href=\"\/wp-content\/uploads\/2017\/07\/JHStaal-Tank-With-Cooling-Unit.jpg\" class=\"rollover rollover-zoom dt-pswp-item layzr-bg\"  data-dt-img-description=\"\"  data-large_image_width=\"2560\" data-large_image_height = \"1920\" ><img decoding=\"async\" class=\"preload-me jgrid-lazy-load aspect\" src=\"data:image\/svg+xml,%3Csvg%20xmlns%3D&#39;http%3A%2F%2Fwww.w3.org%2F2000%2Fsvg&#39;%20viewBox%3D&#39;0%200%20554%20312&#39;%2F%3E\" data-src=\"\/wp-content\/uploads\/2017\/07\/JHStaal-Tank-With-Cooling-Unit-554x312.jpg\" data-srcset=\"\/wp-content\/uploads\/2017\/07\/JHStaal-Tank-With-Cooling-Unit-554x312.jpg 554w, \/wp-content\/uploads\/2017\/07\/JHStaal-Tank-With-Cooling-Unit-1108x624.jpg 1108w\" loading=\"eager\" style=\"--ratio: 554 \/ 312\" sizes=\"(max-width: 554px) 100vw, 554px\" alt=\"\" width=\"554\" height=\"312\"  \/><\/a>\t<\/figure>\n<\/article>\n\n<\/div><div class=\"wf-cell\" data-post-id=\"6897\" data-date=\"2021-02-02T09:26:28+00:00\" data-name=\"\">\n<article class=\"post post-6897 attachment type-attachment status-inherit hentry no-img description-off\">\n\n\t<figure class=\"rollover-project links-hovers-disabled\">\n\t<a href=\"\/wp-content\/uploads\/2017\/07\/JHStaal-SSHE-Process-Unit-scaled.jpg\" class=\"rollover rollover-zoom dt-pswp-item layzr-bg\"  data-dt-img-description=\"\"  data-large_image_width=\"2560\" data-large_image_height = \"1920\" ><img decoding=\"async\" class=\"preload-me jgrid-lazy-load aspect\" src=\"data:image\/svg+xml,%3Csvg%20xmlns%3D&#39;http%3A%2F%2Fwww.w3.org%2F2000%2Fsvg&#39;%20viewBox%3D&#39;0%200%20554%20312&#39;%2F%3E\" data-src=\"\/wp-content\/uploads\/2017\/07\/JHStaal-SSHE-Process-Unit-scaled-554x312.jpg\" data-srcset=\"\/wp-content\/uploads\/2017\/07\/JHStaal-SSHE-Process-Unit-scaled-554x312.jpg 554w, \/wp-content\/uploads\/2017\/07\/JHStaal-SSHE-Process-Unit-scaled-1108x624.jpg 1108w\" loading=\"eager\" style=\"--ratio: 554 \/ 312\" sizes=\"(max-width: 554px) 100vw, 554px\" alt=\"\" width=\"554\" height=\"312\"  \/><\/a>\t<\/figure>\n<\/article>\n\n<\/div><div class=\"wf-cell\" data-post-id=\"6892\" data-date=\"2021-02-02T09:26:20+00:00\" data-name=\"\">\n<article class=\"post post-6892 attachment type-attachment status-inherit hentry no-img description-off\">\n\n\t<figure class=\"rollover-project links-hovers-disabled\">\n\t<a href=\"\/wp-content\/uploads\/2017\/07\/JHStaal-RotaproProcessUnit-scaled.jpg\" class=\"rollover rollover-zoom dt-pswp-item layzr-bg\"  data-dt-img-description=\"\"  data-large_image_width=\"2560\" data-large_image_height = \"1920\" ><img decoding=\"async\" class=\"preload-me jgrid-lazy-load aspect\" src=\"data:image\/svg+xml,%3Csvg%20xmlns%3D&#39;http%3A%2F%2Fwww.w3.org%2F2000%2Fsvg&#39;%20viewBox%3D&#39;0%200%20554%20312&#39;%2F%3E\" data-src=\"\/wp-content\/uploads\/2017\/07\/JHStaal-RotaproProcessUnit-scaled-554x312.jpg\" data-srcset=\"\/wp-content\/uploads\/2017\/07\/JHStaal-RotaproProcessUnit-scaled-554x312.jpg 554w, \/wp-content\/uploads\/2017\/07\/JHStaal-RotaproProcessUnit-scaled-1108x624.jpg 1108w\" loading=\"eager\" style=\"--ratio: 554 \/ 312\" sizes=\"(max-width: 554px) 100vw, 554px\" alt=\"\" width=\"554\" height=\"312\"  \/><\/a>\t<\/figure>\n<\/article>\n\n<\/div><div class=\"wf-cell\" data-post-id=\"6887\" data-date=\"2021-02-02T09:26:13+00:00\" data-name=\"\">\n<article class=\"post post-6887 attachment type-attachment status-inherit hentry no-img description-off\">\n\n\t<figure class=\"rollover-project links-hovers-disabled\">\n\t<a href=\"\/wp-content\/uploads\/2017\/07\/JHStaal-Rotapro-Process-Unit-Control-scaled.jpg\" class=\"rollover rollover-zoom dt-pswp-item layzr-bg\"  data-dt-img-description=\"\"  data-large_image_width=\"1920\" data-large_image_height = \"2560\" ><img decoding=\"async\" class=\"preload-me jgrid-lazy-load aspect\" src=\"data:image\/svg+xml,%3Csvg%20xmlns%3D&#39;http%3A%2F%2Fwww.w3.org%2F2000%2Fsvg&#39;%20viewBox%3D&#39;0%200%20554%20312&#39;%2F%3E\" data-src=\"\/wp-content\/uploads\/2017\/07\/JHStaal-Rotapro-Process-Unit-Control-scaled-554x312.jpg\" data-srcset=\"\/wp-content\/uploads\/2017\/07\/JHStaal-Rotapro-Process-Unit-Control-scaled-554x312.jpg 554w, \/wp-content\/uploads\/2017\/07\/JHStaal-Rotapro-Process-Unit-Control-scaled-1108x624.jpg 1108w\" loading=\"eager\" style=\"--ratio: 554 \/ 312\" sizes=\"(max-width: 554px) 100vw, 554px\" alt=\"\" width=\"554\" height=\"312\"  \/><\/a>\t<\/figure>\n<\/article>\n\n<\/div><\/div>[\/vc_column][\/vc_row]<\/p>\n<\/div>","protected":false},"excerpt":{"rendered":"<p>[vc_row][vc_column][vc_single_image image=&#8220;4527&#8243; img_size=&#8220;full&#8220; alignment=&#8220;center&#8220;][vc_row_inner][\/vc_row_inner][vc_column_inner][\/vc_column_inner][vc_column_text] Prozesseinheiten aus Edelstahl k\u00f6nnen in einer Vielzahl von Produktionen eingesetzt werden. Es handelt sich um eine angepasste L\u00f6sung, die aus einer Reihe von Tank, CIP-L\u00f6sungen, Rohrleitungssystemen und R\u00fchrwerken bestehen kann. Zus\u00e4tzlich kann die gesamte verfahrenstechnische Anlage von einer SPS gesteuert werden. Komplette Prozesseinheiten aus Edelstahl Wir von JH St\u00e5lindustri stellen nicht&hellip;<\/p>\n","protected":false},"author":10,"featured_media":0,"parent":4486,"menu_order":0,"comment_status":"closed","ping_status":"closed","template":"","meta":{"footnotes":""},"yoast_head":"<!-- This site is optimized with the Yoast SEO plugin v22.2 - https:\/\/yoast.com\/wordpress\/plugins\/seo\/ -->\n<title>Prozesseinheiten mit Abstreifw\u00e4rmetauscher - JH St\u00e5lindustri A\/S.<\/title>\n<meta name=\"description\" content=\"JH St\u00e5lindustri A \/ S bietet die Herstellung kompletter verfahrenstechnischer Anlagen an. Wir fertigen im engen Dialog mit dem Kunden, damit die Anlage alle Produktionsanforderungen erf\u00fcllt.\" \/>\n<meta name=\"robots\" content=\"index, follow, max-snippet:-1, max-image-preview:large, max-video-preview:-1\" \/>\n<link rel=\"canonical\" href=\"https:\/\/jhstaal.com\/de\/produkte\/prozesseinheiten\/\" \/>\n<meta property=\"og:locale\" content=\"de_DE\" \/>\n<meta property=\"og:type\" content=\"article\" \/>\n<meta property=\"og:title\" content=\"Prozesseinheiten mit Abstreifw\u00e4rmetauscher - JH St\u00e5lindustri A\/S.\" \/>\n<meta property=\"og:description\" content=\"JH St\u00e5lindustri A \/ S bietet die Herstellung kompletter verfahrenstechnischer Anlagen an. Wir fertigen im engen Dialog mit dem Kunden, damit die Anlage alle Produktionsanforderungen erf\u00fcllt.\" \/>\n<meta property=\"og:url\" content=\"https:\/\/jhstaal.com\/de\/produkte\/prozesseinheiten\/\" \/>\n<meta property=\"og:site_name\" content=\"JH St&aring;lindustri A\/S\" \/>\n<meta property=\"article:modified_time\" content=\"2021-03-01T18:55:36+00:00\" \/>\n<meta name=\"twitter:card\" content=\"summary_large_image\" \/>\n<meta name=\"twitter:label1\" content=\"Gesch\u00e4tzte Lesezeit\" \/>\n\t<meta name=\"twitter:data1\" content=\"3\u00a0Minuten\" \/>\n<script type=\"application\/ld+json\" class=\"yoast-schema-graph\">{\"@context\":\"https:\/\/schema.org\",\"@graph\":[{\"@type\":\"WebPage\",\"@id\":\"https:\/\/jhstaal.com\/de\/produkte\/prozesseinheiten\/\",\"url\":\"https:\/\/jhstaal.com\/de\/produkte\/prozesseinheiten\/\",\"name\":\"Prozesseinheiten mit Abstreifw\u00e4rmetauscher - JH St\u00e5lindustri A\/S.\",\"isPartOf\":{\"@id\":\"https:\/\/jhstaal.dk\/#website\"},\"datePublished\":\"2020-12-11T07:49:37+00:00\",\"dateModified\":\"2021-03-01T18:55:36+00:00\",\"description\":\"JH St\u00e5lindustri A \/ S bietet die Herstellung kompletter verfahrenstechnischer Anlagen an. Wir fertigen im engen Dialog mit dem Kunden, damit die Anlage alle Produktionsanforderungen erf\u00fcllt.\",\"breadcrumb\":{\"@id\":\"https:\/\/jhstaal.com\/de\/produkte\/prozesseinheiten\/#breadcrumb\"},\"inLanguage\":\"de\",\"potentialAction\":[{\"@type\":\"ReadAction\",\"target\":[\"https:\/\/jhstaal.com\/de\/produkte\/prozesseinheiten\/\"]}]},{\"@type\":\"BreadcrumbList\",\"@id\":\"https:\/\/jhstaal.com\/de\/produkte\/prozesseinheiten\/#breadcrumb\",\"itemListElement\":[{\"@type\":\"ListItem\",\"position\":1,\"name\":\"Hjem\",\"item\":\"https:\/\/jhstaal.com\/de\/\"},{\"@type\":\"ListItem\",\"position\":2,\"name\":\"Produkte\",\"item\":\"https:\/\/jhstaal.com\/de\/produkte\/\"},{\"@type\":\"ListItem\",\"position\":3,\"name\":\"Prozesseinheiten\"}]},{\"@type\":\"WebSite\",\"@id\":\"https:\/\/jhstaal.dk\/#website\",\"url\":\"https:\/\/jhstaal.dk\/\",\"name\":\"JH St&aring;lindustri A\/S\",\"description\":\"St&aring;ltanke\",\"publisher\":{\"@id\":\"https:\/\/jhstaal.dk\/#organization\"},\"potentialAction\":[{\"@type\":\"SearchAction\",\"target\":{\"@type\":\"EntryPoint\",\"urlTemplate\":\"https:\/\/jhstaal.dk\/?s={search_term_string}\"},\"query-input\":\"required name=search_term_string\"}],\"inLanguage\":\"de\"},{\"@type\":\"Organization\",\"@id\":\"https:\/\/jhstaal.dk\/#organization\",\"name\":\"JH St\u00e5lindustri A\/S\",\"url\":\"https:\/\/jhstaal.dk\/\",\"logo\":{\"@type\":\"ImageObject\",\"inLanguage\":\"de\",\"@id\":\"https:\/\/jhstaal.dk\/#\/schema\/logo\/image\/\",\"url\":\"\/wp-content\/uploads\/2016\/09\/JHstaal-LOGO-600px.jpg\",\"contentUrl\":\"\/wp-content\/uploads\/2016\/09\/JHstaal-LOGO-600px.jpg\",\"width\":600,\"height\":160,\"caption\":\"JH St\u00e5lindustri A\/S\"},\"image\":{\"@id\":\"https:\/\/jhstaal.dk\/#\/schema\/logo\/image\/\"}}]}<\/script>\n<!-- \/ Yoast SEO plugin. -->","yoast_head_json":{"title":"Prozesseinheiten mit Abstreifw\u00e4rmetauscher - JH St\u00e5lindustri A\/S.","description":"JH St\u00e5lindustri A \/ S bietet die Herstellung kompletter verfahrenstechnischer Anlagen an. Wir fertigen im engen Dialog mit dem Kunden, damit die Anlage alle Produktionsanforderungen erf\u00fcllt.","robots":{"index":"index","follow":"follow","max-snippet":"max-snippet:-1","max-image-preview":"max-image-preview:large","max-video-preview":"max-video-preview:-1"},"canonical":"https:\/\/jhstaal.com\/de\/produkte\/prozesseinheiten\/","og_locale":"de_DE","og_type":"article","og_title":"Prozesseinheiten mit Abstreifw\u00e4rmetauscher - JH St\u00e5lindustri A\/S.","og_description":"JH St\u00e5lindustri A \/ S bietet die Herstellung kompletter verfahrenstechnischer Anlagen an. Wir fertigen im engen Dialog mit dem Kunden, damit die Anlage alle Produktionsanforderungen erf\u00fcllt.","og_url":"https:\/\/jhstaal.com\/de\/produkte\/prozesseinheiten\/","og_site_name":"JH St&aring;lindustri A\/S","article_modified_time":"2021-03-01T18:55:36+00:00","twitter_card":"summary_large_image","twitter_misc":{"Gesch\u00e4tzte Lesezeit":"3\u00a0Minuten"},"schema":{"@context":"https:\/\/schema.org","@graph":[{"@type":"WebPage","@id":"https:\/\/jhstaal.com\/de\/produkte\/prozesseinheiten\/","url":"https:\/\/jhstaal.com\/de\/produkte\/prozesseinheiten\/","name":"Prozesseinheiten mit Abstreifw\u00e4rmetauscher - JH St\u00e5lindustri A\/S.","isPartOf":{"@id":"https:\/\/jhstaal.dk\/#website"},"datePublished":"2020-12-11T07:49:37+00:00","dateModified":"2021-03-01T18:55:36+00:00","description":"JH St\u00e5lindustri A \/ S bietet die Herstellung kompletter verfahrenstechnischer Anlagen an. Wir fertigen im engen Dialog mit dem Kunden, damit die Anlage alle Produktionsanforderungen erf\u00fcllt.","breadcrumb":{"@id":"https:\/\/jhstaal.com\/de\/produkte\/prozesseinheiten\/#breadcrumb"},"inLanguage":"de","potentialAction":[{"@type":"ReadAction","target":["https:\/\/jhstaal.com\/de\/produkte\/prozesseinheiten\/"]}]},{"@type":"BreadcrumbList","@id":"https:\/\/jhstaal.com\/de\/produkte\/prozesseinheiten\/#breadcrumb","itemListElement":[{"@type":"ListItem","position":1,"name":"Hjem","item":"https:\/\/jhstaal.com\/de\/"},{"@type":"ListItem","position":2,"name":"Produkte","item":"https:\/\/jhstaal.com\/de\/produkte\/"},{"@type":"ListItem","position":3,"name":"Prozesseinheiten"}]},{"@type":"WebSite","@id":"https:\/\/jhstaal.dk\/#website","url":"https:\/\/jhstaal.dk\/","name":"JH St&aring;lindustri A\/S","description":"St&aring;ltanke","publisher":{"@id":"https:\/\/jhstaal.dk\/#organization"},"potentialAction":[{"@type":"SearchAction","target":{"@type":"EntryPoint","urlTemplate":"https:\/\/jhstaal.dk\/?s={search_term_string}"},"query-input":"required name=search_term_string"}],"inLanguage":"de"},{"@type":"Organization","@id":"https:\/\/jhstaal.dk\/#organization","name":"JH St\u00e5lindustri A\/S","url":"https:\/\/jhstaal.dk\/","logo":{"@type":"ImageObject","inLanguage":"de","@id":"https:\/\/jhstaal.dk\/#\/schema\/logo\/image\/","url":"\/wp-content\/uploads\/2016\/09\/JHstaal-LOGO-600px.jpg","contentUrl":"\/wp-content\/uploads\/2016\/09\/JHstaal-LOGO-600px.jpg","width":600,"height":160,"caption":"JH St\u00e5lindustri A\/S"},"image":{"@id":"https:\/\/jhstaal.dk\/#\/schema\/logo\/image\/"}}]}},"_links":{"self":[{"href":"https:\/\/jhstaal.com\/de\/wp-json\/wp\/v2\/pages\/4524"}],"collection":[{"href":"https:\/\/jhstaal.com\/de\/wp-json\/wp\/v2\/pages"}],"about":[{"href":"https:\/\/jhstaal.com\/de\/wp-json\/wp\/v2\/types\/page"}],"author":[{"embeddable":true,"href":"https:\/\/jhstaal.com\/de\/wp-json\/wp\/v2\/users\/10"}],"replies":[{"embeddable":true,"href":"https:\/\/jhstaal.com\/de\/wp-json\/wp\/v2\/comments?post=4524"}],"version-history":[{"count":2,"href":"https:\/\/jhstaal.com\/de\/wp-json\/wp\/v2\/pages\/4524\/revisions"}],"predecessor-version":[{"id":7161,"href":"https:\/\/jhstaal.com\/de\/wp-json\/wp\/v2\/pages\/4524\/revisions\/7161"}],"up":[{"embeddable":true,"href":"https:\/\/jhstaal.com\/de\/wp-json\/wp\/v2\/pages\/4486"}],"wp:attachment":[{"href":"https:\/\/jhstaal.com\/de\/wp-json\/wp\/v2\/media?parent=4524"}],"curies":[{"name":"wp","href":"https:\/\/api.w.org\/{rel}","templated":true}]}}