{"id":4693,"date":"2020-12-11T08:44:11","date_gmt":"2020-12-11T08:44:11","guid":{"rendered":"https:\/\/jhstaal.com\/produkte\/edelstahl-prozesstank\/"},"modified":"2021-03-01T18:51:54","modified_gmt":"2021-03-01T18:51:54","slug":"edelstahl-prozesstank","status":"publish","type":"page","link":"https:\/\/jhstaal.com\/de\/produkte\/edelstahl-prozesstank\/","title":{"rendered":"Edelstahl Prozesstank"},"content":{"rendered":"<div class=\"wpb-content-wrapper\"><p>[vc_row][vc_column][vc_single_image image=&#8220;4696&#8243; img_size=&#8220;full&#8220; alignment=&#8220;center&#8220;][vc_row_inner][vc_column_inner][vc_column_text]<\/p>\n<p>Prozesstank ist ein anderes Wort f\u00fcr drucklose Tank. Es handelt sich dabei um die gr\u00f6\u00dfte Gruppe an Edelstahltank, die Mischbeh\u00e4lter, Reifetank, G\u00e4rtank und Zapftank umfassen. Das sind alle Tank, die Teil einer Prozesslinie in einer Industrie sind. JH St\u00e5lindustri liefert beispielsweise Edelstahl-Prozesstank an die Milchindustrie und die Lebensmittelindustrie.<\/p>\n<div class=\"gap\" style=\"line-height: 20px; height: 20px;\"><\/div>\n<h2>Der Prozesstank muss zum Zweck passen<\/h2>\n<div class=\"gap\" style=\"line-height: 20px; height: 20px;\"><\/div>\n<p>Drucklose Edelstahl-Prozesstank sind Innentank, die in Gr\u00f6\u00dfen von 50 l bis 40.000 l verf\u00fcgbar sind und mit unterschiedlichen Spezifikationen hergestellt werden k\u00f6nnen, sodass die Prozesstank der spezifischen Prozesslinie entsprechen. JH St\u00e5lindustri kann Sie \u00fcber die optimalen Edelstahl-Prozesstank f\u00fcr Ihre Prozesslinie beraten. Hier ist eine Auswahl der Spezifikationen, die wir Ihnen anbieten k\u00f6nnen:<\/p>\n<ul>\n<li>Isolierung<\/li>\n<li>Bel\u00fcftung<\/li>\n<li>Probierhahn<\/li>\n<li>Sichtfenster, evtl. mit Licht<\/li>\n<li>Anschluss aller Sensoren und Signalgeber<\/li>\n<li>CIP-Ausr\u00fcstung<\/li>\n<li>R\u00fchrwerke oben, seitlich, unten oder als unten montierte Magnetr\u00fchrwerke<\/li>\n<\/ul>\n<div class=\"gap\" style=\"line-height: 20px; height: 20px;\"><\/div>\n<h3>Isolierung<\/h3>\n<div class=\"gap\" style=\"line-height: 20px; height: 20px;\"><\/div>\n<p>Bei JH St\u00e5lindustri k\u00f6nnen wir Prozesstank sowohl mit als auch ohne Isolierung herstellen. Wir stellen Prozesstank ausgehend von den Anforderungsspezifikationen des Kunden her. Nach einem gr\u00fcndlichen Dialog mit unseren Kunden stellen wir fest, ob der Prozesstank isoliert werden soll und falls ja, wie viel des Tank isoliert werden soll.<\/p>\n<div class=\"gap\" style=\"line-height: 20px; height: 20px;\"><\/div>\n<h3>Bel\u00fcftung<\/h3>\n<div class=\"gap\" style=\"line-height: 20px; height: 20px;\"><\/div>\n<p>Eine richtig dimensionierte Bel\u00fcftung ist ein wichtiger Bestandteil eines Prozesstank in Bezug auf die M\u00f6glichkeit des Vakuums und des Produktionsprozesses. Drucklose Tank setzen n\u00e4mlich voraus, dass es immer eine freie Bel\u00fcftung in die Atmosph\u00e4re gibt. Daher befindet sich die Entl\u00fcftung normalerweise oben am Prozesstank.<\/p>\n<div class=\"gap\" style=\"line-height: 20px; height: 20px;\"><\/div>\n<p>Wir von JH St\u00e5lindustri verf\u00fcgen \u00fcber fundierte Kenntnisse der Prozesse, die in den verschiedenen Branchen ablaufen, die wir betreuen. Aus diesem Grund sind uns spezielle Bedingungen bekannt, die einen besonderen Bedarf an Bel\u00fcftung erfordern. Zum Beispiel kann das CIP-Programm zur Herausforderung werden, da hier die bestimmte Anforderung besteht, dass eine erforderliche Luftmenge innerhalb relativ kurzer Zeit zugef\u00fchrt werden muss, um das Risiko einer Besch\u00e4digung des Tank zu minimieren.<\/p>\n<div class=\"gap\" style=\"line-height: 20px; height: 20px;\"><\/div>\n<h3>Der Tank muss dem Auslegungsdruck standhalten k\u00f6nnen<\/h3>\n<div class=\"gap\" style=\"line-height: 20px; height: 20px;\"><\/div>\n<p>Gem\u00e4\u00df der Gesetzgebung werden jene Tank als drucklos definiert, solange der Druck 0,5 bar g nicht \u00fcbersteigt. Drucklose Tank k\u00f6nnen daher ein Vakuum von -1 bar g \u00fcber einen \u00dcberdruck von 0,5 bar g aufweisen, ohne dass eine Genehmigung erforderlich ist. Nat\u00fcrlich muss der Tank dabei dem Auslegungsdruck standhalten k\u00f6nnen und die Komponenten m\u00fcssen gem\u00e4\u00df den gew\u00fcnschten Auslegungsanforderungen ausgew\u00e4hlt werden.<\/p>\n<div class=\"gap\" style=\"line-height: 20px; height: 20px;\"><\/div>\n<h2>Die Tankproduktion ist ein Handwerk<\/h2>\n<div class=\"gap\" style=\"line-height: 20px; height: 20px;\"><\/div>\n<p>Bei JH St\u00e5lindustri stellen wir alle Arten von Tank her, die in eine Prozesslinie passen. Wir fertigen sie nach den Anforderungen unseren Kunden an. Dies stellt hohe Anforderungen an uns als Unternehmen und insbesondere an unsere Schmiede. Unsere Schmiede sind alle nach den PED-Anforderungen zertifiziert, um hiermit zu arbeiten:<\/p>\n<ul>\n<li>Verschiedene Materialien<\/li>\n<li>Verschiedene Schwei\u00dfmethoden<\/li>\n<li>Unterschiedliche Wandst\u00e4rke<\/li>\n<\/ul>\n<div class=\"gap\" style=\"line-height: 20px; height: 20px;\"><\/div>\n<p>Daher k\u00f6nnen unsere Kunden versichert sein, dass es immer kompetente H\u00e4nde sind, die an ihren Tank arbeiten.<\/p>\n<div class=\"gap\" style=\"line-height: 20px; height: 20px;\"><\/div>\n<h2>JH St\u00e5lindustri hat umfassendes Fachwissen<\/h2>\n<div class=\"gap\" style=\"line-height: 20px; height: 20px;\"><\/div>\n<p>Wir bei JH St\u00e5lindustri sind stolz auf unser hohes Ma\u00df an Professionalit\u00e4t. Daher k\u00f6nnen unsere Kunden hohe Erwartungen an unsere Arbeit haben. Das k\u00f6nnen unsere Kunden erwarten:<\/p>\n<ul>\n<li>Einen ausf\u00fchrlichen und vertiefenden Dialog, sodass wir uns zu 100% ein Bild von den Bed\u00fcrfnissen und Anforderungen des Kunden an den Tank machen k\u00f6nnen<\/li>\n<li>Vollst\u00e4ndige R\u00fcckverfolgbarkeit aller Materialien<\/li>\n<li>Einen Einsatz daf\u00fcr, dass der Kunde alle technischen Details rund um die Tank versteht. Hier verwenden wir zum Beispiel 3D-Zeichnungen, um dieses Verst\u00e4ndnis zu schaffen<\/li>\n<li>Dokumentation zur Herstellung der Tank. Dazu geh\u00f6ren Material- und Schwei\u00dfzertifikate, Oberfl\u00e4chen-, Druck- und Entw\u00e4sserungstests und vieles mehr.<\/li>\n<\/ul>\n<div class=\"gap\" style=\"line-height: 20px; height: 20px;\"><\/div>\n<p>Unsere hohe Professionalit\u00e4t und unser Wissen \u00fcber die Prozesse, die in den unterschiedlichen Branchen verwendet werden, sind der Grund, warum wir hochqualitative Prozesstank herstellen und \u00fcber sie beraten k\u00f6nnen.<\/p>\n<div class=\"gap\" style=\"line-height: 20px; height: 20px;\"><\/div>\n<p>Kontaktieren Sie sich noch heute JH St\u00e5lindustri, wenn Sie mehr \u00fcber Prozesstank oder unsere Prozeduren erfahren m\u00f6chten, entweder telefonisch unter + 45 86 47 90 44 oder per E-Mail an <a href=\"mailto:jhstaal@jhstaal.com\">jhstaal@jhstaal.com<\/a><\/p>\n<p>[\/vc_column_text][\/vc_column_inner][\/vc_row_inner][\/vc_column][\/vc_row][vc_row][vc_column]<style type=\"text\/css\" data-type=\"the7_shortcodes-inline-css\">#default-btn-d8c5237c5fe76120b0f5003cd8542aa5 {\n  border-radius: 5px;\n  font-size: 18px;\n  line-height: 20px;\n}\n.btn-shadow#default-btn-d8c5237c5fe76120b0f5003cd8542aa5 {\n  box-shadow: 0 1px 6px rgba(0,0,0,0.12);\n  transition: box-shadow 0.2s ease-out, opacity 0.45s;\n}\n.btn-shadow#default-btn-d8c5237c5fe76120b0f5003cd8542aa5:hover {\n  box-shadow: 0 5px 11px 0 rgba(0,0,0,0.18), 0 4px 15px 0 rgba(0,0,0,0.15);\n}\n.btn-flat#default-btn-d8c5237c5fe76120b0f5003cd8542aa5 {\n  box-shadow: none;\n}\n.btn-flat#default-btn-d8c5237c5fe76120b0f5003cd8542aa5:hover {\n  box-shadow: none;\n}\n#default-btn-d8c5237c5fe76120b0f5003cd8542aa5.ico-right-side > i {\n  margin-right: 0px;\n  margin-left: 8px;\n}\n#default-btn-d8c5237c5fe76120b0f5003cd8542aa5 > i {\n  margin-right: 8px;\n  font-size: 25px;\n}\n#default-btn-d8c5237c5fe76120b0f5003cd8542aa5:not(:hover) {\n  border-width: 0px;\n  padding: 17px 24px 16px 24px;\n}\n#default-btn-d8c5237c5fe76120b0f5003cd8542aa5:hover {\n  border-width: 0px;\n  padding: 17px 24px 16px 24px;\n}\n#default-btn-d8c5237c5fe76120b0f5003cd8542aa5.ico-right-side > i {\n  margin-right: 0px;\n  margin-left: 8px;\n}\n#default-btn-d8c5237c5fe76120b0f5003cd8542aa5 > i {\n  margin-right: 8px;\n}\n<\/style><div class=\"btn-align-center\"><a href=\"https:\/\/jhstaal.com\/en\/datasheets\/\" class=\"default-btn-shortcode dt-btn link-hover-off btn-flat  vc_custom_1614268365676\" id=\"default-btn-d8c5237c5fe76120b0f5003cd8542aa5\" title=\"Datasheets\"><span>See our datasheets here<\/span><\/a><\/div>[vc_separator border_width=&#8220;3&#8243;]<div class=\"ult-spacer spacer-69e21956c3f3d\" data-id=\"69e21956c3f3d\" data-height=\"30\" data-height-mobile=\"30\" data-height-tab=\"30\" data-height-tab-portrait=\"30\" data-height-mobile-landscape=\"30\" style=\"clear:both;display:block;\"><\/div>[\/vc_column][\/vc_row][vc_row][vc_column]<div class=\"wf-container dt-gallery-container dt-photos-shortcode loading-effect-fade-in iso-grid jg-container description-on-hover hover-style-two hover-fade content-align-centre\" data-padding=\"20px\" data-cur-page=\"1\" data-target-height=\"240px\"><div class=\"wf-cell\" data-post-id=\"6378\" data-date=\"2021-02-01T18:02:10+00:00\" data-name=\"Stainless Steel Tank\">\n<article class=\"post post-6378 attachment type-attachment status-inherit hentry no-img description-off\">\n\n\t<figure class=\"rollover-project links-hovers-disabled\">\n\t<a href=\"\/wp-content\/uploads\/2017\/07\/Stainless-Steel-Tank.jpg\" class=\"rollover rollover-zoom dt-pswp-item layzr-bg\" title=\"Stainless Steel Tank\" data-dt-img-description=\"\"  data-large_image_width=\"2272\" data-large_image_height = \"1704\" ><img fetchpriority=\"high\" decoding=\"async\" class=\"preload-me jgrid-lazy-load aspect\" src=\"data:image\/svg+xml,%3Csvg%20xmlns%3D&#39;http%3A%2F%2Fwww.w3.org%2F2000%2Fsvg&#39;%20viewBox%3D&#39;0%200%20554%20312&#39;%2F%3E\" data-src=\"\/wp-content\/uploads\/2017\/07\/Stainless-Steel-Tank-554x312.jpg\" data-srcset=\"\/wp-content\/uploads\/2017\/07\/Stainless-Steel-Tank-554x312.jpg 554w, \/wp-content\/uploads\/2017\/07\/Stainless-Steel-Tank-1108x624.jpg 1108w\" loading=\"eager\" style=\"--ratio: 554 \/ 312\" sizes=\"(max-width: 554px) 100vw, 554px\" alt=\"\" width=\"554\" height=\"312\"  \/><\/a>\t<\/figure>\n<\/article>\n\n<\/div><div class=\"wf-cell\" data-post-id=\"6373\" data-date=\"2021-02-01T18:01:44+00:00\" data-name=\"Process Tanks\">\n<article class=\"post post-6373 attachment type-attachment status-inherit hentry no-img description-off\">\n\n\t<figure class=\"rollover-project links-hovers-disabled\">\n\t<a href=\"\/wp-content\/uploads\/2017\/07\/Process-Tanks.jpg\" class=\"rollover rollover-zoom dt-pswp-item layzr-bg\" title=\"Process Tanks\" data-dt-img-description=\"\"  data-large_image_width=\"2272\" data-large_image_height = \"1704\" ><img decoding=\"async\" class=\"preload-me jgrid-lazy-load aspect\" src=\"data:image\/svg+xml,%3Csvg%20xmlns%3D&#39;http%3A%2F%2Fwww.w3.org%2F2000%2Fsvg&#39;%20viewBox%3D&#39;0%200%20554%20312&#39;%2F%3E\" data-src=\"\/wp-content\/uploads\/2017\/07\/Process-Tanks-554x312.jpg\" data-srcset=\"\/wp-content\/uploads\/2017\/07\/Process-Tanks-554x312.jpg 554w, \/wp-content\/uploads\/2017\/07\/Process-Tanks-1108x624.jpg 1108w\" loading=\"eager\" style=\"--ratio: 554 \/ 312\" sizes=\"(max-width: 554px) 100vw, 554px\" alt=\"\" width=\"554\" height=\"312\"  \/><\/a>\t<\/figure>\n<\/article>\n\n<\/div><div class=\"wf-cell\" data-post-id=\"6368\" data-date=\"2021-02-01T18:01:21+00:00\" data-name=\"Process Tank\">\n<article class=\"post post-6368 attachment type-attachment status-inherit hentry no-img description-off\">\n\n\t<figure class=\"rollover-project links-hovers-disabled\">\n\t<a href=\"\/wp-content\/uploads\/2017\/07\/Process-Tank.jpg\" class=\"rollover rollover-zoom dt-pswp-item layzr-bg\" title=\"Process Tank\" data-dt-img-description=\"\"  data-large_image_width=\"640\" data-large_image_height = \"480\" ><img decoding=\"async\" class=\"preload-me jgrid-lazy-load aspect\" src=\"data:image\/svg+xml,%3Csvg%20xmlns%3D&#39;http%3A%2F%2Fwww.w3.org%2F2000%2Fsvg&#39;%20viewBox%3D&#39;0%200%20554%20312&#39;%2F%3E\" data-src=\"\/wp-content\/uploads\/2017\/07\/Process-Tank-554x312.jpg\" data-srcset=\"\/wp-content\/uploads\/2017\/07\/Process-Tank-554x312.jpg 554w, \/wp-content\/uploads\/2017\/07\/Process-Tank-640x360.jpg 640w\" loading=\"eager\" style=\"--ratio: 554 \/ 312\" sizes=\"(max-width: 554px) 100vw, 554px\" alt=\"\" width=\"554\" height=\"312\"  \/><\/a>\t<\/figure>\n<\/article>\n\n<\/div><div class=\"wf-cell\" data-post-id=\"6363\" data-date=\"2021-02-01T18:01:10+00:00\" data-name=\"Beer Process Tank\">\n<article class=\"post post-6363 attachment type-attachment status-inherit hentry no-img description-off\">\n\n\t<figure class=\"rollover-project links-hovers-disabled\">\n\t<a href=\"\/wp-content\/uploads\/2017\/07\/Beer-Process-Tank.jpg\" class=\"rollover rollover-zoom dt-pswp-item layzr-bg\" title=\"Beer Process Tank\" data-dt-img-description=\"\"  data-large_image_width=\"640\" data-large_image_height = \"480\" ><img decoding=\"async\" class=\"preload-me jgrid-lazy-load aspect\" src=\"data:image\/svg+xml,%3Csvg%20xmlns%3D&#39;http%3A%2F%2Fwww.w3.org%2F2000%2Fsvg&#39;%20viewBox%3D&#39;0%200%20554%20312&#39;%2F%3E\" data-src=\"\/wp-content\/uploads\/2017\/07\/Beer-Process-Tank-554x312.jpg\" data-srcset=\"\/wp-content\/uploads\/2017\/07\/Beer-Process-Tank-554x312.jpg 554w, \/wp-content\/uploads\/2017\/07\/Beer-Process-Tank-640x360.jpg 640w\" loading=\"eager\" style=\"--ratio: 554 \/ 312\" sizes=\"(max-width: 554px) 100vw, 554px\" alt=\"\" width=\"554\" height=\"312\"  \/><\/a>\t<\/figure>\n<\/article>\n\n<\/div><\/div>[\/vc_column][\/vc_row]<\/p>\n<\/div>","protected":false},"excerpt":{"rendered":"<p>[vc_row][vc_column][vc_single_image image=&#8220;4696&#8243; img_size=&#8220;full&#8220; alignment=&#8220;center&#8220;][vc_row_inner][vc_column_inner][vc_column_text] Prozesstank ist ein anderes Wort f\u00fcr drucklose Tank. Es handelt sich dabei um die gr\u00f6\u00dfte Gruppe an Edelstahltank, die Mischbeh\u00e4lter, Reifetank, G\u00e4rtank und Zapftank umfassen. Das sind alle Tank, die Teil einer Prozesslinie in einer Industrie sind. JH St\u00e5lindustri liefert beispielsweise Edelstahl-Prozesstank an die Milchindustrie und die Lebensmittelindustrie. Der Prozesstank muss&hellip;<\/p>\n","protected":false},"author":10,"featured_media":0,"parent":4486,"menu_order":0,"comment_status":"closed","ping_status":"closed","template":"","meta":{"footnotes":""},"yoast_head":"<!-- This site is optimized with the Yoast SEO plugin v22.2 - https:\/\/yoast.com\/wordpress\/plugins\/seo\/ -->\n<title>Edelstahl-Prozesstank - Drucklose Tank - JH St\u00e5lindustri A\/S.<\/title>\n<meta name=\"description\" content=\"JH St\u00e5lindustri A\/S produziert und ber\u00e4t drucklose Tank - auch Prozesstanks genannt. Einschlie\u00dflich Mischtank, Reifetank, G\u00e4rtank und Zapftank.\" \/>\n<meta name=\"robots\" content=\"index, follow, max-snippet:-1, max-image-preview:large, max-video-preview:-1\" \/>\n<link rel=\"canonical\" href=\"https:\/\/jhstaal.com\/de\/produkte\/edelstahl-prozesstank\/\" \/>\n<meta property=\"og:locale\" content=\"de_DE\" \/>\n<meta property=\"og:type\" content=\"article\" \/>\n<meta property=\"og:title\" content=\"Edelstahl-Prozesstank - Drucklose Tank - JH St\u00e5lindustri A\/S.\" \/>\n<meta property=\"og:description\" content=\"JH St\u00e5lindustri A\/S produziert und ber\u00e4t drucklose Tank - auch Prozesstanks genannt. Einschlie\u00dflich Mischtank, Reifetank, G\u00e4rtank und Zapftank.\" \/>\n<meta property=\"og:url\" content=\"https:\/\/jhstaal.com\/de\/produkte\/edelstahl-prozesstank\/\" \/>\n<meta property=\"og:site_name\" content=\"JH St&aring;lindustri A\/S\" \/>\n<meta property=\"article:modified_time\" content=\"2021-03-01T18:51:54+00:00\" \/>\n<meta name=\"twitter:card\" content=\"summary_large_image\" \/>\n<meta name=\"twitter:label1\" content=\"Gesch\u00e4tzte Lesezeit\" \/>\n\t<meta name=\"twitter:data1\" content=\"3\u00a0Minuten\" \/>\n<script type=\"application\/ld+json\" class=\"yoast-schema-graph\">{\"@context\":\"https:\/\/schema.org\",\"@graph\":[{\"@type\":\"WebPage\",\"@id\":\"https:\/\/jhstaal.com\/de\/produkte\/edelstahl-prozesstank\/\",\"url\":\"https:\/\/jhstaal.com\/de\/produkte\/edelstahl-prozesstank\/\",\"name\":\"Edelstahl-Prozesstank - Drucklose Tank - JH St\u00e5lindustri A\/S.\",\"isPartOf\":{\"@id\":\"https:\/\/jhstaal.dk\/#website\"},\"datePublished\":\"2020-12-11T08:44:11+00:00\",\"dateModified\":\"2021-03-01T18:51:54+00:00\",\"description\":\"JH St\u00e5lindustri A\/S produziert und ber\u00e4t drucklose Tank - auch Prozesstanks genannt. Einschlie\u00dflich Mischtank, Reifetank, G\u00e4rtank und Zapftank.\",\"breadcrumb\":{\"@id\":\"https:\/\/jhstaal.com\/de\/produkte\/edelstahl-prozesstank\/#breadcrumb\"},\"inLanguage\":\"de\",\"potentialAction\":[{\"@type\":\"ReadAction\",\"target\":[\"https:\/\/jhstaal.com\/de\/produkte\/edelstahl-prozesstank\/\"]}]},{\"@type\":\"BreadcrumbList\",\"@id\":\"https:\/\/jhstaal.com\/de\/produkte\/edelstahl-prozesstank\/#breadcrumb\",\"itemListElement\":[{\"@type\":\"ListItem\",\"position\":1,\"name\":\"Hjem\",\"item\":\"https:\/\/jhstaal.com\/de\/\"},{\"@type\":\"ListItem\",\"position\":2,\"name\":\"Produkte\",\"item\":\"https:\/\/jhstaal.com\/de\/produkte\/\"},{\"@type\":\"ListItem\",\"position\":3,\"name\":\"Edelstahl Prozesstank\"}]},{\"@type\":\"WebSite\",\"@id\":\"https:\/\/jhstaal.dk\/#website\",\"url\":\"https:\/\/jhstaal.dk\/\",\"name\":\"JH St&aring;lindustri A\/S\",\"description\":\"St&aring;ltanke\",\"publisher\":{\"@id\":\"https:\/\/jhstaal.dk\/#organization\"},\"potentialAction\":[{\"@type\":\"SearchAction\",\"target\":{\"@type\":\"EntryPoint\",\"urlTemplate\":\"https:\/\/jhstaal.dk\/?s={search_term_string}\"},\"query-input\":\"required name=search_term_string\"}],\"inLanguage\":\"de\"},{\"@type\":\"Organization\",\"@id\":\"https:\/\/jhstaal.dk\/#organization\",\"name\":\"JH St\u00e5lindustri A\/S\",\"url\":\"https:\/\/jhstaal.dk\/\",\"logo\":{\"@type\":\"ImageObject\",\"inLanguage\":\"de\",\"@id\":\"https:\/\/jhstaal.dk\/#\/schema\/logo\/image\/\",\"url\":\"\/wp-content\/uploads\/2016\/09\/JHstaal-LOGO-600px.jpg\",\"contentUrl\":\"\/wp-content\/uploads\/2016\/09\/JHstaal-LOGO-600px.jpg\",\"width\":600,\"height\":160,\"caption\":\"JH St\u00e5lindustri A\/S\"},\"image\":{\"@id\":\"https:\/\/jhstaal.dk\/#\/schema\/logo\/image\/\"}}]}<\/script>\n<!-- \/ Yoast SEO plugin. -->","yoast_head_json":{"title":"Edelstahl-Prozesstank - Drucklose Tank - JH St\u00e5lindustri A\/S.","description":"JH St\u00e5lindustri A\/S produziert und ber\u00e4t drucklose Tank - auch Prozesstanks genannt. Einschlie\u00dflich Mischtank, Reifetank, G\u00e4rtank und Zapftank.","robots":{"index":"index","follow":"follow","max-snippet":"max-snippet:-1","max-image-preview":"max-image-preview:large","max-video-preview":"max-video-preview:-1"},"canonical":"https:\/\/jhstaal.com\/de\/produkte\/edelstahl-prozesstank\/","og_locale":"de_DE","og_type":"article","og_title":"Edelstahl-Prozesstank - Drucklose Tank - JH St\u00e5lindustri A\/S.","og_description":"JH St\u00e5lindustri A\/S produziert und ber\u00e4t drucklose Tank - auch Prozesstanks genannt. Einschlie\u00dflich Mischtank, Reifetank, G\u00e4rtank und Zapftank.","og_url":"https:\/\/jhstaal.com\/de\/produkte\/edelstahl-prozesstank\/","og_site_name":"JH St&aring;lindustri A\/S","article_modified_time":"2021-03-01T18:51:54+00:00","twitter_card":"summary_large_image","twitter_misc":{"Gesch\u00e4tzte Lesezeit":"3\u00a0Minuten"},"schema":{"@context":"https:\/\/schema.org","@graph":[{"@type":"WebPage","@id":"https:\/\/jhstaal.com\/de\/produkte\/edelstahl-prozesstank\/","url":"https:\/\/jhstaal.com\/de\/produkte\/edelstahl-prozesstank\/","name":"Edelstahl-Prozesstank - Drucklose Tank - JH St\u00e5lindustri A\/S.","isPartOf":{"@id":"https:\/\/jhstaal.dk\/#website"},"datePublished":"2020-12-11T08:44:11+00:00","dateModified":"2021-03-01T18:51:54+00:00","description":"JH St\u00e5lindustri A\/S produziert und ber\u00e4t drucklose Tank - auch Prozesstanks genannt. Einschlie\u00dflich Mischtank, Reifetank, G\u00e4rtank und Zapftank.","breadcrumb":{"@id":"https:\/\/jhstaal.com\/de\/produkte\/edelstahl-prozesstank\/#breadcrumb"},"inLanguage":"de","potentialAction":[{"@type":"ReadAction","target":["https:\/\/jhstaal.com\/de\/produkte\/edelstahl-prozesstank\/"]}]},{"@type":"BreadcrumbList","@id":"https:\/\/jhstaal.com\/de\/produkte\/edelstahl-prozesstank\/#breadcrumb","itemListElement":[{"@type":"ListItem","position":1,"name":"Hjem","item":"https:\/\/jhstaal.com\/de\/"},{"@type":"ListItem","position":2,"name":"Produkte","item":"https:\/\/jhstaal.com\/de\/produkte\/"},{"@type":"ListItem","position":3,"name":"Edelstahl Prozesstank"}]},{"@type":"WebSite","@id":"https:\/\/jhstaal.dk\/#website","url":"https:\/\/jhstaal.dk\/","name":"JH St&aring;lindustri A\/S","description":"St&aring;ltanke","publisher":{"@id":"https:\/\/jhstaal.dk\/#organization"},"potentialAction":[{"@type":"SearchAction","target":{"@type":"EntryPoint","urlTemplate":"https:\/\/jhstaal.dk\/?s={search_term_string}"},"query-input":"required name=search_term_string"}],"inLanguage":"de"},{"@type":"Organization","@id":"https:\/\/jhstaal.dk\/#organization","name":"JH St\u00e5lindustri A\/S","url":"https:\/\/jhstaal.dk\/","logo":{"@type":"ImageObject","inLanguage":"de","@id":"https:\/\/jhstaal.dk\/#\/schema\/logo\/image\/","url":"\/wp-content\/uploads\/2016\/09\/JHstaal-LOGO-600px.jpg","contentUrl":"\/wp-content\/uploads\/2016\/09\/JHstaal-LOGO-600px.jpg","width":600,"height":160,"caption":"JH St\u00e5lindustri A\/S"},"image":{"@id":"https:\/\/jhstaal.dk\/#\/schema\/logo\/image\/"}}]}},"_links":{"self":[{"href":"https:\/\/jhstaal.com\/de\/wp-json\/wp\/v2\/pages\/4693"}],"collection":[{"href":"https:\/\/jhstaal.com\/de\/wp-json\/wp\/v2\/pages"}],"about":[{"href":"https:\/\/jhstaal.com\/de\/wp-json\/wp\/v2\/types\/page"}],"author":[{"embeddable":true,"href":"https:\/\/jhstaal.com\/de\/wp-json\/wp\/v2\/users\/10"}],"replies":[{"embeddable":true,"href":"https:\/\/jhstaal.com\/de\/wp-json\/wp\/v2\/comments?post=4693"}],"version-history":[{"count":2,"href":"https:\/\/jhstaal.com\/de\/wp-json\/wp\/v2\/pages\/4693\/revisions"}],"predecessor-version":[{"id":7147,"href":"https:\/\/jhstaal.com\/de\/wp-json\/wp\/v2\/pages\/4693\/revisions\/7147"}],"up":[{"embeddable":true,"href":"https:\/\/jhstaal.com\/de\/wp-json\/wp\/v2\/pages\/4486"}],"wp:attachment":[{"href":"https:\/\/jhstaal.com\/de\/wp-json\/wp\/v2\/media?parent=4693"}],"curies":[{"name":"wp","href":"https:\/\/api.w.org\/{rel}","templated":true}]}}