{"id":3901,"date":"2020-12-10T09:36:29","date_gmt":"2020-12-10T09:36:29","guid":{"rendered":"https:\/\/jhstaal.com\/rustfrie-prosesstanker\/"},"modified":"2021-03-01T18:25:03","modified_gmt":"2021-03-01T18:25:03","slug":"rustfrie-prosesstanker","status":"publish","type":"page","link":"https:\/\/jhstaal.com\/nb\/produkter\/rustfrie-prosesstanker\/","title":{"rendered":"Rustfrie prosesstanker"},"content":{"rendered":"<div class=\"wpb-content-wrapper\"><p>[vc_row][vc_column][vc_single_image image=&raquo;3907&#8243; img_size=&raquo;full&raquo; alignment=&raquo;center&raquo;][vc_row_inner][vc_column_inner][vc_column_text]Prosesstanker er et annet ord for trykkl\u00f8se tanker. Det er den st\u00f8rste gruppen av rustfrie tanker som dekker blandingstanker, modningstanker, gj\u00e6ringstanker og tappetanker. Dette er alle tanker som er en del av en prosesslinje i en bransje. JH St\u00e5lindustri leverer for eksempel prosesstanker i rustfritt st\u00e5l til meieriindustrien og n\u00e6ringsmiddelindustrien.<\/p>\n<div class=\"gap\" style=\"line-height: 20px; height: 20px;\"><\/div>\n<h2><span class=\"tlid-translation\"><span lang=\"NO-BOK\">Prosesstanker m\u00e5 passe til form\u00e5let<\/span><\/span><\/h2>\n<div class=\"gap\" style=\"line-height: 20px; height: 20px;\"><\/div>\n<p>Rustfrie trykkl\u00f8se prosesstanker er innend\u00f8rs tanker, som er tilgjengelige i st\u00f8rrelser fra 50 L til 40 000 L og kan produseres med forskjellige spesifikasjoner, slik at prosesstankene passer til den spesifikke prosesslinjen. JH St\u00e5lindustri kan gi r\u00e5d om de optimale rustfrie prosesstankene for din prosesslinje. Her er et utvalg av spesifikasjonene vi kan tilby:<\/p>\n<ul>\n<li>Isolasjon<\/li>\n<li>Ventilasjon<\/li>\n<li>Test trykk<\/li>\n<li>Siktglass evt. med lys<\/li>\n<li>Tilkobling av alle sensorer og signalgivere<\/li>\n<li>CIP-utstyr<\/li>\n<li>R\u00f8reverker plassert \u00f8verst, p\u00e5 siden, nederst eller som bunnmonterte magnetiske r\u00f8reverk<\/li>\n<\/ul>\n<div class=\"gap\" style=\"line-height: 20px; height: 20px;\"><\/div>\n<h3>Isolasjon<\/h3>\n<div class=\"gap\" style=\"line-height: 20px; height: 20px;\"><\/div>\n<p>Hos JH St\u00e5lindustri kan vi produsere prosesstanker b\u00e5de med og uten isolasjon. Vi produserer prosesstanker basert p\u00e5 kundenes kravspesifikasjoner. Derfor er det basert p\u00e5 grundig dialog med v\u00e5re kunder at vi kommer frem til om prosesstanken skal isoleres og i s\u00e5 fall hvor mye av tanken som skal isoleres.<\/p>\n<div class=\"gap\" style=\"line-height: 20px; height: 20px;\"><\/div>\n<h3><span class=\"tlid-translation\"><span lang=\"NO-BOK\">Ventilasjon<\/span><\/span><\/h3>\n<div class=\"gap\" style=\"line-height: 20px; height: 20px;\"><\/div>\n<p>Riktig dimensjonert ventilasjon er en viktig del av en prosesstank i forhold til muligheten for vakuum og produksjonsprosessen. Trykkl\u00f8se tanker forutsetter at det alltid er fri ventilasjon til atmosf\u00e6ren. Derfor er ventilasjonen vanligvis plassert p\u00e5 toppen av prosesstanken.<\/p>\n<div class=\"gap\" style=\"line-height: 20px; height: 20px;\"><\/div>\n<p>Hos JH St\u00e5lindustri har vi inng\u00e5ende kunnskap om prosessene som foreg\u00e5r i de forskjellige bransjene vi betjener. Derfor er vi klar over spesielle forhold som gj\u00f8r det til et spesielt ventilasjonsbehov. For eksempel kan CIP-programmet by p\u00e5 utfordringer, da det her er spesielle krav om at det m\u00e5 tilf\u00f8res en n\u00f8dvendig mengde luft p\u00e5 relativt kort tid for \u00e5 minimere risikoen for skade p\u00e5 tanken.<\/p>\n<div class=\"gap\" style=\"line-height: 20px; height: 20px;\"><\/div>\n<h3><span class=\"tlid-translation\"><span lang=\"NO-BOK\">Tanken m\u00e5 kunne t\u00e5le designtrykket<\/span><\/span><\/h3>\n<div class=\"gap\" style=\"line-height: 20px; height: 20px;\"><\/div>\n<p>I f\u00f8lge lovgivningen defineres tanker som trykkl\u00f8se, s\u00e5 lenge trykket ikke overstiger 0,5 bar g. Trykkl\u00f8se tanker kan dermed ha et vakuum p\u00e5 -1 bar g og 0,5 bar g overtrykk, uten \u00e5 kreve godkjenning. Imidlertid m\u00e5 tanken selvf\u00f8lgelig t\u00e5le designtrykket, og komponentene m\u00e5 velges i henhold til de \u00f8nskede designkravene.<\/p>\n<div class=\"gap\" style=\"line-height: 20px; height: 20px;\"><\/div>\n<h2><span class=\"tlid-translation\"><span lang=\"NO-BOK\">Tankproduksjon er et h\u00e5ndverk<\/span><\/span><\/h2>\n<div class=\"gap\" style=\"line-height: 20px; height: 20px;\"><\/div>\n<p>Hos JH St\u00e5lindustri produserer vi alle slags tanker som passer inn i en prosesslinje. Vi produserer dem i henhold til v\u00e5re kunders kravspesifikasjoner. Det stiller store krav til oss som selskap og spesielt smedene v\u00e5re. Smedene v\u00e5re er alle sertifiserte i henhold til PED-kravene for \u00e5 jobbe med:<\/p>\n<ul>\n<li>Ulike materialer<\/li>\n<li>Ulike sveisemetoder<\/li>\n<li>Ulike godstykkelser<\/li>\n<\/ul>\n<div class=\"gap\" style=\"line-height: 20px; height: 20px;\"><\/div>\n<p>Derfor er kundene v\u00e5re sikre p\u00e5 at det alltid er kompetente hender som jobber med tankene deres.<\/p>\n<div class=\"gap\" style=\"line-height: 20px; height: 20px;\"><\/div>\n<h2><span class=\"tlid-translation\"><span lang=\"NO-BOK\">JH St\u00e5lindustri har stor fagkunnskap<\/span><\/span><\/h2>\n<div class=\"gap\" style=\"line-height: 20px; height: 20px;\"><\/div>\n<p>Hos JH St\u00e5lindustri er vi stolte av h\u00f8yt fagkunnskapsniv\u00e5. Derfor kan kundene v\u00e5re ha h\u00f8ye forventninger til v\u00e5rt arbeid. V\u00e5re kunder kan forvente:<\/p>\n<ul>\n<li>En grundig og dyptg\u00e5ende dialog, s\u00e5 vi er 100% forpliktet til kundens behov og krav til tanken<\/li>\n<li>Full sporbarhet p\u00e5 alle materialer<\/li>\n<li>Et fors\u00f8k p\u00e5 \u00e5 sikre at kunden forst\u00e5r alle tekniske detaljer rundt tankene. Her bruker vi for eksempel 3D-tegninger for \u00e5 skape den forst\u00e5elsen<\/li>\n<li>Dokumentasjon for produksjon av tankene. Disse inkluderer materiale- og sveisesertifikater, overflater, trykk- og avl\u00f8pstester og mye mer.<\/li>\n<\/ul>\n<div class=\"gap\" style=\"line-height: 20px; height: 20px;\"><\/div>\n<p>V\u00e5r h\u00f8ye profesjonalitet og kunnskap om prosessene som brukes i de ulike bransjene er grunnen til at vi kan gi r\u00e5d om og produsere h\u00f8ykvalitets prosesstanker.<\/p>\n<div class=\"gap\" style=\"line-height: 20px; height: 20px;\"><\/div>\n<p>Kontakt JH St\u00e5lindustri i dag hvis du vil vite mer om prosesstanker eller v\u00e5re prosedyrer p\u00e5 telefon +45 86 47 90 44 eller via e-post til jhstaal@jhstaal.com.<\/p>\n<p>[\/vc_column_text][\/vc_column_inner][\/vc_row_inner][\/vc_column][\/vc_row][vc_row][vc_column]<style type=\"text\/css\" data-type=\"the7_shortcodes-inline-css\">#default-btn-d8c5237c5fe76120b0f5003cd8542aa5 {\n  border-radius: 5px;\n  font-size: 18px;\n  line-height: 20px;\n}\n.btn-shadow#default-btn-d8c5237c5fe76120b0f5003cd8542aa5 {\n  box-shadow: 0 1px 6px rgba(0,0,0,0.12);\n  transition: box-shadow 0.2s ease-out, opacity 0.45s;\n}\n.btn-shadow#default-btn-d8c5237c5fe76120b0f5003cd8542aa5:hover {\n  box-shadow: 0 5px 11px 0 rgba(0,0,0,0.18), 0 4px 15px 0 rgba(0,0,0,0.15);\n}\n.btn-flat#default-btn-d8c5237c5fe76120b0f5003cd8542aa5 {\n  box-shadow: none;\n}\n.btn-flat#default-btn-d8c5237c5fe76120b0f5003cd8542aa5:hover {\n  box-shadow: none;\n}\n#default-btn-d8c5237c5fe76120b0f5003cd8542aa5.ico-right-side > i {\n  margin-right: 0px;\n  margin-left: 8px;\n}\n#default-btn-d8c5237c5fe76120b0f5003cd8542aa5 > i {\n  margin-right: 8px;\n  font-size: 25px;\n}\n#default-btn-d8c5237c5fe76120b0f5003cd8542aa5:not(:hover) {\n  border-width: 0px;\n  padding: 17px 24px 16px 24px;\n}\n#default-btn-d8c5237c5fe76120b0f5003cd8542aa5:hover {\n  border-width: 0px;\n  padding: 17px 24px 16px 24px;\n}\n#default-btn-d8c5237c5fe76120b0f5003cd8542aa5.ico-right-side > i {\n  margin-right: 0px;\n  margin-left: 8px;\n}\n#default-btn-d8c5237c5fe76120b0f5003cd8542aa5 > i {\n  margin-right: 8px;\n}\n<\/style><div class=\"btn-align-center\"><a href=\"https:\/\/jhstaal.com\/en\/datasheets\/\" class=\"default-btn-shortcode dt-btn link-hover-off btn-flat  vc_custom_1614268365676\" id=\"default-btn-d8c5237c5fe76120b0f5003cd8542aa5\" title=\"Datasheets\"><span>See our datasheets here<\/span><\/a><\/div>[vc_separator border_width=&raquo;3&#8243;]<div class=\"ult-spacer spacer-69e2e69d6b75d\" data-id=\"69e2e69d6b75d\" data-height=\"30\" data-height-mobile=\"30\" data-height-tab=\"30\" data-height-tab-portrait=\"30\" data-height-mobile-landscape=\"30\" style=\"clear:both;display:block;\"><\/div>[\/vc_column][\/vc_row][vc_row][vc_column]<div class=\"wf-container dt-gallery-container dt-photos-shortcode loading-effect-fade-in iso-grid jg-container description-on-hover hover-style-two hover-fade content-align-centre\" data-padding=\"20px\" data-cur-page=\"1\" data-target-height=\"240px\"><div class=\"wf-cell\" data-post-id=\"6379\" data-date=\"2021-02-01T18:02:10+00:00\" data-name=\"Stainless Steel Tank\">\n<article class=\"post post-6379 attachment type-attachment status-inherit hentry no-img description-off\">\n\n\t<figure class=\"rollover-project links-hovers-disabled\">\n\t<a href=\"\/wp-content\/uploads\/2017\/07\/Stainless-Steel-Tank.jpg\" class=\"rollover rollover-zoom dt-pswp-item layzr-bg\" title=\"Stainless Steel Tank\" data-dt-img-description=\"\"  data-large_image_width=\"2272\" data-large_image_height = \"1704\" ><img fetchpriority=\"high\" decoding=\"async\" class=\"preload-me jgrid-lazy-load aspect\" src=\"data:image\/svg+xml,%3Csvg%20xmlns%3D&#39;http%3A%2F%2Fwww.w3.org%2F2000%2Fsvg&#39;%20viewBox%3D&#39;0%200%20554%20312&#39;%2F%3E\" data-src=\"\/wp-content\/uploads\/2017\/07\/Stainless-Steel-Tank-554x312.jpg\" data-srcset=\"\/wp-content\/uploads\/2017\/07\/Stainless-Steel-Tank-554x312.jpg 554w, \/wp-content\/uploads\/2017\/07\/Stainless-Steel-Tank-1108x624.jpg 1108w\" loading=\"eager\" style=\"--ratio: 554 \/ 312\" sizes=\"(max-width: 554px) 100vw, 554px\" alt=\"\" width=\"554\" height=\"312\"  \/><\/a>\t<\/figure>\n<\/article>\n\n<\/div><div class=\"wf-cell\" data-post-id=\"6374\" data-date=\"2021-02-01T18:01:44+00:00\" data-name=\"Process Tanks\">\n<article class=\"post post-6374 attachment type-attachment status-inherit hentry no-img description-off\">\n\n\t<figure class=\"rollover-project links-hovers-disabled\">\n\t<a href=\"\/wp-content\/uploads\/2017\/07\/Process-Tanks.jpg\" class=\"rollover rollover-zoom dt-pswp-item layzr-bg\" title=\"Process Tanks\" data-dt-img-description=\"\"  data-large_image_width=\"2272\" data-large_image_height = \"1704\" ><img decoding=\"async\" class=\"preload-me jgrid-lazy-load aspect\" src=\"data:image\/svg+xml,%3Csvg%20xmlns%3D&#39;http%3A%2F%2Fwww.w3.org%2F2000%2Fsvg&#39;%20viewBox%3D&#39;0%200%20554%20312&#39;%2F%3E\" data-src=\"\/wp-content\/uploads\/2017\/07\/Process-Tanks-554x312.jpg\" data-srcset=\"\/wp-content\/uploads\/2017\/07\/Process-Tanks-554x312.jpg 554w, \/wp-content\/uploads\/2017\/07\/Process-Tanks-1108x624.jpg 1108w\" loading=\"eager\" style=\"--ratio: 554 \/ 312\" sizes=\"(max-width: 554px) 100vw, 554px\" alt=\"\" width=\"554\" height=\"312\"  \/><\/a>\t<\/figure>\n<\/article>\n\n<\/div><div class=\"wf-cell\" data-post-id=\"6369\" data-date=\"2021-02-01T18:01:21+00:00\" data-name=\"Process Tank\">\n<article class=\"post post-6369 attachment type-attachment status-inherit hentry no-img description-off\">\n\n\t<figure class=\"rollover-project links-hovers-disabled\">\n\t<a href=\"\/wp-content\/uploads\/2017\/07\/Process-Tank.jpg\" class=\"rollover rollover-zoom dt-pswp-item layzr-bg\" title=\"Process Tank\" data-dt-img-description=\"\"  data-large_image_width=\"640\" data-large_image_height = \"480\" ><img decoding=\"async\" class=\"preload-me jgrid-lazy-load aspect\" src=\"data:image\/svg+xml,%3Csvg%20xmlns%3D&#39;http%3A%2F%2Fwww.w3.org%2F2000%2Fsvg&#39;%20viewBox%3D&#39;0%200%20554%20312&#39;%2F%3E\" data-src=\"\/wp-content\/uploads\/2017\/07\/Process-Tank-554x312.jpg\" data-srcset=\"\/wp-content\/uploads\/2017\/07\/Process-Tank-554x312.jpg 554w, \/wp-content\/uploads\/2017\/07\/Process-Tank-640x360.jpg 640w\" loading=\"eager\" style=\"--ratio: 554 \/ 312\" sizes=\"(max-width: 554px) 100vw, 554px\" alt=\"\" width=\"554\" height=\"312\"  \/><\/a>\t<\/figure>\n<\/article>\n\n<\/div><div class=\"wf-cell\" data-post-id=\"6364\" data-date=\"2021-02-01T18:01:10+00:00\" data-name=\"Beer Process Tank\">\n<article class=\"post post-6364 attachment type-attachment status-inherit hentry no-img description-off\">\n\n\t<figure class=\"rollover-project links-hovers-disabled\">\n\t<a href=\"\/wp-content\/uploads\/2017\/07\/Beer-Process-Tank.jpg\" class=\"rollover rollover-zoom dt-pswp-item layzr-bg\" title=\"Beer Process Tank\" data-dt-img-description=\"\"  data-large_image_width=\"640\" data-large_image_height = \"480\" ><img decoding=\"async\" class=\"preload-me jgrid-lazy-load aspect\" src=\"data:image\/svg+xml,%3Csvg%20xmlns%3D&#39;http%3A%2F%2Fwww.w3.org%2F2000%2Fsvg&#39;%20viewBox%3D&#39;0%200%20554%20312&#39;%2F%3E\" data-src=\"\/wp-content\/uploads\/2017\/07\/Beer-Process-Tank-554x312.jpg\" data-srcset=\"\/wp-content\/uploads\/2017\/07\/Beer-Process-Tank-554x312.jpg 554w, \/wp-content\/uploads\/2017\/07\/Beer-Process-Tank-640x360.jpg 640w\" loading=\"eager\" style=\"--ratio: 554 \/ 312\" sizes=\"(max-width: 554px) 100vw, 554px\" alt=\"\" width=\"554\" height=\"312\"  \/><\/a>\t<\/figure>\n<\/article>\n\n<\/div><\/div>[\/vc_column][\/vc_row]<\/p>\n<\/div>","protected":false},"excerpt":{"rendered":"<p>[vc_row][vc_column][vc_single_image image=&raquo;3907&#8243; img_size=&raquo;full&raquo; alignment=&raquo;center&raquo;][vc_row_inner][vc_column_inner][vc_column_text]Prosesstanker er et annet ord for trykkl\u00f8se tanker. Det er den st\u00f8rste gruppen av rustfrie tanker som dekker blandingstanker, modningstanker, gj\u00e6ringstanker og tappetanker. Dette er alle tanker som er en del av en prosesslinje i en bransje. JH St\u00e5lindustri leverer for eksempel prosesstanker i rustfritt st\u00e5l til meieriindustrien og n\u00e6ringsmiddelindustrien. Prosesstanker m\u00e5&hellip;<\/p>\n","protected":false},"author":10,"featured_media":0,"parent":4204,"menu_order":0,"comment_status":"closed","ping_status":"closed","template":"","meta":{"footnotes":""},"yoast_head":"<!-- This site is optimized with the Yoast SEO plugin v22.2 - https:\/\/yoast.com\/wordpress\/plugins\/seo\/ -->\n<title>Rustfrie prosesstanker - Trykkl\u00f8se tanker - JH St\u00e5lindustri A\/S<\/title>\n<meta name=\"description\" content=\"JH St\u00e5lindustri A \/ S produserer og gir r\u00e5d om trykkl\u00f8se tanker - ogs\u00e5 kalt prosesstanker. Inkludert blandetanker, modningstanker, gj\u00e6ringstanker og tappetanker.\" \/>\n<meta name=\"robots\" content=\"index, follow, max-snippet:-1, max-image-preview:large, max-video-preview:-1\" \/>\n<link rel=\"canonical\" href=\"https:\/\/jhstaal.com\/nb\/produkter\/rustfrie-prosesstanker\/\" \/>\n<meta property=\"og:locale\" content=\"nb_NO\" \/>\n<meta property=\"og:type\" content=\"article\" \/>\n<meta property=\"og:title\" content=\"Rustfrie prosesstanker - Trykkl\u00f8se tanker - JH St\u00e5lindustri A\/S\" \/>\n<meta property=\"og:description\" content=\"JH St\u00e5lindustri A \/ S produserer og gir r\u00e5d om trykkl\u00f8se tanker - ogs\u00e5 kalt prosesstanker. Inkludert blandetanker, modningstanker, gj\u00e6ringstanker og tappetanker.\" \/>\n<meta property=\"og:url\" content=\"https:\/\/jhstaal.com\/nb\/produkter\/rustfrie-prosesstanker\/\" \/>\n<meta property=\"og:site_name\" content=\"JH St&aring;lindustri A\/S\" \/>\n<meta property=\"article:modified_time\" content=\"2021-03-01T18:25:03+00:00\" \/>\n<meta name=\"twitter:card\" content=\"summary_large_image\" \/>\n<meta name=\"twitter:label1\" content=\"Ansl. lesetid\" \/>\n\t<meta name=\"twitter:data1\" content=\"3 minutter\" \/>\n<script type=\"application\/ld+json\" class=\"yoast-schema-graph\">{\"@context\":\"https:\/\/schema.org\",\"@graph\":[{\"@type\":\"WebPage\",\"@id\":\"https:\/\/jhstaal.com\/nb\/produkter\/rustfrie-prosesstanker\/\",\"url\":\"https:\/\/jhstaal.com\/nb\/produkter\/rustfrie-prosesstanker\/\",\"name\":\"Rustfrie prosesstanker - Trykkl\u00f8se tanker - JH St\u00e5lindustri A\/S\",\"isPartOf\":{\"@id\":\"https:\/\/jhstaal.dk\/#website\"},\"datePublished\":\"2020-12-10T09:36:29+00:00\",\"dateModified\":\"2021-03-01T18:25:03+00:00\",\"description\":\"JH St\u00e5lindustri A \/ S produserer og gir r\u00e5d om trykkl\u00f8se tanker - ogs\u00e5 kalt prosesstanker. Inkludert blandetanker, modningstanker, gj\u00e6ringstanker og tappetanker.\",\"breadcrumb\":{\"@id\":\"https:\/\/jhstaal.com\/nb\/produkter\/rustfrie-prosesstanker\/#breadcrumb\"},\"inLanguage\":\"nb-NO\",\"potentialAction\":[{\"@type\":\"ReadAction\",\"target\":[\"https:\/\/jhstaal.com\/nb\/produkter\/rustfrie-prosesstanker\/\"]}]},{\"@type\":\"BreadcrumbList\",\"@id\":\"https:\/\/jhstaal.com\/nb\/produkter\/rustfrie-prosesstanker\/#breadcrumb\",\"itemListElement\":[{\"@type\":\"ListItem\",\"position\":1,\"name\":\"Hjem\",\"item\":\"https:\/\/jhstaal.com\/nb\/\"},{\"@type\":\"ListItem\",\"position\":2,\"name\":\"Produkter\",\"item\":\"https:\/\/www.jhstaal.com\/nb\/produkter\/\"},{\"@type\":\"ListItem\",\"position\":3,\"name\":\"Rustfrie prosesstanker\"}]},{\"@type\":\"WebSite\",\"@id\":\"https:\/\/jhstaal.dk\/#website\",\"url\":\"https:\/\/jhstaal.dk\/\",\"name\":\"JH St&aring;lindustri A\/S\",\"description\":\"St&aring;ltanke\",\"publisher\":{\"@id\":\"https:\/\/jhstaal.dk\/#organization\"},\"potentialAction\":[{\"@type\":\"SearchAction\",\"target\":{\"@type\":\"EntryPoint\",\"urlTemplate\":\"https:\/\/jhstaal.dk\/?s={search_term_string}\"},\"query-input\":\"required name=search_term_string\"}],\"inLanguage\":\"nb-NO\"},{\"@type\":\"Organization\",\"@id\":\"https:\/\/jhstaal.dk\/#organization\",\"name\":\"JH St\u00e5lindustri A\/S\",\"url\":\"https:\/\/jhstaal.dk\/\",\"logo\":{\"@type\":\"ImageObject\",\"inLanguage\":\"nb-NO\",\"@id\":\"https:\/\/jhstaal.dk\/#\/schema\/logo\/image\/\",\"url\":\"\/wp-content\/uploads\/2016\/09\/JHstaal-LOGO-600px.jpg\",\"contentUrl\":\"\/wp-content\/uploads\/2016\/09\/JHstaal-LOGO-600px.jpg\",\"width\":600,\"height\":160,\"caption\":\"JH St\u00e5lindustri A\/S\"},\"image\":{\"@id\":\"https:\/\/jhstaal.dk\/#\/schema\/logo\/image\/\"}}]}<\/script>\n<!-- \/ Yoast SEO plugin. -->","yoast_head_json":{"title":"Rustfrie prosesstanker - Trykkl\u00f8se tanker - JH St\u00e5lindustri A\/S","description":"JH St\u00e5lindustri A \/ S produserer og gir r\u00e5d om trykkl\u00f8se tanker - ogs\u00e5 kalt prosesstanker. Inkludert blandetanker, modningstanker, gj\u00e6ringstanker og tappetanker.","robots":{"index":"index","follow":"follow","max-snippet":"max-snippet:-1","max-image-preview":"max-image-preview:large","max-video-preview":"max-video-preview:-1"},"canonical":"https:\/\/jhstaal.com\/nb\/produkter\/rustfrie-prosesstanker\/","og_locale":"nb_NO","og_type":"article","og_title":"Rustfrie prosesstanker - Trykkl\u00f8se tanker - JH St\u00e5lindustri A\/S","og_description":"JH St\u00e5lindustri A \/ S produserer og gir r\u00e5d om trykkl\u00f8se tanker - ogs\u00e5 kalt prosesstanker. Inkludert blandetanker, modningstanker, gj\u00e6ringstanker og tappetanker.","og_url":"https:\/\/jhstaal.com\/nb\/produkter\/rustfrie-prosesstanker\/","og_site_name":"JH St&aring;lindustri A\/S","article_modified_time":"2021-03-01T18:25:03+00:00","twitter_card":"summary_large_image","twitter_misc":{"Ansl. lesetid":"3 minutter"},"schema":{"@context":"https:\/\/schema.org","@graph":[{"@type":"WebPage","@id":"https:\/\/jhstaal.com\/nb\/produkter\/rustfrie-prosesstanker\/","url":"https:\/\/jhstaal.com\/nb\/produkter\/rustfrie-prosesstanker\/","name":"Rustfrie prosesstanker - Trykkl\u00f8se tanker - JH St\u00e5lindustri A\/S","isPartOf":{"@id":"https:\/\/jhstaal.dk\/#website"},"datePublished":"2020-12-10T09:36:29+00:00","dateModified":"2021-03-01T18:25:03+00:00","description":"JH St\u00e5lindustri A \/ S produserer og gir r\u00e5d om trykkl\u00f8se tanker - ogs\u00e5 kalt prosesstanker. Inkludert blandetanker, modningstanker, gj\u00e6ringstanker og tappetanker.","breadcrumb":{"@id":"https:\/\/jhstaal.com\/nb\/produkter\/rustfrie-prosesstanker\/#breadcrumb"},"inLanguage":"nb-NO","potentialAction":[{"@type":"ReadAction","target":["https:\/\/jhstaal.com\/nb\/produkter\/rustfrie-prosesstanker\/"]}]},{"@type":"BreadcrumbList","@id":"https:\/\/jhstaal.com\/nb\/produkter\/rustfrie-prosesstanker\/#breadcrumb","itemListElement":[{"@type":"ListItem","position":1,"name":"Hjem","item":"https:\/\/jhstaal.com\/nb\/"},{"@type":"ListItem","position":2,"name":"Produkter","item":"https:\/\/www.jhstaal.com\/nb\/produkter\/"},{"@type":"ListItem","position":3,"name":"Rustfrie prosesstanker"}]},{"@type":"WebSite","@id":"https:\/\/jhstaal.dk\/#website","url":"https:\/\/jhstaal.dk\/","name":"JH St&aring;lindustri A\/S","description":"St&aring;ltanke","publisher":{"@id":"https:\/\/jhstaal.dk\/#organization"},"potentialAction":[{"@type":"SearchAction","target":{"@type":"EntryPoint","urlTemplate":"https:\/\/jhstaal.dk\/?s={search_term_string}"},"query-input":"required name=search_term_string"}],"inLanguage":"nb-NO"},{"@type":"Organization","@id":"https:\/\/jhstaal.dk\/#organization","name":"JH St\u00e5lindustri A\/S","url":"https:\/\/jhstaal.dk\/","logo":{"@type":"ImageObject","inLanguage":"nb-NO","@id":"https:\/\/jhstaal.dk\/#\/schema\/logo\/image\/","url":"\/wp-content\/uploads\/2016\/09\/JHstaal-LOGO-600px.jpg","contentUrl":"\/wp-content\/uploads\/2016\/09\/JHstaal-LOGO-600px.jpg","width":600,"height":160,"caption":"JH St\u00e5lindustri A\/S"},"image":{"@id":"https:\/\/jhstaal.dk\/#\/schema\/logo\/image\/"}}]}},"_links":{"self":[{"href":"https:\/\/jhstaal.com\/nb\/wp-json\/wp\/v2\/pages\/3901"}],"collection":[{"href":"https:\/\/jhstaal.com\/nb\/wp-json\/wp\/v2\/pages"}],"about":[{"href":"https:\/\/jhstaal.com\/nb\/wp-json\/wp\/v2\/types\/page"}],"author":[{"embeddable":true,"href":"https:\/\/jhstaal.com\/nb\/wp-json\/wp\/v2\/users\/10"}],"replies":[{"embeddable":true,"href":"https:\/\/jhstaal.com\/nb\/wp-json\/wp\/v2\/comments?post=3901"}],"version-history":[{"count":3,"href":"https:\/\/jhstaal.com\/nb\/wp-json\/wp\/v2\/pages\/3901\/revisions"}],"predecessor-version":[{"id":7092,"href":"https:\/\/jhstaal.com\/nb\/wp-json\/wp\/v2\/pages\/3901\/revisions\/7092"}],"up":[{"embeddable":true,"href":"https:\/\/jhstaal.com\/nb\/wp-json\/wp\/v2\/pages\/4204"}],"wp:attachment":[{"href":"https:\/\/jhstaal.com\/nb\/wp-json\/wp\/v2\/media?parent=3901"}],"curies":[{"name":"wp","href":"https:\/\/api.w.org\/{rel}","templated":true}]}}