{"id":4026,"date":"2020-12-10T10:27:40","date_gmt":"2020-12-10T10:27:40","guid":{"rendered":"https:\/\/jhstaal.com\/rustfrie-buffertanker\/"},"modified":"2021-03-01T18:27:35","modified_gmt":"2021-03-01T18:27:35","slug":"rustfrie-buffertanker","status":"publish","type":"page","link":"https:\/\/jhstaal.com\/nb\/produkter\/rustfrie-buffertanker\/","title":{"rendered":"Rustfrie buffertanker"},"content":{"rendered":"<div class=\"wpb-content-wrapper\"><p>[vc_row][vc_column][vc_single_image image=&raquo;4029&#8243; img_size=&raquo;full&raquo; alignment=&raquo;center&raquo;][vc_row_inner][\/vc_row_inner][vc_column_inner][\/vc_column_inner][vc_column_text][vc_row][vc_column width=&raquo;1\/1&#8243;][vc_column_text]<\/p>\n<p>En buffertank er en tank som er en del av en prosesslinje, hvor innholdet lagres p\u00e5 en planlagt &laquo;pause&raquo; i prosessen. JH St\u00e5lindustri produserer og leverer rustfrie buffertanker i h\u00f8y kvalitet i henhold til v\u00e5re kunders kravspesifikasjoner. Vi har stor fagkunnskap og forst\u00e5r derfor at kvaliteten p\u00e5 tanken i prosesslinjen er av avgj\u00f8rende betydning for kvaliteten p\u00e5 sluttproduktet. Det er din garanti.<\/p>\n<div class=\"gap\" style=\"line-height: 20px; height: 20px;\"><\/div>\n<h2>Buffertanken m\u00e5 passe i prosesslinjen<\/h2>\n<div class=\"gap\" style=\"line-height: 20px; height: 20px;\"><\/div>\n<p>En buffertank er en midlertidig lagringstank, men det er ikke bare en enkel container. Det er viktig at:<\/p>\n<ul>\n<li>Riktig type tank er valgt som buffertank<\/li>\n<li>Buffertanken er egnet for industrien<\/li>\n<\/ul>\n<div class=\"gap\" style=\"line-height: 20px; height: 20px;\"><\/div>\n<h3>Ulike typer tanker kan v\u00e6re buffertanker<\/h3>\n<div class=\"gap\" style=\"line-height: 20px; height: 20px;\"><\/div>\n<p>Det er viktig hvilken type tank du bruker som buffertank. Tankens type avhenger blant annet av hva innholdet i tanken er, samt den spesifikke prosesslinjen som buffertanken er en del av.<\/p>\n<div class=\"gap\" style=\"line-height: 20px; height: 20px;\"><\/div>\n<ul>\n<li>Prosesstanker: Prosesstanker er trykkl\u00f8se tanker<\/li>\n<li>Trykktanker: Trykktanker er tanker som lagrer innholdet under trykk st\u00f8rre enn 0,5 bar<\/li>\n<li>Silotanker: Silotanker har navnet sitt fra den runde formen og brukes oftest utend\u00f8rs<\/li>\n<li>Mobile tanker: Mobile tanker er mindre tanker som kan transporteres rundt i produksjon<\/li>\n<\/ul>\n<div class=\"gap\" style=\"line-height: 20px; height: 20px;\"><\/div>\n<p>Alle disse forskjellige typene rustfrie tanker kan brukes som buffertanker og produseres i henhold til kundens kravspesifikasjoner, slik at tankens spesifikasjoner som isolasjon, ventilasjon, kraner og andre spesifikasjoner passer til den eksakte prosesslinjen.<\/p>\n<div class=\"gap\" style=\"line-height: 20px; height: 20px;\"><\/div>\n<h3>Buffertanker brukes i mange bransjer<\/h3>\n<div class=\"gap\" style=\"line-height: 20px; height: 20px;\"><\/div>\n<p>Hos JH St\u00e5lindusti produserer vi rustfrie tanker til mange forskjellige bransjer. Derfor vet vi ogs\u00e5 at buffertanker er en del av de fleste av dem. Dette inkluderer:<\/p>\n<div class=\"gap\" style=\"line-height: 20px; height: 20px;\"><\/div>\n<ul>\n<li>Vannverk<\/li>\n<li>Meieriindustrien<\/li>\n<li>Matindustrien<\/li>\n<li>Farmas\u00f8ytisk og kjemisk industri<\/li>\n<\/ul>\n<div class=\"gap\" style=\"line-height: 20px; height: 20px;\"><\/div>\n<h2><span class=\"tlid-translation\"><span lang=\"NO-BOK\">JH St\u00e5lindustri har stor fagkunnskap<\/span><\/span><\/h2>\n<div class=\"gap\" style=\"line-height: 20px; height: 20px;\"><\/div>\n<p>Hos JH St\u00e5lindustri produserer vi rustfrie tanker i henhold til v\u00e5re kunders kravspesifikasjoner. Vi er forpliktet til \u00e5 sikre at alle standarder blir oppfylt og at kundene v\u00e5re har en tank av h\u00f8y kvalitet. Derfor kan kundene v\u00e5re forvente:<\/p>\n<ul>\n<li>En grundig og grundig dialog slik at vi 100% forst\u00e5r kundens behov og krav til tanken<\/li>\n<li>Full sporbarhet p\u00e5 alle materialer<\/li>\n<li>En stor innsats for \u00e5 f\u00e5 kunden til \u00e5 forst\u00e5 alle de tekniske detaljene rundt buffertanken. Vi bruker blant annet 3D-tegninger for \u00e5 skape denne forst\u00e5elsen<\/li>\n<li>Dokumentasjon av produksjonsprosessen. Inkludert materiale og sveisesertifikater, overflater, tester og mye mer<\/li>\n<\/ul>\n<div class=\"gap\" style=\"line-height: 20px; height: 20px;\"><\/div>\n<h3><span class=\"tlid-translation\"><span lang=\"NO-BOK\">Smedene v\u00e5re er sertifiserte<\/span><\/span><\/h3>\n<div class=\"gap\" style=\"line-height: 20px; height: 20px;\"><\/div>\n<p>\u00c5 lage rustfrie tanker av h\u00f8y kvalitet er et h\u00e5ndverk. Derfor er v\u00e5re smeder selvf\u00f8lgelig sertifiserte i henhold til PED-kravene, som er sertifiseringer for \u00e5 jobbe med forskjellige:<\/p>\n<ul>\n<li>Materialer<\/li>\n<li>Sveisemetoder<\/li>\n<li>Godstykkelser<\/li>\n<\/ul>\n<div class=\"gap\" style=\"line-height: 20px; height: 20px;\"><\/div>\n<p>Sertifiseringene er gyldige i 3 \u00e5r, og derfor kan vi garantere at smedene v\u00e5re alltid er oppdatert med de nyeste arbeidsmetodene. Det er din garanti for en godt utf\u00f8rt jobb.<\/p>\n<div class=\"gap\" style=\"line-height: 20px; height: 20px;\"><\/div>\n<p>Kontakt JH St\u00e5lindustri i dag hvis du vil vite mer om buffertanker eller v\u00e5re prosedyrer p\u00e5 telefon +45 86 47 90 44 eller via e-post til jhstaal@jhstaal.com.<\/p>\n<p>[\/vc_column_text][\/vc_column][\/vc_row][vc_row][vc_column]<style type=\"text\/css\" data-type=\"the7_shortcodes-inline-css\">#default-btn-d8c5237c5fe76120b0f5003cd8542aa5 {\n  border-radius: 5px;\n  font-size: 18px;\n  line-height: 20px;\n}\n.btn-shadow#default-btn-d8c5237c5fe76120b0f5003cd8542aa5 {\n  box-shadow: 0 1px 6px rgba(0,0,0,0.12);\n  transition: box-shadow 0.2s ease-out, opacity 0.45s;\n}\n.btn-shadow#default-btn-d8c5237c5fe76120b0f5003cd8542aa5:hover {\n  box-shadow: 0 5px 11px 0 rgba(0,0,0,0.18), 0 4px 15px 0 rgba(0,0,0,0.15);\n}\n.btn-flat#default-btn-d8c5237c5fe76120b0f5003cd8542aa5 {\n  box-shadow: none;\n}\n.btn-flat#default-btn-d8c5237c5fe76120b0f5003cd8542aa5:hover {\n  box-shadow: none;\n}\n#default-btn-d8c5237c5fe76120b0f5003cd8542aa5.ico-right-side > i {\n  margin-right: 0px;\n  margin-left: 8px;\n}\n#default-btn-d8c5237c5fe76120b0f5003cd8542aa5 > i {\n  margin-right: 8px;\n  font-size: 25px;\n}\n#default-btn-d8c5237c5fe76120b0f5003cd8542aa5:not(:hover) {\n  border-width: 0px;\n  padding: 17px 24px 16px 24px;\n}\n#default-btn-d8c5237c5fe76120b0f5003cd8542aa5:hover {\n  border-width: 0px;\n  padding: 17px 24px 16px 24px;\n}\n#default-btn-d8c5237c5fe76120b0f5003cd8542aa5.ico-right-side > i {\n  margin-right: 0px;\n  margin-left: 8px;\n}\n#default-btn-d8c5237c5fe76120b0f5003cd8542aa5 > i {\n  margin-right: 8px;\n}\n<\/style><div class=\"btn-align-center\"><a href=\"https:\/\/jhstaal.com\/en\/datasheets\/\" class=\"default-btn-shortcode dt-btn link-hover-off btn-flat  vc_custom_1614268365676\" id=\"default-btn-d8c5237c5fe76120b0f5003cd8542aa5\" title=\"Datasheets\"><span>See our datasheets here<\/span><\/a><\/div>[vc_separator border_width=&raquo;3&#8243;]<div class=\"ult-spacer spacer-69d2e97b99d0f\" data-id=\"69d2e97b99d0f\" data-height=\"30\" data-height-mobile=\"30\" data-height-tab=\"30\" data-height-tab-portrait=\"30\" data-height-mobile-landscape=\"30\" style=\"clear:both;display:block;\"><\/div>[\/vc_column][\/vc_row][vc_row][vc_column]<div class=\"wf-container dt-gallery-container dt-photos-shortcode loading-effect-fade-in iso-grid jg-container description-on-hover hover-style-two hover-fade content-align-centre\" data-padding=\"20px\" data-cur-page=\"1\" data-target-height=\"240px\"><div class=\"wf-cell\" data-post-id=\"6802\" data-date=\"2021-02-02T08:18:21+00:00\" data-name=\"JHStaal Buffer tanks\">\n<article class=\"post post-6802 attachment type-attachment status-inherit hentry no-img description-off\">\n\n\t<figure class=\"rollover-project links-hovers-disabled\">\n\t<a href=\"\/wp-content\/uploads\/2021\/02\/JHStaal-Buffer-tanks-scaled.jpg\" class=\"rollover rollover-zoom dt-pswp-item layzr-bg\" title=\"JHStaal Buffer tanks\" data-dt-img-description=\"\"  data-large_image_width=\"2560\" data-large_image_height = \"1440\" ><img fetchpriority=\"high\" decoding=\"async\" class=\"preload-me jgrid-lazy-load aspect\" src=\"data:image\/svg+xml,%3Csvg%20xmlns%3D&#39;http%3A%2F%2Fwww.w3.org%2F2000%2Fsvg&#39;%20viewBox%3D&#39;0%200%20554%20312&#39;%2F%3E\" data-src=\"\/wp-content\/uploads\/2021\/02\/JHStaal-Buffer-tanks-scaled-554x312.jpg\" data-srcset=\"\/wp-content\/uploads\/2021\/02\/JHStaal-Buffer-tanks-scaled-554x312.jpg 554w, \/wp-content\/uploads\/2021\/02\/JHStaal-Buffer-tanks-scaled-1108x624.jpg 1108w\" loading=\"eager\" style=\"--ratio: 554 \/ 312\" sizes=\"(max-width: 554px) 100vw, 554px\" alt=\"\" width=\"554\" height=\"312\"  \/><\/a>\t<\/figure>\n<\/article>\n\n<\/div><div class=\"wf-cell\" data-post-id=\"6807\" data-date=\"2021-02-02T08:18:27+00:00\" data-name=\"JHStaal Mobile Buffertank\">\n<article class=\"post post-6807 attachment type-attachment status-inherit hentry no-img description-off\">\n\n\t<figure class=\"rollover-project links-hovers-disabled\">\n\t<a href=\"\/wp-content\/uploads\/2021\/02\/JHStaal-Mobile-Buffertank-scaled.jpg\" class=\"rollover rollover-zoom dt-pswp-item layzr-bg\" title=\"JHStaal Mobile Buffertank\" data-dt-img-description=\"\"  data-large_image_width=\"2560\" data-large_image_height = \"1714\" ><img decoding=\"async\" class=\"preload-me jgrid-lazy-load aspect\" src=\"data:image\/svg+xml,%3Csvg%20xmlns%3D&#39;http%3A%2F%2Fwww.w3.org%2F2000%2Fsvg&#39;%20viewBox%3D&#39;0%200%20554%20312&#39;%2F%3E\" data-src=\"\/wp-content\/uploads\/2021\/02\/JHStaal-Mobile-Buffertank-scaled-554x312.jpg\" data-srcset=\"\/wp-content\/uploads\/2021\/02\/JHStaal-Mobile-Buffertank-scaled-554x312.jpg 554w, \/wp-content\/uploads\/2021\/02\/JHStaal-Mobile-Buffertank-scaled-1108x624.jpg 1108w\" loading=\"eager\" style=\"--ratio: 554 \/ 312\" sizes=\"(max-width: 554px) 100vw, 554px\" alt=\"\" width=\"554\" height=\"312\"  \/><\/a>\t<\/figure>\n<\/article>\n\n<\/div><div class=\"wf-cell\" data-post-id=\"6812\" data-date=\"2021-02-02T08:18:32+00:00\" data-name=\"JHStaal Stainless Steel Buffer tank\">\n<article class=\"post post-6812 attachment type-attachment status-inherit hentry no-img description-off\">\n\n\t<figure class=\"rollover-project links-hovers-disabled\">\n\t<a href=\"\/wp-content\/uploads\/2021\/02\/JHStaal-Stainless-Steel-Buffer-tank-scaled.jpg\" class=\"rollover rollover-zoom dt-pswp-item layzr-bg\" title=\"JHStaal Stainless Steel Buffer tank\" data-dt-img-description=\"\"  data-large_image_width=\"2560\" data-large_image_height = \"1593\" ><img decoding=\"async\" class=\"preload-me jgrid-lazy-load aspect\" src=\"data:image\/svg+xml,%3Csvg%20xmlns%3D&#39;http%3A%2F%2Fwww.w3.org%2F2000%2Fsvg&#39;%20viewBox%3D&#39;0%200%20554%20312&#39;%2F%3E\" data-src=\"\/wp-content\/uploads\/2021\/02\/JHStaal-Stainless-Steel-Buffer-tank-scaled-554x312.jpg\" data-srcset=\"\/wp-content\/uploads\/2021\/02\/JHStaal-Stainless-Steel-Buffer-tank-scaled-554x312.jpg 554w, \/wp-content\/uploads\/2021\/02\/JHStaal-Stainless-Steel-Buffer-tank-scaled-1108x624.jpg 1108w\" loading=\"eager\" style=\"--ratio: 554 \/ 312\" sizes=\"(max-width: 554px) 100vw, 554px\" alt=\"\" width=\"554\" height=\"312\"  \/><\/a>\t<\/figure>\n<\/article>\n\n<\/div><\/div>[\/vc_column][\/vc_row]<\/p>\n<\/div>","protected":false},"excerpt":{"rendered":"<p>[vc_row][vc_column][vc_single_image image=&raquo;4029&#8243; img_size=&raquo;full&raquo; alignment=&raquo;center&raquo;][vc_row_inner][\/vc_row_inner][vc_column_inner][\/vc_column_inner][vc_column_text][vc_row][vc_column width=&raquo;1\/1&#8243;][vc_column_text] En buffertank er en tank som er en del av en prosesslinje, hvor innholdet lagres p\u00e5 en planlagt &laquo;pause&raquo; i prosessen. JH St\u00e5lindustri produserer og leverer rustfrie buffertanker i h\u00f8y kvalitet i henhold til v\u00e5re kunders kravspesifikasjoner. Vi har stor fagkunnskap og forst\u00e5r derfor at kvaliteten p\u00e5 tanken i prosesslinjen&hellip;<\/p>\n","protected":false},"author":10,"featured_media":4027,"parent":4204,"menu_order":0,"comment_status":"closed","ping_status":"closed","template":"","meta":{"footnotes":""},"yoast_head":"<!-- This site is optimized with the Yoast SEO plugin v22.2 - https:\/\/yoast.com\/wordpress\/plugins\/seo\/ -->\n<title>Rustfrie buffertanker \u2013 JH St\u00e5lindustri A\/S<\/title>\n<meta name=\"description\" content=\"JH St\u00e5lindustri produserer og gir r\u00e5d om buffertanker av rustfritt st\u00e5l som brukes som en del av en prosesslinje. JH St\u00e5lindustri leverer tanker av h\u00f8y kvalitet.\" \/>\n<meta name=\"robots\" content=\"index, follow, max-snippet:-1, max-image-preview:large, max-video-preview:-1\" \/>\n<link rel=\"canonical\" href=\"https:\/\/jhstaal.com\/nb\/produkter\/rustfrie-buffertanker\/\" \/>\n<meta property=\"og:locale\" content=\"nb_NO\" \/>\n<meta property=\"og:type\" content=\"article\" \/>\n<meta property=\"og:title\" content=\"Rustfrie buffertanker \u2013 JH St\u00e5lindustri A\/S\" \/>\n<meta property=\"og:description\" content=\"JH St\u00e5lindustri produserer og gir r\u00e5d om buffertanker av rustfritt st\u00e5l som brukes som en del av en prosesslinje. JH St\u00e5lindustri leverer tanker av h\u00f8y kvalitet.\" \/>\n<meta property=\"og:url\" content=\"https:\/\/jhstaal.com\/nb\/produkter\/rustfrie-buffertanker\/\" \/>\n<meta property=\"og:site_name\" content=\"JH St&aring;lindustri A\/S\" \/>\n<meta property=\"article:modified_time\" content=\"2021-03-01T18:27:35+00:00\" \/>\n<meta property=\"og:image\" content=\"https:\/\/jhstaal.com\/wp-content\/uploads\/2020\/06\/rustfri-buffertank-1-2012-01-01-scaled.jpg\" \/>\n\t<meta property=\"og:image:width\" content=\"1920\" \/>\n\t<meta property=\"og:image:height\" content=\"2560\" \/>\n\t<meta property=\"og:image:type\" content=\"image\/jpeg\" \/>\n<meta name=\"twitter:card\" content=\"summary_large_image\" \/>\n<meta name=\"twitter:label1\" content=\"Ansl. lesetid\" \/>\n\t<meta name=\"twitter:data1\" content=\"3 minutter\" \/>\n<script type=\"application\/ld+json\" class=\"yoast-schema-graph\">{\"@context\":\"https:\/\/schema.org\",\"@graph\":[{\"@type\":\"WebPage\",\"@id\":\"https:\/\/jhstaal.com\/nb\/produkter\/rustfrie-buffertanker\/\",\"url\":\"https:\/\/jhstaal.com\/nb\/produkter\/rustfrie-buffertanker\/\",\"name\":\"Rustfrie buffertanker \u2013 JH St\u00e5lindustri A\/S\",\"isPartOf\":{\"@id\":\"https:\/\/jhstaal.dk\/#website\"},\"primaryImageOfPage\":{\"@id\":\"https:\/\/jhstaal.com\/nb\/produkter\/rustfrie-buffertanker\/#primaryimage\"},\"image\":{\"@id\":\"https:\/\/jhstaal.com\/nb\/produkter\/rustfrie-buffertanker\/#primaryimage\"},\"thumbnailUrl\":\"\/wp-content\/uploads\/2020\/06\/rustfri-buffertank-1-2012-01-01-scaled.jpg\",\"datePublished\":\"2020-12-10T10:27:40+00:00\",\"dateModified\":\"2021-03-01T18:27:35+00:00\",\"description\":\"JH St\u00e5lindustri produserer og gir r\u00e5d om buffertanker av rustfritt st\u00e5l som brukes som en del av en prosesslinje. JH St\u00e5lindustri leverer tanker av h\u00f8y kvalitet.\",\"breadcrumb\":{\"@id\":\"https:\/\/jhstaal.com\/nb\/produkter\/rustfrie-buffertanker\/#breadcrumb\"},\"inLanguage\":\"nb-NO\",\"potentialAction\":[{\"@type\":\"ReadAction\",\"target\":[\"https:\/\/jhstaal.com\/nb\/produkter\/rustfrie-buffertanker\/\"]}]},{\"@type\":\"ImageObject\",\"inLanguage\":\"nb-NO\",\"@id\":\"https:\/\/jhstaal.com\/nb\/produkter\/rustfrie-buffertanker\/#primaryimage\",\"url\":\"\/wp-content\/uploads\/2020\/06\/rustfri-buffertank-1-2012-01-01-scaled.jpg\",\"contentUrl\":\"\/wp-content\/uploads\/2020\/06\/rustfri-buffertank-1-2012-01-01-scaled.jpg\",\"width\":1920,\"height\":2560,\"caption\":\"Buffertanke fra JH St\u00e5lindustri\"},{\"@type\":\"BreadcrumbList\",\"@id\":\"https:\/\/jhstaal.com\/nb\/produkter\/rustfrie-buffertanker\/#breadcrumb\",\"itemListElement\":[{\"@type\":\"ListItem\",\"position\":1,\"name\":\"Hjem\",\"item\":\"https:\/\/jhstaal.com\/nb\/\"},{\"@type\":\"ListItem\",\"position\":2,\"name\":\"Produkter\",\"item\":\"https:\/\/jhstaal.com\/nb\/produkter\/\"},{\"@type\":\"ListItem\",\"position\":3,\"name\":\"Rustfrie buffertanker\"}]},{\"@type\":\"WebSite\",\"@id\":\"https:\/\/jhstaal.dk\/#website\",\"url\":\"https:\/\/jhstaal.dk\/\",\"name\":\"JH St&aring;lindustri A\/S\",\"description\":\"St&aring;ltanke\",\"publisher\":{\"@id\":\"https:\/\/jhstaal.dk\/#organization\"},\"potentialAction\":[{\"@type\":\"SearchAction\",\"target\":{\"@type\":\"EntryPoint\",\"urlTemplate\":\"https:\/\/jhstaal.dk\/?s={search_term_string}\"},\"query-input\":\"required name=search_term_string\"}],\"inLanguage\":\"nb-NO\"},{\"@type\":\"Organization\",\"@id\":\"https:\/\/jhstaal.dk\/#organization\",\"name\":\"JH St\u00e5lindustri A\/S\",\"url\":\"https:\/\/jhstaal.dk\/\",\"logo\":{\"@type\":\"ImageObject\",\"inLanguage\":\"nb-NO\",\"@id\":\"https:\/\/jhstaal.dk\/#\/schema\/logo\/image\/\",\"url\":\"\/wp-content\/uploads\/2016\/09\/JHstaal-LOGO-600px.jpg\",\"contentUrl\":\"\/wp-content\/uploads\/2016\/09\/JHstaal-LOGO-600px.jpg\",\"width\":600,\"height\":160,\"caption\":\"JH St\u00e5lindustri A\/S\"},\"image\":{\"@id\":\"https:\/\/jhstaal.dk\/#\/schema\/logo\/image\/\"}}]}<\/script>\n<!-- \/ Yoast SEO plugin. -->","yoast_head_json":{"title":"Rustfrie buffertanker \u2013 JH St\u00e5lindustri A\/S","description":"JH St\u00e5lindustri produserer og gir r\u00e5d om buffertanker av rustfritt st\u00e5l som brukes som en del av en prosesslinje. JH St\u00e5lindustri leverer tanker av h\u00f8y kvalitet.","robots":{"index":"index","follow":"follow","max-snippet":"max-snippet:-1","max-image-preview":"max-image-preview:large","max-video-preview":"max-video-preview:-1"},"canonical":"https:\/\/jhstaal.com\/nb\/produkter\/rustfrie-buffertanker\/","og_locale":"nb_NO","og_type":"article","og_title":"Rustfrie buffertanker \u2013 JH St\u00e5lindustri A\/S","og_description":"JH St\u00e5lindustri produserer og gir r\u00e5d om buffertanker av rustfritt st\u00e5l som brukes som en del av en prosesslinje. JH St\u00e5lindustri leverer tanker av h\u00f8y kvalitet.","og_url":"https:\/\/jhstaal.com\/nb\/produkter\/rustfrie-buffertanker\/","og_site_name":"JH St&aring;lindustri A\/S","article_modified_time":"2021-03-01T18:27:35+00:00","og_image":[{"width":1920,"height":2560,"url":"https:\/\/jhstaal.com\/wp-content\/uploads\/2020\/06\/rustfri-buffertank-1-2012-01-01-scaled.jpg","type":"image\/jpeg"}],"twitter_card":"summary_large_image","twitter_misc":{"Ansl. lesetid":"3 minutter"},"schema":{"@context":"https:\/\/schema.org","@graph":[{"@type":"WebPage","@id":"https:\/\/jhstaal.com\/nb\/produkter\/rustfrie-buffertanker\/","url":"https:\/\/jhstaal.com\/nb\/produkter\/rustfrie-buffertanker\/","name":"Rustfrie buffertanker \u2013 JH St\u00e5lindustri A\/S","isPartOf":{"@id":"https:\/\/jhstaal.dk\/#website"},"primaryImageOfPage":{"@id":"https:\/\/jhstaal.com\/nb\/produkter\/rustfrie-buffertanker\/#primaryimage"},"image":{"@id":"https:\/\/jhstaal.com\/nb\/produkter\/rustfrie-buffertanker\/#primaryimage"},"thumbnailUrl":"\/wp-content\/uploads\/2020\/06\/rustfri-buffertank-1-2012-01-01-scaled.jpg","datePublished":"2020-12-10T10:27:40+00:00","dateModified":"2021-03-01T18:27:35+00:00","description":"JH St\u00e5lindustri produserer og gir r\u00e5d om buffertanker av rustfritt st\u00e5l som brukes som en del av en prosesslinje. JH St\u00e5lindustri leverer tanker av h\u00f8y kvalitet.","breadcrumb":{"@id":"https:\/\/jhstaal.com\/nb\/produkter\/rustfrie-buffertanker\/#breadcrumb"},"inLanguage":"nb-NO","potentialAction":[{"@type":"ReadAction","target":["https:\/\/jhstaal.com\/nb\/produkter\/rustfrie-buffertanker\/"]}]},{"@type":"ImageObject","inLanguage":"nb-NO","@id":"https:\/\/jhstaal.com\/nb\/produkter\/rustfrie-buffertanker\/#primaryimage","url":"\/wp-content\/uploads\/2020\/06\/rustfri-buffertank-1-2012-01-01-scaled.jpg","contentUrl":"\/wp-content\/uploads\/2020\/06\/rustfri-buffertank-1-2012-01-01-scaled.jpg","width":1920,"height":2560,"caption":"Buffertanke fra JH St\u00e5lindustri"},{"@type":"BreadcrumbList","@id":"https:\/\/jhstaal.com\/nb\/produkter\/rustfrie-buffertanker\/#breadcrumb","itemListElement":[{"@type":"ListItem","position":1,"name":"Hjem","item":"https:\/\/jhstaal.com\/nb\/"},{"@type":"ListItem","position":2,"name":"Produkter","item":"https:\/\/jhstaal.com\/nb\/produkter\/"},{"@type":"ListItem","position":3,"name":"Rustfrie buffertanker"}]},{"@type":"WebSite","@id":"https:\/\/jhstaal.dk\/#website","url":"https:\/\/jhstaal.dk\/","name":"JH St&aring;lindustri A\/S","description":"St&aring;ltanke","publisher":{"@id":"https:\/\/jhstaal.dk\/#organization"},"potentialAction":[{"@type":"SearchAction","target":{"@type":"EntryPoint","urlTemplate":"https:\/\/jhstaal.dk\/?s={search_term_string}"},"query-input":"required name=search_term_string"}],"inLanguage":"nb-NO"},{"@type":"Organization","@id":"https:\/\/jhstaal.dk\/#organization","name":"JH St\u00e5lindustri A\/S","url":"https:\/\/jhstaal.dk\/","logo":{"@type":"ImageObject","inLanguage":"nb-NO","@id":"https:\/\/jhstaal.dk\/#\/schema\/logo\/image\/","url":"\/wp-content\/uploads\/2016\/09\/JHstaal-LOGO-600px.jpg","contentUrl":"\/wp-content\/uploads\/2016\/09\/JHstaal-LOGO-600px.jpg","width":600,"height":160,"caption":"JH St\u00e5lindustri A\/S"},"image":{"@id":"https:\/\/jhstaal.dk\/#\/schema\/logo\/image\/"}}]}},"_links":{"self":[{"href":"https:\/\/jhstaal.com\/nb\/wp-json\/wp\/v2\/pages\/4026"}],"collection":[{"href":"https:\/\/jhstaal.com\/nb\/wp-json\/wp\/v2\/pages"}],"about":[{"href":"https:\/\/jhstaal.com\/nb\/wp-json\/wp\/v2\/types\/page"}],"author":[{"embeddable":true,"href":"https:\/\/jhstaal.com\/nb\/wp-json\/wp\/v2\/users\/10"}],"replies":[{"embeddable":true,"href":"https:\/\/jhstaal.com\/nb\/wp-json\/wp\/v2\/comments?post=4026"}],"version-history":[{"count":3,"href":"https:\/\/jhstaal.com\/nb\/wp-json\/wp\/v2\/pages\/4026\/revisions"}],"predecessor-version":[{"id":7103,"href":"https:\/\/jhstaal.com\/nb\/wp-json\/wp\/v2\/pages\/4026\/revisions\/7103"}],"up":[{"embeddable":true,"href":"https:\/\/jhstaal.com\/nb\/wp-json\/wp\/v2\/pages\/4204"}],"wp:featuredmedia":[{"embeddable":true,"href":"https:\/\/jhstaal.com\/nb\/wp-json\/wp\/v2\/media\/4027"}],"wp:attachment":[{"href":"https:\/\/jhstaal.com\/nb\/wp-json\/wp\/v2\/media?parent=4026"}],"curies":[{"name":"wp","href":"https:\/\/api.w.org\/{rel}","templated":true}]}}