{"id":4056,"date":"2020-12-10T10:46:58","date_gmt":"2020-12-10T10:46:58","guid":{"rendered":"https:\/\/jhstaal.com\/process-moduler\/"},"modified":"2021-03-01T18:28:34","modified_gmt":"2021-03-01T18:28:34","slug":"process-moduler","status":"publish","type":"page","link":"https:\/\/jhstaal.com\/nb\/produkter\/process-moduler\/","title":{"rendered":"Process moduler"},"content":{"rendered":"<div class=\"wpb-content-wrapper\"><p>[vc_row][vc_column][vc_single_image image=&raquo;4059&#8243; img_size=&raquo;full&raquo; alignment=&raquo;center&raquo;][vc_row_inner][\/vc_row_inner][vc_column_inner][\/vc_column_inner][vc_column_text]<\/p>\n<p>Prosess moduler i rustfritt st\u00e5l kan brukes i et bredt spekter av produksjoner. Det er en tilpasset l\u00f8sning som kan best\u00e5 av en rekke tanker, CIP-l\u00f8sning, r\u00f8rsystemer og r\u00f8reverker. I tillegg kan hele prosessanlegget kontrolleres av en PLC.<\/p>\n<div class=\"gap\" style=\"line-height: 20px; height: 20px;\"><\/div>\n<h2 style=\"line-height: 150%;\">Komplette prosess moduler i rustfritt st\u00e5l<\/h2>\n<div class=\"gap\" style=\"line-height: 20px; height: 20px;\"><\/div>\n<p>Hos JH St\u00e5lindustri produserer vi ikke bare tanker, vi tilbyr ogs\u00e5 komplette l\u00f8sninger tilpasset den enkelte kundes behov. Basert p\u00e5 v\u00e5r produktportef\u00f8lje og v\u00e5r erfaring, tilbyr vi design og levering av komplette prosessanlegg. Den spesifikke oppgaven produseres i tett samarbeid med kunden slik at det ferdige anlegget oppfyller n\u00f8yaktig kravene til produksjon, hygiene og funksjon.<\/p>\n<div class=\"gap\" style=\"line-height: 20px; height: 20px;\"><\/div>\n<h3 style=\"line-height: 150%;\">R\u00e5dgivning<\/h3>\n<div class=\"gap\" style=\"line-height: 20px; height: 20px;\"><\/div>\n<p>Hos JH St\u00e5lindustri har vi lang erfaring innen tanker og prosessutstyr i rustfritt st\u00e5l, noe som gj\u00f8r det mulig for oss \u00e5 gi grundige r\u00e5d om den samlede l\u00f8sningen for prosess moduler. Vi tar hensyn til alle kundens behov og gir r\u00e5d om en komplett l\u00f8sning med produksjon og bygging av prosessanlegget. Dette inkluderer tanker, CIP-anlegg, r\u00f8reverker og PLC-kontroll.<\/p>\n<div class=\"gap\" style=\"line-height: 20px; height: 20px;\"><\/div>\n<h3 style=\"line-height: 150%;\">Skrapevarmeveksler<\/h3>\n<div class=\"gap\" style=\"line-height: 20px; height: 20px;\"><\/div>\n<p>Gjennom \u00e5rene har vi laget en rekke prosess moduler for n\u00e6ringsmiddelindustrien med en innebygd skrapevarmeveksler. Hos JH St\u00e5lindustri har vi utviklet Rotapro skrapevarmeveksleren, som er ideell for bruk i prosess moduler med behov for oppvarming eller kj\u00f8ling av sv\u00e6rt tyktflytende produkter. Skrapevarmeveksleren er en integrert del av et stort antall prosess moduler vi i JH St\u00e5lindustri produserer, da det effektivt kan behandle produktet p\u00e5 en sk\u00e5nsom m\u00e5te.<\/p>\n<div class=\"gap\" style=\"line-height: 20px; height: 20px;\"><\/div>\n<h3 style=\"line-height: 150%;\">CIP-anlegg<\/h3>\n<div class=\"gap\" style=\"line-height: 20px; height: 20px;\"><\/div>\n<p>CIP-anlegg inng\u00e5r ofte som en del av den samlede prosessanordningen. Hos JH St\u00e5lindustri har vi utviklet v\u00e5r egen &laquo;JH CIP Unit&raquo;, som effektivt renser prosessanlegg og individuelle enheter. JH CIP-enheter er produsert p\u00e5 en bunnramme i rustfritt st\u00e5l, montert med det n\u00f8dvendige antallet tanker etter oppgavens behov. Enheten kan v\u00e6re stasjon\u00e6r eller mobil, avhengig av st\u00f8rrelse og kapasitet. JH CIP-enheten kan v\u00e6re &laquo;En strengs&raquo; uten resirkulering, eller &laquo;Flerstrengs&raquo; med resirkulering.<\/p>\n<p>[\/vc_column_text][\/vc_column][\/vc_row][vc_row][vc_column][vc_tta_accordion style=&raquo;flat&raquo; shape=&raquo;square&raquo; gap=&raquo;20&#8243; c_icon=&raquo;&raquo; active_section=&raquo;1&#8243;][vc_tta_section title=&raquo;Flytskjemaer&raquo; tab_id=&raquo;1474965212674-bcb4ff53-9676&#8243;][vc_row_inner][vc_column_inner width=&raquo;1\/2&#8243;][vc_single_image image=&raquo;4058&#8243; img_size=&raquo;full&raquo; css=&raquo;.vc_custom_1475002231167{margin-bottom: -1px !important;}&raquo;][vc_column_text]Enkeltstrengesystem uten resirkulering, stasjon\u00e6r eller mobil enhet.[\/vc_column_text][\/vc_column_inner][vc_column_inner width=&raquo;1\/2&#8243;][vc_single_image image=&raquo;4057&#8243; img_size=&raquo;full&raquo; css=&raquo;.vc_custom_1475002239203{margin-bottom: -1px !important;}&raquo;][vc_column_text]Enkeltstrengesystem med resirkulering, stasjon\u00e6r enhet.[\/vc_column_text][\/vc_column_inner][\/vc_row_inner][\/vc_tta_section][\/vc_tta_accordion][\/vc_column][\/vc_row][vc_row][vc_column]<div class=\"gap\" style=\"line-height: 20px; height: 20px;\"><\/div>[\/vc_column][\/vc_row][vc_row][vc_column][vc_column_text]<\/p>\n<h2><span class=\"tlid-translation\"><span lang=\"NO-BOK\">JH St\u00e5lindustri har stor fagkunnskap<\/span><\/span><\/h2>\n<div class=\"gap\" style=\"line-height: 20px; height: 20px;\"><\/div>\n<p>Hos JH St\u00e5lindustri produserer vi prosess moduler i henhold til kundenes kravspesifikasjoner. Vi er forpliktet til \u00e5 sikre at alle standarder blir oppfylt og at v\u00e5re kunder har en enhet av h\u00f8y kvalitet. Derfor kan kundene v\u00e5re forvente:<\/p>\n<ul>\n<li>En grundig og grundig dialog slik at vi 100% forst\u00e5r kundens behov og krav<\/li>\n<li>Full sporbarhet p\u00e5 alle materialer<\/li>\n<li>En stor innsats for \u00e5 sikre at kunden forst\u00e5r alle de tekniske detaljene til den enkelte prosessenheten. Vi bruker blant annet 3D-tegninger for \u00e5 skape denne forst\u00e5elsen<\/li>\n<li>Dokumentasjon av produksjonsprosessen. Inkludert materiale og sveisesertifikater, overflater, tester og mye mer<\/li>\n<\/ul>\n<div class=\"gap\" style=\"line-height: 20px; height: 20px;\"><\/div>\n<h3><span class=\"tlid-translation\"><span lang=\"NO-BOK\">Smedene v\u00e5re er sertifiserte<\/span><\/span><\/h3>\n<div class=\"gap\" style=\"line-height: 20px; height: 20px;\"><\/div>\n<p>\u00c5 produsere prosess moduler av h\u00f8y kvalitet er et h\u00e5ndverk. Derfor er v\u00e5re smeder selvf\u00f8lgelig sertifiserte i henhold til PED-kravene, som er sertifiseringer for \u00e5 jobbe med forskjellige:<\/p>\n<ul>\n<li>Materialer<\/li>\n<li>Sveisemetoder<\/li>\n<li>Godstykkelser<\/li>\n<\/ul>\n<div class=\"gap\" style=\"line-height: 20px; height: 20px;\"><\/div>\n<p>Sertifiseringene er gyldige i 3 \u00e5r, og derfor kan vi garantere at smedene v\u00e5re alltid er oppdatert med de nyeste arbeidsmetodene. Det er din garanti for en godt utf\u00f8rt jobb.<\/p>\n<div class=\"gap\" style=\"line-height: 20px; height: 20px;\"><\/div>\n<p>Kontakt JH St\u00e5lindustri i dag hvis du vil vite mer om prosess moduler eller v\u00e5re prosedyrer p\u00e5 telefon +45 86 47 90 44 eller via e-post til jhstaal@jhstaal.com.<\/p>\n<p>[\/vc_column_text][\/vc_column][\/vc_row][vc_row][vc_column]<style type=\"text\/css\" data-type=\"the7_shortcodes-inline-css\">#default-btn-d8c5237c5fe76120b0f5003cd8542aa5 {\n  border-radius: 5px;\n  font-size: 18px;\n  line-height: 20px;\n}\n.btn-shadow#default-btn-d8c5237c5fe76120b0f5003cd8542aa5 {\n  box-shadow: 0 1px 6px rgba(0,0,0,0.12);\n  transition: box-shadow 0.2s ease-out, opacity 0.45s;\n}\n.btn-shadow#default-btn-d8c5237c5fe76120b0f5003cd8542aa5:hover {\n  box-shadow: 0 5px 11px 0 rgba(0,0,0,0.18), 0 4px 15px 0 rgba(0,0,0,0.15);\n}\n.btn-flat#default-btn-d8c5237c5fe76120b0f5003cd8542aa5 {\n  box-shadow: none;\n}\n.btn-flat#default-btn-d8c5237c5fe76120b0f5003cd8542aa5:hover {\n  box-shadow: none;\n}\n#default-btn-d8c5237c5fe76120b0f5003cd8542aa5.ico-right-side > i {\n  margin-right: 0px;\n  margin-left: 8px;\n}\n#default-btn-d8c5237c5fe76120b0f5003cd8542aa5 > i {\n  margin-right: 8px;\n  font-size: 25px;\n}\n#default-btn-d8c5237c5fe76120b0f5003cd8542aa5:not(:hover) {\n  border-width: 0px;\n  padding: 17px 24px 16px 24px;\n}\n#default-btn-d8c5237c5fe76120b0f5003cd8542aa5:hover {\n  border-width: 0px;\n  padding: 17px 24px 16px 24px;\n}\n#default-btn-d8c5237c5fe76120b0f5003cd8542aa5.ico-right-side > i {\n  margin-right: 0px;\n  margin-left: 8px;\n}\n#default-btn-d8c5237c5fe76120b0f5003cd8542aa5 > i {\n  margin-right: 8px;\n}\n<\/style><div class=\"btn-align-center\"><a href=\"https:\/\/jhstaal.com\/en\/datasheets\/\" class=\"default-btn-shortcode dt-btn link-hover-off btn-flat  vc_custom_1614268365676\" id=\"default-btn-d8c5237c5fe76120b0f5003cd8542aa5\" title=\"Datasheets\"><span>See our datasheets here<\/span><\/a><\/div>[vc_separator border_width=&raquo;3&#8243;]<div class=\"ult-spacer spacer-69d30358cf8c5\" data-id=\"69d30358cf8c5\" data-height=\"30\" data-height-mobile=\"30\" data-height-tab=\"30\" data-height-tab-portrait=\"30\" data-height-mobile-landscape=\"30\" style=\"clear:both;display:block;\"><\/div>[\/vc_column][\/vc_row][vc_row][vc_column]<div class=\"wf-container dt-gallery-container dt-photos-shortcode loading-effect-fade-in iso-grid jg-container description-on-hover hover-style-two hover-fade content-align-centre\" data-padding=\"20px\" data-cur-page=\"1\" data-target-height=\"240px\"><div class=\"wf-cell\" data-post-id=\"6913\" data-date=\"2021-02-02T09:28:37+00:00\" data-name=\"\">\n<article class=\"post post-6913 attachment type-attachment status-inherit hentry no-img description-off\">\n\n\t<figure class=\"rollover-project links-hovers-disabled\">\n\t<a href=\"\/wp-content\/uploads\/2017\/07\/JHStaal-Rotapro-Process-Unit-scaled.jpg\" class=\"rollover rollover-zoom dt-pswp-item layzr-bg\"  data-dt-img-description=\"\"  data-large_image_width=\"1869\" data-large_image_height = \"2560\" ><img fetchpriority=\"high\" decoding=\"async\" class=\"preload-me jgrid-lazy-load aspect\" src=\"data:image\/svg+xml,%3Csvg%20xmlns%3D&#39;http%3A%2F%2Fwww.w3.org%2F2000%2Fsvg&#39;%20viewBox%3D&#39;0%200%20554%20312&#39;%2F%3E\" data-src=\"\/wp-content\/uploads\/2017\/07\/JHStaal-Rotapro-Process-Unit-scaled-554x312.jpg\" data-srcset=\"\/wp-content\/uploads\/2017\/07\/JHStaal-Rotapro-Process-Unit-scaled-554x312.jpg 554w, \/wp-content\/uploads\/2017\/07\/JHStaal-Rotapro-Process-Unit-scaled-1108x624.jpg 1108w\" loading=\"eager\" style=\"--ratio: 554 \/ 312\" sizes=\"(max-width: 554px) 100vw, 554px\" alt=\"\" width=\"554\" height=\"312\"  \/><\/a>\t<\/figure>\n<\/article>\n\n<\/div><div class=\"wf-cell\" data-post-id=\"6908\" data-date=\"2021-02-02T09:28:30+00:00\" data-name=\"JHStaal Destilation System\">\n<article class=\"post post-6908 attachment type-attachment status-inherit hentry no-img description-off\">\n\n\t<figure class=\"rollover-project links-hovers-disabled\">\n\t<a href=\"\/wp-content\/uploads\/2017\/07\/JHStaal-Destilation-System-scaled.jpg\" class=\"rollover rollover-zoom dt-pswp-item layzr-bg\" title=\"JHStaal Destilation System\" data-dt-img-description=\"\"  data-large_image_width=\"2560\" data-large_image_height = \"1920\" ><img decoding=\"async\" class=\"preload-me jgrid-lazy-load aspect\" src=\"data:image\/svg+xml,%3Csvg%20xmlns%3D&#39;http%3A%2F%2Fwww.w3.org%2F2000%2Fsvg&#39;%20viewBox%3D&#39;0%200%20554%20312&#39;%2F%3E\" data-src=\"\/wp-content\/uploads\/2017\/07\/JHStaal-Destilation-System-scaled-554x312.jpg\" data-srcset=\"\/wp-content\/uploads\/2017\/07\/JHStaal-Destilation-System-scaled-554x312.jpg 554w, \/wp-content\/uploads\/2017\/07\/JHStaal-Destilation-System-scaled-1108x624.jpg 1108w\" loading=\"eager\" style=\"--ratio: 554 \/ 312\" sizes=\"(max-width: 554px) 100vw, 554px\" alt=\"\" width=\"554\" height=\"312\"  \/><\/a>\t<\/figure>\n<\/article>\n\n<\/div><div class=\"wf-cell\" data-post-id=\"6903\" data-date=\"2021-02-02T09:26:34+00:00\" data-name=\"\">\n<article class=\"post post-6903 attachment type-attachment status-inherit hentry no-img description-off\">\n\n\t<figure class=\"rollover-project links-hovers-disabled\">\n\t<a href=\"\/wp-content\/uploads\/2017\/07\/JHStaal-Tank-With-Cooling-Unit.jpg\" class=\"rollover rollover-zoom dt-pswp-item layzr-bg\"  data-dt-img-description=\"\"  data-large_image_width=\"2560\" data-large_image_height = \"1920\" ><img decoding=\"async\" class=\"preload-me jgrid-lazy-load aspect\" src=\"data:image\/svg+xml,%3Csvg%20xmlns%3D&#39;http%3A%2F%2Fwww.w3.org%2F2000%2Fsvg&#39;%20viewBox%3D&#39;0%200%20554%20312&#39;%2F%3E\" data-src=\"\/wp-content\/uploads\/2017\/07\/JHStaal-Tank-With-Cooling-Unit-554x312.jpg\" data-srcset=\"\/wp-content\/uploads\/2017\/07\/JHStaal-Tank-With-Cooling-Unit-554x312.jpg 554w, \/wp-content\/uploads\/2017\/07\/JHStaal-Tank-With-Cooling-Unit-1108x624.jpg 1108w\" loading=\"eager\" style=\"--ratio: 554 \/ 312\" sizes=\"(max-width: 554px) 100vw, 554px\" alt=\"\" width=\"554\" height=\"312\"  \/><\/a>\t<\/figure>\n<\/article>\n\n<\/div><div class=\"wf-cell\" data-post-id=\"6898\" data-date=\"2021-02-02T09:26:28+00:00\" data-name=\"\">\n<article class=\"post post-6898 attachment type-attachment status-inherit hentry no-img description-off\">\n\n\t<figure class=\"rollover-project links-hovers-disabled\">\n\t<a href=\"\/wp-content\/uploads\/2017\/07\/JHStaal-SSHE-Process-Unit-scaled.jpg\" class=\"rollover rollover-zoom dt-pswp-item layzr-bg\"  data-dt-img-description=\"\"  data-large_image_width=\"2560\" data-large_image_height = \"1920\" ><img decoding=\"async\" class=\"preload-me jgrid-lazy-load aspect\" src=\"data:image\/svg+xml,%3Csvg%20xmlns%3D&#39;http%3A%2F%2Fwww.w3.org%2F2000%2Fsvg&#39;%20viewBox%3D&#39;0%200%20554%20312&#39;%2F%3E\" data-src=\"\/wp-content\/uploads\/2017\/07\/JHStaal-SSHE-Process-Unit-scaled-554x312.jpg\" data-srcset=\"\/wp-content\/uploads\/2017\/07\/JHStaal-SSHE-Process-Unit-scaled-554x312.jpg 554w, \/wp-content\/uploads\/2017\/07\/JHStaal-SSHE-Process-Unit-scaled-1108x624.jpg 1108w\" loading=\"eager\" style=\"--ratio: 554 \/ 312\" sizes=\"(max-width: 554px) 100vw, 554px\" alt=\"\" width=\"554\" height=\"312\"  \/><\/a>\t<\/figure>\n<\/article>\n\n<\/div><div class=\"wf-cell\" data-post-id=\"6893\" data-date=\"2021-02-02T09:26:20+00:00\" data-name=\"\">\n<article class=\"post post-6893 attachment type-attachment status-inherit hentry no-img description-off\">\n\n\t<figure class=\"rollover-project links-hovers-disabled\">\n\t<a href=\"\/wp-content\/uploads\/2017\/07\/JHStaal-RotaproProcessUnit-scaled.jpg\" class=\"rollover rollover-zoom dt-pswp-item layzr-bg\"  data-dt-img-description=\"\"  data-large_image_width=\"2560\" data-large_image_height = \"1920\" ><img decoding=\"async\" class=\"preload-me jgrid-lazy-load aspect\" src=\"data:image\/svg+xml,%3Csvg%20xmlns%3D&#39;http%3A%2F%2Fwww.w3.org%2F2000%2Fsvg&#39;%20viewBox%3D&#39;0%200%20554%20312&#39;%2F%3E\" data-src=\"\/wp-content\/uploads\/2017\/07\/JHStaal-RotaproProcessUnit-scaled-554x312.jpg\" data-srcset=\"\/wp-content\/uploads\/2017\/07\/JHStaal-RotaproProcessUnit-scaled-554x312.jpg 554w, \/wp-content\/uploads\/2017\/07\/JHStaal-RotaproProcessUnit-scaled-1108x624.jpg 1108w\" loading=\"eager\" style=\"--ratio: 554 \/ 312\" sizes=\"(max-width: 554px) 100vw, 554px\" alt=\"\" width=\"554\" height=\"312\"  \/><\/a>\t<\/figure>\n<\/article>\n\n<\/div><div class=\"wf-cell\" data-post-id=\"6888\" data-date=\"2021-02-02T09:26:13+00:00\" data-name=\"\">\n<article class=\"post post-6888 attachment type-attachment status-inherit hentry no-img description-off\">\n\n\t<figure class=\"rollover-project links-hovers-disabled\">\n\t<a href=\"\/wp-content\/uploads\/2017\/07\/JHStaal-Rotapro-Process-Unit-Control-scaled.jpg\" class=\"rollover rollover-zoom dt-pswp-item layzr-bg\"  data-dt-img-description=\"\"  data-large_image_width=\"1920\" data-large_image_height = \"2560\" ><img decoding=\"async\" class=\"preload-me jgrid-lazy-load aspect\" src=\"data:image\/svg+xml,%3Csvg%20xmlns%3D&#39;http%3A%2F%2Fwww.w3.org%2F2000%2Fsvg&#39;%20viewBox%3D&#39;0%200%20554%20312&#39;%2F%3E\" data-src=\"\/wp-content\/uploads\/2017\/07\/JHStaal-Rotapro-Process-Unit-Control-scaled-554x312.jpg\" data-srcset=\"\/wp-content\/uploads\/2017\/07\/JHStaal-Rotapro-Process-Unit-Control-scaled-554x312.jpg 554w, \/wp-content\/uploads\/2017\/07\/JHStaal-Rotapro-Process-Unit-Control-scaled-1108x624.jpg 1108w\" loading=\"eager\" style=\"--ratio: 554 \/ 312\" sizes=\"(max-width: 554px) 100vw, 554px\" alt=\"\" width=\"554\" height=\"312\"  \/><\/a>\t<\/figure>\n<\/article>\n\n<\/div><\/div>[\/vc_column][\/vc_row]<\/p>\n<\/div>","protected":false},"excerpt":{"rendered":"<p>[vc_row][vc_column][vc_single_image image=&raquo;4059&#8243; img_size=&raquo;full&raquo; alignment=&raquo;center&raquo;][vc_row_inner][\/vc_row_inner][vc_column_inner][\/vc_column_inner][vc_column_text] Prosess moduler i rustfritt st\u00e5l kan brukes i et bredt spekter av produksjoner. Det er en tilpasset l\u00f8sning som kan best\u00e5 av en rekke tanker, CIP-l\u00f8sning, r\u00f8rsystemer og r\u00f8reverker. I tillegg kan hele prosessanlegget kontrolleres av en PLC. Komplette prosess moduler i rustfritt st\u00e5l Hos JH St\u00e5lindustri produserer vi ikke bare&hellip;<\/p>\n","protected":false},"author":10,"featured_media":0,"parent":4204,"menu_order":0,"comment_status":"closed","ping_status":"closed","template":"","meta":{"footnotes":""},"yoast_head":"<!-- This site is optimized with the Yoast SEO plugin v22.2 - https:\/\/yoast.com\/wordpress\/plugins\/seo\/ -->\n<title>Process moduler med skrapevarmeveksler - JH St\u00e5lindustri A \/ S<\/title>\n<meta name=\"description\" content=\"JH St\u00e5lindustri A \/ S tilbyr produksjon av komplette prosessanlegg. Vi produserer i tett dialog med kunden, slik at anlegget oppfyller alle produksjonsbehov.\" \/>\n<meta name=\"robots\" content=\"index, follow, max-snippet:-1, max-image-preview:large, max-video-preview:-1\" \/>\n<link rel=\"canonical\" href=\"https:\/\/jhstaal.com\/nb\/produkter\/process-moduler\/\" \/>\n<meta property=\"og:locale\" content=\"nb_NO\" \/>\n<meta property=\"og:type\" content=\"article\" \/>\n<meta property=\"og:title\" content=\"Process moduler med skrapevarmeveksler - JH St\u00e5lindustri A \/ S\" \/>\n<meta property=\"og:description\" content=\"JH St\u00e5lindustri A \/ S tilbyr produksjon av komplette prosessanlegg. Vi produserer i tett dialog med kunden, slik at anlegget oppfyller alle produksjonsbehov.\" \/>\n<meta property=\"og:url\" content=\"https:\/\/jhstaal.com\/nb\/produkter\/process-moduler\/\" \/>\n<meta property=\"og:site_name\" content=\"JH St&aring;lindustri A\/S\" \/>\n<meta property=\"article:modified_time\" content=\"2021-03-01T18:28:34+00:00\" \/>\n<meta name=\"twitter:card\" content=\"summary_large_image\" \/>\n<meta name=\"twitter:label1\" content=\"Ansl. lesetid\" \/>\n\t<meta name=\"twitter:data1\" content=\"3 minutter\" \/>\n<script type=\"application\/ld+json\" class=\"yoast-schema-graph\">{\"@context\":\"https:\/\/schema.org\",\"@graph\":[{\"@type\":\"WebPage\",\"@id\":\"https:\/\/jhstaal.com\/nb\/produkter\/process-moduler\/\",\"url\":\"https:\/\/jhstaal.com\/nb\/produkter\/process-moduler\/\",\"name\":\"Process moduler med skrapevarmeveksler - JH St\u00e5lindustri A \/ S\",\"isPartOf\":{\"@id\":\"https:\/\/jhstaal.dk\/#website\"},\"datePublished\":\"2020-12-10T10:46:58+00:00\",\"dateModified\":\"2021-03-01T18:28:34+00:00\",\"description\":\"JH St\u00e5lindustri A \/ S tilbyr produksjon av komplette prosessanlegg. Vi produserer i tett dialog med kunden, slik at anlegget oppfyller alle produksjonsbehov.\",\"breadcrumb\":{\"@id\":\"https:\/\/jhstaal.com\/nb\/produkter\/process-moduler\/#breadcrumb\"},\"inLanguage\":\"nb-NO\",\"potentialAction\":[{\"@type\":\"ReadAction\",\"target\":[\"https:\/\/jhstaal.com\/nb\/produkter\/process-moduler\/\"]}]},{\"@type\":\"BreadcrumbList\",\"@id\":\"https:\/\/jhstaal.com\/nb\/produkter\/process-moduler\/#breadcrumb\",\"itemListElement\":[{\"@type\":\"ListItem\",\"position\":1,\"name\":\"Hjem\",\"item\":\"https:\/\/jhstaal.com\/nb\/\"},{\"@type\":\"ListItem\",\"position\":2,\"name\":\"Produkter\",\"item\":\"https:\/\/jhstaal.com\/nb\/produkter\/\"},{\"@type\":\"ListItem\",\"position\":3,\"name\":\"Process moduler\"}]},{\"@type\":\"WebSite\",\"@id\":\"https:\/\/jhstaal.dk\/#website\",\"url\":\"https:\/\/jhstaal.dk\/\",\"name\":\"JH St&aring;lindustri A\/S\",\"description\":\"St&aring;ltanke\",\"publisher\":{\"@id\":\"https:\/\/jhstaal.dk\/#organization\"},\"potentialAction\":[{\"@type\":\"SearchAction\",\"target\":{\"@type\":\"EntryPoint\",\"urlTemplate\":\"https:\/\/jhstaal.dk\/?s={search_term_string}\"},\"query-input\":\"required name=search_term_string\"}],\"inLanguage\":\"nb-NO\"},{\"@type\":\"Organization\",\"@id\":\"https:\/\/jhstaal.dk\/#organization\",\"name\":\"JH St\u00e5lindustri A\/S\",\"url\":\"https:\/\/jhstaal.dk\/\",\"logo\":{\"@type\":\"ImageObject\",\"inLanguage\":\"nb-NO\",\"@id\":\"https:\/\/jhstaal.dk\/#\/schema\/logo\/image\/\",\"url\":\"\/wp-content\/uploads\/2016\/09\/JHstaal-LOGO-600px.jpg\",\"contentUrl\":\"\/wp-content\/uploads\/2016\/09\/JHstaal-LOGO-600px.jpg\",\"width\":600,\"height\":160,\"caption\":\"JH St\u00e5lindustri A\/S\"},\"image\":{\"@id\":\"https:\/\/jhstaal.dk\/#\/schema\/logo\/image\/\"}}]}<\/script>\n<!-- \/ Yoast SEO plugin. -->","yoast_head_json":{"title":"Process moduler med skrapevarmeveksler - JH St\u00e5lindustri A \/ S","description":"JH St\u00e5lindustri A \/ S tilbyr produksjon av komplette prosessanlegg. Vi produserer i tett dialog med kunden, slik at anlegget oppfyller alle produksjonsbehov.","robots":{"index":"index","follow":"follow","max-snippet":"max-snippet:-1","max-image-preview":"max-image-preview:large","max-video-preview":"max-video-preview:-1"},"canonical":"https:\/\/jhstaal.com\/nb\/produkter\/process-moduler\/","og_locale":"nb_NO","og_type":"article","og_title":"Process moduler med skrapevarmeveksler - JH St\u00e5lindustri A \/ S","og_description":"JH St\u00e5lindustri A \/ S tilbyr produksjon av komplette prosessanlegg. Vi produserer i tett dialog med kunden, slik at anlegget oppfyller alle produksjonsbehov.","og_url":"https:\/\/jhstaal.com\/nb\/produkter\/process-moduler\/","og_site_name":"JH St&aring;lindustri A\/S","article_modified_time":"2021-03-01T18:28:34+00:00","twitter_card":"summary_large_image","twitter_misc":{"Ansl. lesetid":"3 minutter"},"schema":{"@context":"https:\/\/schema.org","@graph":[{"@type":"WebPage","@id":"https:\/\/jhstaal.com\/nb\/produkter\/process-moduler\/","url":"https:\/\/jhstaal.com\/nb\/produkter\/process-moduler\/","name":"Process moduler med skrapevarmeveksler - JH St\u00e5lindustri A \/ S","isPartOf":{"@id":"https:\/\/jhstaal.dk\/#website"},"datePublished":"2020-12-10T10:46:58+00:00","dateModified":"2021-03-01T18:28:34+00:00","description":"JH St\u00e5lindustri A \/ S tilbyr produksjon av komplette prosessanlegg. Vi produserer i tett dialog med kunden, slik at anlegget oppfyller alle produksjonsbehov.","breadcrumb":{"@id":"https:\/\/jhstaal.com\/nb\/produkter\/process-moduler\/#breadcrumb"},"inLanguage":"nb-NO","potentialAction":[{"@type":"ReadAction","target":["https:\/\/jhstaal.com\/nb\/produkter\/process-moduler\/"]}]},{"@type":"BreadcrumbList","@id":"https:\/\/jhstaal.com\/nb\/produkter\/process-moduler\/#breadcrumb","itemListElement":[{"@type":"ListItem","position":1,"name":"Hjem","item":"https:\/\/jhstaal.com\/nb\/"},{"@type":"ListItem","position":2,"name":"Produkter","item":"https:\/\/jhstaal.com\/nb\/produkter\/"},{"@type":"ListItem","position":3,"name":"Process moduler"}]},{"@type":"WebSite","@id":"https:\/\/jhstaal.dk\/#website","url":"https:\/\/jhstaal.dk\/","name":"JH St&aring;lindustri A\/S","description":"St&aring;ltanke","publisher":{"@id":"https:\/\/jhstaal.dk\/#organization"},"potentialAction":[{"@type":"SearchAction","target":{"@type":"EntryPoint","urlTemplate":"https:\/\/jhstaal.dk\/?s={search_term_string}"},"query-input":"required name=search_term_string"}],"inLanguage":"nb-NO"},{"@type":"Organization","@id":"https:\/\/jhstaal.dk\/#organization","name":"JH St\u00e5lindustri A\/S","url":"https:\/\/jhstaal.dk\/","logo":{"@type":"ImageObject","inLanguage":"nb-NO","@id":"https:\/\/jhstaal.dk\/#\/schema\/logo\/image\/","url":"\/wp-content\/uploads\/2016\/09\/JHstaal-LOGO-600px.jpg","contentUrl":"\/wp-content\/uploads\/2016\/09\/JHstaal-LOGO-600px.jpg","width":600,"height":160,"caption":"JH St\u00e5lindustri A\/S"},"image":{"@id":"https:\/\/jhstaal.dk\/#\/schema\/logo\/image\/"}}]}},"_links":{"self":[{"href":"https:\/\/jhstaal.com\/nb\/wp-json\/wp\/v2\/pages\/4056"}],"collection":[{"href":"https:\/\/jhstaal.com\/nb\/wp-json\/wp\/v2\/pages"}],"about":[{"href":"https:\/\/jhstaal.com\/nb\/wp-json\/wp\/v2\/types\/page"}],"author":[{"embeddable":true,"href":"https:\/\/jhstaal.com\/nb\/wp-json\/wp\/v2\/users\/10"}],"replies":[{"embeddable":true,"href":"https:\/\/jhstaal.com\/nb\/wp-json\/wp\/v2\/comments?post=4056"}],"version-history":[{"count":2,"href":"https:\/\/jhstaal.com\/nb\/wp-json\/wp\/v2\/pages\/4056\/revisions"}],"predecessor-version":[{"id":7107,"href":"https:\/\/jhstaal.com\/nb\/wp-json\/wp\/v2\/pages\/4056\/revisions\/7107"}],"up":[{"embeddable":true,"href":"https:\/\/jhstaal.com\/nb\/wp-json\/wp\/v2\/pages\/4204"}],"wp:attachment":[{"href":"https:\/\/jhstaal.com\/nb\/wp-json\/wp\/v2\/media?parent=4056"}],"curies":[{"name":"wp","href":"https:\/\/api.w.org\/{rel}","templated":true}]}}