{"id":4084,"date":"2020-12-10T10:49:03","date_gmt":"2020-12-10T10:49:03","guid":{"rendered":"https:\/\/jhstaal.com\/bransjer\/"},"modified":"2020-12-14T09:52:24","modified_gmt":"2020-12-14T09:52:24","slug":"bransjer","status":"publish","type":"page","link":"https:\/\/jhstaal.com\/nb\/bransjer\/","title":{"rendered":"Bransjer"},"content":{"rendered":"<div class=\"wpb-content-wrapper\"><p>[vc_row][vc_column]<div class=\"gap\" style=\"line-height: 20px; height: 20px;\"><\/div>[\/vc_column][\/vc_row][vc_row][vc_column][vc_column_text]Hos JH St\u00e5lindustri er vi den foretrukne leverand\u00f8ren for en rekke store selskaper innen n\u00e6ringene matindustri, meieriindustri, kjemisk industri, farmas\u00f8ytisk industri, fiskeindustri og vannverk. Vi har derfor stor innsikt og ekspertise i levering av tanker og prosessutstyr til disse n\u00e6ringene. Les mer om v\u00e5re individuelle prim\u00e6rn\u00e6ringer nedenfor.[\/vc_column_text][\/vc_column][\/vc_row][vc_row][vc_column]<div class=\"gap\" style=\"line-height: 20px; height: 20px;\"><\/div>[\/vc_column][\/vc_row][vc_row type=&raquo;vc_default&raquo; full_width=&raquo;stretch_row&raquo; equal_height=&raquo;yes&raquo; bg_type=&raquo;bg_color&raquo; css=&raquo;.vc_custom_1567534493288{margin-right: 4px !important;margin-bottom: -5px !important;margin-left: 4px !important;}&raquo; bg_color_value=&raquo;#303030&#8243;][vc_column][vc_row_inner css=&raquo;.vc_custom_1504639140776{margin-bottom: 20px !important;}&raquo;][vc_column_inner css=&raquo;.vc_custom_1504639209951{margin-bottom: 10px !important;}&raquo;][vc_column_text][\/vc_column_text][\/vc_column_inner][\/vc_row_inner][vc_row_inner equal_height=&raquo;yes&raquo; content_placement=&raquo;top&raquo; gap=&raquo;15&#8243;][vc_column_inner width=&raquo;1\/3&#8243;][vc_single_image image=&raquo;1630&#8243; img_size=&raquo;full&raquo; alignment=&raquo;center&raquo; style=&raquo;vc_box_border&raquo; border_color=&raquo;black&raquo; onclick=&raquo;custom_link&raquo; css_animation=&raquo;none&raquo; link=&raquo;\/nb\/bransjer\/meieriindustrien\/&raquo; css=&raquo;.vc_custom_1607939471411{margin-top: -35px !important;margin-bottom: 10px !important;}&raquo;]<span id=\"creative-link-wrap-5790\" class=\"ult_main_cl ult-adjust-bottom-margin  \" >\n\t \t\t\t<span class=\"ult_cl_link_6  ult_crlink\" >\n\t\t\t\t\t<a  data-ultimate-target='#creative-link-wrap-5790 .ult_colorlink'  data-responsive-json-new='{\"font-size\":\"\",\"line-height\":\"\"}'  href=\"\/nb\/bransjer\/meieriindustrien\/\" title=\"Les mer om Meieriindustrien\"  class=\"ult_colorlink ult-responsive  vc_custom_1607939479418\" style=\"font-weight:normal;color:#afafaf; \"  data-textcolor=\"#f2f2f2\" data-texthover=\"#afafaf\"data-style=\"Style_6\">\n\t\t\t\t\t\t\n\t\t\t\t\t\t<span data-hover=\"Meieriindustrien\" style=\"color:#f2f2f2;;;\" class=\"ult_btn10_span   \">Meieriindustrien<\/span>\n\t\t\t\t\t\t<span class=\"ult_btn6_link_top \" data-color=\"#afafaf\">\u2022<\/span>\n\t\t\t\t\t<\/a>\n\t\t\t\t<\/span>\n\t\t\t<\/span>[\/vc_column_inner][vc_column_inner width=&raquo;1\/3&#8243;][vc_single_image image=&raquo;1621&#8243; img_size=&raquo;full&raquo; alignment=&raquo;center&raquo; style=&raquo;vc_box_border&raquo; border_color=&raquo;black&raquo; onclick=&raquo;custom_link&raquo; css_animation=&raquo;none&raquo; link=&raquo;\/nb\/bransjer\/matindustrien\/&raquo; css=&raquo;.vc_custom_1607939441998{margin-top: -35px !important;margin-bottom: 10px !important;}&raquo;]<span id=\"creative-link-wrap-1612\" class=\"ult_main_cl ult-adjust-bottom-margin  \" >\n\t \t\t\t<span class=\"ult_cl_link_6  ult_crlink\" >\n\t\t\t\t\t<a  data-ultimate-target='#creative-link-wrap-1612 .ult_colorlink'  data-responsive-json-new='{\"font-size\":\"\",\"line-height\":\"\"}'  href=\"\/nb\/bransjer\/matindustrien\/\" title=\"Les mer om Matindustrien\"  class=\"ult_colorlink ult-responsive  vc_custom_1607939448727\" style=\"font-weight:normal;color:#afafaf; \"  data-textcolor=\"#f2f2f2\" data-texthover=\"#afafaf\"data-style=\"Style_6\">\n\t\t\t\t\t\t\n\t\t\t\t\t\t<span data-hover=\"Matindustrien\" style=\"color:#f2f2f2;;;\" class=\"ult_btn10_span   \">Matindustrien<\/span>\n\t\t\t\t\t\t<span class=\"ult_btn6_link_top \" data-color=\"#afafaf\">\u2022<\/span>\n\t\t\t\t\t<\/a>\n\t\t\t\t<\/span>\n\t\t\t<\/span>[\/vc_column_inner][vc_column_inner width=&raquo;1\/3&#8243;][vc_single_image image=&raquo;1612&#8243; img_size=&raquo;full&raquo; alignment=&raquo;center&raquo; style=&raquo;vc_box_border&raquo; border_color=&raquo;black&raquo; onclick=&raquo;custom_link&raquo; css_animation=&raquo;none&raquo; link=&raquo;\/nb\/bransjer\/legemiddelindustrien\/&raquo; css=&raquo;.vc_custom_1607939489820{margin-top: -35px !important;margin-bottom: 10px !important;}&raquo;]<span id=\"creative-link-wrap-4540\" class=\"ult_main_cl ult-adjust-bottom-margin  \" >\n\t \t\t\t<span class=\"ult_cl_link_6  ult_crlink\" >\n\t\t\t\t\t<a  data-ultimate-target='#creative-link-wrap-4540 .ult_colorlink'  data-responsive-json-new='{\"font-size\":\"\",\"line-height\":\"\"}'  href=\"\/nb\/bransjer\/legemiddelindustrien\/\" title=\"Les mer om Legemiddelindustrien\"  class=\"ult_colorlink ult-responsive  vc_custom_1607939496290\" style=\"font-weight:normal;color:#afafaf; \"  data-textcolor=\"#f2f2f2\" data-texthover=\"#afafaf\"data-style=\"Style_6\">\n\t\t\t\t\t\t\n\t\t\t\t\t\t<span data-hover=\"Legemiddelindustrien\" style=\"color:#f2f2f2;;;\" class=\"ult_btn10_span   \">Legemiddelindustrien<\/span>\n\t\t\t\t\t\t<span class=\"ult_btn6_link_top \" data-color=\"#afafaf\">\u2022<\/span>\n\t\t\t\t\t<\/a>\n\t\t\t\t<\/span>\n\t\t\t<\/span>[\/vc_column_inner][\/vc_row_inner][vc_row_inner equal_height=&raquo;yes&raquo; content_placement=&raquo;top&raquo; gap=&raquo;15&#8243;][vc_column_inner width=&raquo;1\/3&#8243;][vc_single_image image=&raquo;1682&#8243; img_size=&raquo;full&raquo; alignment=&raquo;center&raquo; style=&raquo;vc_box_border&raquo; border_color=&raquo;black&raquo; onclick=&raquo;custom_link&raquo; css_animation=&raquo;none&raquo; link=&raquo;\/nb\/bransjer\/vannverk\/&raquo; css=&raquo;.vc_custom_1607939505300{margin-top: -35px !important;margin-bottom: 2px !important;}&raquo;]<span id=\"creative-link-wrap-7598\" class=\"ult_main_cl ult-adjust-bottom-margin  \" >\n\t \t\t\t<span class=\"ult_cl_link_6  ult_crlink\" >\n\t\t\t\t\t<a  data-ultimate-target='#creative-link-wrap-7598 .ult_colorlink'  data-responsive-json-new='{\"font-size\":\"\",\"line-height\":\"\"}'  href=\"\/nb\/bransjer\/vannverk\/\" title=\"Les mer om Vannverk\"  class=\"ult_colorlink ult-responsive \" style=\"font-weight:normal;color:#afafaf; \"  data-textcolor=\"#f2f2f2\" data-texthover=\"#afafaf\"data-style=\"Style_6\">\n\t\t\t\t\t\t\n\t\t\t\t\t\t<span data-hover=\"Vannverk\" style=\"color:#f2f2f2;;;\" class=\"ult_btn10_span   \">Vannverk<\/span>\n\t\t\t\t\t\t<span class=\"ult_btn6_link_top \" data-color=\"#afafaf\">\u2022<\/span>\n\t\t\t\t\t<\/a>\n\t\t\t\t<\/span>\n\t\t\t<\/span>[\/vc_column_inner][vc_column_inner width=&raquo;1\/3&#8243;][vc_single_image image=&raquo;1616&#8243; img_size=&raquo;full&raquo; alignment=&raquo;center&raquo; style=&raquo;vc_box_border&raquo; border_color=&raquo;black&raquo; onclick=&raquo;custom_link&raquo; css_animation=&raquo;none&raquo; link=&raquo;\/nb\/bransjer\/fiskeindustrien\/&raquo; css=&raquo;.vc_custom_1607939519871{margin-top: -35px !important;margin-bottom: 2px !important;}&raquo;]<span id=\"creative-link-wrap-5725\" class=\"ult_main_cl ult-adjust-bottom-margin  \" >\n\t \t\t\t<span class=\"ult_cl_link_6  ult_crlink\" >\n\t\t\t\t\t<a  data-ultimate-target='#creative-link-wrap-5725 .ult_colorlink'  data-responsive-json-new='{\"font-size\":\"\",\"line-height\":\"\"}'  href=\"\/nb\/bransjer\/fiskeindustrien\/\" title=\"Les mer om Fiskeindustrien\"  class=\"ult_colorlink ult-responsive \" style=\"font-weight:normal;color:#afafaf; \"  data-textcolor=\"#f2f2f2\" data-texthover=\"#afafaf\"data-style=\"Style_6\">\n\t\t\t\t\t\t\n\t\t\t\t\t\t<span data-hover=\"Fiskeindustrien\" style=\"color:#f2f2f2;;;\" class=\"ult_btn10_span   \">Fiskeindustrien<\/span>\n\t\t\t\t\t\t<span class=\"ult_btn6_link_top \" data-color=\"#afafaf\">\u2022<\/span>\n\t\t\t\t\t<\/a>\n\t\t\t\t<\/span>\n\t\t\t<\/span>[\/vc_column_inner][vc_column_inner width=&raquo;1\/3&#8243;][vc_single_image image=&raquo;1626&#8243; img_size=&raquo;full&raquo; alignment=&raquo;center&raquo; style=&raquo;vc_box_border&raquo; border_color=&raquo;black&raquo; onclick=&raquo;custom_link&raquo; css_animation=&raquo;none&raquo; link=&raquo;\/nb\/bransjer\/kjemisk-industri\/&raquo; css=&raquo;.vc_custom_1607939535155{margin-top: -35px !important;margin-bottom: 2px !important;}&raquo;]<span id=\"creative-link-wrap-7762\" class=\"ult_main_cl ult-adjust-bottom-margin  \" >\n\t \t\t\t<span class=\"ult_cl_link_6  ult_crlink\" >\n\t\t\t\t\t<a  data-ultimate-target='#creative-link-wrap-7762 .ult_colorlink'  data-responsive-json-new='{\"font-size\":\"\",\"line-height\":\"\"}'  href=\"\/nb\/bransjer\/kjemisk-industri\/\" title=\"Les mer om Kjemisk industri\"  class=\"ult_colorlink ult-responsive \" style=\"font-weight:normal;color:#afafaf; \"  data-textcolor=\"#f2f2f2\" data-texthover=\"#afafaf\"data-style=\"Style_6\">\n\t\t\t\t\t\t\n\t\t\t\t\t\t<span data-hover=\"Kjemisk industri\" style=\"color:#f2f2f2;;;\" class=\"ult_btn10_span   \">Kjemisk industri<\/span>\n\t\t\t\t\t\t<span class=\"ult_btn6_link_top \" data-color=\"#afafaf\">\u2022<\/span>\n\t\t\t\t\t<\/a>\n\t\t\t\t<\/span>\n\t\t\t<\/span>[\/vc_column_inner][\/vc_row_inner][\/vc_column][\/vc_row][vc_row type=&raquo;vc_default&raquo; full_width=&raquo;stretch_row&raquo; bg_type=&raquo;bg_color&raquo; css=&raquo;.vc_custom_1567534511045{padding-top: 10px !important;}&raquo;][\/vc_row][vc_column width=&raquo;1\/2&#8243;][\/vc_column][vc_column_text css=&raquo;.vc_custom_1504688282372{padding-bottom: -20px !important;}&raquo;][\/vc_column_text]<\/p>\n<\/div>","protected":false},"excerpt":{"rendered":"<p>[vc_row][vc_column][\/vc_column][\/vc_row][vc_row][vc_column][vc_column_text]Hos JH St\u00e5lindustri er vi den foretrukne leverand\u00f8ren for en rekke store selskaper innen n\u00e6ringene matindustri, meieriindustri, kjemisk industri, farmas\u00f8ytisk industri, fiskeindustri og vannverk. Vi har derfor stor innsikt og ekspertise i levering av tanker og prosessutstyr til disse n\u00e6ringene. Les mer om v\u00e5re individuelle prim\u00e6rn\u00e6ringer nedenfor.[\/vc_column_text][\/vc_column][\/vc_row][vc_row][vc_column][\/vc_column][\/vc_row][vc_row type=&raquo;vc_default&raquo; full_width=&raquo;stretch_row&raquo; equal_height=&raquo;yes&raquo; bg_type=&raquo;bg_color&raquo; css=&raquo;.vc_custom_1567534493288{margin-right: 4px !important;margin-bottom: -5px&hellip;<\/p>\n","protected":false},"author":10,"featured_media":0,"parent":0,"menu_order":0,"comment_status":"closed","ping_status":"closed","template":"","meta":{"footnotes":""},"yoast_head":"<!-- This site is optimized with the Yoast SEO plugin v22.2 - https:\/\/yoast.com\/wordpress\/plugins\/seo\/ -->\n<title>Bransjer &#8211; JH St&aring;lindustri A\/S<\/title>\n<meta name=\"robots\" content=\"index, follow, max-snippet:-1, max-image-preview:large, max-video-preview:-1\" \/>\n<link rel=\"canonical\" href=\"https:\/\/jhstaal.com\/nb\/bransjer\/\" \/>\n<meta property=\"og:locale\" content=\"nb_NO\" \/>\n<meta property=\"og:type\" content=\"article\" \/>\n<meta property=\"og:title\" content=\"Bransjer &#8211; JH St&aring;lindustri A\/S\" \/>\n<meta property=\"og:description\" content=\"[vc_row][vc_column][\/vc_column][\/vc_row][vc_row][vc_column][vc_column_text]Hos JH St\u00e5lindustri er vi den foretrukne leverand\u00f8ren for en rekke store selskaper innen n\u00e6ringene matindustri, meieriindustri, kjemisk industri, farmas\u00f8ytisk industri, fiskeindustri og vannverk. Vi har derfor stor innsikt og ekspertise i levering av tanker og prosessutstyr til disse n\u00e6ringene. Les mer om v\u00e5re individuelle prim\u00e6rn\u00e6ringer nedenfor.[\/vc_column_text][\/vc_column][\/vc_row][vc_row][vc_column][\/vc_column][\/vc_row][vc_row type=&raquo;vc_default&raquo; full_width=&raquo;stretch_row&raquo; equal_height=&raquo;yes&raquo; bg_type=&raquo;bg_color&raquo; css=&raquo;.vc_custom_1567534493288{margin-right: 4px !important;margin-bottom: -5px&hellip;\" \/>\n<meta property=\"og:url\" content=\"https:\/\/jhstaal.com\/nb\/bransjer\/\" \/>\n<meta property=\"og:site_name\" content=\"JH St&aring;lindustri A\/S\" \/>\n<meta property=\"article:modified_time\" content=\"2020-12-14T09:52:24+00:00\" \/>\n<meta name=\"twitter:card\" content=\"summary_large_image\" \/>\n<meta name=\"twitter:label1\" content=\"Ansl. lesetid\" \/>\n\t<meta name=\"twitter:data1\" content=\"3 minutter\" \/>\n<script type=\"application\/ld+json\" class=\"yoast-schema-graph\">{\"@context\":\"https:\/\/schema.org\",\"@graph\":[{\"@type\":\"WebPage\",\"@id\":\"https:\/\/jhstaal.com\/nb\/bransjer\/\",\"url\":\"https:\/\/jhstaal.com\/nb\/bransjer\/\",\"name\":\"Bransjer &#8211; JH St&aring;lindustri A\/S\",\"isPartOf\":{\"@id\":\"https:\/\/www.jhstaal.com\/nb\/#website\"},\"datePublished\":\"2020-12-10T10:49:03+00:00\",\"dateModified\":\"2020-12-14T09:52:24+00:00\",\"breadcrumb\":{\"@id\":\"https:\/\/jhstaal.com\/nb\/bransjer\/#breadcrumb\"},\"inLanguage\":\"nb-NO\",\"potentialAction\":[{\"@type\":\"ReadAction\",\"target\":[\"https:\/\/jhstaal.com\/nb\/bransjer\/\"]}]},{\"@type\":\"BreadcrumbList\",\"@id\":\"https:\/\/jhstaal.com\/nb\/bransjer\/#breadcrumb\",\"itemListElement\":[{\"@type\":\"ListItem\",\"position\":1,\"name\":\"Hjem\",\"item\":\"https:\/\/jhstaal.com\/nb\/\"},{\"@type\":\"ListItem\",\"position\":2,\"name\":\"Bransjer\"}]},{\"@type\":\"WebSite\",\"@id\":\"https:\/\/www.jhstaal.com\/nb\/#website\",\"url\":\"https:\/\/www.jhstaal.com\/nb\/\",\"name\":\"JH St&aring;lindustri A\/S\",\"description\":\"St&aring;ltanke\",\"publisher\":{\"@id\":\"https:\/\/www.jhstaal.com\/nb\/#organization\"},\"potentialAction\":[{\"@type\":\"SearchAction\",\"target\":{\"@type\":\"EntryPoint\",\"urlTemplate\":\"https:\/\/www.jhstaal.com\/nb\/?s={search_term_string}\"},\"query-input\":\"required name=search_term_string\"}],\"inLanguage\":\"nb-NO\"},{\"@type\":\"Organization\",\"@id\":\"https:\/\/www.jhstaal.com\/nb\/#organization\",\"name\":\"JH St\u00e5lindustri A\/S\",\"url\":\"https:\/\/www.jhstaal.com\/nb\/\",\"logo\":{\"@type\":\"ImageObject\",\"inLanguage\":\"nb-NO\",\"@id\":\"https:\/\/www.jhstaal.com\/nb\/#\/schema\/logo\/image\/\",\"url\":\"\/wp-content\/uploads\/2016\/09\/JHstaal-LOGO-600px.jpg\",\"contentUrl\":\"\/wp-content\/uploads\/2016\/09\/JHstaal-LOGO-600px.jpg\",\"width\":600,\"height\":160,\"caption\":\"JH St\u00e5lindustri A\/S\"},\"image\":{\"@id\":\"https:\/\/www.jhstaal.com\/nb\/#\/schema\/logo\/image\/\"}}]}<\/script>\n<!-- \/ Yoast SEO plugin. -->","yoast_head_json":{"title":"Bransjer &#8211; JH St&aring;lindustri A\/S","robots":{"index":"index","follow":"follow","max-snippet":"max-snippet:-1","max-image-preview":"max-image-preview:large","max-video-preview":"max-video-preview:-1"},"canonical":"https:\/\/jhstaal.com\/nb\/bransjer\/","og_locale":"nb_NO","og_type":"article","og_title":"Bransjer &#8211; JH St&aring;lindustri A\/S","og_description":"[vc_row][vc_column][\/vc_column][\/vc_row][vc_row][vc_column][vc_column_text]Hos JH St\u00e5lindustri er vi den foretrukne leverand\u00f8ren for en rekke store selskaper innen n\u00e6ringene matindustri, meieriindustri, kjemisk industri, farmas\u00f8ytisk industri, fiskeindustri og vannverk. Vi har derfor stor innsikt og ekspertise i levering av tanker og prosessutstyr til disse n\u00e6ringene. Les mer om v\u00e5re individuelle prim\u00e6rn\u00e6ringer nedenfor.[\/vc_column_text][\/vc_column][\/vc_row][vc_row][vc_column][\/vc_column][\/vc_row][vc_row type=&raquo;vc_default&raquo; full_width=&raquo;stretch_row&raquo; equal_height=&raquo;yes&raquo; bg_type=&raquo;bg_color&raquo; css=&raquo;.vc_custom_1567534493288{margin-right: 4px !important;margin-bottom: -5px&hellip;","og_url":"https:\/\/jhstaal.com\/nb\/bransjer\/","og_site_name":"JH St&aring;lindustri A\/S","article_modified_time":"2020-12-14T09:52:24+00:00","twitter_card":"summary_large_image","twitter_misc":{"Ansl. lesetid":"3 minutter"},"schema":{"@context":"https:\/\/schema.org","@graph":[{"@type":"WebPage","@id":"https:\/\/jhstaal.com\/nb\/bransjer\/","url":"https:\/\/jhstaal.com\/nb\/bransjer\/","name":"Bransjer &#8211; JH St&aring;lindustri A\/S","isPartOf":{"@id":"https:\/\/www.jhstaal.com\/nb\/#website"},"datePublished":"2020-12-10T10:49:03+00:00","dateModified":"2020-12-14T09:52:24+00:00","breadcrumb":{"@id":"https:\/\/jhstaal.com\/nb\/bransjer\/#breadcrumb"},"inLanguage":"nb-NO","potentialAction":[{"@type":"ReadAction","target":["https:\/\/jhstaal.com\/nb\/bransjer\/"]}]},{"@type":"BreadcrumbList","@id":"https:\/\/jhstaal.com\/nb\/bransjer\/#breadcrumb","itemListElement":[{"@type":"ListItem","position":1,"name":"Hjem","item":"https:\/\/jhstaal.com\/nb\/"},{"@type":"ListItem","position":2,"name":"Bransjer"}]},{"@type":"WebSite","@id":"https:\/\/www.jhstaal.com\/nb\/#website","url":"https:\/\/www.jhstaal.com\/nb\/","name":"JH St&aring;lindustri A\/S","description":"St&aring;ltanke","publisher":{"@id":"https:\/\/www.jhstaal.com\/nb\/#organization"},"potentialAction":[{"@type":"SearchAction","target":{"@type":"EntryPoint","urlTemplate":"https:\/\/www.jhstaal.com\/nb\/?s={search_term_string}"},"query-input":"required name=search_term_string"}],"inLanguage":"nb-NO"},{"@type":"Organization","@id":"https:\/\/www.jhstaal.com\/nb\/#organization","name":"JH St\u00e5lindustri A\/S","url":"https:\/\/www.jhstaal.com\/nb\/","logo":{"@type":"ImageObject","inLanguage":"nb-NO","@id":"https:\/\/www.jhstaal.com\/nb\/#\/schema\/logo\/image\/","url":"\/wp-content\/uploads\/2016\/09\/JHstaal-LOGO-600px.jpg","contentUrl":"\/wp-content\/uploads\/2016\/09\/JHstaal-LOGO-600px.jpg","width":600,"height":160,"caption":"JH St\u00e5lindustri A\/S"},"image":{"@id":"https:\/\/www.jhstaal.com\/nb\/#\/schema\/logo\/image\/"}}]}},"_links":{"self":[{"href":"https:\/\/jhstaal.com\/nb\/wp-json\/wp\/v2\/pages\/4084"}],"collection":[{"href":"https:\/\/jhstaal.com\/nb\/wp-json\/wp\/v2\/pages"}],"about":[{"href":"https:\/\/jhstaal.com\/nb\/wp-json\/wp\/v2\/types\/page"}],"author":[{"embeddable":true,"href":"https:\/\/jhstaal.com\/nb\/wp-json\/wp\/v2\/users\/10"}],"replies":[{"embeddable":true,"href":"https:\/\/jhstaal.com\/nb\/wp-json\/wp\/v2\/comments?post=4084"}],"version-history":[{"count":0,"href":"https:\/\/jhstaal.com\/nb\/wp-json\/wp\/v2\/pages\/4084\/revisions"}],"wp:attachment":[{"href":"https:\/\/jhstaal.com\/nb\/wp-json\/wp\/v2\/media?parent=4084"}],"curies":[{"name":"wp","href":"https:\/\/api.w.org\/{rel}","templated":true}]}}