{"id":4109,"date":"2020-12-10T11:43:18","date_gmt":"2020-12-10T11:43:18","guid":{"rendered":"https:\/\/jhstaal.com\/bransjer\/fiskeindustrien\/"},"modified":"2021-03-01T18:34:33","modified_gmt":"2021-03-01T18:34:33","slug":"fiskeindustrien","status":"publish","type":"page","link":"https:\/\/jhstaal.com\/nb\/bransjer\/fiskeindustrien\/","title":{"rendered":"Fiskeindustrien"},"content":{"rendered":"<div class=\"wpb-content-wrapper\"><p>[vc_row][vc_column][vc_single_image image=&raquo;1617&#8243; img_size=&raquo;full&raquo; alignment=&raquo;center&raquo;][\/vc_column][\/vc_row][vc_row][vc_column][vc_row_inner][vc_column_inner][vc_column_text]<\/p>\n<p>&nbsp;<\/p>\n<p>Hos JH St\u00e5lindustri produserer vi tanker som brukes i fiskeindustrien til for eksempel produksjon av fiskeolje og fiskeprotein. Vi kan levere komplette anlegg for utvinning av proteiner og behandling av sluttproduktet.<\/p>\n<div class=\"gap\" style=\"line-height: 20px; height: 20px;\"><\/div>\n<h2><span lang=\"NO-BOK\">Enzymatisk hydrolyse<\/span><\/h2>\n<div class=\"gap\" style=\"line-height: 20px; height: 20px;\"><\/div>\n<p>JH St\u00e5lindustri selger og produserer komplette produksjonslinjer for utvinning av fiskeproteiner basert p\u00e5 en enzymatisk hydrolyse av fiskeavfall. R\u00e5 produktet er avgj\u00f8rende for sluttresultatet, men det er mulig \u00e5 optimalisere produksjonsprosessen slik at r\u00e5varene ikke blir nedbrutt gjennom hydrolyseprosessen. Her, etter v\u00e5r mening, er en batchbasert prosess den sikreste veien til suksess. R\u00e5materialet dikterer den detaljerte prosessen. I utgangspunktet kan alle deler som avskj\u00e6ringer, bein, innvoller og skjell hydrolyseres. Imidlertid m\u00e5 testeksperimenter utf\u00f8res i hvert enkelt tilfelle for \u00e5 kjenne kvaliteten, renheten og smaken til r\u00e5 produktene som protein og olje.<\/p>\n<p>Avhengig av kvalitet kan det ferdige produktet igjen selges som et kosttilskudd, smakforsterker og \/ eller dyref\u00f4r.<\/p>\n<div class=\"gap\" style=\"line-height: 20px; height: 20px;\"><\/div>\n<h2>Fra fiskeavfall til protein<\/h2>\n<div class=\"gap\" style=\"line-height: 20px; height: 20px;\"><\/div>\n<p>V\u00e5re kunder i fiskeindustrien har med hell optimalisert sin virksomhet ved \u00e5 utnytte potensialet til hittil uutnyttet fiskeavfall. Gjennom den enzymatiske hydrolyseprosessen, som bruker JH St\u00e5lindustri sine anlegg, dannes rent resirkulerbart protein. Fiskeavfallet m\u00e5 v\u00e6re friskt for \u00e5 opprettholde h\u00f8y matkvalitet. Av samme grunn b\u00f8r hydrolyseanlegget v\u00e6re plassert n\u00e6r stedet der fiskeavfallet blir opprettet. Kapasiteten kan starte p\u00e5 ca. 100 kg rent protein per time og kan skaleres til flere hundre kg pr. time. En \u00e5rlig mengde avfall b\u00f8r v\u00e6re minimum 4000 T.<\/p>\n<div class=\"gap\" style=\"line-height: 20px; height: 20px;\"><\/div>\n<h2><span lang=\"NO-BOK\">Behandling med skrapevarmeveksler<\/span><\/h2>\n<div class=\"gap\" style=\"line-height: 20px; height: 20px;\"><\/div>\n<p>Som en del av hydrolyseanleggene tilbyr vi i JH St\u00e5lindustri ogs\u00e5 skrapevarmevekslere for varmebehandling av sluttproduktet basert p\u00e5 fiskeavfall. Det kan for eksempel v\u00e6re ferdig dyref\u00f4r som m\u00e5 varmes opp og avkj\u00f8les gjennom hele produksjonsprosessen. Skrapevarmeveksleren inng\u00e5r derfor oftest i hydrolyseanlegget, som en del av prosessen fra fiskeavfall til ferdig produkt.<\/p>\n<div class=\"gap\" style=\"line-height: 20px; height: 20px;\"><\/div>\n<h2>Komplet reng\u00f8ring med effektiv CIP-anl\u00e6g<\/h2>\n<div class=\"gap\" style=\"line-height: 20px; height: 20px;\"><\/div>\n<p>De fleste rustfrie st\u00e5ltankene som vi leverer til hydrolyseanlegg, har en innebygd CIP-l\u00f8sning. Det s\u00f8rger for en enkel og effektiv rengj\u00f8ringsprosess, som er tidsbesparende og sikrer et h\u00f8yt niv\u00e5 av hygiene i systemet. Hos JH St\u00e5lindustri har vi lang erfaring med CIP-tanker, og kan gi r\u00e5d om n\u00f8yaktig den tilpassede l\u00f8sningen kunden trenger.<\/p>\n<div class=\"gap\" style=\"line-height: 20px; height: 20px;\"><\/div>\n<h2><span lang=\"NO-BOK\">Mange \u00e5rs erfaring i fiskeindustrien<\/span><\/h2>\n<div class=\"gap\" style=\"line-height: 20px; height: 20px;\"><\/div>\n<p>Hos JH St\u00e5lindustri har vi brukt mye ressurser p\u00e5 \u00e5 utvikle oss innen hydrolyse for fiskeindustrien. Vi har god innsikt i prosessene som kreves for \u00e5 kunne utnytte potensialet i brukt fiskeavfall. V\u00e5r h\u00f8ye profesjonalitet og kunnskap om prosessene som brukes i fiskeindustrien er grunnen til at vi kan gi r\u00e5d om den komplette l\u00f8sningen for hydrolyseanlegget.<\/p>\n<div class=\"gap\" style=\"line-height: 20px; height: 20px;\"><\/div>\n<p>Kontakt JH St\u00e5lindustri i dag hvis du vil vite mer om prosesstanker eller v\u00e5re prosedyrer p\u00e5 telefon +45 86 47 90 44 eller via e-post til <a href=\"mailto:jhstaal@jhstaal.com\">jhstaal@jhstaal.com<\/a>.<\/p>\n<p>[\/vc_column_text][\/vc_column_inner][\/vc_row_inner][\/vc_column][\/vc_row][vc_row][vc_column]<style type=\"text\/css\" data-type=\"the7_shortcodes-inline-css\">#default-btn-d8c5237c5fe76120b0f5003cd8542aa5 {\n  border-radius: 5px;\n  font-size: 18px;\n  line-height: 20px;\n}\n.btn-shadow#default-btn-d8c5237c5fe76120b0f5003cd8542aa5 {\n  box-shadow: 0 1px 6px rgba(0,0,0,0.12);\n  transition: box-shadow 0.2s ease-out, opacity 0.45s;\n}\n.btn-shadow#default-btn-d8c5237c5fe76120b0f5003cd8542aa5:hover {\n  box-shadow: 0 5px 11px 0 rgba(0,0,0,0.18), 0 4px 15px 0 rgba(0,0,0,0.15);\n}\n.btn-flat#default-btn-d8c5237c5fe76120b0f5003cd8542aa5 {\n  box-shadow: none;\n}\n.btn-flat#default-btn-d8c5237c5fe76120b0f5003cd8542aa5:hover {\n  box-shadow: none;\n}\n#default-btn-d8c5237c5fe76120b0f5003cd8542aa5.ico-right-side > i {\n  margin-right: 0px;\n  margin-left: 8px;\n}\n#default-btn-d8c5237c5fe76120b0f5003cd8542aa5 > i {\n  margin-right: 8px;\n  font-size: 25px;\n}\n#default-btn-d8c5237c5fe76120b0f5003cd8542aa5:not(:hover) {\n  border-width: 0px;\n  padding: 17px 24px 16px 24px;\n}\n#default-btn-d8c5237c5fe76120b0f5003cd8542aa5:hover {\n  border-width: 0px;\n  padding: 17px 24px 16px 24px;\n}\n#default-btn-d8c5237c5fe76120b0f5003cd8542aa5.ico-right-side > i {\n  margin-right: 0px;\n  margin-left: 8px;\n}\n#default-btn-d8c5237c5fe76120b0f5003cd8542aa5 > i {\n  margin-right: 8px;\n}\n<\/style><div class=\"btn-align-center\"><a href=\"https:\/\/jhstaal.com\/en\/datasheets\/\" class=\"default-btn-shortcode dt-btn link-hover-off btn-flat  vc_custom_1614268365676\" id=\"default-btn-d8c5237c5fe76120b0f5003cd8542aa5\" title=\"Datasheets\"><span>See our datasheets here<\/span><\/a><\/div>[vc_separator border_width=&raquo;3&#8243;]<div class=\"ult-spacer spacer-69d2ea076dca2\" data-id=\"69d2ea076dca2\" data-height=\"30\" data-height-mobile=\"30\" data-height-tab=\"30\" data-height-tab-portrait=\"30\" data-height-mobile-landscape=\"30\" style=\"clear:both;display:block;\"><\/div>[\/vc_column][\/vc_row][vc_row][vc_column]<div class=\"wf-container dt-gallery-container dt-photos-shortcode loading-effect-none iso-grid jg-container description-on-hover hover-style-two hover-fade content-align-centre\" data-padding=\"20px\" data-cur-page=\"1\" data-target-height=\"240px\"><div class=\"wf-cell\" data-post-id=\"6262\" data-date=\"2021-02-01T16:46:29+00:00\" data-name=\"Mixingtank\">\n<article class=\"post post-6262 attachment type-attachment status-inherit hentry no-img description-off\">\n\n\t<figure class=\"rollover-project links-hovers-disabled\">\n\t<a href=\"\/wp-content\/uploads\/2021\/02\/JHStaal_2402_Mixingtank-scaled.jpg\" class=\"rollover rollover-zoom dt-pswp-item layzr-bg\" title=\"Mixingtank\" data-dt-img-description=\"\"  data-large_image_width=\"2560\" data-large_image_height = \"1440\" ><img fetchpriority=\"high\" decoding=\"async\" class=\"preload-me jgrid-lazy-load aspect\" src=\"data:image\/svg+xml,%3Csvg%20xmlns%3D&#39;http%3A%2F%2Fwww.w3.org%2F2000%2Fsvg&#39;%20viewBox%3D&#39;0%200%20554%20312&#39;%2F%3E\" data-src=\"\/wp-content\/uploads\/2021\/02\/JHStaal_2402_Mixingtank-scaled-554x312.jpg\" data-srcset=\"\/wp-content\/uploads\/2021\/02\/JHStaal_2402_Mixingtank-scaled-554x312.jpg 554w, \/wp-content\/uploads\/2021\/02\/JHStaal_2402_Mixingtank-scaled-1108x624.jpg 1108w\" loading=\"eager\" style=\"--ratio: 554 \/ 312\" sizes=\"(max-width: 554px) 100vw, 554px\" alt=\"\" width=\"554\" height=\"312\"  \/><\/a>\t<\/figure>\n<\/article>\n\n<\/div><div class=\"wf-cell\" data-post-id=\"6267\" data-date=\"2021-02-01T16:46:34+00:00\" data-name=\"Procestank\">\n<article class=\"post post-6267 attachment type-attachment status-inherit hentry no-img description-off\">\n\n\t<figure class=\"rollover-project links-hovers-disabled\">\n\t<a href=\"\/wp-content\/uploads\/2021\/02\/JHStaal_2442_ScrapedSurfaceHeatexchangerUnit-scaled.jpg\" class=\"rollover rollover-zoom dt-pswp-item layzr-bg\" title=\"Procestank\" data-dt-img-description=\"\"  data-large_image_width=\"2560\" data-large_image_height = \"1920\" ><img decoding=\"async\" class=\"preload-me jgrid-lazy-load aspect\" src=\"data:image\/svg+xml,%3Csvg%20xmlns%3D&#39;http%3A%2F%2Fwww.w3.org%2F2000%2Fsvg&#39;%20viewBox%3D&#39;0%200%20554%20312&#39;%2F%3E\" data-src=\"\/wp-content\/uploads\/2021\/02\/JHStaal_2442_ScrapedSurfaceHeatexchangerUnit-scaled-554x312.jpg\" data-srcset=\"\/wp-content\/uploads\/2021\/02\/JHStaal_2442_ScrapedSurfaceHeatexchangerUnit-scaled-554x312.jpg 554w, \/wp-content\/uploads\/2021\/02\/JHStaal_2442_ScrapedSurfaceHeatexchangerUnit-scaled-1108x624.jpg 1108w\" loading=\"eager\" style=\"--ratio: 554 \/ 312\" sizes=\"(max-width: 554px) 100vw, 554px\" alt=\"\" width=\"554\" height=\"312\"  \/><\/a>\t<\/figure>\n<\/article>\n\n<\/div><div class=\"wf-cell\" data-post-id=\"6272\" data-date=\"2021-02-01T16:46:40+00:00\" data-name=\"Procestank\">\n<article class=\"post post-6272 attachment type-attachment status-inherit hentry no-img description-off\">\n\n\t<figure class=\"rollover-project links-hovers-disabled\">\n\t<a href=\"\/wp-content\/uploads\/2021\/02\/JHStaal_Procestank.jpg\" class=\"rollover rollover-zoom dt-pswp-item layzr-bg\" title=\"Procestank\" data-dt-img-description=\"\"  data-large_image_width=\"640\" data-large_image_height = \"480\" ><img decoding=\"async\" class=\"preload-me jgrid-lazy-load aspect\" src=\"data:image\/svg+xml,%3Csvg%20xmlns%3D&#39;http%3A%2F%2Fwww.w3.org%2F2000%2Fsvg&#39;%20viewBox%3D&#39;0%200%20554%20312&#39;%2F%3E\" data-src=\"\/wp-content\/uploads\/2021\/02\/JHStaal_Procestank-554x312.jpg\" data-srcset=\"\/wp-content\/uploads\/2021\/02\/JHStaal_Procestank-554x312.jpg 554w, \/wp-content\/uploads\/2021\/02\/JHStaal_Procestank-640x360.jpg 640w\" loading=\"eager\" style=\"--ratio: 554 \/ 312\" sizes=\"(max-width: 554px) 100vw, 554px\" alt=\"\" width=\"554\" height=\"312\"  \/><\/a>\t<\/figure>\n<\/article>\n\n<\/div><\/div>[\/vc_column][\/vc_row]<\/p>\n<\/div>","protected":false},"excerpt":{"rendered":"<p>[vc_row][vc_column][vc_single_image image=&raquo;1617&#8243; img_size=&raquo;full&raquo; alignment=&raquo;center&raquo;][\/vc_column][\/vc_row][vc_row][vc_column][vc_row_inner][vc_column_inner][vc_column_text] &nbsp; Hos JH St\u00e5lindustri produserer vi tanker som brukes i fiskeindustrien til for eksempel produksjon av fiskeolje og fiskeprotein. Vi kan levere komplette anlegg for utvinning av proteiner og behandling av sluttproduktet. Enzymatisk hydrolyse JH St\u00e5lindustri selger og produserer komplette produksjonslinjer for utvinning av fiskeproteiner basert p\u00e5 en enzymatisk hydrolyse av&hellip;<\/p>\n","protected":false},"author":10,"featured_media":0,"parent":4084,"menu_order":0,"comment_status":"closed","ping_status":"closed","template":"","meta":{"footnotes":""},"yoast_head":"<!-- This site is optimized with the Yoast SEO plugin v22.2 - https:\/\/yoast.com\/wordpress\/plugins\/seo\/ -->\n<title>Tanker for fiskeindustrien - JH St\u00e5lindustri A \/ S<\/title>\n<meta name=\"description\" content=\"JH St\u00e5lindustri A \/ S produserer tanker som er optimale for bruk i fiskeindustrien. Vi produserer ogs\u00e5 hele produksjonslinjer for utvinning av fiskeprotein.\" \/>\n<meta name=\"robots\" content=\"index, follow, max-snippet:-1, max-image-preview:large, max-video-preview:-1\" \/>\n<link rel=\"canonical\" href=\"https:\/\/jhstaal.com\/nb\/bransjer\/fiskeindustrien\/\" \/>\n<meta property=\"og:locale\" content=\"nb_NO\" \/>\n<meta property=\"og:type\" content=\"article\" \/>\n<meta property=\"og:title\" content=\"Tanker for fiskeindustrien - JH St\u00e5lindustri A \/ S\" \/>\n<meta property=\"og:description\" content=\"JH St\u00e5lindustri A \/ S produserer tanker som er optimale for bruk i fiskeindustrien. Vi produserer ogs\u00e5 hele produksjonslinjer for utvinning av fiskeprotein.\" \/>\n<meta property=\"og:url\" content=\"https:\/\/jhstaal.com\/nb\/bransjer\/fiskeindustrien\/\" \/>\n<meta property=\"og:site_name\" content=\"JH St&aring;lindustri A\/S\" \/>\n<meta property=\"article:modified_time\" content=\"2021-03-01T18:34:33+00:00\" \/>\n<meta name=\"twitter:card\" content=\"summary_large_image\" \/>\n<meta name=\"twitter:label1\" content=\"Ansl. lesetid\" \/>\n\t<meta name=\"twitter:data1\" content=\"3 minutter\" \/>\n<script type=\"application\/ld+json\" class=\"yoast-schema-graph\">{\"@context\":\"https:\/\/schema.org\",\"@graph\":[{\"@type\":\"WebPage\",\"@id\":\"https:\/\/jhstaal.com\/nb\/bransjer\/fiskeindustrien\/\",\"url\":\"https:\/\/jhstaal.com\/nb\/bransjer\/fiskeindustrien\/\",\"name\":\"Tanker for fiskeindustrien - JH St\u00e5lindustri A \/ S\",\"isPartOf\":{\"@id\":\"https:\/\/jhstaal.dk\/#website\"},\"datePublished\":\"2020-12-10T11:43:18+00:00\",\"dateModified\":\"2021-03-01T18:34:33+00:00\",\"description\":\"JH St\u00e5lindustri A \/ S produserer tanker som er optimale for bruk i fiskeindustrien. Vi produserer ogs\u00e5 hele produksjonslinjer for utvinning av fiskeprotein.\",\"breadcrumb\":{\"@id\":\"https:\/\/jhstaal.com\/nb\/bransjer\/fiskeindustrien\/#breadcrumb\"},\"inLanguage\":\"nb-NO\",\"potentialAction\":[{\"@type\":\"ReadAction\",\"target\":[\"https:\/\/jhstaal.com\/nb\/bransjer\/fiskeindustrien\/\"]}]},{\"@type\":\"BreadcrumbList\",\"@id\":\"https:\/\/jhstaal.com\/nb\/bransjer\/fiskeindustrien\/#breadcrumb\",\"itemListElement\":[{\"@type\":\"ListItem\",\"position\":1,\"name\":\"Hjem\",\"item\":\"https:\/\/jhstaal.com\/nb\/\"},{\"@type\":\"ListItem\",\"position\":2,\"name\":\"Bransjer\",\"item\":\"https:\/\/jhstaal.com\/nb\/bransjer\/\"},{\"@type\":\"ListItem\",\"position\":3,\"name\":\"Fiskeindustrien\"}]},{\"@type\":\"WebSite\",\"@id\":\"https:\/\/jhstaal.dk\/#website\",\"url\":\"https:\/\/jhstaal.dk\/\",\"name\":\"JH St&aring;lindustri A\/S\",\"description\":\"St&aring;ltanke\",\"publisher\":{\"@id\":\"https:\/\/jhstaal.dk\/#organization\"},\"potentialAction\":[{\"@type\":\"SearchAction\",\"target\":{\"@type\":\"EntryPoint\",\"urlTemplate\":\"https:\/\/jhstaal.dk\/?s={search_term_string}\"},\"query-input\":\"required name=search_term_string\"}],\"inLanguage\":\"nb-NO\"},{\"@type\":\"Organization\",\"@id\":\"https:\/\/jhstaal.dk\/#organization\",\"name\":\"JH St\u00e5lindustri A\/S\",\"url\":\"https:\/\/jhstaal.dk\/\",\"logo\":{\"@type\":\"ImageObject\",\"inLanguage\":\"nb-NO\",\"@id\":\"https:\/\/jhstaal.dk\/#\/schema\/logo\/image\/\",\"url\":\"\/wp-content\/uploads\/2016\/09\/JHstaal-LOGO-600px.jpg\",\"contentUrl\":\"\/wp-content\/uploads\/2016\/09\/JHstaal-LOGO-600px.jpg\",\"width\":600,\"height\":160,\"caption\":\"JH St\u00e5lindustri A\/S\"},\"image\":{\"@id\":\"https:\/\/jhstaal.dk\/#\/schema\/logo\/image\/\"}}]}<\/script>\n<!-- \/ Yoast SEO plugin. -->","yoast_head_json":{"title":"Tanker for fiskeindustrien - JH St\u00e5lindustri A \/ S","description":"JH St\u00e5lindustri A \/ S produserer tanker som er optimale for bruk i fiskeindustrien. Vi produserer ogs\u00e5 hele produksjonslinjer for utvinning av fiskeprotein.","robots":{"index":"index","follow":"follow","max-snippet":"max-snippet:-1","max-image-preview":"max-image-preview:large","max-video-preview":"max-video-preview:-1"},"canonical":"https:\/\/jhstaal.com\/nb\/bransjer\/fiskeindustrien\/","og_locale":"nb_NO","og_type":"article","og_title":"Tanker for fiskeindustrien - JH St\u00e5lindustri A \/ S","og_description":"JH St\u00e5lindustri A \/ S produserer tanker som er optimale for bruk i fiskeindustrien. Vi produserer ogs\u00e5 hele produksjonslinjer for utvinning av fiskeprotein.","og_url":"https:\/\/jhstaal.com\/nb\/bransjer\/fiskeindustrien\/","og_site_name":"JH St&aring;lindustri A\/S","article_modified_time":"2021-03-01T18:34:33+00:00","twitter_card":"summary_large_image","twitter_misc":{"Ansl. lesetid":"3 minutter"},"schema":{"@context":"https:\/\/schema.org","@graph":[{"@type":"WebPage","@id":"https:\/\/jhstaal.com\/nb\/bransjer\/fiskeindustrien\/","url":"https:\/\/jhstaal.com\/nb\/bransjer\/fiskeindustrien\/","name":"Tanker for fiskeindustrien - JH St\u00e5lindustri A \/ S","isPartOf":{"@id":"https:\/\/jhstaal.dk\/#website"},"datePublished":"2020-12-10T11:43:18+00:00","dateModified":"2021-03-01T18:34:33+00:00","description":"JH St\u00e5lindustri A \/ S produserer tanker som er optimale for bruk i fiskeindustrien. Vi produserer ogs\u00e5 hele produksjonslinjer for utvinning av fiskeprotein.","breadcrumb":{"@id":"https:\/\/jhstaal.com\/nb\/bransjer\/fiskeindustrien\/#breadcrumb"},"inLanguage":"nb-NO","potentialAction":[{"@type":"ReadAction","target":["https:\/\/jhstaal.com\/nb\/bransjer\/fiskeindustrien\/"]}]},{"@type":"BreadcrumbList","@id":"https:\/\/jhstaal.com\/nb\/bransjer\/fiskeindustrien\/#breadcrumb","itemListElement":[{"@type":"ListItem","position":1,"name":"Hjem","item":"https:\/\/jhstaal.com\/nb\/"},{"@type":"ListItem","position":2,"name":"Bransjer","item":"https:\/\/jhstaal.com\/nb\/bransjer\/"},{"@type":"ListItem","position":3,"name":"Fiskeindustrien"}]},{"@type":"WebSite","@id":"https:\/\/jhstaal.dk\/#website","url":"https:\/\/jhstaal.dk\/","name":"JH St&aring;lindustri A\/S","description":"St&aring;ltanke","publisher":{"@id":"https:\/\/jhstaal.dk\/#organization"},"potentialAction":[{"@type":"SearchAction","target":{"@type":"EntryPoint","urlTemplate":"https:\/\/jhstaal.dk\/?s={search_term_string}"},"query-input":"required name=search_term_string"}],"inLanguage":"nb-NO"},{"@type":"Organization","@id":"https:\/\/jhstaal.dk\/#organization","name":"JH St\u00e5lindustri A\/S","url":"https:\/\/jhstaal.dk\/","logo":{"@type":"ImageObject","inLanguage":"nb-NO","@id":"https:\/\/jhstaal.dk\/#\/schema\/logo\/image\/","url":"\/wp-content\/uploads\/2016\/09\/JHstaal-LOGO-600px.jpg","contentUrl":"\/wp-content\/uploads\/2016\/09\/JHstaal-LOGO-600px.jpg","width":600,"height":160,"caption":"JH St\u00e5lindustri A\/S"},"image":{"@id":"https:\/\/jhstaal.dk\/#\/schema\/logo\/image\/"}}]}},"_links":{"self":[{"href":"https:\/\/jhstaal.com\/nb\/wp-json\/wp\/v2\/pages\/4109"}],"collection":[{"href":"https:\/\/jhstaal.com\/nb\/wp-json\/wp\/v2\/pages"}],"about":[{"href":"https:\/\/jhstaal.com\/nb\/wp-json\/wp\/v2\/types\/page"}],"author":[{"embeddable":true,"href":"https:\/\/jhstaal.com\/nb\/wp-json\/wp\/v2\/users\/10"}],"replies":[{"embeddable":true,"href":"https:\/\/jhstaal.com\/nb\/wp-json\/wp\/v2\/comments?post=4109"}],"version-history":[{"count":3,"href":"https:\/\/jhstaal.com\/nb\/wp-json\/wp\/v2\/pages\/4109\/revisions"}],"predecessor-version":[{"id":7116,"href":"https:\/\/jhstaal.com\/nb\/wp-json\/wp\/v2\/pages\/4109\/revisions\/7116"}],"up":[{"embeddable":true,"href":"https:\/\/jhstaal.com\/nb\/wp-json\/wp\/v2\/pages\/4084"}],"wp:attachment":[{"href":"https:\/\/jhstaal.com\/nb\/wp-json\/wp\/v2\/media?parent=4109"}],"curies":[{"name":"wp","href":"https:\/\/api.w.org\/{rel}","templated":true}]}}