{"id":4178,"date":"2020-12-10T13:08:03","date_gmt":"2020-12-10T13:08:03","guid":{"rendered":"https:\/\/jhstaal.com\/branscher\/fiskeindustrin\/"},"modified":"2021-03-01T18:48:01","modified_gmt":"2021-03-01T18:48:01","slug":"fiskeindustrin","status":"publish","type":"page","link":"https:\/\/jhstaal.com\/sv\/branscher\/fiskeindustrin\/","title":{"rendered":"Fiskeindustrin"},"content":{"rendered":"<div class=\"wpb-content-wrapper\"><p>[vc_row][vc_column][vc_single_image image=&#8221;1617&#8243; img_size=&#8221;full&#8221; alignment=&#8221;center&#8221;][\/vc_column][\/vc_row][vc_row][vc_column][vc_row_inner][vc_column_inner][vc_column_text]<\/p>\n<p>&nbsp;<\/p>\n<p>P\u00e5 JH St\u00e5lindustri tillverkar vi tankar som anv\u00e4nds i fiskeindustrin f\u00f6r till exempel produktion av fiskolja och fiskprotein. Vi kan leverera kompletta v\u00e4xter f\u00f6r proteinextraktion och behandling av slutprodukten.<\/p>\n<div class=\"gap\" style=\"line-height: 20px; height: 20px;\"><\/div>\n<h2><span lang=\"sv\">Enzymatisk hydrolys<\/span><\/h2>\n<div class=\"gap\" style=\"line-height: 20px; height: 20px;\"><\/div>\n<p>JH St\u00e5lindustri s\u00e4ljer och tillverkar kompletta produktionslinjer f\u00f6r utvinning av fiskproteiner baserat p\u00e5 en enzymatisk hydrolys av fiskavfall. R\u00e5produkten \u00e4r avg\u00f6rande f\u00f6r slutresultatet, men det \u00e4r m\u00f6jligt att optimera produktionsprocessen s\u00e5 att r\u00e5varorna inte bryts ned genom hydrolysprocessen. H\u00e4r, enligt v\u00e5r mening, \u00e4r en batchbaserad process den s\u00e4kraste v\u00e4gen till framg\u00e5ng. R\u00e5materialet dikterar den detaljerade processen. I grund och botten kan alla delar som sk\u00e4r, ben, in\u00e4lvor och skal hydrolyseras. Testf\u00f6rs\u00f6k m\u00e5ste dock utf\u00f6ras i varje enskilt fall f\u00f6r att k\u00e4nna till r\u00e5varornas kvalitet, renhet och smak, s\u00e5som protein och olja.<\/p>\n<p>Den f\u00e4rdiga produkten kan \u00e5ter s\u00e4ljas som ett kosttillskott, smakf\u00f6rst\u00e4rkare och \/ eller djurfoder, beroende p\u00e5 kvalitet.<\/p>\n<div class=\"gap\" style=\"line-height: 20px; height: 20px;\"><\/div>\n<h2><span lang=\"sv\">Fr\u00e5n fiskavfall till protein<\/span><\/h2>\n<div class=\"gap\" style=\"line-height: 20px; height: 20px;\"><\/div>\n<p>V\u00e5ra kunder inom fiskeindustrin har framg\u00e5ngsrikt optimerat sin verksamhet genom att utnyttja potentialen i hittills outnyttjat fiskavfall. Genom den enzymatiska hydrolysprocessen, som anv\u00e4nder JH St\u00e5lindustris v\u00e4xter, skapas rent \u00e5tervinningsbart protein. Fiskavfallet m\u00e5ste vara f\u00e4rskt f\u00f6r att bibeh\u00e5lla en h\u00f6g livsmedelskvalitet. Av samma anledning b\u00f6r hydrolysanl\u00e4ggningen placeras n\u00e4ra den plats d\u00e4r fiskavfallet skapas. Kapaciteten kan b\u00f6rja med ca. 100 kg rent protein per timme och kan skalas till flera hundra kg per. timme. En \u00e5rlig m\u00e4ngd avfall b\u00f6r vara minst 4.000 T.<\/p>\n<div class=\"gap\" style=\"line-height: 20px; height: 20px;\"><\/div>\n<h2><span lang=\"sv\">Behandling med skrapv\u00e4rmev\u00e4xlare<\/span><\/h2>\n<div class=\"gap\" style=\"line-height: 20px; height: 20px;\"><\/div>\n<p>Som en del av hydrolysan\u00e4ggningarna kan vi p\u00e5 JH St\u00e5lindustri ocks\u00e5 erbjuda skrapv\u00e4rmev\u00e4xlar f\u00f6r v\u00e4rmebehandling av slutprodukten baserat p\u00e5 fiskavfall. Det kan till exempel vara f\u00e4rdigt djurfoder som m\u00e5ste v\u00e4rmas upp och kylas under hela tillverkningsprocessen. Skrapv\u00e4rmev\u00e4xlaren ing\u00e5r d\u00e4rf\u00f6r oftast i hydrolysanl\u00e4ggningen, som en del av processen fr\u00e5n fiskavfall till f\u00e4rdig produkt.<\/p>\n<div class=\"gap\" style=\"line-height: 20px; height: 20px;\"><\/div>\n<h2><span lang=\"sv\">Komplett reng\u00f6ring med effektivt CIP-system<\/span><\/h2>\n<div class=\"gap\" style=\"line-height: 20px; height: 20px;\"><\/div>\n<p>De flesta tankar av rostfritt st\u00e5l som vi levererar f\u00f6r hydrolysanl\u00e4ggningar har en inbyggd CIP-l\u00f6sning. Det s\u00e4kerst\u00e4ller en enkel och effektiv reng\u00f6ringsprocess, vilket \u00e4r tidsbesparande och garanterar en h\u00f6g hygienniv\u00e5 i systemet. P\u00e5 JH St\u00e5lindustri har vi l\u00e5ng erfarenhet av CIP-tankar och kan ge r\u00e5d om exakt den skr\u00e4ddarsydda l\u00f6sningen kunden beh\u00f6ver.<\/p>\n<div class=\"gap\" style=\"line-height: 20px; height: 20px;\"><\/div>\n<h2><span lang=\"sv\">M\u00e5nga \u00e5rs erfarenhet inom fiskeindustrin<\/span><\/h2>\n<div class=\"gap\" style=\"line-height: 20px; height: 20px;\"><\/div>\n<p>P\u00e5 JH St\u00e5lindustri har vi lagt ner mycket resurser p\u00e5 att utveckla oss inom hydrolysomr\u00e5det f\u00f6r fiskeindustrin. Vi har stor insikt i de processer som kr\u00e4vs f\u00f6r att kunna utnyttja potentialen f\u00f6r anv\u00e4nt fiskavfall. V\u00e5rt fokus p\u00e5 professionalism och kunskap om de processer som anv\u00e4nds i fiskeindustrin ligger till grund f\u00f6r att vi kan ge r\u00e5d om den kompletta l\u00f6sningen f\u00f6r hydrolysanl\u00e4ggningen.<\/p>\n<div class=\"gap\" style=\"line-height: 20px; height: 20px;\"><\/div>\n<p>Kontakta JH St\u00e5lindustri idag om du vill veta mer om processtankar eller v\u00e5ra procedurer p\u00e5 telefon +45 86 47 90 44 eller via e-post till jhstaal@jhstaal.com.<\/p>\n<p>[\/vc_column_text][\/vc_column_inner][\/vc_row_inner][\/vc_column][\/vc_row][vc_row][vc_column]<style type=\"text\/css\" data-type=\"the7_shortcodes-inline-css\">#default-btn-d8c5237c5fe76120b0f5003cd8542aa5 {\n  border-radius: 5px;\n  font-size: 18px;\n  line-height: 20px;\n}\n.btn-shadow#default-btn-d8c5237c5fe76120b0f5003cd8542aa5 {\n  box-shadow: 0 1px 6px rgba(0,0,0,0.12);\n  transition: box-shadow 0.2s ease-out, opacity 0.45s;\n}\n.btn-shadow#default-btn-d8c5237c5fe76120b0f5003cd8542aa5:hover {\n  box-shadow: 0 5px 11px 0 rgba(0,0,0,0.18), 0 4px 15px 0 rgba(0,0,0,0.15);\n}\n.btn-flat#default-btn-d8c5237c5fe76120b0f5003cd8542aa5 {\n  box-shadow: none;\n}\n.btn-flat#default-btn-d8c5237c5fe76120b0f5003cd8542aa5:hover {\n  box-shadow: none;\n}\n#default-btn-d8c5237c5fe76120b0f5003cd8542aa5.ico-right-side > i {\n  margin-right: 0px;\n  margin-left: 8px;\n}\n#default-btn-d8c5237c5fe76120b0f5003cd8542aa5 > i {\n  margin-right: 8px;\n  font-size: 25px;\n}\n#default-btn-d8c5237c5fe76120b0f5003cd8542aa5:not(:hover) {\n  border-width: 0px;\n  padding: 17px 24px 16px 24px;\n}\n#default-btn-d8c5237c5fe76120b0f5003cd8542aa5:hover {\n  border-width: 0px;\n  padding: 17px 24px 16px 24px;\n}\n#default-btn-d8c5237c5fe76120b0f5003cd8542aa5.ico-right-side > i {\n  margin-right: 0px;\n  margin-left: 8px;\n}\n#default-btn-d8c5237c5fe76120b0f5003cd8542aa5 > i {\n  margin-right: 8px;\n}\n<\/style><div class=\"btn-align-center\"><a href=\"https:\/\/jhstaal.com\/en\/datasheets\/\" class=\"default-btn-shortcode dt-btn link-hover-off btn-flat  vc_custom_1614268365676\" id=\"default-btn-d8c5237c5fe76120b0f5003cd8542aa5\" title=\"Datasheets\"><span>See our datasheets here<\/span><\/a><\/div>[vc_separator border_width=&#8221;3&#8243;]<div class=\"ult-spacer spacer-69db0353a951c\" data-id=\"69db0353a951c\" data-height=\"30\" data-height-mobile=\"30\" data-height-tab=\"30\" data-height-tab-portrait=\"30\" data-height-mobile-landscape=\"30\" style=\"clear:both;display:block;\"><\/div>[\/vc_column][\/vc_row][vc_row][vc_column]<div class=\"wf-container dt-gallery-container dt-photos-shortcode loading-effect-none iso-grid jg-container description-on-hover hover-style-two hover-fade content-align-centre\" data-padding=\"20px\" data-cur-page=\"1\" data-target-height=\"240px\"><div class=\"wf-cell\" data-post-id=\"6263\" data-date=\"2021-02-01T16:46:29+00:00\" data-name=\"Mixingtank\">\n<article class=\"post post-6263 attachment type-attachment status-inherit hentry no-img description-off\">\n\n\t<figure class=\"rollover-project links-hovers-disabled\">\n\t<a href=\"\/wp-content\/uploads\/2021\/02\/JHStaal_2402_Mixingtank-scaled.jpg\" class=\"rollover rollover-zoom dt-pswp-item layzr-bg\" title=\"Mixingtank\" data-dt-img-description=\"\"  data-large_image_width=\"2560\" data-large_image_height = \"1440\" ><img fetchpriority=\"high\" decoding=\"async\" class=\"preload-me jgrid-lazy-load aspect\" src=\"data:image\/svg+xml,%3Csvg%20xmlns%3D&#39;http%3A%2F%2Fwww.w3.org%2F2000%2Fsvg&#39;%20viewBox%3D&#39;0%200%20554%20312&#39;%2F%3E\" data-src=\"\/wp-content\/uploads\/2021\/02\/JHStaal_2402_Mixingtank-scaled-554x312.jpg\" data-srcset=\"\/wp-content\/uploads\/2021\/02\/JHStaal_2402_Mixingtank-scaled-554x312.jpg 554w, \/wp-content\/uploads\/2021\/02\/JHStaal_2402_Mixingtank-scaled-1108x624.jpg 1108w\" loading=\"eager\" style=\"--ratio: 554 \/ 312\" sizes=\"(max-width: 554px) 100vw, 554px\" alt=\"\" width=\"554\" height=\"312\"  \/><\/a>\t<\/figure>\n<\/article>\n\n<\/div><div class=\"wf-cell\" data-post-id=\"6268\" data-date=\"2021-02-01T16:46:34+00:00\" data-name=\"Procestank\">\n<article class=\"post post-6268 attachment type-attachment status-inherit hentry no-img description-off\">\n\n\t<figure class=\"rollover-project links-hovers-disabled\">\n\t<a href=\"\/wp-content\/uploads\/2021\/02\/JHStaal_2442_ScrapedSurfaceHeatexchangerUnit-scaled.jpg\" class=\"rollover rollover-zoom dt-pswp-item layzr-bg\" title=\"Procestank\" data-dt-img-description=\"\"  data-large_image_width=\"2560\" data-large_image_height = \"1920\" ><img decoding=\"async\" class=\"preload-me jgrid-lazy-load aspect\" src=\"data:image\/svg+xml,%3Csvg%20xmlns%3D&#39;http%3A%2F%2Fwww.w3.org%2F2000%2Fsvg&#39;%20viewBox%3D&#39;0%200%20554%20312&#39;%2F%3E\" data-src=\"\/wp-content\/uploads\/2021\/02\/JHStaal_2442_ScrapedSurfaceHeatexchangerUnit-scaled-554x312.jpg\" data-srcset=\"\/wp-content\/uploads\/2021\/02\/JHStaal_2442_ScrapedSurfaceHeatexchangerUnit-scaled-554x312.jpg 554w, \/wp-content\/uploads\/2021\/02\/JHStaal_2442_ScrapedSurfaceHeatexchangerUnit-scaled-1108x624.jpg 1108w\" loading=\"eager\" style=\"--ratio: 554 \/ 312\" sizes=\"(max-width: 554px) 100vw, 554px\" alt=\"\" width=\"554\" height=\"312\"  \/><\/a>\t<\/figure>\n<\/article>\n\n<\/div><div class=\"wf-cell\" data-post-id=\"6273\" data-date=\"2021-02-01T16:46:40+00:00\" data-name=\"Procestank\">\n<article class=\"post post-6273 attachment type-attachment status-inherit hentry no-img description-off\">\n\n\t<figure class=\"rollover-project links-hovers-disabled\">\n\t<a href=\"\/wp-content\/uploads\/2021\/02\/JHStaal_Procestank.jpg\" class=\"rollover rollover-zoom dt-pswp-item layzr-bg\" title=\"Procestank\" data-dt-img-description=\"\"  data-large_image_width=\"640\" data-large_image_height = \"480\" ><img decoding=\"async\" class=\"preload-me jgrid-lazy-load aspect\" src=\"data:image\/svg+xml,%3Csvg%20xmlns%3D&#39;http%3A%2F%2Fwww.w3.org%2F2000%2Fsvg&#39;%20viewBox%3D&#39;0%200%20554%20312&#39;%2F%3E\" data-src=\"\/wp-content\/uploads\/2021\/02\/JHStaal_Procestank-554x312.jpg\" data-srcset=\"\/wp-content\/uploads\/2021\/02\/JHStaal_Procestank-554x312.jpg 554w, \/wp-content\/uploads\/2021\/02\/JHStaal_Procestank-640x360.jpg 640w\" loading=\"eager\" style=\"--ratio: 554 \/ 312\" sizes=\"(max-width: 554px) 100vw, 554px\" alt=\"\" width=\"554\" height=\"312\"  \/><\/a>\t<\/figure>\n<\/article>\n\n<\/div><\/div>[\/vc_column][\/vc_row]<\/p>\n<\/div>","protected":false},"excerpt":{"rendered":"<p>[vc_row][vc_column][vc_single_image image=&#8221;1617&#8243; img_size=&#8221;full&#8221; alignment=&#8221;center&#8221;][\/vc_column][\/vc_row][vc_row][vc_column][vc_row_inner][vc_column_inner][vc_column_text] &nbsp; P\u00e5 JH St\u00e5lindustri tillverkar vi tankar som anv\u00e4nds i fiskeindustrin f\u00f6r till exempel produktion av fiskolja och fiskprotein. Vi kan leverera kompletta v\u00e4xter f\u00f6r proteinextraktion och behandling av slutprodukten. Enzymatisk hydrolys JH St\u00e5lindustri s\u00e4ljer och tillverkar kompletta produktionslinjer f\u00f6r utvinning av fiskproteiner baserat p\u00e5 en enzymatisk hydrolys av fiskavfall. R\u00e5produkten&hellip;<\/p>\n","protected":false},"author":10,"featured_media":0,"parent":4175,"menu_order":0,"comment_status":"closed","ping_status":"closed","template":"","meta":{"footnotes":""},"yoast_head":"<!-- This site is optimized with the Yoast SEO plugin v22.2 - https:\/\/yoast.com\/wordpress\/plugins\/seo\/ -->\n<title>Tankar f\u00f6r fiskeindustrin - JH St\u00e5lindustri A\/S<\/title>\n<meta name=\"description\" content=\"JH St\u00e5lindustri A\/S tillverkar tankar som \u00e4r optimala f\u00f6r fiskeindustrin. Vi tillverkar ocks\u00e5 hela produktionslinjer f\u00f6r utvinning av fiskprotein.\" \/>\n<meta name=\"robots\" content=\"index, follow, max-snippet:-1, max-image-preview:large, max-video-preview:-1\" \/>\n<link rel=\"canonical\" href=\"https:\/\/jhstaal.com\/sv\/branscher\/fiskeindustrin\/\" \/>\n<meta property=\"og:locale\" content=\"sv_SE\" \/>\n<meta property=\"og:type\" content=\"article\" \/>\n<meta property=\"og:title\" content=\"Tankar f\u00f6r fiskeindustrin - JH St\u00e5lindustri A\/S\" \/>\n<meta property=\"og:description\" content=\"JH St\u00e5lindustri A\/S tillverkar tankar som \u00e4r optimala f\u00f6r fiskeindustrin. Vi tillverkar ocks\u00e5 hela produktionslinjer f\u00f6r utvinning av fiskprotein.\" \/>\n<meta property=\"og:url\" content=\"https:\/\/jhstaal.com\/sv\/branscher\/fiskeindustrin\/\" \/>\n<meta property=\"og:site_name\" content=\"JH St&aring;lindustri A\/S\" \/>\n<meta property=\"article:modified_time\" content=\"2021-03-01T18:48:01+00:00\" \/>\n<meta name=\"twitter:card\" content=\"summary_large_image\" \/>\n<meta name=\"twitter:label1\" content=\"Ber\u00e4knad l\u00e4stid\" \/>\n\t<meta name=\"twitter:data1\" content=\"3 minuter\" \/>\n<script type=\"application\/ld+json\" class=\"yoast-schema-graph\">{\"@context\":\"https:\/\/schema.org\",\"@graph\":[{\"@type\":\"WebPage\",\"@id\":\"https:\/\/jhstaal.com\/sv\/branscher\/fiskeindustrin\/\",\"url\":\"https:\/\/jhstaal.com\/sv\/branscher\/fiskeindustrin\/\",\"name\":\"Tankar f\u00f6r fiskeindustrin - JH St\u00e5lindustri A\/S\",\"isPartOf\":{\"@id\":\"https:\/\/www.jhstaal.com\/sv\/#website\"},\"datePublished\":\"2020-12-10T13:08:03+00:00\",\"dateModified\":\"2021-03-01T18:48:01+00:00\",\"description\":\"JH St\u00e5lindustri A\/S tillverkar tankar som \u00e4r optimala f\u00f6r fiskeindustrin. Vi tillverkar ocks\u00e5 hela produktionslinjer f\u00f6r utvinning av fiskprotein.\",\"breadcrumb\":{\"@id\":\"https:\/\/jhstaal.com\/sv\/branscher\/fiskeindustrin\/#breadcrumb\"},\"inLanguage\":\"sv-SE\",\"potentialAction\":[{\"@type\":\"ReadAction\",\"target\":[\"https:\/\/jhstaal.com\/sv\/branscher\/fiskeindustrin\/\"]}]},{\"@type\":\"BreadcrumbList\",\"@id\":\"https:\/\/jhstaal.com\/sv\/branscher\/fiskeindustrin\/#breadcrumb\",\"itemListElement\":[{\"@type\":\"ListItem\",\"position\":1,\"name\":\"Hjem\",\"item\":\"https:\/\/jhstaal.com\/sv\/\"},{\"@type\":\"ListItem\",\"position\":2,\"name\":\"Branscher\",\"item\":\"https:\/\/jhstaal.com\/sv\/branscher\/\"},{\"@type\":\"ListItem\",\"position\":3,\"name\":\"Fiskeindustrin\"}]},{\"@type\":\"WebSite\",\"@id\":\"https:\/\/www.jhstaal.com\/sv\/#website\",\"url\":\"https:\/\/www.jhstaal.com\/sv\/\",\"name\":\"JH St&aring;lindustri A\/S\",\"description\":\"St&aring;ltanke\",\"publisher\":{\"@id\":\"https:\/\/www.jhstaal.com\/sv\/#organization\"},\"potentialAction\":[{\"@type\":\"SearchAction\",\"target\":{\"@type\":\"EntryPoint\",\"urlTemplate\":\"https:\/\/www.jhstaal.com\/sv\/?s={search_term_string}\"},\"query-input\":\"required name=search_term_string\"}],\"inLanguage\":\"sv-SE\"},{\"@type\":\"Organization\",\"@id\":\"https:\/\/www.jhstaal.com\/sv\/#organization\",\"name\":\"JH St\u00e5lindustri A\/S\",\"url\":\"https:\/\/www.jhstaal.com\/sv\/\",\"logo\":{\"@type\":\"ImageObject\",\"inLanguage\":\"sv-SE\",\"@id\":\"https:\/\/www.jhstaal.com\/sv\/#\/schema\/logo\/image\/\",\"url\":\"\/wp-content\/uploads\/2016\/09\/JHstaal-LOGO-600px.jpg\",\"contentUrl\":\"\/wp-content\/uploads\/2016\/09\/JHstaal-LOGO-600px.jpg\",\"width\":600,\"height\":160,\"caption\":\"JH St\u00e5lindustri A\/S\"},\"image\":{\"@id\":\"https:\/\/www.jhstaal.com\/sv\/#\/schema\/logo\/image\/\"}}]}<\/script>\n<!-- \/ Yoast SEO plugin. -->","yoast_head_json":{"title":"Tankar f\u00f6r fiskeindustrin - JH St\u00e5lindustri A\/S","description":"JH St\u00e5lindustri A\/S tillverkar tankar som \u00e4r optimala f\u00f6r fiskeindustrin. Vi tillverkar ocks\u00e5 hela produktionslinjer f\u00f6r utvinning av fiskprotein.","robots":{"index":"index","follow":"follow","max-snippet":"max-snippet:-1","max-image-preview":"max-image-preview:large","max-video-preview":"max-video-preview:-1"},"canonical":"https:\/\/jhstaal.com\/sv\/branscher\/fiskeindustrin\/","og_locale":"sv_SE","og_type":"article","og_title":"Tankar f\u00f6r fiskeindustrin - JH St\u00e5lindustri A\/S","og_description":"JH St\u00e5lindustri A\/S tillverkar tankar som \u00e4r optimala f\u00f6r fiskeindustrin. Vi tillverkar ocks\u00e5 hela produktionslinjer f\u00f6r utvinning av fiskprotein.","og_url":"https:\/\/jhstaal.com\/sv\/branscher\/fiskeindustrin\/","og_site_name":"JH St&aring;lindustri A\/S","article_modified_time":"2021-03-01T18:48:01+00:00","twitter_card":"summary_large_image","twitter_misc":{"Ber\u00e4knad l\u00e4stid":"3 minuter"},"schema":{"@context":"https:\/\/schema.org","@graph":[{"@type":"WebPage","@id":"https:\/\/jhstaal.com\/sv\/branscher\/fiskeindustrin\/","url":"https:\/\/jhstaal.com\/sv\/branscher\/fiskeindustrin\/","name":"Tankar f\u00f6r fiskeindustrin - JH St\u00e5lindustri A\/S","isPartOf":{"@id":"https:\/\/www.jhstaal.com\/sv\/#website"},"datePublished":"2020-12-10T13:08:03+00:00","dateModified":"2021-03-01T18:48:01+00:00","description":"JH St\u00e5lindustri A\/S tillverkar tankar som \u00e4r optimala f\u00f6r fiskeindustrin. Vi tillverkar ocks\u00e5 hela produktionslinjer f\u00f6r utvinning av fiskprotein.","breadcrumb":{"@id":"https:\/\/jhstaal.com\/sv\/branscher\/fiskeindustrin\/#breadcrumb"},"inLanguage":"sv-SE","potentialAction":[{"@type":"ReadAction","target":["https:\/\/jhstaal.com\/sv\/branscher\/fiskeindustrin\/"]}]},{"@type":"BreadcrumbList","@id":"https:\/\/jhstaal.com\/sv\/branscher\/fiskeindustrin\/#breadcrumb","itemListElement":[{"@type":"ListItem","position":1,"name":"Hjem","item":"https:\/\/jhstaal.com\/sv\/"},{"@type":"ListItem","position":2,"name":"Branscher","item":"https:\/\/jhstaal.com\/sv\/branscher\/"},{"@type":"ListItem","position":3,"name":"Fiskeindustrin"}]},{"@type":"WebSite","@id":"https:\/\/www.jhstaal.com\/sv\/#website","url":"https:\/\/www.jhstaal.com\/sv\/","name":"JH St&aring;lindustri A\/S","description":"St&aring;ltanke","publisher":{"@id":"https:\/\/www.jhstaal.com\/sv\/#organization"},"potentialAction":[{"@type":"SearchAction","target":{"@type":"EntryPoint","urlTemplate":"https:\/\/www.jhstaal.com\/sv\/?s={search_term_string}"},"query-input":"required name=search_term_string"}],"inLanguage":"sv-SE"},{"@type":"Organization","@id":"https:\/\/www.jhstaal.com\/sv\/#organization","name":"JH St\u00e5lindustri A\/S","url":"https:\/\/www.jhstaal.com\/sv\/","logo":{"@type":"ImageObject","inLanguage":"sv-SE","@id":"https:\/\/www.jhstaal.com\/sv\/#\/schema\/logo\/image\/","url":"\/wp-content\/uploads\/2016\/09\/JHstaal-LOGO-600px.jpg","contentUrl":"\/wp-content\/uploads\/2016\/09\/JHstaal-LOGO-600px.jpg","width":600,"height":160,"caption":"JH St\u00e5lindustri A\/S"},"image":{"@id":"https:\/\/www.jhstaal.com\/sv\/#\/schema\/logo\/image\/"}}]}},"_links":{"self":[{"href":"https:\/\/jhstaal.com\/sv\/wp-json\/wp\/v2\/pages\/4178"}],"collection":[{"href":"https:\/\/jhstaal.com\/sv\/wp-json\/wp\/v2\/pages"}],"about":[{"href":"https:\/\/jhstaal.com\/sv\/wp-json\/wp\/v2\/types\/page"}],"author":[{"embeddable":true,"href":"https:\/\/jhstaal.com\/sv\/wp-json\/wp\/v2\/users\/10"}],"replies":[{"embeddable":true,"href":"https:\/\/jhstaal.com\/sv\/wp-json\/wp\/v2\/comments?post=4178"}],"version-history":[{"count":3,"href":"https:\/\/jhstaal.com\/sv\/wp-json\/wp\/v2\/pages\/4178\/revisions"}],"predecessor-version":[{"id":7144,"href":"https:\/\/jhstaal.com\/sv\/wp-json\/wp\/v2\/pages\/4178\/revisions\/7144"}],"up":[{"embeddable":true,"href":"https:\/\/jhstaal.com\/sv\/wp-json\/wp\/v2\/pages\/4175"}],"wp:attachment":[{"href":"https:\/\/jhstaal.com\/sv\/wp-json\/wp\/v2\/media?parent=4178"}],"curies":[{"name":"wp","href":"https:\/\/api.w.org\/{rel}","templated":true}]}}