{"id":4193,"date":"2020-12-10T13:31:10","date_gmt":"2020-12-10T13:31:10","guid":{"rendered":"https:\/\/jhstaal.com\/branscher\/vattenverk\/"},"modified":"2021-03-01T18:47:43","modified_gmt":"2021-03-01T18:47:43","slug":"vattenverk","status":"publish","type":"page","link":"https:\/\/jhstaal.com\/sv\/branscher\/vattenverk\/","title":{"rendered":"Vattenverk"},"content":{"rendered":"<div class=\"wpb-content-wrapper\"><p>[vc_row][vc_column][vc_single_image image=&#8221;4353&#8243; img_size=&#8221;full&#8221; alignment=&#8221;center&#8221;][\/vc_column][\/vc_row][vc_row][vc_column][vc_row_inner][vc_column_inner][vc_column_text]<\/p>\n<p>JH St\u00e5lindustri levererar m\u00e5nga olika typer av rostfria tankar f\u00f6r vattenverk. Bland annat tillverkar vi filtertankar, syres\u00e4ttningstankar, renvattentankar och mjukg\u00f6rande kolumner Dessutom har vi f\u00f6r st\u00f6rre vattenverk byggt sammanh\u00e4ngande system med stora buffertankar som kan s\u00e4kerst\u00e4lla kapacitet under perioder med st\u00f6rre toppbelastning. Vi kan d\u00e4rf\u00f6r ta hand om alla uppgifter i rostfritt st\u00e5l och t\u00e4cka behoven hos b\u00e5de stora och sm\u00e5 vattenverk.<\/p>\n<div class=\"gap\" style=\"line-height: 20px; height: 20px;\"><\/div>\n<h2><span lang=\"sv\">Filtertank i rostfritt st\u00e5l<\/span><\/h2>\n<div class=\"gap\" style=\"line-height: 20px; height: 20px;\"><\/div>\n<p>N\u00e4r vattnet pumpas upp fr\u00e5n marken och fylls i vattenverkets r\u00e5vattenbass\u00e4nger kan det b\u00e5de lukta och smaka illa. Detta beror p\u00e5 att vattnet bl.a. har samlat v\u00e4tesulfid, som vi naturligtvis vill filtrera fr\u00e5n, f\u00f6r detta anv\u00e4nds en filtertank. Filtertankar inneh\u00e5ller sand och grus som har funktionen att filtrera bort j\u00e4rn- och manganoxiderna fr\u00e5n grundvattnet som det kan ha tagit upp fr\u00e5n marken.<\/p>\n<p>Idag anv\u00e4nder m\u00e5nga av Danmarks n\u00e4stan 3000 vattenverk filtertankar i galvaniserat eller m\u00e5lat st\u00e5l, men i framtiden kommer vattenverket att beh\u00f6va uppfylla h\u00f6gre standarder, vilket till exempel redan g\u00e4ller mejeri- och livsmedelsindustrin . Vid den tiden kommer filtertankar av rostfritt st\u00e5l att beh\u00f6vas.<\/p>\n<div class=\"gap\" style=\"line-height: 20px; height: 20px;\"><\/div>\n<h2><span lang=\"sv\">Reng\u00f6r vattentanken i rostfritt st\u00e5l<\/span><\/h2>\n<div class=\"gap\" style=\"line-height: 20px; height: 20px;\"><\/div>\n<p>Renvattentankar vid vattenverk \u00e4r gjorda av olika material, men om du v\u00e4ljer en rostfri tank fr\u00e5n JH St\u00e5lindustri kommer ditt vattenverk att ha en framtidsskyddad l\u00f6sning med m\u00e5nga f\u00f6rdelar j\u00e4mf\u00f6rt med de traditionella rentvattentankarna i underjordisk betong.<\/p>\n<div class=\"gap\" style=\"line-height: 20px; height: 20px;\"><\/div>\n<p>F\u00f6rdelarna med att v\u00e4lja en rostfri tank fr\u00e5n JH St\u00e5lindustri \u00e4r:<\/p>\n<ul>\n<li>Minimera risken f\u00f6r bakterietillv\u00e4xt<\/li>\n<li>Underh\u00e5llsfri<\/li>\n<li>Ingen deposition<\/li>\n<\/ul>\n<div class=\"gap\" style=\"line-height: 20px; height: 20px;\"><\/div>\n<p>Rostfria renvattentankar placeras vanligtvis inomhus vid vattenverket. Eftersom tankarna kan vara stora kan det i situationer vara sv\u00e5rt att installera dem prefabricerade inomhus. Tankarna kan naturligtvis installeras prefabricerade, men v\u00e5ra certifierade svetsare har ocks\u00e5 l\u00e5ng erfarenhet av att montera dem p\u00e5 plats.<\/p>\n<div class=\"gap\" style=\"line-height: 20px; height: 20px;\"><\/div>\n<h2><span lang=\"sv\">Mjukg\u00f6rningskolumner: L\u00e5t JH St\u00e5lindustri f\u00f6rb\u00e4ttra vattenkvaliteten<\/span><\/h2>\n<div class=\"gap\" style=\"line-height: 20px; height: 20px;\"><\/div>\n<p>I m\u00e5nga delar av Danmark \u00e4r dricksvattnet h\u00e5rt eller kalkhaltigt. F\u00f6r det enskilda hush\u00e5llet inneb\u00e4r detta i praktiken att kalken l\u00e4gger sig i r\u00f6r och i hush\u00e5llsapparater som tv\u00e4ttmaskiner och diskmaskiner. Kranarna blir f\u00f6rstoppade av kalk, vattnet smakar inte s\u00e5 gott och tv\u00e4tten blir inte alls lika mjuk, vilket har f\u00e5tt hush\u00e5llen till att kr\u00e4va mjukare vatten. Vattenverken i omr\u00e5den med h\u00e5rt vatten har d\u00e4rf\u00f6r b\u00f6rjat planera mjukning av vattnet, och det finns n\u00e5gra vattenverk som redan har etablerat mjukning med mjukg\u00f6rande pelare.<\/p>\n<p>F\u00f6r att mjuka upp vattnet implementeras mjukg\u00f6rande kolumner (\u00e4ven kallade pelletsreaktorer) vid vattenverket. Med mjukg\u00f6rande pelare fr\u00e5n JH St\u00e5lindustri avl\u00e4gsnas kalk, j\u00e4rn och mangan fr\u00e5n vattnet innan det n\u00e5r filtertankarna med sand och grus. Mjukningskolonnerna g\u00f6r att resten av processerna inte belastas i samma utstr\u00e4ckning som tidigare, vilket minskar underh\u00e5llet av andra tankar i anl\u00e4ggningen.<\/p>\n<p>Studier utf\u00f6rda av DTU i samarbete med HOFOR A\/S visar att de mjukande kolonnerna minskar j\u00e4rn- och mangankoncentrationen med 89-99% och d\u00e4rf\u00f6r inneh\u00e5ller bel\u00e4ggningen p\u00e5 filtersanden i de f\u00f6ljande filtertankarna mycket lite j\u00e4rn och mangan.<\/p>\n<div class=\"gap\" style=\"line-height: 20px; height: 20px;\"><\/div>\n<h2><span lang=\"sv\">JH St\u00e5lindustri har m\u00e5nga \u00e5rs erfarenhet av rostfria tankar f\u00f6r vattenverk<\/span><\/h2>\n<div class=\"gap\" style=\"line-height: 20px; height: 20px;\"><\/div>\n<p>P\u00e5 JH St\u00e5lindustri har vi mer \u00e4n 30 \u00e5r i branschen och levererar, ut\u00f6ver v\u00e5ra tankar, expertis och kunskap. Vi har m\u00e5nga \u00e5rs erfarenhet specifikt med vattenverk, s\u00e5 n\u00e4r du v\u00e4ljer oss f\u00e5r du en h\u00f6gkvalitativ produkt och en partner som alltid str\u00e4var efter den b\u00e4sta l\u00f6sningen f\u00f6r den enskilda kunden.<\/p>\n<p>P\u00e5 JH St\u00e5lindustri tillverkar vi rostfria tankar enligt v\u00e5ra kunders kravspecifikationer. Vi str\u00e4var efter att alla standarder uppfylls och att v\u00e5ra kunder f\u00e5r en tank av h\u00f6gsta kvalitet.<\/p>\n<p>Detta kan v\u00e5ra kunder f\u00f6rv\u00e4nta sig:<\/p>\n<ul>\n<li>Ett stort arbete att se till att alla f\u00f6rst\u00e5r alla tekniska detaljer om produkten. Bland annat anv\u00e4nder vi 3D-ritningar f\u00f6r att f\u00f6rb\u00e4ttra denna f\u00f6rst\u00e5else<\/li>\n<li>Dokumentation av tillverkningsprocessen. Inklusive material och svetscertifikat, ytor, tester och mycket mer s\u00e5 att tanken \u00e4r godk\u00e4nd f\u00f6r dricksvatten.<\/li>\n<\/ul>\n<p>[\/vc_column_text][\/vc_column_inner][\/vc_row_inner][\/vc_column][\/vc_row][vc_row][vc_column]<style type=\"text\/css\" data-type=\"the7_shortcodes-inline-css\">#default-btn-d8c5237c5fe76120b0f5003cd8542aa5 {\n  border-radius: 5px;\n  font-size: 18px;\n  line-height: 20px;\n}\n.btn-shadow#default-btn-d8c5237c5fe76120b0f5003cd8542aa5 {\n  box-shadow: 0 1px 6px rgba(0,0,0,0.12);\n  transition: box-shadow 0.2s ease-out, opacity 0.45s;\n}\n.btn-shadow#default-btn-d8c5237c5fe76120b0f5003cd8542aa5:hover {\n  box-shadow: 0 5px 11px 0 rgba(0,0,0,0.18), 0 4px 15px 0 rgba(0,0,0,0.15);\n}\n.btn-flat#default-btn-d8c5237c5fe76120b0f5003cd8542aa5 {\n  box-shadow: none;\n}\n.btn-flat#default-btn-d8c5237c5fe76120b0f5003cd8542aa5:hover {\n  box-shadow: none;\n}\n#default-btn-d8c5237c5fe76120b0f5003cd8542aa5.ico-right-side > i {\n  margin-right: 0px;\n  margin-left: 8px;\n}\n#default-btn-d8c5237c5fe76120b0f5003cd8542aa5 > i {\n  margin-right: 8px;\n  font-size: 25px;\n}\n#default-btn-d8c5237c5fe76120b0f5003cd8542aa5:not(:hover) {\n  border-width: 0px;\n  padding: 17px 24px 16px 24px;\n}\n#default-btn-d8c5237c5fe76120b0f5003cd8542aa5:hover {\n  border-width: 0px;\n  padding: 17px 24px 16px 24px;\n}\n#default-btn-d8c5237c5fe76120b0f5003cd8542aa5.ico-right-side > i {\n  margin-right: 0px;\n  margin-left: 8px;\n}\n#default-btn-d8c5237c5fe76120b0f5003cd8542aa5 > i {\n  margin-right: 8px;\n}\n<\/style><div class=\"btn-align-center\"><a href=\"https:\/\/jhstaal.com\/en\/datasheets\/\" class=\"default-btn-shortcode dt-btn link-hover-off btn-flat  vc_custom_1614268365676\" id=\"default-btn-d8c5237c5fe76120b0f5003cd8542aa5\" title=\"Datasheets\"><span>See our datasheets here<\/span><\/a><\/div>[vc_separator border_width=&#8221;3&#8243;]<div class=\"ult-spacer spacer-69e9ddd80a49b\" data-id=\"69e9ddd80a49b\" data-height=\"30\" data-height-mobile=\"30\" data-height-tab=\"30\" data-height-tab-portrait=\"30\" data-height-mobile-landscape=\"30\" style=\"clear:both;display:block;\"><\/div>[\/vc_column][\/vc_row][vc_row][vc_column]<div class=\"wf-container dt-gallery-container dt-photos-shortcode loading-effect-none iso-grid jg-container description-on-hover hover-style-two hover-fade content-align-centre\" data-padding=\"20px\" data-cur-page=\"1\" data-target-height=\"240px\"><div class=\"wf-cell\" data-post-id=\"6231\" data-date=\"2021-02-01T16:32:26+00:00\" data-name=\"JHStaal_2266_FilterTank\">\n<article class=\"post post-6231 attachment type-attachment status-inherit hentry no-img description-off\">\n\n\t<figure class=\"rollover-project links-hovers-disabled\">\n\t<a href=\"\/wp-content\/uploads\/2021\/02\/JHStaal_2266_FilterTank-scaled.jpg\" class=\"rollover rollover-zoom dt-pswp-item layzr-bg\" title=\"JHStaal_2266_FilterTank\" data-dt-img-description=\"\"  data-large_image_width=\"2560\" data-large_image_height = \"1441\" ><img fetchpriority=\"high\" decoding=\"async\" class=\"preload-me jgrid-lazy-load aspect\" src=\"data:image\/svg+xml,%3Csvg%20xmlns%3D&#39;http%3A%2F%2Fwww.w3.org%2F2000%2Fsvg&#39;%20viewBox%3D&#39;0%200%20554%20312&#39;%2F%3E\" data-src=\"\/wp-content\/uploads\/2021\/02\/JHStaal_2266_FilterTank-scaled-554x312.jpg\" data-srcset=\"\/wp-content\/uploads\/2021\/02\/JHStaal_2266_FilterTank-scaled-554x312.jpg 554w, \/wp-content\/uploads\/2021\/02\/JHStaal_2266_FilterTank-scaled-1108x624.jpg 1108w\" loading=\"eager\" style=\"--ratio: 554 \/ 312\" sizes=\"(max-width: 554px) 100vw, 554px\" alt=\"\" width=\"554\" height=\"312\"  \/><\/a>\t<\/figure>\n<\/article>\n\n<\/div><div class=\"wf-cell\" data-post-id=\"6236\" data-date=\"2021-02-01T16:32:32+00:00\" data-name=\"JHStaal_2266_WaterTank\">\n<article class=\"post post-6236 attachment type-attachment status-inherit hentry no-img description-off\">\n\n\t<figure class=\"rollover-project links-hovers-disabled\">\n\t<a href=\"\/wp-content\/uploads\/2021\/02\/JHStaal_2266_WaterTank-scaled.jpg\" class=\"rollover rollover-zoom dt-pswp-item layzr-bg\" title=\"JHStaal_2266_WaterTank\" data-dt-img-description=\"\"  data-large_image_width=\"2560\" data-large_image_height = \"1441\" ><img decoding=\"async\" class=\"preload-me jgrid-lazy-load aspect\" src=\"data:image\/svg+xml,%3Csvg%20xmlns%3D&#39;http%3A%2F%2Fwww.w3.org%2F2000%2Fsvg&#39;%20viewBox%3D&#39;0%200%20554%20312&#39;%2F%3E\" data-src=\"\/wp-content\/uploads\/2021\/02\/JHStaal_2266_WaterTank-scaled-554x312.jpg\" data-srcset=\"\/wp-content\/uploads\/2021\/02\/JHStaal_2266_WaterTank-scaled-554x312.jpg 554w, \/wp-content\/uploads\/2021\/02\/JHStaal_2266_WaterTank-scaled-1108x624.jpg 1108w\" loading=\"eager\" style=\"--ratio: 554 \/ 312\" sizes=\"(max-width: 554px) 100vw, 554px\" alt=\"\" width=\"554\" height=\"312\"  \/><\/a>\t<\/figure>\n<\/article>\n\n<\/div><div class=\"wf-cell\" data-post-id=\"6241\" data-date=\"2021-02-01T16:32:38+00:00\" data-name=\"JHStaal_2516_Vandtank\">\n<article class=\"post post-6241 attachment type-attachment status-inherit hentry no-img description-off\">\n\n\t<figure class=\"rollover-project links-hovers-disabled\">\n\t<a href=\"\/wp-content\/uploads\/2021\/02\/JHStaal_2516_Vandtank-scaled.jpg\" class=\"rollover rollover-zoom dt-pswp-item layzr-bg\" title=\"JHStaal_2516_Vandtank\" data-dt-img-description=\"\"  data-large_image_width=\"2560\" data-large_image_height = \"1920\" ><img decoding=\"async\" class=\"preload-me jgrid-lazy-load aspect\" src=\"data:image\/svg+xml,%3Csvg%20xmlns%3D&#39;http%3A%2F%2Fwww.w3.org%2F2000%2Fsvg&#39;%20viewBox%3D&#39;0%200%20554%20312&#39;%2F%3E\" data-src=\"\/wp-content\/uploads\/2021\/02\/JHStaal_2516_Vandtank-scaled-554x312.jpg\" data-srcset=\"\/wp-content\/uploads\/2021\/02\/JHStaal_2516_Vandtank-scaled-554x312.jpg 554w, \/wp-content\/uploads\/2021\/02\/JHStaal_2516_Vandtank-scaled-1108x624.jpg 1108w\" loading=\"eager\" style=\"--ratio: 554 \/ 312\" sizes=\"(max-width: 554px) 100vw, 554px\" alt=\"\" width=\"554\" height=\"312\"  \/><\/a>\t<\/figure>\n<\/article>\n\n<\/div><\/div>[\/vc_column][\/vc_row]<\/p>\n<\/div>","protected":false},"excerpt":{"rendered":"<p>[vc_row][vc_column][vc_single_image image=&#8221;4353&#8243; img_size=&#8221;full&#8221; alignment=&#8221;center&#8221;][\/vc_column][\/vc_row][vc_row][vc_column][vc_row_inner][vc_column_inner][vc_column_text] JH St\u00e5lindustri levererar m\u00e5nga olika typer av rostfria tankar f\u00f6r vattenverk. Bland annat tillverkar vi filtertankar, syres\u00e4ttningstankar, renvattentankar och mjukg\u00f6rande kolumner Dessutom har vi f\u00f6r st\u00f6rre vattenverk byggt sammanh\u00e4ngande system med stora buffertankar som kan s\u00e4kerst\u00e4lla kapacitet under perioder med st\u00f6rre toppbelastning. Vi kan d\u00e4rf\u00f6r ta hand om alla uppgifter i&hellip;<\/p>\n","protected":false},"author":10,"featured_media":0,"parent":4175,"menu_order":0,"comment_status":"closed","ping_status":"closed","template":"","meta":{"footnotes":""},"yoast_head":"<!-- This site is optimized with the Yoast SEO plugin v22.2 - https:\/\/yoast.com\/wordpress\/plugins\/seo\/ -->\n<title>Stora tankar f\u00f6r vattenverk - L\u00e4s mer p\u00e5 JH St\u00e5lindustri A\/S<\/title>\n<meta name=\"description\" content=\"JH St\u00e5lindustri tillverkar och levererar tankar till vattenverk. Inklusive speciella filtertankar, buffertankar och mjukg\u00f6rande pelare. Kontakta JH St\u00e5lindustri\" \/>\n<meta name=\"robots\" content=\"index, follow, max-snippet:-1, max-image-preview:large, max-video-preview:-1\" \/>\n<link rel=\"canonical\" href=\"https:\/\/jhstaal.com\/sv\/branscher\/vattenverk\/\" \/>\n<meta property=\"og:locale\" content=\"sv_SE\" \/>\n<meta property=\"og:type\" content=\"article\" \/>\n<meta property=\"og:title\" content=\"Stora tankar f\u00f6r vattenverk - L\u00e4s mer p\u00e5 JH St\u00e5lindustri A\/S\" \/>\n<meta property=\"og:description\" content=\"JH St\u00e5lindustri tillverkar och levererar tankar till vattenverk. Inklusive speciella filtertankar, buffertankar och mjukg\u00f6rande pelare. Kontakta JH St\u00e5lindustri\" \/>\n<meta property=\"og:url\" content=\"https:\/\/jhstaal.com\/sv\/branscher\/vattenverk\/\" \/>\n<meta property=\"og:site_name\" content=\"JH St&aring;lindustri A\/S\" \/>\n<meta property=\"article:modified_time\" content=\"2021-03-01T18:47:43+00:00\" \/>\n<meta name=\"twitter:card\" content=\"summary_large_image\" \/>\n<meta name=\"twitter:label1\" content=\"Ber\u00e4knad l\u00e4stid\" \/>\n\t<meta name=\"twitter:data1\" content=\"3 minuter\" \/>\n<script type=\"application\/ld+json\" class=\"yoast-schema-graph\">{\"@context\":\"https:\/\/schema.org\",\"@graph\":[{\"@type\":\"WebPage\",\"@id\":\"https:\/\/jhstaal.com\/sv\/branscher\/vattenverk\/\",\"url\":\"https:\/\/jhstaal.com\/sv\/branscher\/vattenverk\/\",\"name\":\"Stora tankar f\u00f6r vattenverk - L\u00e4s mer p\u00e5 JH St\u00e5lindustri A\/S\",\"isPartOf\":{\"@id\":\"https:\/\/jhstaal.dk\/nb\/#website\"},\"datePublished\":\"2020-12-10T13:31:10+00:00\",\"dateModified\":\"2021-03-01T18:47:43+00:00\",\"description\":\"JH St\u00e5lindustri tillverkar och levererar tankar till vattenverk. Inklusive speciella filtertankar, buffertankar och mjukg\u00f6rande pelare. Kontakta JH St\u00e5lindustri\",\"breadcrumb\":{\"@id\":\"https:\/\/jhstaal.com\/sv\/branscher\/vattenverk\/#breadcrumb\"},\"inLanguage\":\"sv-SE\",\"potentialAction\":[{\"@type\":\"ReadAction\",\"target\":[\"https:\/\/jhstaal.com\/sv\/branscher\/vattenverk\/\"]}]},{\"@type\":\"BreadcrumbList\",\"@id\":\"https:\/\/jhstaal.com\/sv\/branscher\/vattenverk\/#breadcrumb\",\"itemListElement\":[{\"@type\":\"ListItem\",\"position\":1,\"name\":\"Hjem\",\"item\":\"https:\/\/jhstaal.dk\/sv\/\"},{\"@type\":\"ListItem\",\"position\":2,\"name\":\"Branscher\",\"item\":\"https:\/\/jhstaal.dk\/sv\/branscher\/\"},{\"@type\":\"ListItem\",\"position\":3,\"name\":\"Vattenverk\"}]},{\"@type\":\"WebSite\",\"@id\":\"https:\/\/jhstaal.dk\/nb\/#website\",\"url\":\"https:\/\/jhstaal.dk\/nb\/\",\"name\":\"JH St&aring;lindustri A\/S\",\"description\":\"St&aring;ltanke\",\"publisher\":{\"@id\":\"https:\/\/jhstaal.dk\/nb\/#organization\"},\"potentialAction\":[{\"@type\":\"SearchAction\",\"target\":{\"@type\":\"EntryPoint\",\"urlTemplate\":\"https:\/\/jhstaal.dk\/nb\/?s={search_term_string}\"},\"query-input\":\"required name=search_term_string\"}],\"inLanguage\":\"sv-SE\"},{\"@type\":\"Organization\",\"@id\":\"https:\/\/jhstaal.dk\/nb\/#organization\",\"name\":\"JH St\u00e5lindustri A\/S\",\"url\":\"https:\/\/jhstaal.dk\/nb\/\",\"logo\":{\"@type\":\"ImageObject\",\"inLanguage\":\"sv-SE\",\"@id\":\"https:\/\/jhstaal.dk\/nb\/#\/schema\/logo\/image\/\",\"url\":\"\/wp-content\/uploads\/2016\/09\/JHstaal-LOGO-600px.jpg\",\"contentUrl\":\"\/wp-content\/uploads\/2016\/09\/JHstaal-LOGO-600px.jpg\",\"width\":600,\"height\":160,\"caption\":\"JH St\u00e5lindustri A\/S\"},\"image\":{\"@id\":\"https:\/\/jhstaal.dk\/nb\/#\/schema\/logo\/image\/\"}}]}<\/script>\n<!-- \/ Yoast SEO plugin. -->","yoast_head_json":{"title":"Stora tankar f\u00f6r vattenverk - L\u00e4s mer p\u00e5 JH St\u00e5lindustri A\/S","description":"JH St\u00e5lindustri tillverkar och levererar tankar till vattenverk. Inklusive speciella filtertankar, buffertankar och mjukg\u00f6rande pelare. Kontakta JH St\u00e5lindustri","robots":{"index":"index","follow":"follow","max-snippet":"max-snippet:-1","max-image-preview":"max-image-preview:large","max-video-preview":"max-video-preview:-1"},"canonical":"https:\/\/jhstaal.com\/sv\/branscher\/vattenverk\/","og_locale":"sv_SE","og_type":"article","og_title":"Stora tankar f\u00f6r vattenverk - L\u00e4s mer p\u00e5 JH St\u00e5lindustri A\/S","og_description":"JH St\u00e5lindustri tillverkar och levererar tankar till vattenverk. Inklusive speciella filtertankar, buffertankar och mjukg\u00f6rande pelare. Kontakta JH St\u00e5lindustri","og_url":"https:\/\/jhstaal.com\/sv\/branscher\/vattenverk\/","og_site_name":"JH St&aring;lindustri A\/S","article_modified_time":"2021-03-01T18:47:43+00:00","twitter_card":"summary_large_image","twitter_misc":{"Ber\u00e4knad l\u00e4stid":"3 minuter"},"schema":{"@context":"https:\/\/schema.org","@graph":[{"@type":"WebPage","@id":"https:\/\/jhstaal.com\/sv\/branscher\/vattenverk\/","url":"https:\/\/jhstaal.com\/sv\/branscher\/vattenverk\/","name":"Stora tankar f\u00f6r vattenverk - L\u00e4s mer p\u00e5 JH St\u00e5lindustri A\/S","isPartOf":{"@id":"https:\/\/jhstaal.dk\/nb\/#website"},"datePublished":"2020-12-10T13:31:10+00:00","dateModified":"2021-03-01T18:47:43+00:00","description":"JH St\u00e5lindustri tillverkar och levererar tankar till vattenverk. Inklusive speciella filtertankar, buffertankar och mjukg\u00f6rande pelare. Kontakta JH St\u00e5lindustri","breadcrumb":{"@id":"https:\/\/jhstaal.com\/sv\/branscher\/vattenverk\/#breadcrumb"},"inLanguage":"sv-SE","potentialAction":[{"@type":"ReadAction","target":["https:\/\/jhstaal.com\/sv\/branscher\/vattenverk\/"]}]},{"@type":"BreadcrumbList","@id":"https:\/\/jhstaal.com\/sv\/branscher\/vattenverk\/#breadcrumb","itemListElement":[{"@type":"ListItem","position":1,"name":"Hjem","item":"https:\/\/jhstaal.dk\/sv\/"},{"@type":"ListItem","position":2,"name":"Branscher","item":"https:\/\/jhstaal.dk\/sv\/branscher\/"},{"@type":"ListItem","position":3,"name":"Vattenverk"}]},{"@type":"WebSite","@id":"https:\/\/jhstaal.dk\/nb\/#website","url":"https:\/\/jhstaal.dk\/nb\/","name":"JH St&aring;lindustri A\/S","description":"St&aring;ltanke","publisher":{"@id":"https:\/\/jhstaal.dk\/nb\/#organization"},"potentialAction":[{"@type":"SearchAction","target":{"@type":"EntryPoint","urlTemplate":"https:\/\/jhstaal.dk\/nb\/?s={search_term_string}"},"query-input":"required name=search_term_string"}],"inLanguage":"sv-SE"},{"@type":"Organization","@id":"https:\/\/jhstaal.dk\/nb\/#organization","name":"JH St\u00e5lindustri A\/S","url":"https:\/\/jhstaal.dk\/nb\/","logo":{"@type":"ImageObject","inLanguage":"sv-SE","@id":"https:\/\/jhstaal.dk\/nb\/#\/schema\/logo\/image\/","url":"\/wp-content\/uploads\/2016\/09\/JHstaal-LOGO-600px.jpg","contentUrl":"\/wp-content\/uploads\/2016\/09\/JHstaal-LOGO-600px.jpg","width":600,"height":160,"caption":"JH St\u00e5lindustri A\/S"},"image":{"@id":"https:\/\/jhstaal.dk\/nb\/#\/schema\/logo\/image\/"}}]}},"_links":{"self":[{"href":"https:\/\/jhstaal.com\/sv\/wp-json\/wp\/v2\/pages\/4193"}],"collection":[{"href":"https:\/\/jhstaal.com\/sv\/wp-json\/wp\/v2\/pages"}],"about":[{"href":"https:\/\/jhstaal.com\/sv\/wp-json\/wp\/v2\/types\/page"}],"author":[{"embeddable":true,"href":"https:\/\/jhstaal.com\/sv\/wp-json\/wp\/v2\/users\/10"}],"replies":[{"embeddable":true,"href":"https:\/\/jhstaal.com\/sv\/wp-json\/wp\/v2\/comments?post=4193"}],"version-history":[{"count":3,"href":"https:\/\/jhstaal.com\/sv\/wp-json\/wp\/v2\/pages\/4193\/revisions"}],"predecessor-version":[{"id":7142,"href":"https:\/\/jhstaal.com\/sv\/wp-json\/wp\/v2\/pages\/4193\/revisions\/7142"}],"up":[{"embeddable":true,"href":"https:\/\/jhstaal.com\/sv\/wp-json\/wp\/v2\/pages\/4175"}],"wp:attachment":[{"href":"https:\/\/jhstaal.com\/sv\/wp-json\/wp\/v2\/media?parent=4193"}],"curies":[{"name":"wp","href":"https:\/\/api.w.org\/{rel}","templated":true}]}}