{"id":4196,"date":"2020-12-10T13:34:45","date_gmt":"2020-12-10T13:34:45","guid":{"rendered":"https:\/\/jhstaal.com\/kontakta\/"},"modified":"2026-03-17T11:08:29","modified_gmt":"2026-03-17T11:08:29","slug":"kontakta","status":"publish","type":"page","link":"https:\/\/jhstaal.com\/sv\/kontakta\/","title":{"rendered":"Kontakta"},"content":{"rendered":"<div class=\"wpb-content-wrapper\"><p>[vc_row][vc_column][vc_column_text css=&#8221;.vc_custom_1475473239501{margin-bottom: -15px !important;}&#8221;]<\/p>\n<h1 style=\"text-align: center;\">Kontakta oss<\/h1>\n<p>[\/vc_column_text][\/vc_column][\/vc_row][vc_row type=&#8221;vc_default&#8221; full_width=&#8221;stretch_row&#8221; equal_height=&#8221;yes&#8221; full_width_row=&#8221;true&#8221; bg_type=&#8221;bg_color&#8221;][vc_column width=&#8221;5\/12&#8243; offset=&#8221;vc_col-lg-offset-1 vc_col-md-offset-1 vc_col-sm-offset-1&#8243;]<div class=\"ult-just-icon-wrapper  \"><div class=\"align-icon\" style=\"text-align:center;\">\n<a class=\"aio-tooltip 69d6973cc7395\" href=\"tel:+4586479044\" title=\"Ring op\" target=\"_blank\" rel=\"nofollow noopener\"  data-toggle=\"tooltip\" data-placement=\"\"><div class=\"aio-icon circle \"  style=\"color:#ffffff;background:#0166af;font-size:50px;display:inline-block;\">\n\t<i class=\"Defaults-phone\"><\/i>\n<\/div><\/a><\/div><\/div>[vc_column_text]<\/p>\n<p style=\"text-align: center;\"><div class=\"gap\" style=\"line-height: 20px; height: 20px;\"><\/div>\n<h4 style=\"text-align: center;\"><a href=\"tel:+4586479044\">+45 86 47 90 44<\/a><\/h4>\n<p>[\/vc_column_text][\/vc_column][vc_column width=&#8221;5\/12&#8243;]<div class=\"ult-just-icon-wrapper  \"><div class=\"align-icon\" style=\"text-align:center;\">\n<a class=\"aio-tooltip 69d6973cc7416\" href=\"mailto:jhstaal@jhstaal.dk\" title=\"Send email til JH St\u00e5lindustri A\/S\"  data-toggle=\"tooltip\" data-placement=\"\"><div class=\"aio-icon circle \"  style=\"color:#ffffff;background:#0166af;font-size:50px;display:inline-block;\">\n\t<i class=\"Defaults-envelope-o\"><\/i>\n<\/div><\/a><\/div><\/div>[vc_column_text]<\/p>\n<p style=\"text-align: center;\"><div class=\"gap\" style=\"line-height: 20px; height: 20px;\"><\/div>\n<h4 style=\"text-align: center;\"><a href=\"mailto:jhstaal@jhstaal.dk\" target=\"_blank\" rel=\"noopener noreferrer\">jhstaal@jhstaal.dk<\/a><\/h4>\n<p>[\/vc_column_text][\/vc_column][\/vc_row][vc_row type=&#8221;vc_default&#8221; full_width=&#8221;stretch_row&#8221; equal_height=&#8221;yes&#8221; bg_type=&#8221;bg_color&#8221; css=&#8221;.vc_custom_1475056637497{background-color: #f9f9f9 !important;}&#8221; bg_color_value=&#8221;#f2f2f2&#8243;][vc_column width=&#8221;1\/2&#8243;][vc_column_text css=&#8221;.vc_custom_1534973721885{margin-bottom: -15px !important;padding-top: 25px !important;padding-right: 25px !important;padding-bottom: 31px !important;padding-left: 25px !important;background-color: #ffffff !important;}&#8221;]<\/p>\n<h3>JH St\u00e5lindustri A\/S<\/h3>\n<p>Industrivej 39<br \/>\n8981 Spentrup<br \/>\nDanmark<\/p>\n<p><strong>Tel.:<\/strong> <a href=\"tel:+45 86 47 90 44\" target=\"_blank\" rel=\"noopener noreferrer\">+45 86 47 90 44<\/a><br \/>\n<strong>Email:<\/strong> <a href=\"mailto:jhstaal@jhstaal.dk\" target=\"_blank\" rel=\"noopener noreferrer\">jhstaal@jhstaal.dk<\/a><br \/>\n<strong>LinkedIn:<\/strong> <a href=\"https:\/\/www.linkedin.com\/company\/jh-staal\/\" target=\"_blank\" rel=\"noopener noreferrer\">linkedin.com\/company\/jh-staal<\/a><br \/>\n<strong>\u00c5bningstider:<\/strong> Man\u2013Tors: 8-16 og Fredag: 8-13[\/vc_column_text][\/vc_column][vc_column width=&#8221;1\/2&#8243;][vc_gmaps link=&#8221;#E-8_JTNDaWZyYW1lJTIwc3JjJTNEJTIyaHR0cHMlM0ElMkYlMkZ3d3cuZ29vZ2xlLmNvbSUyRm1hcHMlMkZlbWJlZCUzRnBiJTNEJTIxMW0xOCUyMTFtMTIlMjExbTMlMjExZDIxOTkuNDY4MDgzNjUwMTYyNSUyMTJkMTAuMDMzNDYzODUyMTk3NDYlMjEzZDU2LjU0NTc5OTg4MDY3ODUyJTIxMm0zJTIxMWYwJTIxMmYwJTIxM2YwJTIxM20yJTIxMWkxMDI0JTIxMmk3NjglMjE0ZjEzLjElMjEzbTMlMjExbTIlMjExczB4NDY0ZWE4NzFjNGE0N2NmZCUyNTNBMHg4NjMyZDJmZDUyMWI5YjEzJTIxMnNKJTJCSCUyQlN0JTI1QzMlMjVBNWxpbmR1c3RyaSUyQkElMjUyRlMlMjE1ZTAlMjEzbTIlMjExc2RhJTIxMnNkayUyMTR2MTQ3NTAwOTI0ODI3NyUyMiUyMHdpZHRoJTNEJTIyNjAwJTIyJTIwaGVpZ2h0JTNEJTIyMjk0JTIyJTIwZnJhbWVib3JkZXIlM0QlMjIwJTIyJTIwc3R5bGUlM0QlMjJib3JkZXIlM0EwJTIyJTIwYWxsb3dmdWxsc2NyZWVuJTNFJTNDJTJGaWZyYW1lJTNF&#8221;][\/vc_column][\/vc_row][vc_row][vc_column width=&#8221;1\/6&#8243;][\/vc_column][vc_column width=&#8221;2\/3&#8243; offset=&#8221;vc_hidden-lg vc_hidden-md vc_hidden-sm vc_hidden-xs&#8221;][vc_column_text css=&#8221;.vc_custom_1477943621322{background-color: #ffffff !important;}&#8221;]<\/p>\n<h3>Skriv till oss<\/h3>\n<p>Du \u00e4r v\u00e4lkommen att anv\u00e4nda formul\u00e4ret nedan. Fyll i din kontaktinformation och ett meddelande om vad din f\u00f6rfr\u00e5gan handlar om.[\/vc_column_text]\n<div class=\"wpcf7 no-js\" id=\"wpcf7-f2369-o1\" lang=\"da-DK\" dir=\"ltr\">\n<div class=\"screen-reader-response\"><p role=\"status\" aria-live=\"polite\" aria-atomic=\"true\"><\/p> <ul><\/ul><\/div>\n<form action=\"\/sv\/wp-json\/wp\/v2\/pages\/4196#wpcf7-f2369-o1\" method=\"post\" class=\"wpcf7-form init\" aria-label=\"Kontaktformular\" novalidate=\"novalidate\" data-status=\"init\">\n<div style=\"display: none;\">\n<input type=\"hidden\" name=\"_wpcf7\" value=\"2369\" \/>\n<input type=\"hidden\" name=\"_wpcf7_version\" value=\"5.9.2\" \/>\n<input type=\"hidden\" name=\"_wpcf7_locale\" value=\"da_DK\" \/>\n<input type=\"hidden\" name=\"_wpcf7_unit_tag\" value=\"wpcf7-f2369-o1\" \/>\n<input type=\"hidden\" name=\"_wpcf7_container_post\" value=\"0\" \/>\n<input type=\"hidden\" name=\"_wpcf7_posted_data_hash\" value=\"\" \/>\n<input type=\"hidden\" name=\"_wpcf7_recaptcha_response\" value=\"\" \/>\n<\/div>\n<p><label> Dit navn (skal udfyldes)<br \/>\n<span class=\"wpcf7-form-control-wrap\" data-name=\"your-name\"><input size=\"40\" class=\"wpcf7-form-control wpcf7-text wpcf7-validates-as-required\" aria-required=\"true\" aria-invalid=\"false\" value=\"\" type=\"text\" name=\"your-name\" \/><\/span> <\/label>\n<\/p>\n<p><label> Din e-mail (skal udfyldes)<br \/>\n<span class=\"wpcf7-form-control-wrap\" data-name=\"your-email\"><input size=\"40\" class=\"wpcf7-form-control wpcf7-email wpcf7-validates-as-required wpcf7-text wpcf7-validates-as-email\" aria-required=\"true\" aria-invalid=\"false\" value=\"\" type=\"email\" name=\"your-email\" \/><\/span> <\/label>\n<\/p>\n<p><label> Emne<br \/>\n<span class=\"wpcf7-form-control-wrap\" data-name=\"your-subject\"><input size=\"40\" class=\"wpcf7-form-control wpcf7-text\" aria-invalid=\"false\" value=\"\" type=\"text\" name=\"your-subject\" \/><\/span> <\/label>\n<\/p>\n<p><label> Din besked<br \/>\n<span class=\"wpcf7-form-control-wrap\" data-name=\"your-message\"><textarea cols=\"40\" rows=\"10\" class=\"wpcf7-form-control wpcf7-textarea\" aria-invalid=\"false\" name=\"your-message\"><\/textarea><\/span> <\/label>\n<\/p>\n<p><input class=\"wpcf7-form-control wpcf7-submit has-spinner\" type=\"submit\" value=\"Send\" \/>\n<\/p><div class=\"wpcf7-response-output\" aria-hidden=\"true\"><\/div>\n<\/form>\n<\/div>\n<div class=\"ult-spacer spacer-69d6973cce540\" data-id=\"69d6973cce540\" data-height=\"20\" data-height-mobile=\"20\" data-height-tab=\"20\" data-height-tab-portrait=\"20\" data-height-mobile-landscape=\"20\" style=\"clear:both;display:block;\"><\/div>[\/vc_column][vc_column width=&#8221;1\/6&#8243;][\/vc_column][\/vc_row]<\/p>\n<\/div>","protected":false},"excerpt":{"rendered":"<p>[vc_row][vc_column][vc_column_text css=&#8221;.vc_custom_1475473239501{margin-bottom: -15px !important;}&#8221;] Kontakta oss [\/vc_column_text][\/vc_column][\/vc_row][vc_row type=&#8221;vc_default&#8221; full_width=&#8221;stretch_row&#8221; equal_height=&#8221;yes&#8221; full_width_row=&#8221;true&#8221; bg_type=&#8221;bg_color&#8221;][vc_column width=&#8221;5\/12&#8243; offset=&#8221;vc_col-lg-offset-1 vc_col-md-offset-1 vc_col-sm-offset-1&#8243;][vc_column_text] +45 86 47 90 44 [\/vc_column_text][\/vc_column][vc_column width=&#8221;5\/12&#8243;][vc_column_text] jhstaal@jhstaal.dk [\/vc_column_text][\/vc_column][\/vc_row][vc_row type=&#8221;vc_default&#8221; full_width=&#8221;stretch_row&#8221; equal_height=&#8221;yes&#8221; bg_type=&#8221;bg_color&#8221; css=&#8221;.vc_custom_1475056637497{background-color: #f9f9f9 !important;}&#8221; bg_color_value=&#8221;#f2f2f2&#8243;][vc_column width=&#8221;1\/2&#8243;][vc_column_text css=&#8221;.vc_custom_1534973721885{margin-bottom: -15px !important;padding-top: 25px !important;padding-right: 25px !important;padding-bottom: 31px !important;padding-left: 25px !important;background-color: #ffffff !important;}&#8221;] JH St\u00e5lindustri A\/S Industrivej 39 8981 Spentrup Danmark&hellip;<\/p>\n","protected":false},"author":10,"featured_media":0,"parent":0,"menu_order":0,"comment_status":"closed","ping_status":"closed","template":"","meta":{"footnotes":""},"yoast_head":"<!-- This site is optimized with the Yoast SEO plugin v22.2 - https:\/\/yoast.com\/wordpress\/plugins\/seo\/ -->\n<title>Kontakta oss f\u00f6r ett erbjudande - JH St\u00e5lindustri A\/S<\/title>\n<meta name=\"description\" content=\"Kontakta JH St\u00e5lindustri idag f\u00f6r ett icke-bindande erbjudande om rostfria tankar. Vi \u00e4r specialister p\u00e5 tankar f\u00f6r produktion och \u00e4r beredda att ge dig r\u00e5d.\" \/>\n<meta name=\"robots\" content=\"index, follow, max-snippet:-1, max-image-preview:large, max-video-preview:-1\" \/>\n<link rel=\"canonical\" href=\"https:\/\/jhstaal.com\/sv\/kontakta\/\" \/>\n<meta property=\"og:locale\" content=\"sv_SE\" \/>\n<meta property=\"og:type\" content=\"article\" \/>\n<meta property=\"og:title\" content=\"Kontakta oss f\u00f6r ett erbjudande - JH St\u00e5lindustri A\/S\" \/>\n<meta property=\"og:description\" content=\"Kontakta JH St\u00e5lindustri idag f\u00f6r ett icke-bindande erbjudande om rostfria tankar. Vi \u00e4r specialister p\u00e5 tankar f\u00f6r produktion och \u00e4r beredda att ge dig r\u00e5d.\" \/>\n<meta property=\"og:url\" content=\"https:\/\/jhstaal.com\/sv\/kontakta\/\" \/>\n<meta property=\"og:site_name\" content=\"JH St&aring;lindustri A\/S\" \/>\n<meta property=\"article:modified_time\" content=\"2026-03-17T11:08:29+00:00\" \/>\n<meta name=\"twitter:card\" content=\"summary_large_image\" \/>\n<meta name=\"twitter:label1\" content=\"Ber\u00e4knad l\u00e4stid\" \/>\n\t<meta name=\"twitter:data1\" content=\"2 minuter\" \/>\n<script type=\"application\/ld+json\" class=\"yoast-schema-graph\">{\"@context\":\"https:\/\/schema.org\",\"@graph\":[{\"@type\":\"WebPage\",\"@id\":\"https:\/\/jhstaal.com\/sv\/kontakta\/\",\"url\":\"https:\/\/jhstaal.com\/sv\/kontakta\/\",\"name\":\"Kontakta oss f\u00f6r ett erbjudande - JH St\u00e5lindustri A\/S\",\"isPartOf\":{\"@id\":\"https:\/\/jhstaal.dk\/#website\"},\"datePublished\":\"2020-12-10T13:34:45+00:00\",\"dateModified\":\"2026-03-17T11:08:29+00:00\",\"description\":\"Kontakta JH St\u00e5lindustri idag f\u00f6r ett icke-bindande erbjudande om rostfria tankar. Vi \u00e4r specialister p\u00e5 tankar f\u00f6r produktion och \u00e4r beredda att ge dig r\u00e5d.\",\"breadcrumb\":{\"@id\":\"https:\/\/jhstaal.com\/sv\/kontakta\/#breadcrumb\"},\"inLanguage\":\"sv-SE\",\"potentialAction\":[{\"@type\":\"ReadAction\",\"target\":[\"https:\/\/jhstaal.com\/sv\/kontakta\/\"]}]},{\"@type\":\"BreadcrumbList\",\"@id\":\"https:\/\/jhstaal.com\/sv\/kontakta\/#breadcrumb\",\"itemListElement\":[{\"@type\":\"ListItem\",\"position\":1,\"name\":\"Hjem\",\"item\":\"https:\/\/www.jhstaal.com\/sv\/\"},{\"@type\":\"ListItem\",\"position\":2,\"name\":\"Kontakta\"}]},{\"@type\":\"WebSite\",\"@id\":\"https:\/\/jhstaal.dk\/#website\",\"url\":\"https:\/\/jhstaal.dk\/\",\"name\":\"JH St&aring;lindustri A\/S\",\"description\":\"St&aring;ltanke\",\"publisher\":{\"@id\":\"https:\/\/jhstaal.dk\/#organization\"},\"potentialAction\":[{\"@type\":\"SearchAction\",\"target\":{\"@type\":\"EntryPoint\",\"urlTemplate\":\"https:\/\/jhstaal.dk\/?s={search_term_string}\"},\"query-input\":\"required name=search_term_string\"}],\"inLanguage\":\"sv-SE\"},{\"@type\":\"Organization\",\"@id\":\"https:\/\/jhstaal.dk\/#organization\",\"name\":\"JH St\u00e5lindustri A\/S\",\"url\":\"https:\/\/jhstaal.dk\/\",\"logo\":{\"@type\":\"ImageObject\",\"inLanguage\":\"sv-SE\",\"@id\":\"https:\/\/jhstaal.dk\/#\/schema\/logo\/image\/\",\"url\":\"\/wp-content\/uploads\/2016\/09\/JHstaal-LOGO-600px.jpg\",\"contentUrl\":\"\/wp-content\/uploads\/2016\/09\/JHstaal-LOGO-600px.jpg\",\"width\":600,\"height\":160,\"caption\":\"JH St\u00e5lindustri A\/S\"},\"image\":{\"@id\":\"https:\/\/jhstaal.dk\/#\/schema\/logo\/image\/\"}}]}<\/script>\n<!-- \/ Yoast SEO plugin. -->","yoast_head_json":{"title":"Kontakta oss f\u00f6r ett erbjudande - JH St\u00e5lindustri A\/S","description":"Kontakta JH St\u00e5lindustri idag f\u00f6r ett icke-bindande erbjudande om rostfria tankar. Vi \u00e4r specialister p\u00e5 tankar f\u00f6r produktion och \u00e4r beredda att ge dig r\u00e5d.","robots":{"index":"index","follow":"follow","max-snippet":"max-snippet:-1","max-image-preview":"max-image-preview:large","max-video-preview":"max-video-preview:-1"},"canonical":"https:\/\/jhstaal.com\/sv\/kontakta\/","og_locale":"sv_SE","og_type":"article","og_title":"Kontakta oss f\u00f6r ett erbjudande - JH St\u00e5lindustri A\/S","og_description":"Kontakta JH St\u00e5lindustri idag f\u00f6r ett icke-bindande erbjudande om rostfria tankar. Vi \u00e4r specialister p\u00e5 tankar f\u00f6r produktion och \u00e4r beredda att ge dig r\u00e5d.","og_url":"https:\/\/jhstaal.com\/sv\/kontakta\/","og_site_name":"JH St&aring;lindustri A\/S","article_modified_time":"2026-03-17T11:08:29+00:00","twitter_card":"summary_large_image","twitter_misc":{"Ber\u00e4knad l\u00e4stid":"2 minuter"},"schema":{"@context":"https:\/\/schema.org","@graph":[{"@type":"WebPage","@id":"https:\/\/jhstaal.com\/sv\/kontakta\/","url":"https:\/\/jhstaal.com\/sv\/kontakta\/","name":"Kontakta oss f\u00f6r ett erbjudande - JH St\u00e5lindustri A\/S","isPartOf":{"@id":"https:\/\/jhstaal.dk\/#website"},"datePublished":"2020-12-10T13:34:45+00:00","dateModified":"2026-03-17T11:08:29+00:00","description":"Kontakta JH St\u00e5lindustri idag f\u00f6r ett icke-bindande erbjudande om rostfria tankar. Vi \u00e4r specialister p\u00e5 tankar f\u00f6r produktion och \u00e4r beredda att ge dig r\u00e5d.","breadcrumb":{"@id":"https:\/\/jhstaal.com\/sv\/kontakta\/#breadcrumb"},"inLanguage":"sv-SE","potentialAction":[{"@type":"ReadAction","target":["https:\/\/jhstaal.com\/sv\/kontakta\/"]}]},{"@type":"BreadcrumbList","@id":"https:\/\/jhstaal.com\/sv\/kontakta\/#breadcrumb","itemListElement":[{"@type":"ListItem","position":1,"name":"Hjem","item":"https:\/\/www.jhstaal.com\/sv\/"},{"@type":"ListItem","position":2,"name":"Kontakta"}]},{"@type":"WebSite","@id":"https:\/\/jhstaal.dk\/#website","url":"https:\/\/jhstaal.dk\/","name":"JH St&aring;lindustri A\/S","description":"St&aring;ltanke","publisher":{"@id":"https:\/\/jhstaal.dk\/#organization"},"potentialAction":[{"@type":"SearchAction","target":{"@type":"EntryPoint","urlTemplate":"https:\/\/jhstaal.dk\/?s={search_term_string}"},"query-input":"required name=search_term_string"}],"inLanguage":"sv-SE"},{"@type":"Organization","@id":"https:\/\/jhstaal.dk\/#organization","name":"JH St\u00e5lindustri A\/S","url":"https:\/\/jhstaal.dk\/","logo":{"@type":"ImageObject","inLanguage":"sv-SE","@id":"https:\/\/jhstaal.dk\/#\/schema\/logo\/image\/","url":"\/wp-content\/uploads\/2016\/09\/JHstaal-LOGO-600px.jpg","contentUrl":"\/wp-content\/uploads\/2016\/09\/JHstaal-LOGO-600px.jpg","width":600,"height":160,"caption":"JH St\u00e5lindustri A\/S"},"image":{"@id":"https:\/\/jhstaal.dk\/#\/schema\/logo\/image\/"}}]}},"_links":{"self":[{"href":"https:\/\/jhstaal.com\/sv\/wp-json\/wp\/v2\/pages\/4196"}],"collection":[{"href":"https:\/\/jhstaal.com\/sv\/wp-json\/wp\/v2\/pages"}],"about":[{"href":"https:\/\/jhstaal.com\/sv\/wp-json\/wp\/v2\/types\/page"}],"author":[{"embeddable":true,"href":"https:\/\/jhstaal.com\/sv\/wp-json\/wp\/v2\/users\/10"}],"replies":[{"embeddable":true,"href":"https:\/\/jhstaal.com\/sv\/wp-json\/wp\/v2\/comments?post=4196"}],"version-history":[{"count":8,"href":"https:\/\/jhstaal.com\/sv\/wp-json\/wp\/v2\/pages\/4196\/revisions"}],"predecessor-version":[{"id":7294,"href":"https:\/\/jhstaal.com\/sv\/wp-json\/wp\/v2\/pages\/4196\/revisions\/7294"}],"wp:attachment":[{"href":"https:\/\/jhstaal.com\/sv\/wp-json\/wp\/v2\/media?parent=4196"}],"curies":[{"name":"wp","href":"https:\/\/api.w.org\/{rel}","templated":true}]}}