{"id":4201,"date":"2020-12-10T13:38:58","date_gmt":"2020-12-10T13:38:58","guid":{"rendered":"https:\/\/jhstaal.com\/kvalitetssaekring\/"},"modified":"2020-12-14T07:29:17","modified_gmt":"2020-12-14T07:29:17","slug":"kvalitetssaekring","status":"publish","type":"page","link":"https:\/\/jhstaal.com\/sv\/kvalitetssaekring\/","title":{"rendered":"Kvalitetss\u00e4kring"},"content":{"rendered":"<div class=\"wpb-content-wrapper\"><h1 style=\"text-align: center;\">Kvalitetss\u00e4kring<\/h1>\n<p>[vc_row type=&#8221;vc_default&#8221; full_width=&#8221;stretch_row&#8221; bg_type=&#8221;bg_color&#8221;][vc_column][vc_column_text]<\/p>\n<p>P\u00e5 JH St\u00e5lindustri \u00e4r vi experter p\u00e5 att leverera tankar av h\u00f6gsta kvalitet. Vi levererar till och med tankar med de mest komplicerade specifikationerna och de skarpaste kraven. V\u00e5r organisation \u00e4r tekniskt professionell och v\u00e5r kompetenta personal ser till att kundens tekniska och dokumentationskrav alltid uppfylls.<\/p>\n<div class=\"gap\" style=\"line-height: 20px; height: 20px;\"><\/div>\n<h3><span lang=\"sv\">St\u00e4ng dialog med kunden<\/span><\/h3>\n<div class=\"gap\" style=\"line-height: 20px; height: 20px;\"><\/div>\n<p>P\u00e5 JH St\u00e5lindustri A \/ S l\u00e4gger vi stor vikt p\u00e5 dialog med kunderna. Detta \u00e4r det viktigaste steget f\u00f6r att s\u00e4kerst\u00e4lla kvaliteten p\u00e5 den f\u00e4rdiga leveransen. Genom en n\u00e4ra och l\u00f6pande dialog anpassas och utvecklas produkten f\u00f6r att m\u00f6ta alla kundens \u00f6nskem\u00e5l. I denna konsultationsprocess anv\u00e4nder vi 3D-ritningar f\u00f6r att \u00f6ka den tekniska och visuella f\u00f6rst\u00e5elsen. Detta klarg\u00f6r ofta nya behov eller o\u00f6vertr\u00e4ffade utmaningar f\u00f6r kunden, som d\u00e4rmed kan anpassas till den f\u00e4rdiga l\u00f6sningen.<\/p>\n<div class=\"gap\" style=\"line-height: 20px; height: 20px;\"><\/div>\n<h3><span lang=\"sv\">Teknik<\/span><\/h3>\n<div class=\"gap\" style=\"line-height: 20px; height: 20px;\"><\/div>\n<p>N\u00e4r det g\u00e4ller sj\u00e4lva ber\u00e4kningen finns det m\u00e5nga saker att ta h\u00e4nsyn till. H\u00e4r gynnas v\u00e5ra kunder\u00a0 av v\u00e5r l\u00e5nga erfarenhet inom JH St\u00e5lindustri. Vi har den kompetens som kr\u00e4vs f\u00f6r att s\u00e4kerst\u00e4lla r\u00e4tt materialval samt v\u00e4gledning om anv\u00e4ndning av speciallegeringar och korrosionsbest\u00e4ndighet. Alla trycktankar ber\u00e4knas i enlighet med EN 13445. Krav st\u00e4lls ofta f\u00f6r livsl\u00e4ngdsber\u00e4kningar, som \u00e4r av avg\u00f6rande betydelse f\u00f6r korrekt val av huvudkomponenterna till tanken. Dessutom kan vi ber\u00e4kna den termiska mantelomr\u00e5det om det finns behov av att beh\u00e5lla eller \u00e4ndra temperaturen i en tank. Dessutom kan alla tankar levereras och vid behov ber\u00e4knas f\u00f6r korrekt isoleringstjocklek.<\/p>\n<div class=\"gap\" style=\"line-height: 20px; height: 20px;\"><\/div>\n<h3><span lang=\"sv\">Hygienisk produktion<\/span><\/h3>\n<div class=\"gap\" style=\"line-height: 20px; height: 20px;\"><\/div>\n<p>P\u00e5 JH St\u00e5lindustri \u00e4r vi specialister p\u00e5 tillverkning av tankar f\u00f6r aseptisk produktion. Vi har m\u00e5nga \u00e5rs erfarenhet av leverans till livsmedelsindustrin och l\u00e4kemedelsindustrin. D\u00e4rf\u00f6r vet vi att tillverkning av tankar f\u00f6r milj\u00f6er d\u00e4r det finns mycket speciella f\u00f6rh\u00e5llanden kring reng\u00f6ring och korrosion, st\u00e4ller krav p\u00e5 teknisk kunskap och hantverkskvalitet fr\u00e5n b\u00f6rjan till slut. Vi har n\u00f6dv\u00e4ndiga maskiner och kompetenser f\u00f6r att s\u00e4kerst\u00e4lla korrekta ytor f\u00f6r effektiv reng\u00f6ring. Med v\u00e5r m\u00e5ng\u00e5riga erfarenhet har vi dessutom stor teknisk expertis n\u00e4r det g\u00e4ller r\u00e5d och v\u00e4gledning om CIP, inklusive design, placering och val av tv\u00e4ttkulor och turbiner, som alla i slut\u00e4ndan \u00e4r avg\u00f6rande f\u00f6r korrekt reng\u00f6ring. Vi erbjuder alltid att utf\u00f6ra ett riboflavin-test av den f\u00e4rdiga l\u00f6sningen s\u00e5 att vi kan demonstrera effektiv reng\u00f6ring.<\/p>\n<div class=\"gap\" style=\"line-height: 20px; height: 20px;\"><\/div>\n<h3><span lang=\"sv\">Transparent dokumentation<\/span><\/h3>\n<div class=\"gap\" style=\"line-height: 20px; height: 20px;\"><\/div>\n<p>F\u00f6r oss \u00e4r dokumentation ett nyckelord. Det \u00e4r avg\u00f6rande att dokumentationen \u00e4r sp\u00e5rbar och korrekt. Dessutom har vi utvecklat en detaljerad databas som h\u00e5ller reda p\u00e5 ritningsrevisioner, dellistor, materialcertifikat, svetscertifikat, svetsprocedurer och svetsloggar etc. Det \u00e4r en s\u00e4ker grund som s\u00e4kerst\u00e4ller att vi alltid \u00e4r 100% transparenta om v\u00e5ra processer. Den f\u00e4rdiga produkten levereras d\u00e4rf\u00f6r med full sp\u00e5rbarhet p\u00e5 ett logiskt och tydligt s\u00e4tt.<\/p>\n<div class=\"gap\" style=\"line-height: 20px; height: 20px;\"><\/div>\n<h3><span lang=\"sv\">Certifieringar och standarder<\/span><\/h3>\n<div class=\"gap\" style=\"line-height: 20px; height: 20px;\"><\/div>\n<p>F\u00f6r tryckbeh\u00e5llare ber\u00e4knar vi enligt EN 13445. Tryckl\u00f6sa tankar \u00e4r baserade p\u00e5 samma standard eller EN 1993-4 \/ EN 14015. V\u00e5ra smeder \u00e4r certifierade enligt EN ISO 9606-1 och EN ISO 14732. Vi har m\u00e5nga svetsf\u00f6rfaranden i EN ISO 15614-1 f\u00f6r flera legeringar, inklusive EN 1.4404 (316 l), EN 1.4539 (904L), EN 1.4462 (Duplex 2205), EN 1.4410 (Super Duplex 2507).<\/p>\n<p>&nbsp;<\/p>\n<p>&nbsp;<\/p>\n<\/div>","protected":false},"excerpt":{"rendered":"<p>Kvalitetss\u00e4kring [vc_row type=&#8221;vc_default&#8221; full_width=&#8221;stretch_row&#8221; bg_type=&#8221;bg_color&#8221;][vc_column][vc_column_text] P\u00e5 JH St\u00e5lindustri \u00e4r vi experter p\u00e5 att leverera tankar av h\u00f6gsta kvalitet. Vi levererar till och med tankar med de mest komplicerade specifikationerna och de skarpaste kraven. V\u00e5r organisation \u00e4r tekniskt professionell och v\u00e5r kompetenta personal ser till att kundens tekniska och dokumentationskrav alltid uppfylls. St\u00e4ng dialog med kunden&hellip;<\/p>\n","protected":false},"author":10,"featured_media":0,"parent":0,"menu_order":0,"comment_status":"closed","ping_status":"closed","template":"","meta":{"footnotes":""},"yoast_head":"<!-- This site is optimized with the Yoast SEO plugin v22.2 - https:\/\/yoast.com\/wordpress\/plugins\/seo\/ -->\n<title>Kvalitetss\u00e4kring &#8211; JH St&aring;lindustri A\/S<\/title>\n<meta name=\"robots\" content=\"index, follow, max-snippet:-1, max-image-preview:large, max-video-preview:-1\" \/>\n<link rel=\"canonical\" href=\"https:\/\/jhstaal.com\/sv\/kvalitetssaekring\/\" \/>\n<meta property=\"og:locale\" content=\"sv_SE\" \/>\n<meta property=\"og:type\" content=\"article\" \/>\n<meta property=\"og:title\" content=\"Kvalitetss\u00e4kring &#8211; JH St&aring;lindustri A\/S\" \/>\n<meta property=\"og:description\" content=\"Kvalitetss\u00e4kring [vc_row type=&#8221;vc_default&#8221; full_width=&#8221;stretch_row&#8221; bg_type=&#8221;bg_color&#8221;][vc_column][vc_column_text] P\u00e5 JH St\u00e5lindustri \u00e4r vi experter p\u00e5 att leverera tankar av h\u00f6gsta kvalitet. Vi levererar till och med tankar med de mest komplicerade specifikationerna och de skarpaste kraven. V\u00e5r organisation \u00e4r tekniskt professionell och v\u00e5r kompetenta personal ser till att kundens tekniska och dokumentationskrav alltid uppfylls. St\u00e4ng dialog med kunden&hellip;\" \/>\n<meta property=\"og:url\" content=\"https:\/\/jhstaal.com\/sv\/kvalitetssaekring\/\" \/>\n<meta property=\"og:site_name\" content=\"JH St&aring;lindustri A\/S\" \/>\n<meta property=\"article:modified_time\" content=\"2020-12-14T07:29:17+00:00\" \/>\n<meta name=\"twitter:card\" content=\"summary_large_image\" \/>\n<meta name=\"twitter:label1\" content=\"Ber\u00e4knad l\u00e4stid\" \/>\n\t<meta name=\"twitter:data1\" content=\"3 minuter\" \/>\n<script type=\"application\/ld+json\" class=\"yoast-schema-graph\">{\"@context\":\"https:\/\/schema.org\",\"@graph\":[{\"@type\":\"WebPage\",\"@id\":\"https:\/\/jhstaal.com\/sv\/kvalitetssaekring\/\",\"url\":\"https:\/\/jhstaal.com\/sv\/kvalitetssaekring\/\",\"name\":\"Kvalitetss\u00e4kring &#8211; JH St&aring;lindustri A\/S\",\"isPartOf\":{\"@id\":\"https:\/\/www.jhstaal.com\/sv\/#website\"},\"datePublished\":\"2020-12-10T13:38:58+00:00\",\"dateModified\":\"2020-12-14T07:29:17+00:00\",\"breadcrumb\":{\"@id\":\"https:\/\/jhstaal.com\/sv\/kvalitetssaekring\/#breadcrumb\"},\"inLanguage\":\"sv-SE\",\"potentialAction\":[{\"@type\":\"ReadAction\",\"target\":[\"https:\/\/jhstaal.com\/sv\/kvalitetssaekring\/\"]}]},{\"@type\":\"BreadcrumbList\",\"@id\":\"https:\/\/jhstaal.com\/sv\/kvalitetssaekring\/#breadcrumb\",\"itemListElement\":[{\"@type\":\"ListItem\",\"position\":1,\"name\":\"Hjem\",\"item\":\"https:\/\/www.jhstaal.dk\/sv\/\"},{\"@type\":\"ListItem\",\"position\":2,\"name\":\"Kvalitetss\u00e4kring\"}]},{\"@type\":\"WebSite\",\"@id\":\"https:\/\/www.jhstaal.com\/sv\/#website\",\"url\":\"https:\/\/www.jhstaal.com\/sv\/\",\"name\":\"JH St&aring;lindustri A\/S\",\"description\":\"St&aring;ltanke\",\"publisher\":{\"@id\":\"https:\/\/www.jhstaal.com\/sv\/#organization\"},\"potentialAction\":[{\"@type\":\"SearchAction\",\"target\":{\"@type\":\"EntryPoint\",\"urlTemplate\":\"https:\/\/www.jhstaal.com\/sv\/?s={search_term_string}\"},\"query-input\":\"required name=search_term_string\"}],\"inLanguage\":\"sv-SE\"},{\"@type\":\"Organization\",\"@id\":\"https:\/\/www.jhstaal.com\/sv\/#organization\",\"name\":\"JH St\u00e5lindustri A\/S\",\"url\":\"https:\/\/www.jhstaal.com\/sv\/\",\"logo\":{\"@type\":\"ImageObject\",\"inLanguage\":\"sv-SE\",\"@id\":\"https:\/\/www.jhstaal.com\/sv\/#\/schema\/logo\/image\/\",\"url\":\"\/wp-content\/uploads\/2016\/09\/JHstaal-LOGO-600px.jpg\",\"contentUrl\":\"\/wp-content\/uploads\/2016\/09\/JHstaal-LOGO-600px.jpg\",\"width\":600,\"height\":160,\"caption\":\"JH St\u00e5lindustri A\/S\"},\"image\":{\"@id\":\"https:\/\/www.jhstaal.com\/sv\/#\/schema\/logo\/image\/\"}}]}<\/script>\n<!-- \/ Yoast SEO plugin. -->","yoast_head_json":{"title":"Kvalitetss\u00e4kring &#8211; JH St&aring;lindustri A\/S","robots":{"index":"index","follow":"follow","max-snippet":"max-snippet:-1","max-image-preview":"max-image-preview:large","max-video-preview":"max-video-preview:-1"},"canonical":"https:\/\/jhstaal.com\/sv\/kvalitetssaekring\/","og_locale":"sv_SE","og_type":"article","og_title":"Kvalitetss\u00e4kring &#8211; JH St&aring;lindustri A\/S","og_description":"Kvalitetss\u00e4kring [vc_row type=&#8221;vc_default&#8221; full_width=&#8221;stretch_row&#8221; bg_type=&#8221;bg_color&#8221;][vc_column][vc_column_text] P\u00e5 JH St\u00e5lindustri \u00e4r vi experter p\u00e5 att leverera tankar av h\u00f6gsta kvalitet. Vi levererar till och med tankar med de mest komplicerade specifikationerna och de skarpaste kraven. V\u00e5r organisation \u00e4r tekniskt professionell och v\u00e5r kompetenta personal ser till att kundens tekniska och dokumentationskrav alltid uppfylls. St\u00e4ng dialog med kunden&hellip;","og_url":"https:\/\/jhstaal.com\/sv\/kvalitetssaekring\/","og_site_name":"JH St&aring;lindustri A\/S","article_modified_time":"2020-12-14T07:29:17+00:00","twitter_card":"summary_large_image","twitter_misc":{"Ber\u00e4knad l\u00e4stid":"3 minuter"},"schema":{"@context":"https:\/\/schema.org","@graph":[{"@type":"WebPage","@id":"https:\/\/jhstaal.com\/sv\/kvalitetssaekring\/","url":"https:\/\/jhstaal.com\/sv\/kvalitetssaekring\/","name":"Kvalitetss\u00e4kring &#8211; JH St&aring;lindustri A\/S","isPartOf":{"@id":"https:\/\/www.jhstaal.com\/sv\/#website"},"datePublished":"2020-12-10T13:38:58+00:00","dateModified":"2020-12-14T07:29:17+00:00","breadcrumb":{"@id":"https:\/\/jhstaal.com\/sv\/kvalitetssaekring\/#breadcrumb"},"inLanguage":"sv-SE","potentialAction":[{"@type":"ReadAction","target":["https:\/\/jhstaal.com\/sv\/kvalitetssaekring\/"]}]},{"@type":"BreadcrumbList","@id":"https:\/\/jhstaal.com\/sv\/kvalitetssaekring\/#breadcrumb","itemListElement":[{"@type":"ListItem","position":1,"name":"Hjem","item":"https:\/\/www.jhstaal.dk\/sv\/"},{"@type":"ListItem","position":2,"name":"Kvalitetss\u00e4kring"}]},{"@type":"WebSite","@id":"https:\/\/www.jhstaal.com\/sv\/#website","url":"https:\/\/www.jhstaal.com\/sv\/","name":"JH St&aring;lindustri A\/S","description":"St&aring;ltanke","publisher":{"@id":"https:\/\/www.jhstaal.com\/sv\/#organization"},"potentialAction":[{"@type":"SearchAction","target":{"@type":"EntryPoint","urlTemplate":"https:\/\/www.jhstaal.com\/sv\/?s={search_term_string}"},"query-input":"required name=search_term_string"}],"inLanguage":"sv-SE"},{"@type":"Organization","@id":"https:\/\/www.jhstaal.com\/sv\/#organization","name":"JH St\u00e5lindustri A\/S","url":"https:\/\/www.jhstaal.com\/sv\/","logo":{"@type":"ImageObject","inLanguage":"sv-SE","@id":"https:\/\/www.jhstaal.com\/sv\/#\/schema\/logo\/image\/","url":"\/wp-content\/uploads\/2016\/09\/JHstaal-LOGO-600px.jpg","contentUrl":"\/wp-content\/uploads\/2016\/09\/JHstaal-LOGO-600px.jpg","width":600,"height":160,"caption":"JH St\u00e5lindustri A\/S"},"image":{"@id":"https:\/\/www.jhstaal.com\/sv\/#\/schema\/logo\/image\/"}}]}},"_links":{"self":[{"href":"https:\/\/jhstaal.com\/sv\/wp-json\/wp\/v2\/pages\/4201"}],"collection":[{"href":"https:\/\/jhstaal.com\/sv\/wp-json\/wp\/v2\/pages"}],"about":[{"href":"https:\/\/jhstaal.com\/sv\/wp-json\/wp\/v2\/types\/page"}],"author":[{"embeddable":true,"href":"https:\/\/jhstaal.com\/sv\/wp-json\/wp\/v2\/users\/10"}],"replies":[{"embeddable":true,"href":"https:\/\/jhstaal.com\/sv\/wp-json\/wp\/v2\/comments?post=4201"}],"version-history":[{"count":0,"href":"https:\/\/jhstaal.com\/sv\/wp-json\/wp\/v2\/pages\/4201\/revisions"}],"wp:attachment":[{"href":"https:\/\/jhstaal.com\/sv\/wp-json\/wp\/v2\/media?parent=4201"}],"curies":[{"name":"wp","href":"https:\/\/api.w.org\/{rel}","templated":true}]}}