{"id":4235,"date":"2020-12-10T13:40:58","date_gmt":"2020-12-10T13:40:58","guid":{"rendered":"https:\/\/jhstaal.com\/produkter\/"},"modified":"2021-02-02T12:45:03","modified_gmt":"2021-02-02T12:45:03","slug":"produkter","status":"publish","type":"page","link":"https:\/\/jhstaal.com\/sv\/produkter\/","title":{"rendered":"Produkter"},"content":{"rendered":"<div class=\"wpb-content-wrapper\"><p>[vc_row][vc_column]<div class=\"gap\" style=\"line-height: 20px; height: 20px;\"><\/div><div class=\"gap\" style=\"line-height: 20px; height: 20px;\"><\/div>[\/vc_column][\/vc_row][vc_row type=&#8221;vc_default&#8221; full_width=&#8221;stretch_row&#8221; equal_height=&#8221;yes&#8221; bg_type=&#8221;bg_color&#8221; css=&#8221;.vc_custom_1567534493288{margin-right: 4px !important;margin-bottom: -5px !important;margin-left: 4px !important;}&#8221; bg_color_value=&#8221;#303030&#8243;][vc_column][vc_row_inner css=&#8221;.vc_custom_1504639140776{margin-bottom: 20px !important;}&#8221;][vc_column_inner css=&#8221;.vc_custom_1504639209951{margin-bottom: 10px !important;}&#8221;][vc_column_text]<\/p>\n<p>[\/vc_column_text][\/vc_column_inner][\/vc_row_inner][vc_row_inner equal_height=&#8221;yes&#8221; content_placement=&#8221;top&#8221; gap=&#8221;15&#8243;][vc_column_inner width=&#8221;1\/3&#8243;][vc_single_image image=&#8221;6375&#8243; img_size=&#8221;600&#215;333&#8243; alignment=&#8221;center&#8221; style=&#8221;vc_box_border&#8221; border_color=&#8221;black&#8221; onclick=&#8221;custom_link&#8221; css_animation=&#8221;none&#8221; link=&#8221;\/sv\/produkter\/rostfria-processtankar\/&#8221; css=&#8221;.vc_custom_1612269040204{margin-top: -35px !important;margin-bottom: 10px !important;}&#8221;]<span id=\"creative-link-wrap-5189\" class=\"ult_main_cl ult-adjust-bottom-margin  \" >\n\t \t\t\t<span class=\"ult_cl_link_6  ult_crlink\" >\n\t\t\t\t\t<a  data-ultimate-target='#creative-link-wrap-5189 .ult_colorlink'  data-responsive-json-new='{\"font-size\":\"\",\"line-height\":\"\"}'  href=\"\/sv\/produkter\/rostfria-processtankar\/\" title=\"L\u00e4s mer om rostfria processtankar\"  class=\"ult_colorlink ult-responsive  vc_custom_1607931521844\" style=\"font-weight:normal;color:#afafaf; \"  data-textcolor=\"#f2f2f2\" data-texthover=\"#afafaf\"data-style=\"Style_6\">\n\t\t\t\t\t\t\n\t\t\t\t\t\t<span data-hover=\"Rostfria processtankar\" style=\"color:#f2f2f2;;;\" class=\"ult_btn10_span   \">Rostfria processtankar<\/span>\n\t\t\t\t\t\t<span class=\"ult_btn6_link_top \" data-color=\"#afafaf\">\u2022<\/span>\n\t\t\t\t\t<\/a>\n\t\t\t\t<\/span>\n\t\t\t<\/span>[\/vc_column_inner][vc_column_inner width=&#8221;1\/3&#8243;][vc_single_image image=&#8221;6086&#8243; img_size=&#8221;600&#215;333&#8243; alignment=&#8221;center&#8221; style=&#8221;vc_box_border&#8221; border_color=&#8221;black&#8221; onclick=&#8221;custom_link&#8221; css_animation=&#8221;none&#8221; link=&#8221;\/sv\/produkter\/rostfri-trycktankar\/&#8221; css=&#8221;.vc_custom_1612269135545{margin-top: -35px !important;margin-bottom: 10px !important;}&#8221;]<span id=\"creative-link-wrap-8158\" class=\"ult_main_cl ult-adjust-bottom-margin  \" >\n\t \t\t\t<span class=\"ult_cl_link_6  ult_crlink\" >\n\t\t\t\t\t<a  data-ultimate-target='#creative-link-wrap-8158 .ult_colorlink'  data-responsive-json-new='{\"font-size\":\"\",\"line-height\":\"\"}'  href=\"\/sv\/produkter\/rostfri-trycktankar\/\" title=\"L\u00e4s mer om rostfria trycktankar\"  class=\"ult_colorlink ult-responsive \" style=\"font-weight:normal;color:#afafaf; \"  data-textcolor=\"#f2f2f2\" data-texthover=\"#afafaf\"data-style=\"Style_6\">\n\t\t\t\t\t\t\n\t\t\t\t\t\t<span data-hover=\"Rostfria trycktankar\" style=\"color:#f2f2f2;;;\" class=\"ult_btn10_span   \">Rostfria trycktankar<\/span>\n\t\t\t\t\t\t<span class=\"ult_btn6_link_top \" data-color=\"#afafaf\">\u2022<\/span>\n\t\t\t\t\t<\/a>\n\t\t\t\t<\/span>\n\t\t\t<\/span>[\/vc_column_inner][vc_column_inner width=&#8221;1\/3&#8243;][vc_single_image image=&#8221;6333&#8243; img_size=&#8221;600&#215;333&#8243; alignment=&#8221;center&#8221; style=&#8221;vc_box_border&#8221; border_color=&#8221;black&#8221; onclick=&#8221;custom_link&#8221; css_animation=&#8221;none&#8221; link=&#8221;\/sv\/produkter\/rostfria-silotankar\/&#8221; css=&#8221;.vc_custom_1612269463847{margin-top: -35px !important;margin-bottom: 10px !important;}&#8221;]<span id=\"creative-link-wrap-9293\" class=\"ult_main_cl ult-adjust-bottom-margin  \" >\n\t \t\t\t<span class=\"ult_cl_link_6  ult_crlink\" >\n\t\t\t\t\t<a  data-ultimate-target='#creative-link-wrap-9293 .ult_colorlink'  data-responsive-json-new='{\"font-size\":\"\",\"line-height\":\"\"}'  href=\"\/sv\/produkter\/rostfria-silotankar\/\" title=\"L\u00e4s mer om rostfria solitankar\"  class=\"ult_colorlink ult-responsive \" style=\"font-weight:normal;color:#afafaf; \"  data-textcolor=\"#f2f2f2\" data-texthover=\"#afafaf\"data-style=\"Style_6\">\n\t\t\t\t\t\t\n\t\t\t\t\t\t<span data-hover=\"Rostfria silotankar\" style=\"color:#f2f2f2;;;\" class=\"ult_btn10_span   \">Rostfria silotankar<\/span>\n\t\t\t\t\t\t<span class=\"ult_btn6_link_top \" data-color=\"#afafaf\">\u2022<\/span>\n\t\t\t\t\t<\/a>\n\t\t\t\t<\/span>\n\t\t\t<\/span>[\/vc_column_inner][\/vc_row_inner][vc_row_inner equal_height=&#8221;yes&#8221; content_placement=&#8221;top&#8221; gap=&#8221;15&#8243;][vc_column_inner width=&#8221;1\/3&#8243;][vc_single_image image=&#8221;6574&#8243; img_size=&#8221;600&#215;333&#8243; alignment=&#8221;center&#8221; style=&#8221;vc_box_border&#8221; border_color=&#8221;black&#8221; onclick=&#8221;custom_link&#8221; css_animation=&#8221;none&#8221; link=&#8221;\/sv\/produkter\/rostfria-mobile-tankar\/&#8221; css=&#8221;.vc_custom_1612269647447{margin-top: -35px !important;margin-bottom: 10px !important;}&#8221;]<span id=\"creative-link-wrap-4752\" class=\"ult_main_cl ult-adjust-bottom-margin  \" >\n\t \t\t\t<span class=\"ult_cl_link_6  ult_crlink\" >\n\t\t\t\t\t<a  data-ultimate-target='#creative-link-wrap-4752 .ult_colorlink'  data-responsive-json-new='{\"font-size\":\"\",\"line-height\":\"\"}'  href=\"\/sv\/produkter\/rostfria-mobile-tankar\/\" title=\"L\u00e4s mer om rostfria mobile tankar\"  class=\"ult_colorlink ult-responsive  vc_custom_1607932613262\" style=\"font-weight:normal;color:#afafaf; \"  data-textcolor=\"#f2f2f2\" data-texthover=\"#afafaf\"data-style=\"Style_6\">\n\t\t\t\t\t\t\n\t\t\t\t\t\t<span data-hover=\"Rostfria mobile tankar\" style=\"color:#f2f2f2;;;\" class=\"ult_btn10_span   \">Rostfria mobile tankar<\/span>\n\t\t\t\t\t\t<span class=\"ult_btn6_link_top \" data-color=\"#afafaf\">\u2022<\/span>\n\t\t\t\t\t<\/a>\n\t\t\t\t<\/span>\n\t\t\t<\/span>[\/vc_column_inner][vc_column_inner width=&#8221;1\/3&#8243;][vc_single_image image=&#8221;2395&#8243; img_size=&#8221;full&#8221; alignment=&#8221;center&#8221; style=&#8221;vc_box_border&#8221; border_color=&#8221;black&#8221; onclick=&#8221;custom_link&#8221; css_animation=&#8221;none&#8221; link=&#8221;\/sv\/produkter\/rostfria-omroerare\/&#8221; css=&#8221;.vc_custom_1607932625239{margin-top: -35px !important;margin-bottom: 10px !important;}&#8221;]<span id=\"creative-link-wrap-8445\" class=\"ult_main_cl ult-adjust-bottom-margin  \" >\n\t \t\t\t<span class=\"ult_cl_link_6  ult_crlink\" >\n\t\t\t\t\t<a  data-ultimate-target='#creative-link-wrap-8445 .ult_colorlink'  data-responsive-json-new='{\"font-size\":\"\",\"line-height\":\"\"}'  href=\"\/sv\/produkter\/rostfria-omroerare\/\" title=\"L\u00e4s mer om rostfria om\u00f6rare\"  class=\"ult_colorlink ult-responsive  vc_custom_1607932633408\" style=\"font-weight:normal;color:#afafaf; \"  data-textcolor=\"#f2f2f2\" data-texthover=\"#afafaf\"data-style=\"Style_6\">\n\t\t\t\t\t\t\n\t\t\t\t\t\t<span data-hover=\"Rostfria omr\u00f6rare\" style=\"color:#f2f2f2;;;\" class=\"ult_btn10_span   \">Rostfria omr\u00f6rare<\/span>\n\t\t\t\t\t\t<span class=\"ult_btn6_link_top \" data-color=\"#afafaf\">\u2022<\/span>\n\t\t\t\t\t<\/a>\n\t\t\t\t<\/span>\n\t\t\t<\/span>[\/vc_column_inner][vc_column_inner width=&#8221;1\/3&#8243;][vc_single_image image=&#8221;6771&#8243; img_size=&#8221;600&#215;333&#8243; alignment=&#8221;center&#8221; style=&#8221;vc_box_border&#8221; border_color=&#8221;black&#8221; onclick=&#8221;custom_link&#8221; css_animation=&#8221;none&#8221; link=&#8221;\/sv\/produkter\/rostfria-blandningstankar\/&#8221; css=&#8221;.vc_custom_1612269593415{margin-top: -35px !important;margin-bottom: 10px !important;background-color: #f9f9f9 !important;}&#8221;]<span id=\"creative-link-wrap-1133\" class=\"ult_main_cl ult-adjust-bottom-margin  \" >\n\t \t\t\t<span class=\"ult_cl_link_6  ult_crlink\" >\n\t\t\t\t\t<a  data-ultimate-target='#creative-link-wrap-1133 .ult_colorlink'  data-responsive-json-new='{\"font-size\":\"\",\"line-height\":\"\"}'  href=\"\/sv\/produkter\/rostfria-blandningstankar\/\" title=\"L\u00e4s mer om rostfria blandningstankar\"  class=\"ult_colorlink ult-responsive  vc_custom_1607932661227\" style=\"font-weight:normal;color:#afafaf; \"  data-textcolor=\"#f2f2f2\" data-texthover=\"#afafaf\"data-style=\"Style_6\">\n\t\t\t\t\t\t\n\t\t\t\t\t\t<span data-hover=\"Rostfria blandningstankar\" style=\"color:#f2f2f2;;;\" class=\"ult_btn10_span   \">Rostfria blandningstankar<\/span>\n\t\t\t\t\t\t<span class=\"ult_btn6_link_top \" data-color=\"#afafaf\">\u2022<\/span>\n\t\t\t\t\t<\/a>\n\t\t\t\t<\/span>\n\t\t\t<\/span>[\/vc_column_inner][\/vc_row_inner][vc_row_inner equal_height=&#8221;yes&#8221; content_placement=&#8221;top&#8221; gap=&#8221;15&#8243;][vc_column_inner width=&#8221;1\/3&#8243; css=&#8221;.vc_custom_1504638838341{margin-right: 0px !important;margin-left: 0px !important;}&#8221;][vc_single_image image=&#8221;6813&#8243; img_size=&#8221;600&#215;333&#8243; alignment=&#8221;center&#8221; style=&#8221;vc_box_border&#8221; border_color=&#8221;black&#8221; onclick=&#8221;custom_link&#8221; css_animation=&#8221;none&#8221; link=&#8221;\/sv\/produkter\/rostfria-buffertankar\/&#8221; css=&#8221;.vc_custom_1612269740513{margin-top: -35px !important;margin-bottom: 10px !important;}&#8221;]<span id=\"creative-link-wrap-6184\" class=\"ult_main_cl ult-adjust-bottom-margin  \" >\n\t \t\t\t<span class=\"ult_cl_link_6  ult_crlink\" >\n\t\t\t\t\t<a  data-ultimate-target='#creative-link-wrap-6184 .ult_colorlink'  data-responsive-json-new='{\"font-size\":\"\",\"line-height\":\"\"}'  href=\"\/sv\/produkter\/rostfria-buffertankar\/\" title=\"L\u00e4s mer om rostfria buffertankar\"  class=\"ult_colorlink ult-responsive  vc_custom_1607932680692\" style=\"font-weight:normal;color:#afafaf; \"  data-textcolor=\"#f2f2f2\" data-texthover=\"#afafaf\"data-style=\"Style_6\">\n\t\t\t\t\t\t\n\t\t\t\t\t\t<span data-hover=\"Rostfria buffertankar\" style=\"color:#f2f2f2;;;\" class=\"ult_btn10_span   \">Rostfria buffertankar<\/span>\n\t\t\t\t\t\t<span class=\"ult_btn6_link_top \" data-color=\"#afafaf\">\u2022<\/span>\n\t\t\t\t\t<\/a>\n\t\t\t\t<\/span>\n\t\t\t<\/span>[\/vc_column_inner][vc_column_inner width=&#8221;1\/3&#8243;][vc_single_image image=&#8221;2403&#8243; img_size=&#8221;full&#8221; alignment=&#8221;center&#8221; style=&#8221;vc_box_border&#8221; border_color=&#8221;black&#8221; onclick=&#8221;custom_link&#8221; css_animation=&#8221;none&#8221; link=&#8221;\/sv\/produkter\/skrapvaermevaexlare\/&#8221; css=&#8221;.vc_custom_1607932692836{margin-top: -35px !important;margin-bottom: 10px !important;}&#8221;]<span id=\"creative-link-wrap-5875\" class=\"ult_main_cl ult-adjust-bottom-margin  \" >\n\t \t\t\t<span class=\"ult_cl_link_6  ult_crlink\" >\n\t\t\t\t\t<a  data-ultimate-target='#creative-link-wrap-5875 .ult_colorlink'  data-responsive-json-new='{\"font-size\":\"\",\"line-height\":\"\"}'  href=\"\/sv\/produkter\/skrapvaermevaexlare\/\" title=\"L\u00e4s mer om skrapv\u00e4rmev\u00e4xlare\"  class=\"ult_colorlink ult-responsive  vc_custom_1607932701075\" style=\"font-weight:normal;color:#afafaf; \"  data-textcolor=\"#f2f2f2\" data-texthover=\"#afafaf\"data-style=\"Style_6\">\n\t\t\t\t\t\t\n\t\t\t\t\t\t<span data-hover=\"Skrapv\u00e4rmev\u00e4xlare\" style=\"color:#f2f2f2;;;\" class=\"ult_btn10_span   \">Skrapv\u00e4rmev\u00e4xlare<\/span>\n\t\t\t\t\t\t<span class=\"ult_btn6_link_top \" data-color=\"#afafaf\">\u2022<\/span>\n\t\t\t\t\t<\/a>\n\t\t\t\t<\/span>\n\t\t\t<\/span>[\/vc_column_inner][vc_column_inner width=&#8221;1\/3&#8243;][vc_single_image image=&#8221;6899&#8243; img_size=&#8221;600&#215;333&#8243; alignment=&#8221;center&#8221; style=&#8221;vc_box_border&#8221; border_color=&#8221;black&#8221; onclick=&#8221;custom_link&#8221; css_animation=&#8221;none&#8221; link=&#8221;\/sv\/produkter\/processenheter\/&#8221; css=&#8221;.vc_custom_1612269858222{margin-top: -35px !important;margin-bottom: 10px !important;}&#8221;]<span id=\"creative-link-wrap-7831\" class=\"ult_main_cl ult-adjust-bottom-margin  \" >\n\t \t\t\t<span class=\"ult_cl_link_6  ult_crlink\" >\n\t\t\t\t\t<a  data-ultimate-target='#creative-link-wrap-7831 .ult_colorlink'  data-responsive-json-new='{\"font-size\":\"\",\"line-height\":\"\"}'  href=\"\/sv\/produkter\/processenheter\/\" title=\"L\u00e4s mer om processenheter\"  class=\"ult_colorlink ult-responsive  vc_custom_1607932719169\" style=\"font-weight:normal;color:#afafaf; \"  data-textcolor=\"#f2f2f2\" data-texthover=\"#afafaf\"data-style=\"Style_6\">\n\t\t\t\t\t\t\n\t\t\t\t\t\t<span data-hover=\"Processenheter\" style=\"color:#f2f2f2;;;\" class=\"ult_btn10_span   \">Processenheter<\/span>\n\t\t\t\t\t\t<span class=\"ult_btn6_link_top \" data-color=\"#afafaf\">\u2022<\/span>\n\t\t\t\t\t<\/a>\n\t\t\t\t<\/span>\n\t\t\t<\/span>[\/vc_column_inner][\/vc_row_inner][\/vc_column][\/vc_row][vc_row type=&#8221;vc_default&#8221; full_width=&#8221;stretch_row&#8221; bg_type=&#8221;bg_color&#8221; css=&#8221;.vc_custom_1567534502158{margin-right: 4px !important;margin-left: 4px !important;}&#8221; bg_color_value=&#8221;#303030&#8243;][\/vc_row][vc_column][\/vc_column][vc_column_inner css=&#8221;.vc_custom_1504639209951{margin-bottom: 10px !important;}&#8221;][\/vc_column_inner]<\/p>\n<\/div>","protected":false},"excerpt":{"rendered":"<p>[vc_row][vc_column][\/vc_column][\/vc_row][vc_row type=&#8221;vc_default&#8221; full_width=&#8221;stretch_row&#8221; equal_height=&#8221;yes&#8221; bg_type=&#8221;bg_color&#8221; css=&#8221;.vc_custom_1567534493288{margin-right: 4px !important;margin-bottom: -5px !important;margin-left: 4px !important;}&#8221; bg_color_value=&#8221;#303030&#8243;][vc_column][vc_row_inner css=&#8221;.vc_custom_1504639140776{margin-bottom: 20px !important;}&#8221;][vc_column_inner css=&#8221;.vc_custom_1504639209951{margin-bottom: 10px !important;}&#8221;][vc_column_text] [\/vc_column_text][\/vc_column_inner][\/vc_row_inner][vc_row_inner equal_height=&#8221;yes&#8221; content_placement=&#8221;top&#8221; gap=&#8221;15&#8243;][vc_column_inner width=&#8221;1\/3&#8243;][vc_single_image image=&#8221;6375&#8243; img_size=&#8221;600&#215;333&#8243; alignment=&#8221;center&#8221; style=&#8221;vc_box_border&#8221; border_color=&#8221;black&#8221; onclick=&#8221;custom_link&#8221; css_animation=&#8221;none&#8221; link=&#8221;\/sv\/produkter\/rostfria-processtankar\/&#8221; css=&#8221;.vc_custom_1612269040204{margin-top: -35px !important;margin-bottom: 10px !important;}&#8221;][\/vc_column_inner][vc_column_inner width=&#8221;1\/3&#8243;][vc_single_image image=&#8221;6086&#8243; img_size=&#8221;600&#215;333&#8243; alignment=&#8221;center&#8221; style=&#8221;vc_box_border&#8221; border_color=&#8221;black&#8221; onclick=&#8221;custom_link&#8221; css_animation=&#8221;none&#8221; link=&#8221;\/sv\/produkter\/rostfri-trycktankar\/&#8221; css=&#8221;.vc_custom_1612269135545{margin-top: -35px !important;margin-bottom: 10px !important;}&#8221;][\/vc_column_inner][vc_column_inner width=&#8221;1\/3&#8243;][vc_single_image image=&#8221;6333&#8243; img_size=&#8221;600&#215;333&#8243; alignment=&#8221;center&#8221;&hellip;<\/p>\n","protected":false},"author":10,"featured_media":0,"parent":0,"menu_order":0,"comment_status":"closed","ping_status":"closed","template":"","meta":{"footnotes":""},"yoast_head":"<!-- This site is optimized with the Yoast SEO plugin v22.2 - https:\/\/yoast.com\/wordpress\/plugins\/seo\/ -->\n<title>Produkter &#8211; JH St&aring;lindustri A\/S<\/title>\n<meta name=\"robots\" content=\"index, follow, max-snippet:-1, max-image-preview:large, max-video-preview:-1\" \/>\n<link rel=\"canonical\" href=\"https:\/\/jhstaal.com\/sv\/produkter\/\" \/>\n<meta property=\"og:locale\" content=\"sv_SE\" \/>\n<meta property=\"og:type\" content=\"article\" \/>\n<meta property=\"og:title\" content=\"Produkter &#8211; JH St&aring;lindustri A\/S\" \/>\n<meta property=\"og:description\" content=\"[vc_row][vc_column][\/vc_column][\/vc_row][vc_row type=&#8221;vc_default&#8221; full_width=&#8221;stretch_row&#8221; equal_height=&#8221;yes&#8221; bg_type=&#8221;bg_color&#8221; css=&#8221;.vc_custom_1567534493288{margin-right: 4px !important;margin-bottom: -5px !important;margin-left: 4px !important;}&#8221; bg_color_value=&#8221;#303030&#8243;][vc_column][vc_row_inner css=&#8221;.vc_custom_1504639140776{margin-bottom: 20px !important;}&#8221;][vc_column_inner css=&#8221;.vc_custom_1504639209951{margin-bottom: 10px !important;}&#8221;][vc_column_text] [\/vc_column_text][\/vc_column_inner][\/vc_row_inner][vc_row_inner equal_height=&#8221;yes&#8221; content_placement=&#8221;top&#8221; gap=&#8221;15&#8243;][vc_column_inner width=&#8221;1\/3&#8243;][vc_single_image image=&#8221;6375&#8243; img_size=&#8221;600&#215;333&#8243; alignment=&#8221;center&#8221; style=&#8221;vc_box_border&#8221; border_color=&#8221;black&#8221; onclick=&#8221;custom_link&#8221; css_animation=&#8221;none&#8221; link=&#8221;\/sv\/produkter\/rostfria-processtankar\/&#8221; css=&#8221;.vc_custom_1612269040204{margin-top: -35px !important;margin-bottom: 10px !important;}&#8221;][\/vc_column_inner][vc_column_inner width=&#8221;1\/3&#8243;][vc_single_image image=&#8221;6086&#8243; img_size=&#8221;600&#215;333&#8243; alignment=&#8221;center&#8221; style=&#8221;vc_box_border&#8221; border_color=&#8221;black&#8221; onclick=&#8221;custom_link&#8221; css_animation=&#8221;none&#8221; link=&#8221;\/sv\/produkter\/rostfri-trycktankar\/&#8221; css=&#8221;.vc_custom_1612269135545{margin-top: -35px !important;margin-bottom: 10px !important;}&#8221;][\/vc_column_inner][vc_column_inner width=&#8221;1\/3&#8243;][vc_single_image image=&#8221;6333&#8243; img_size=&#8221;600&#215;333&#8243; alignment=&#8221;center&#8221;&hellip;\" \/>\n<meta property=\"og:url\" content=\"https:\/\/jhstaal.com\/sv\/produkter\/\" \/>\n<meta property=\"og:site_name\" content=\"JH St&aring;lindustri A\/S\" \/>\n<meta property=\"article:modified_time\" content=\"2021-02-02T12:45:03+00:00\" \/>\n<meta name=\"twitter:card\" content=\"summary_large_image\" \/>\n<meta name=\"twitter:label1\" content=\"Ber\u00e4knad l\u00e4stid\" \/>\n\t<meta name=\"twitter:data1\" content=\"2 minuter\" \/>\n<script type=\"application\/ld+json\" class=\"yoast-schema-graph\">{\"@context\":\"https:\/\/schema.org\",\"@graph\":[{\"@type\":\"WebPage\",\"@id\":\"https:\/\/jhstaal.com\/sv\/produkter\/\",\"url\":\"https:\/\/jhstaal.com\/sv\/produkter\/\",\"name\":\"Produkter &#8211; JH St&aring;lindustri A\/S\",\"isPartOf\":{\"@id\":\"https:\/\/jhstaal.com\/sv\/#website\"},\"datePublished\":\"2020-12-10T13:40:58+00:00\",\"dateModified\":\"2021-02-02T12:45:03+00:00\",\"breadcrumb\":{\"@id\":\"https:\/\/jhstaal.com\/sv\/produkter\/#breadcrumb\"},\"inLanguage\":\"sv-SE\",\"potentialAction\":[{\"@type\":\"ReadAction\",\"target\":[\"https:\/\/jhstaal.com\/sv\/produkter\/\"]}]},{\"@type\":\"BreadcrumbList\",\"@id\":\"https:\/\/jhstaal.com\/sv\/produkter\/#breadcrumb\",\"itemListElement\":[{\"@type\":\"ListItem\",\"position\":1,\"name\":\"Hjem\",\"item\":\"https:\/\/jhstaal.dk\/sv\/\"},{\"@type\":\"ListItem\",\"position\":2,\"name\":\"Produkter\"}]},{\"@type\":\"WebSite\",\"@id\":\"https:\/\/jhstaal.com\/sv\/#website\",\"url\":\"https:\/\/jhstaal.com\/sv\/\",\"name\":\"JH St&aring;lindustri A\/S\",\"description\":\"St&aring;ltanke\",\"publisher\":{\"@id\":\"https:\/\/jhstaal.com\/sv\/#organization\"},\"potentialAction\":[{\"@type\":\"SearchAction\",\"target\":{\"@type\":\"EntryPoint\",\"urlTemplate\":\"https:\/\/jhstaal.com\/sv\/?s={search_term_string}\"},\"query-input\":\"required name=search_term_string\"}],\"inLanguage\":\"sv-SE\"},{\"@type\":\"Organization\",\"@id\":\"https:\/\/jhstaal.com\/sv\/#organization\",\"name\":\"JH St\u00e5lindustri A\/S\",\"url\":\"https:\/\/jhstaal.com\/sv\/\",\"logo\":{\"@type\":\"ImageObject\",\"inLanguage\":\"sv-SE\",\"@id\":\"https:\/\/jhstaal.com\/sv\/#\/schema\/logo\/image\/\",\"url\":\"\/wp-content\/uploads\/2016\/09\/JHstaal-LOGO-600px.jpg\",\"contentUrl\":\"\/wp-content\/uploads\/2016\/09\/JHstaal-LOGO-600px.jpg\",\"width\":600,\"height\":160,\"caption\":\"JH St\u00e5lindustri A\/S\"},\"image\":{\"@id\":\"https:\/\/jhstaal.com\/sv\/#\/schema\/logo\/image\/\"}}]}<\/script>\n<!-- \/ Yoast SEO plugin. -->","yoast_head_json":{"title":"Produkter &#8211; JH St&aring;lindustri A\/S","robots":{"index":"index","follow":"follow","max-snippet":"max-snippet:-1","max-image-preview":"max-image-preview:large","max-video-preview":"max-video-preview:-1"},"canonical":"https:\/\/jhstaal.com\/sv\/produkter\/","og_locale":"sv_SE","og_type":"article","og_title":"Produkter &#8211; JH St&aring;lindustri A\/S","og_description":"[vc_row][vc_column][\/vc_column][\/vc_row][vc_row type=&#8221;vc_default&#8221; full_width=&#8221;stretch_row&#8221; equal_height=&#8221;yes&#8221; bg_type=&#8221;bg_color&#8221; css=&#8221;.vc_custom_1567534493288{margin-right: 4px !important;margin-bottom: -5px !important;margin-left: 4px !important;}&#8221; bg_color_value=&#8221;#303030&#8243;][vc_column][vc_row_inner css=&#8221;.vc_custom_1504639140776{margin-bottom: 20px !important;}&#8221;][vc_column_inner css=&#8221;.vc_custom_1504639209951{margin-bottom: 10px !important;}&#8221;][vc_column_text] [\/vc_column_text][\/vc_column_inner][\/vc_row_inner][vc_row_inner equal_height=&#8221;yes&#8221; content_placement=&#8221;top&#8221; gap=&#8221;15&#8243;][vc_column_inner width=&#8221;1\/3&#8243;][vc_single_image image=&#8221;6375&#8243; img_size=&#8221;600&#215;333&#8243; alignment=&#8221;center&#8221; style=&#8221;vc_box_border&#8221; border_color=&#8221;black&#8221; onclick=&#8221;custom_link&#8221; css_animation=&#8221;none&#8221; link=&#8221;\/sv\/produkter\/rostfria-processtankar\/&#8221; css=&#8221;.vc_custom_1612269040204{margin-top: -35px !important;margin-bottom: 10px !important;}&#8221;][\/vc_column_inner][vc_column_inner width=&#8221;1\/3&#8243;][vc_single_image image=&#8221;6086&#8243; img_size=&#8221;600&#215;333&#8243; alignment=&#8221;center&#8221; style=&#8221;vc_box_border&#8221; border_color=&#8221;black&#8221; onclick=&#8221;custom_link&#8221; css_animation=&#8221;none&#8221; link=&#8221;\/sv\/produkter\/rostfri-trycktankar\/&#8221; css=&#8221;.vc_custom_1612269135545{margin-top: -35px !important;margin-bottom: 10px !important;}&#8221;][\/vc_column_inner][vc_column_inner width=&#8221;1\/3&#8243;][vc_single_image image=&#8221;6333&#8243; img_size=&#8221;600&#215;333&#8243; alignment=&#8221;center&#8221;&hellip;","og_url":"https:\/\/jhstaal.com\/sv\/produkter\/","og_site_name":"JH St&aring;lindustri A\/S","article_modified_time":"2021-02-02T12:45:03+00:00","twitter_card":"summary_large_image","twitter_misc":{"Ber\u00e4knad l\u00e4stid":"2 minuter"},"schema":{"@context":"https:\/\/schema.org","@graph":[{"@type":"WebPage","@id":"https:\/\/jhstaal.com\/sv\/produkter\/","url":"https:\/\/jhstaal.com\/sv\/produkter\/","name":"Produkter &#8211; JH St&aring;lindustri A\/S","isPartOf":{"@id":"https:\/\/jhstaal.com\/sv\/#website"},"datePublished":"2020-12-10T13:40:58+00:00","dateModified":"2021-02-02T12:45:03+00:00","breadcrumb":{"@id":"https:\/\/jhstaal.com\/sv\/produkter\/#breadcrumb"},"inLanguage":"sv-SE","potentialAction":[{"@type":"ReadAction","target":["https:\/\/jhstaal.com\/sv\/produkter\/"]}]},{"@type":"BreadcrumbList","@id":"https:\/\/jhstaal.com\/sv\/produkter\/#breadcrumb","itemListElement":[{"@type":"ListItem","position":1,"name":"Hjem","item":"https:\/\/jhstaal.dk\/sv\/"},{"@type":"ListItem","position":2,"name":"Produkter"}]},{"@type":"WebSite","@id":"https:\/\/jhstaal.com\/sv\/#website","url":"https:\/\/jhstaal.com\/sv\/","name":"JH St&aring;lindustri A\/S","description":"St&aring;ltanke","publisher":{"@id":"https:\/\/jhstaal.com\/sv\/#organization"},"potentialAction":[{"@type":"SearchAction","target":{"@type":"EntryPoint","urlTemplate":"https:\/\/jhstaal.com\/sv\/?s={search_term_string}"},"query-input":"required name=search_term_string"}],"inLanguage":"sv-SE"},{"@type":"Organization","@id":"https:\/\/jhstaal.com\/sv\/#organization","name":"JH St\u00e5lindustri A\/S","url":"https:\/\/jhstaal.com\/sv\/","logo":{"@type":"ImageObject","inLanguage":"sv-SE","@id":"https:\/\/jhstaal.com\/sv\/#\/schema\/logo\/image\/","url":"\/wp-content\/uploads\/2016\/09\/JHstaal-LOGO-600px.jpg","contentUrl":"\/wp-content\/uploads\/2016\/09\/JHstaal-LOGO-600px.jpg","width":600,"height":160,"caption":"JH St\u00e5lindustri A\/S"},"image":{"@id":"https:\/\/jhstaal.com\/sv\/#\/schema\/logo\/image\/"}}]}},"_links":{"self":[{"href":"https:\/\/jhstaal.com\/sv\/wp-json\/wp\/v2\/pages\/4235"}],"collection":[{"href":"https:\/\/jhstaal.com\/sv\/wp-json\/wp\/v2\/pages"}],"about":[{"href":"https:\/\/jhstaal.com\/sv\/wp-json\/wp\/v2\/types\/page"}],"author":[{"embeddable":true,"href":"https:\/\/jhstaal.com\/sv\/wp-json\/wp\/v2\/users\/10"}],"replies":[{"embeddable":true,"href":"https:\/\/jhstaal.com\/sv\/wp-json\/wp\/v2\/comments?post=4235"}],"version-history":[{"count":2,"href":"https:\/\/jhstaal.com\/sv\/wp-json\/wp\/v2\/pages\/4235\/revisions"}],"predecessor-version":[{"id":6952,"href":"https:\/\/jhstaal.com\/sv\/wp-json\/wp\/v2\/pages\/4235\/revisions\/6952"}],"wp:attachment":[{"href":"https:\/\/jhstaal.com\/sv\/wp-json\/wp\/v2\/media?parent=4235"}],"curies":[{"name":"wp","href":"https:\/\/api.w.org\/{rel}","templated":true}]}}