{"id":4306,"date":"2020-12-10T13:52:53","date_gmt":"2020-12-10T13:52:53","guid":{"rendered":"https:\/\/jhstaal.com\/produkter\/rostfria-buffertankar\/"},"modified":"2021-03-01T18:41:49","modified_gmt":"2021-03-01T18:41:49","slug":"rostfria-buffertankar","status":"publish","type":"page","link":"https:\/\/jhstaal.com\/sv\/produkter\/rostfria-buffertankar\/","title":{"rendered":"Rostfria buffertankar"},"content":{"rendered":"<div class=\"wpb-content-wrapper\"><p>[vc_row][vc_column][vc_single_image image=&#8221;4309&#8243; img_size=&#8221;full&#8221; alignment=&#8221;center&#8221;][vc_row_inner][\/vc_row_inner][vc_column_inner][\/vc_column_inner][vc_column_text][vc_row][vc_column width=&#8221;1\/1&#8243;][vc_column_text]<\/p>\n<p>En buffertank \u00e4r en tank som ing\u00e5r i en processlinje, d\u00e4r inneh\u00e5llet lagras vid en planerad &#8221;paus&#8221; i processen. JH St\u00e5lindustri producerar och levererar Rostfria buffertankar i h\u00f6g kvalitet enligt v\u00e5ra kunders kravspecifikationer. Vi l\u00e4gger vikt p\u00e5 professionalism och f\u00f6rst\u00e5r d\u00e4rf\u00f6r att kvaliteten p\u00e5 tanken i processlinjen \u00e4r avg\u00f6rande i betydelse f\u00f6r slutproduktens kvalitet. Det \u00e4r din garanti.<\/p>\n<div class=\"gap\" style=\"line-height: 20px; height: 20px;\"><\/div>\n<h2><span lang=\"sv\">Buffertanken m\u00e5ste passa verksamhetsomr\u00e5det<\/span><\/h2>\n<div class=\"gap\" style=\"line-height: 20px; height: 20px;\"><\/div>\n<p>En buffertank \u00e4r en tillf\u00e4llig lagringstank, men det \u00e4r inte bara en enkel beh\u00e5llare. Det \u00e4r viktigt att:<\/p>\n<ul>\n<li>R\u00e4tt typ av tank v\u00e4ljs som buffertank<\/li>\n<li>Buffertanken \u00e4r l\u00e4mplig f\u00f6r industrin<\/li>\n<li>Olika typer av tankar kan vara buffertankar<\/li>\n<\/ul>\n<div class=\"gap\" style=\"line-height: 20px; height: 20px;\"><\/div>\n<h3>Olika typer av tankar kan vara buffertankar<\/h3>\n<div class=\"gap\" style=\"line-height: 20px; height: 20px;\"><\/div>\n<p>Det spelar ingen roll vilken typ av tank du anv\u00e4nder som buffertank. Typ av tank beror bland annat p\u00e5 vad inneh\u00e5llet i tanken \u00e4r, samt den specifika processlinjen som buffertanken \u00e4r en del av.<\/p>\n<div class=\"gap\" style=\"line-height: 20px; height: 20px;\"><\/div>\n<ul>\n<li>Processtankar : Processtankar \u00e4r tryckl\u00f6sa tankar<\/li>\n<li>Trycktankar : Trycktankar \u00e4r tankar som lagrar inneh\u00e5llet under tryck st\u00f6rre \u00e4n 0,5 bar<\/li>\n<li>Silotankar : Silotankar har sitt namn fr\u00e5n den runda formen och anv\u00e4nds oftast utomhus<\/li>\n<li>Mobile tankar : Mobile tankar \u00e4r mindre tankar som kan transporteras runt i produktionen<\/li>\n<\/ul>\n<div class=\"gap\" style=\"line-height: 20px; height: 20px;\"><\/div>\n<p>Alla dessa olika typer av rostfria tankar kan anv\u00e4ndas som buffertankar och tillverkas enligt kundens kravspecifikationer, s\u00e5 att tankens specifikationer som isolering, ventilation, kranar och andra specifikationer passar exakt processlinjen.<\/p>\n<div class=\"gap\" style=\"line-height: 20px; height: 20px;\"><\/div>\n<h3><span lang=\"sv\">Buffertankar anv\u00e4nds i m\u00e5nga branscher<\/span><\/h3>\n<div class=\"gap\" style=\"line-height: 20px; height: 20px;\"><\/div>\n<p>P\u00e5 JH St\u00e5lindusti tillverkar vi rostfria tankar f\u00f6r m\u00e5nga olika industrier. D\u00e4rf\u00f6r vet vi ocks\u00e5 hur viktiga buffertankarna \u00e4r f\u00f6r m\u00e5nga verksamhetsomr\u00e5den. Vilka bland annat \u00e4r:<\/p>\n<div class=\"gap\" style=\"line-height: 20px; height: 20px;\"><\/div>\n<ul>\n<li>Vattenverk<\/li>\n<li>Mejeriindustrin<\/li>\n<li>Livsmedelsindustrin<\/li>\n<li>Farmaceutisk och kemisk industri<\/li>\n<\/ul>\n<div class=\"gap\" style=\"line-height: 20px; height: 20px;\"><\/div>\n<h2><span lang=\"sv\">JH St\u00e5lindustri l\u00e4gger stort fokus p\u00e5 professionalism<\/span><\/h2>\n<div class=\"gap\" style=\"line-height: 20px; height: 20px;\"><\/div>\n<p>P\u00e5 JH St\u00e5lindustri tillverkar vi rostfria tankar enligt v\u00e5ra kunders kravspecifikationer. Vi \u00e4r fast beslutna att se till att alla standarder uppfylls och att v\u00e5ra kunder har en h\u00f6gkvalitativ tank. D\u00e4rf\u00f6r kan v\u00e5ra kunder f\u00f6rv\u00e4nta sig:<\/p>\n<ul>\n<li>En grundlig och f\u00f6rdjupad dialog s\u00e5 att vi 100% f\u00f6rst\u00e5r kundens behov och krav p\u00e5 id\u00e9n<\/li>\n<li>Full sp\u00e5rbarhet p\u00e5 alla material<\/li>\n<li>En stor insats f\u00f6r att f\u00e5 kunden att f\u00f6rst\u00e5 alla tekniska detaljer runt buffertanken. Bland annat anv\u00e4nder vi 3D-ritningar f\u00f6r att f\u00f6rb\u00e4ttre denna f\u00f6rst\u00e5else<\/li>\n<li>Dokumentation av tillverkningsprocessen. Inklusive material och svetscertifikat, ytor, tester och mycket mer<\/li>\n<\/ul>\n<div class=\"gap\" style=\"line-height: 20px; height: 20px;\"><\/div>\n<h3><span lang=\"sv\">V\u00e5ra svetsare \u00e4r certifierade<\/span><\/h3>\n<div class=\"gap\" style=\"line-height: 20px; height: 20px;\"><\/div>\n<p>Tillverkning av h\u00f6gkvalitativa rostfria tankar \u00e4r ett hantverk. D\u00e4rf\u00f6r \u00e4r v\u00e5ra svetsare naturligtvis certifierade enligt PED-kraven, vilket \u00e4r certifieringar att arbeta med olika:<\/p>\n<ul>\n<li>Material<\/li>\n<li>Svetsmetoder<\/li>\n<li>V\u00e4ggtjocklekar<\/li>\n<\/ul>\n<div class=\"gap\" style=\"line-height: 20px; height: 20px;\"><\/div>\n<p>Certifieringarna g\u00e4ller i tre \u00e5r och d\u00e4rf\u00f6r kan vi garantera att v\u00e5ra svetsare alltid \u00e4r uppdaterade med de senaste arbetsmetoderna. Det \u00e4r din garanti f\u00f6r ett v\u00e4l utf\u00f6rt jobb.<\/p>\n<div class=\"gap\" style=\"line-height: 20px; height: 20px;\"><\/div>\n<p>Kontakta JH St\u00e5lindustri idag om du vill veta mer om buffertankar eller v\u00e5ra produkter p\u00e5 telefon +45 86 47 90 44 eller via e-post till jhstaal@jhstaal.com.<\/p>\n<p>[\/vc_column_text][\/vc_column][\/vc_row][vc_row][vc_column]<style type=\"text\/css\" data-type=\"the7_shortcodes-inline-css\">#default-btn-d8c5237c5fe76120b0f5003cd8542aa5 {\n  border-radius: 5px;\n  font-size: 18px;\n  line-height: 20px;\n}\n.btn-shadow#default-btn-d8c5237c5fe76120b0f5003cd8542aa5 {\n  box-shadow: 0 1px 6px rgba(0,0,0,0.12);\n  transition: box-shadow 0.2s ease-out, opacity 0.45s;\n}\n.btn-shadow#default-btn-d8c5237c5fe76120b0f5003cd8542aa5:hover {\n  box-shadow: 0 5px 11px 0 rgba(0,0,0,0.18), 0 4px 15px 0 rgba(0,0,0,0.15);\n}\n.btn-flat#default-btn-d8c5237c5fe76120b0f5003cd8542aa5 {\n  box-shadow: none;\n}\n.btn-flat#default-btn-d8c5237c5fe76120b0f5003cd8542aa5:hover {\n  box-shadow: none;\n}\n#default-btn-d8c5237c5fe76120b0f5003cd8542aa5.ico-right-side > i {\n  margin-right: 0px;\n  margin-left: 8px;\n}\n#default-btn-d8c5237c5fe76120b0f5003cd8542aa5 > i {\n  margin-right: 8px;\n  font-size: 25px;\n}\n#default-btn-d8c5237c5fe76120b0f5003cd8542aa5:not(:hover) {\n  border-width: 0px;\n  padding: 17px 24px 16px 24px;\n}\n#default-btn-d8c5237c5fe76120b0f5003cd8542aa5:hover {\n  border-width: 0px;\n  padding: 17px 24px 16px 24px;\n}\n#default-btn-d8c5237c5fe76120b0f5003cd8542aa5.ico-right-side > i {\n  margin-right: 0px;\n  margin-left: 8px;\n}\n#default-btn-d8c5237c5fe76120b0f5003cd8542aa5 > i {\n  margin-right: 8px;\n}\n<\/style><div class=\"btn-align-center\"><a href=\"https:\/\/jhstaal.com\/en\/datasheets\/\" class=\"default-btn-shortcode dt-btn link-hover-off btn-flat  vc_custom_1614268365676\" id=\"default-btn-d8c5237c5fe76120b0f5003cd8542aa5\" title=\"Datasheets\"><span>See our datasheets here<\/span><\/a><\/div>[vc_separator border_width=&#8221;3&#8243;]<div class=\"ult-spacer spacer-69d303ce0d132\" data-id=\"69d303ce0d132\" data-height=\"30\" data-height-mobile=\"30\" data-height-tab=\"30\" data-height-tab-portrait=\"30\" data-height-mobile-landscape=\"30\" style=\"clear:both;display:block;\"><\/div>[\/vc_column][\/vc_row][vc_row][vc_column]<div class=\"wf-container dt-gallery-container dt-photos-shortcode loading-effect-fade-in iso-grid jg-container description-on-hover hover-style-two hover-fade content-align-centre\" data-padding=\"20px\" data-cur-page=\"1\" data-target-height=\"240px\"><div class=\"wf-cell\" data-post-id=\"6803\" data-date=\"2021-02-02T08:18:21+00:00\" data-name=\"JHStaal Buffer tanks\">\n<article class=\"post post-6803 attachment type-attachment status-inherit hentry no-img description-off\">\n\n\t<figure class=\"rollover-project links-hovers-disabled\">\n\t<a href=\"\/wp-content\/uploads\/2021\/02\/JHStaal-Buffer-tanks-scaled.jpg\" class=\"rollover rollover-zoom dt-pswp-item layzr-bg\" title=\"JHStaal Buffer tanks\" data-dt-img-description=\"\"  data-large_image_width=\"2560\" data-large_image_height = \"1440\" ><img fetchpriority=\"high\" decoding=\"async\" class=\"preload-me jgrid-lazy-load aspect\" src=\"data:image\/svg+xml,%3Csvg%20xmlns%3D&#39;http%3A%2F%2Fwww.w3.org%2F2000%2Fsvg&#39;%20viewBox%3D&#39;0%200%20554%20312&#39;%2F%3E\" data-src=\"\/wp-content\/uploads\/2021\/02\/JHStaal-Buffer-tanks-scaled-554x312.jpg\" data-srcset=\"\/wp-content\/uploads\/2021\/02\/JHStaal-Buffer-tanks-scaled-554x312.jpg 554w, \/wp-content\/uploads\/2021\/02\/JHStaal-Buffer-tanks-scaled-1108x624.jpg 1108w\" loading=\"eager\" style=\"--ratio: 554 \/ 312\" sizes=\"(max-width: 554px) 100vw, 554px\" alt=\"\" width=\"554\" height=\"312\"  \/><\/a>\t<\/figure>\n<\/article>\n\n<\/div><div class=\"wf-cell\" data-post-id=\"6808\" data-date=\"2021-02-02T08:18:27+00:00\" data-name=\"JHStaal Mobile Buffertank\">\n<article class=\"post post-6808 attachment type-attachment status-inherit hentry no-img description-off\">\n\n\t<figure class=\"rollover-project links-hovers-disabled\">\n\t<a href=\"\/wp-content\/uploads\/2021\/02\/JHStaal-Mobile-Buffertank-scaled.jpg\" class=\"rollover rollover-zoom dt-pswp-item layzr-bg\" title=\"JHStaal Mobile Buffertank\" data-dt-img-description=\"\"  data-large_image_width=\"2560\" data-large_image_height = \"1714\" ><img decoding=\"async\" class=\"preload-me jgrid-lazy-load aspect\" src=\"data:image\/svg+xml,%3Csvg%20xmlns%3D&#39;http%3A%2F%2Fwww.w3.org%2F2000%2Fsvg&#39;%20viewBox%3D&#39;0%200%20554%20312&#39;%2F%3E\" data-src=\"\/wp-content\/uploads\/2021\/02\/JHStaal-Mobile-Buffertank-scaled-554x312.jpg\" data-srcset=\"\/wp-content\/uploads\/2021\/02\/JHStaal-Mobile-Buffertank-scaled-554x312.jpg 554w, \/wp-content\/uploads\/2021\/02\/JHStaal-Mobile-Buffertank-scaled-1108x624.jpg 1108w\" loading=\"eager\" style=\"--ratio: 554 \/ 312\" sizes=\"(max-width: 554px) 100vw, 554px\" alt=\"\" width=\"554\" height=\"312\"  \/><\/a>\t<\/figure>\n<\/article>\n\n<\/div><div class=\"wf-cell\" data-post-id=\"6813\" data-date=\"2021-02-02T08:18:32+00:00\" data-name=\"JHStaal Stainless Steel Buffer tank\">\n<article class=\"post post-6813 attachment type-attachment status-inherit hentry no-img description-off\">\n\n\t<figure class=\"rollover-project links-hovers-disabled\">\n\t<a href=\"\/wp-content\/uploads\/2021\/02\/JHStaal-Stainless-Steel-Buffer-tank-scaled.jpg\" class=\"rollover rollover-zoom dt-pswp-item layzr-bg\" title=\"JHStaal Stainless Steel Buffer tank\" data-dt-img-description=\"\"  data-large_image_width=\"2560\" data-large_image_height = \"1593\" ><img decoding=\"async\" class=\"preload-me jgrid-lazy-load aspect\" src=\"data:image\/svg+xml,%3Csvg%20xmlns%3D&#39;http%3A%2F%2Fwww.w3.org%2F2000%2Fsvg&#39;%20viewBox%3D&#39;0%200%20554%20312&#39;%2F%3E\" data-src=\"\/wp-content\/uploads\/2021\/02\/JHStaal-Stainless-Steel-Buffer-tank-scaled-554x312.jpg\" data-srcset=\"\/wp-content\/uploads\/2021\/02\/JHStaal-Stainless-Steel-Buffer-tank-scaled-554x312.jpg 554w, \/wp-content\/uploads\/2021\/02\/JHStaal-Stainless-Steel-Buffer-tank-scaled-1108x624.jpg 1108w\" loading=\"eager\" style=\"--ratio: 554 \/ 312\" sizes=\"(max-width: 554px) 100vw, 554px\" alt=\"\" width=\"554\" height=\"312\"  \/><\/a>\t<\/figure>\n<\/article>\n\n<\/div><\/div>[\/vc_column][\/vc_row]<\/p>\n<\/div>","protected":false},"excerpt":{"rendered":"<p>[vc_row][vc_column][vc_single_image image=&#8221;4309&#8243; img_size=&#8221;full&#8221; alignment=&#8221;center&#8221;][vc_row_inner][\/vc_row_inner][vc_column_inner][\/vc_column_inner][vc_column_text][vc_row][vc_column width=&#8221;1\/1&#8243;][vc_column_text] En buffertank \u00e4r en tank som ing\u00e5r i en processlinje, d\u00e4r inneh\u00e5llet lagras vid en planerad &#8221;paus&#8221; i processen. JH St\u00e5lindustri producerar och levererar Rostfria buffertankar i h\u00f6g kvalitet enligt v\u00e5ra kunders kravspecifikationer. Vi l\u00e4gger vikt p\u00e5 professionalism och f\u00f6rst\u00e5r d\u00e4rf\u00f6r att kvaliteten p\u00e5 tanken i processlinjen \u00e4r avg\u00f6rande i&hellip;<\/p>\n","protected":false},"author":10,"featured_media":4307,"parent":4235,"menu_order":0,"comment_status":"closed","ping_status":"closed","template":"","meta":{"footnotes":""},"yoast_head":"<!-- This site is optimized with the Yoast SEO plugin v22.2 - https:\/\/yoast.com\/wordpress\/plugins\/seo\/ -->\n<title>Rostfria buffertankar - JH St\u00e5lindustri A \/ S<\/title>\n<meta name=\"description\" content=\"JH St\u00e5lindustri tillverkar och ger r\u00e5d om rostfria buffertankar som anv\u00e4nds som en del av en processlinje. JH St\u00e5lindustri levererar h\u00f6gkvalitativa tankar.\" \/>\n<meta name=\"robots\" content=\"index, follow, max-snippet:-1, max-image-preview:large, max-video-preview:-1\" \/>\n<link rel=\"canonical\" href=\"https:\/\/jhstaal.com\/sv\/produkter\/rostfria-buffertankar\/\" \/>\n<meta property=\"og:locale\" content=\"sv_SE\" \/>\n<meta property=\"og:type\" content=\"article\" \/>\n<meta property=\"og:title\" content=\"Rostfria buffertankar - JH St\u00e5lindustri A \/ S\" \/>\n<meta property=\"og:description\" content=\"JH St\u00e5lindustri tillverkar och ger r\u00e5d om rostfria buffertankar som anv\u00e4nds som en del av en processlinje. JH St\u00e5lindustri levererar h\u00f6gkvalitativa tankar.\" \/>\n<meta property=\"og:url\" content=\"https:\/\/jhstaal.com\/sv\/produkter\/rostfria-buffertankar\/\" \/>\n<meta property=\"og:site_name\" content=\"JH St&aring;lindustri A\/S\" \/>\n<meta property=\"article:modified_time\" content=\"2021-03-01T18:41:49+00:00\" \/>\n<meta property=\"og:image\" content=\"https:\/\/jhstaal.com\/wp-content\/uploads\/2020\/06\/rustfri-buffertank-1-2012-01-01-scaled.jpg\" \/>\n\t<meta property=\"og:image:width\" content=\"1920\" \/>\n\t<meta property=\"og:image:height\" content=\"2560\" \/>\n\t<meta property=\"og:image:type\" content=\"image\/jpeg\" \/>\n<meta name=\"twitter:card\" content=\"summary_large_image\" \/>\n<meta name=\"twitter:label1\" content=\"Ber\u00e4knad l\u00e4stid\" \/>\n\t<meta name=\"twitter:data1\" content=\"3 minuter\" \/>\n<script type=\"application\/ld+json\" class=\"yoast-schema-graph\">{\"@context\":\"https:\/\/schema.org\",\"@graph\":[{\"@type\":\"WebPage\",\"@id\":\"https:\/\/jhstaal.com\/sv\/produkter\/rostfria-buffertankar\/\",\"url\":\"https:\/\/jhstaal.com\/sv\/produkter\/rostfria-buffertankar\/\",\"name\":\"Rostfria buffertankar - JH St\u00e5lindustri A \/ S\",\"isPartOf\":{\"@id\":\"https:\/\/jhstaal.dk\/#website\"},\"primaryImageOfPage\":{\"@id\":\"https:\/\/jhstaal.com\/sv\/produkter\/rostfria-buffertankar\/#primaryimage\"},\"image\":{\"@id\":\"https:\/\/jhstaal.com\/sv\/produkter\/rostfria-buffertankar\/#primaryimage\"},\"thumbnailUrl\":\"\/wp-content\/uploads\/2020\/06\/rustfri-buffertank-1-2012-01-01-scaled.jpg\",\"datePublished\":\"2020-12-10T13:52:53+00:00\",\"dateModified\":\"2021-03-01T18:41:49+00:00\",\"description\":\"JH St\u00e5lindustri tillverkar och ger r\u00e5d om rostfria buffertankar som anv\u00e4nds som en del av en processlinje. JH St\u00e5lindustri levererar h\u00f6gkvalitativa tankar.\",\"breadcrumb\":{\"@id\":\"https:\/\/jhstaal.com\/sv\/produkter\/rostfria-buffertankar\/#breadcrumb\"},\"inLanguage\":\"sv-SE\",\"potentialAction\":[{\"@type\":\"ReadAction\",\"target\":[\"https:\/\/jhstaal.com\/sv\/produkter\/rostfria-buffertankar\/\"]}]},{\"@type\":\"ImageObject\",\"inLanguage\":\"sv-SE\",\"@id\":\"https:\/\/jhstaal.com\/sv\/produkter\/rostfria-buffertankar\/#primaryimage\",\"url\":\"\/wp-content\/uploads\/2020\/06\/rustfri-buffertank-1-2012-01-01-scaled.jpg\",\"contentUrl\":\"\/wp-content\/uploads\/2020\/06\/rustfri-buffertank-1-2012-01-01-scaled.jpg\",\"width\":1920,\"height\":2560,\"caption\":\"Buffertanke fra JH St\u00e5lindustri\"},{\"@type\":\"BreadcrumbList\",\"@id\":\"https:\/\/jhstaal.com\/sv\/produkter\/rostfria-buffertankar\/#breadcrumb\",\"itemListElement\":[{\"@type\":\"ListItem\",\"position\":1,\"name\":\"Hjem\",\"item\":\"https:\/\/www.jhstaal.dk\/sv\/\"},{\"@type\":\"ListItem\",\"position\":2,\"name\":\"Produkter\",\"item\":\"https:\/\/jhstaal.dk\/sv\/produkter\/\"},{\"@type\":\"ListItem\",\"position\":3,\"name\":\"Rostfria buffertankar\"}]},{\"@type\":\"WebSite\",\"@id\":\"https:\/\/jhstaal.dk\/#website\",\"url\":\"https:\/\/jhstaal.dk\/\",\"name\":\"JH St&aring;lindustri A\/S\",\"description\":\"St&aring;ltanke\",\"publisher\":{\"@id\":\"https:\/\/jhstaal.dk\/#organization\"},\"potentialAction\":[{\"@type\":\"SearchAction\",\"target\":{\"@type\":\"EntryPoint\",\"urlTemplate\":\"https:\/\/jhstaal.dk\/?s={search_term_string}\"},\"query-input\":\"required name=search_term_string\"}],\"inLanguage\":\"sv-SE\"},{\"@type\":\"Organization\",\"@id\":\"https:\/\/jhstaal.dk\/#organization\",\"name\":\"JH St\u00e5lindustri A\/S\",\"url\":\"https:\/\/jhstaal.dk\/\",\"logo\":{\"@type\":\"ImageObject\",\"inLanguage\":\"sv-SE\",\"@id\":\"https:\/\/jhstaal.dk\/#\/schema\/logo\/image\/\",\"url\":\"\/wp-content\/uploads\/2016\/09\/JHstaal-LOGO-600px.jpg\",\"contentUrl\":\"\/wp-content\/uploads\/2016\/09\/JHstaal-LOGO-600px.jpg\",\"width\":600,\"height\":160,\"caption\":\"JH St\u00e5lindustri A\/S\"},\"image\":{\"@id\":\"https:\/\/jhstaal.dk\/#\/schema\/logo\/image\/\"}}]}<\/script>\n<!-- \/ Yoast SEO plugin. -->","yoast_head_json":{"title":"Rostfria buffertankar - JH St\u00e5lindustri A \/ S","description":"JH St\u00e5lindustri tillverkar och ger r\u00e5d om rostfria buffertankar som anv\u00e4nds som en del av en processlinje. JH St\u00e5lindustri levererar h\u00f6gkvalitativa tankar.","robots":{"index":"index","follow":"follow","max-snippet":"max-snippet:-1","max-image-preview":"max-image-preview:large","max-video-preview":"max-video-preview:-1"},"canonical":"https:\/\/jhstaal.com\/sv\/produkter\/rostfria-buffertankar\/","og_locale":"sv_SE","og_type":"article","og_title":"Rostfria buffertankar - JH St\u00e5lindustri A \/ S","og_description":"JH St\u00e5lindustri tillverkar och ger r\u00e5d om rostfria buffertankar som anv\u00e4nds som en del av en processlinje. JH St\u00e5lindustri levererar h\u00f6gkvalitativa tankar.","og_url":"https:\/\/jhstaal.com\/sv\/produkter\/rostfria-buffertankar\/","og_site_name":"JH St&aring;lindustri A\/S","article_modified_time":"2021-03-01T18:41:49+00:00","og_image":[{"width":1920,"height":2560,"url":"https:\/\/jhstaal.com\/wp-content\/uploads\/2020\/06\/rustfri-buffertank-1-2012-01-01-scaled.jpg","type":"image\/jpeg"}],"twitter_card":"summary_large_image","twitter_misc":{"Ber\u00e4knad l\u00e4stid":"3 minuter"},"schema":{"@context":"https:\/\/schema.org","@graph":[{"@type":"WebPage","@id":"https:\/\/jhstaal.com\/sv\/produkter\/rostfria-buffertankar\/","url":"https:\/\/jhstaal.com\/sv\/produkter\/rostfria-buffertankar\/","name":"Rostfria buffertankar - JH St\u00e5lindustri A \/ S","isPartOf":{"@id":"https:\/\/jhstaal.dk\/#website"},"primaryImageOfPage":{"@id":"https:\/\/jhstaal.com\/sv\/produkter\/rostfria-buffertankar\/#primaryimage"},"image":{"@id":"https:\/\/jhstaal.com\/sv\/produkter\/rostfria-buffertankar\/#primaryimage"},"thumbnailUrl":"\/wp-content\/uploads\/2020\/06\/rustfri-buffertank-1-2012-01-01-scaled.jpg","datePublished":"2020-12-10T13:52:53+00:00","dateModified":"2021-03-01T18:41:49+00:00","description":"JH St\u00e5lindustri tillverkar och ger r\u00e5d om rostfria buffertankar som anv\u00e4nds som en del av en processlinje. JH St\u00e5lindustri levererar h\u00f6gkvalitativa tankar.","breadcrumb":{"@id":"https:\/\/jhstaal.com\/sv\/produkter\/rostfria-buffertankar\/#breadcrumb"},"inLanguage":"sv-SE","potentialAction":[{"@type":"ReadAction","target":["https:\/\/jhstaal.com\/sv\/produkter\/rostfria-buffertankar\/"]}]},{"@type":"ImageObject","inLanguage":"sv-SE","@id":"https:\/\/jhstaal.com\/sv\/produkter\/rostfria-buffertankar\/#primaryimage","url":"\/wp-content\/uploads\/2020\/06\/rustfri-buffertank-1-2012-01-01-scaled.jpg","contentUrl":"\/wp-content\/uploads\/2020\/06\/rustfri-buffertank-1-2012-01-01-scaled.jpg","width":1920,"height":2560,"caption":"Buffertanke fra JH St\u00e5lindustri"},{"@type":"BreadcrumbList","@id":"https:\/\/jhstaal.com\/sv\/produkter\/rostfria-buffertankar\/#breadcrumb","itemListElement":[{"@type":"ListItem","position":1,"name":"Hjem","item":"https:\/\/www.jhstaal.dk\/sv\/"},{"@type":"ListItem","position":2,"name":"Produkter","item":"https:\/\/jhstaal.dk\/sv\/produkter\/"},{"@type":"ListItem","position":3,"name":"Rostfria buffertankar"}]},{"@type":"WebSite","@id":"https:\/\/jhstaal.dk\/#website","url":"https:\/\/jhstaal.dk\/","name":"JH St&aring;lindustri A\/S","description":"St&aring;ltanke","publisher":{"@id":"https:\/\/jhstaal.dk\/#organization"},"potentialAction":[{"@type":"SearchAction","target":{"@type":"EntryPoint","urlTemplate":"https:\/\/jhstaal.dk\/?s={search_term_string}"},"query-input":"required name=search_term_string"}],"inLanguage":"sv-SE"},{"@type":"Organization","@id":"https:\/\/jhstaal.dk\/#organization","name":"JH St\u00e5lindustri A\/S","url":"https:\/\/jhstaal.dk\/","logo":{"@type":"ImageObject","inLanguage":"sv-SE","@id":"https:\/\/jhstaal.dk\/#\/schema\/logo\/image\/","url":"\/wp-content\/uploads\/2016\/09\/JHstaal-LOGO-600px.jpg","contentUrl":"\/wp-content\/uploads\/2016\/09\/JHstaal-LOGO-600px.jpg","width":600,"height":160,"caption":"JH St\u00e5lindustri A\/S"},"image":{"@id":"https:\/\/jhstaal.dk\/#\/schema\/logo\/image\/"}}]}},"_links":{"self":[{"href":"https:\/\/jhstaal.com\/sv\/wp-json\/wp\/v2\/pages\/4306"}],"collection":[{"href":"https:\/\/jhstaal.com\/sv\/wp-json\/wp\/v2\/pages"}],"about":[{"href":"https:\/\/jhstaal.com\/sv\/wp-json\/wp\/v2\/types\/page"}],"author":[{"embeddable":true,"href":"https:\/\/jhstaal.com\/sv\/wp-json\/wp\/v2\/users\/10"}],"replies":[{"embeddable":true,"href":"https:\/\/jhstaal.com\/sv\/wp-json\/wp\/v2\/comments?post=4306"}],"version-history":[{"count":3,"href":"https:\/\/jhstaal.com\/sv\/wp-json\/wp\/v2\/pages\/4306\/revisions"}],"predecessor-version":[{"id":7131,"href":"https:\/\/jhstaal.com\/sv\/wp-json\/wp\/v2\/pages\/4306\/revisions\/7131"}],"up":[{"embeddable":true,"href":"https:\/\/jhstaal.com\/sv\/wp-json\/wp\/v2\/pages\/4235"}],"wp:featuredmedia":[{"embeddable":true,"href":"https:\/\/jhstaal.com\/sv\/wp-json\/wp\/v2\/media\/4307"}],"wp:attachment":[{"href":"https:\/\/jhstaal.com\/sv\/wp-json\/wp\/v2\/media?parent=4306"}],"curies":[{"name":"wp","href":"https:\/\/api.w.org\/{rel}","templated":true}]}}