{"id":4346,"date":"2020-12-10T14:01:39","date_gmt":"2020-12-10T14:01:39","guid":{"rendered":"https:\/\/jhstaal.com\/produkter\/rostfria-processtankar\/"},"modified":"2021-03-01T18:39:06","modified_gmt":"2021-03-01T18:39:06","slug":"rostfria-processtankar","status":"publish","type":"page","link":"https:\/\/jhstaal.com\/sv\/produkter\/rostfria-processtankar\/","title":{"rendered":"Rostfria processtankar"},"content":{"rendered":"<div class=\"wpb-content-wrapper\"><p>[vc_row][vc_column][vc_single_image image=&#8221;4349&#8243; img_size=&#8221;full&#8221; alignment=&#8221;center&#8221;][vc_row_inner][vc_column_inner][vc_column_text]<\/p>\n<p>Processtankar \u00e4r ett annat ord f\u00f6r tryckl\u00f6sa tankar. Det \u00e4r den st\u00f6rsta gruppen av rostfria tankar, som t\u00e4cker blandningstankar, mogningstankar, j\u00e4sningstankar och tappningstankar. Allt detta \u00e4r tankar som ing\u00e5r i en processlinje i en bransch. JH St\u00e5lindustri levererar till exempel rostfria processtankar till mejeriindustrin och livsmedelsindustrin.<\/p>\n<div class=\"gap\" style=\"line-height: 20px; height: 20px;\"><\/div>\n<h2><span lang=\"sv\">Processtankar m\u00e5ste passa syftet<\/span><\/h2>\n<div class=\"gap\" style=\"line-height: 20px; height: 20px;\"><\/div>\n<ul>\n<li>Tryckfria processtankar av rostfritt st\u00e5l \u00e4r inomhustankar som finns i storlekar fr\u00e5n 50 L till 40 000 L och kan tillverkas med olika specifikationer s\u00e5 att processtankarna passar den specifika processlinjen. JH St\u00e5lindustri kan ge r\u00e5d om de optimala rostfria processtankarna f\u00f6r din processlinje. H\u00e4r \u00e4r ett urval av specifikationerna vi kan erbjuda:<\/li>\n<li>Isolering<\/li>\n<li>Ventilation<\/li>\n<li>Testventil<\/li>\n<li>Siktglas, m\u00f6jligen med ljus<\/li>\n<li>Anslut alla sensorer och signalgivare<\/li>\n<li>CIP-utrustning<\/li>\n<\/ul>\n<p>Omr\u00f6rare placerade l\u00e4ngst upp, p\u00e5 sidan, l\u00e4ngst ner i botten eller som bottenmonterade magnetomr\u00f6rare<\/p>\n<div class=\"gap\" style=\"line-height: 20px; height: 20px;\"><\/div>\n<h3><span lang=\"sv\">Isolering<\/span><\/h3>\n<div class=\"gap\" style=\"line-height: 20px; height: 20px;\"><\/div>\n<p>P\u00e5 JH St\u00e5lindustri kan vi tillverka processtankar b\u00e5de med och utan isolering. Vi tillverkar processtankar baserat p\u00e5 v\u00e5ra kunders kravspecifikationer. D\u00e4rf\u00f6r bygger arbetet p\u00e5 en grundlig dialog med v\u00e5ra kunder s\u00e5 att vi kommer fram till om processtanken ska isoleras och i s\u00e5 fall hur mycket av tanken som ska isoleras.<\/p>\n<div class=\"gap\" style=\"line-height: 20px; height: 20px;\"><\/div>\n<h3><span lang=\"sv\">Ventilation<\/span><\/h3>\n<div class=\"gap\" style=\"line-height: 20px; height: 20px;\"><\/div>\n<p>Korrekt dimensionerad ventilation \u00e4r en viktig del av en processtank i f\u00f6rh\u00e5llande till m\u00f6jligheten f\u00f6r vakuum och produktionsprocessen. Tryckl\u00f6sa tankar f\u00f6ruts\u00e4tter att det alltid finns fri ventilation till atmosf\u00e4ren. D\u00e4rf\u00f6r \u00e4r ventilen vanligtvis placerad p\u00e5 toppen av processtanken.<\/p>\n<div class=\"gap\" style=\"line-height: 20px; height: 20px;\"><\/div>\n<p>P\u00e5 JH St\u00e5lindustri har vi en djupg\u00e5ende kunskap om de processer som \u00e4ger rum i de olika branscherna vi arbetar med. D\u00e4rf\u00f6r \u00e4r vi medvetna om de speciella f\u00f6rh\u00e5llanden som kan uppst\u00e5 och kr\u00e4ver speciella typer av ventilation. CIP-programmet kan till exempel ge utmaningar, eftersom det h\u00e4r finns s\u00e4rskilda krav p\u00e5 att en n\u00f6dv\u00e4ndig m\u00e4ngd luft m\u00e5ste tillf\u00f6ras inom relativt kort tid f\u00f6r att minimera risken f\u00f6r skada p\u00e5 tanken.<\/p>\n<div class=\"gap\" style=\"line-height: 20px; height: 20px;\"><\/div>\n<h3><span lang=\"sv\">Tanken m\u00e5ste kunna motst\u00e5 designtrycket<\/span><\/h3>\n<div class=\"gap\" style=\"line-height: 20px; height: 20px;\"><\/div>\n<p>Enligt lagstiftningen definieras tankar som tryckl\u00f6sa, s\u00e5 l\u00e4nge som trycket inte \u00f6verstiger 0,5 bar g. Tryckl\u00f6sa tankar kan s\u00e5ledes ha ett vakuum p\u00e5 -1 bar g och 0,5 bar g \u00f6vertryck, utan att n\u00e5got godk\u00e4nnande kr\u00e4vs. Men tanken m\u00e5ste naturligtvis kunna motst\u00e5 konstruktionstrycket och komponenterna m\u00e5ste v\u00e4ljas enligt \u00f6nskade konstruktionskrav.<\/p>\n<div class=\"gap\" style=\"line-height: 20px; height: 20px;\"><\/div>\n<h2><span lang=\"sv\">Tankproduktion \u00e4r ett hantverk<\/span><\/h2>\n<div class=\"gap\" style=\"line-height: 20px; height: 20px;\"><\/div>\n<p>P\u00e5 JH St\u00e5lindustri tillverkar vi alla typer av tankar som passar in i en processlinje. Vi tillverkar dem enligt v\u00e5ra kunders kravspecifikationer. Det st\u00e4ller stora krav p\u00e5 oss som f\u00f6retag och i synnerhet v\u00e5ra svetsare. V\u00e5ra svetsare \u00e4r alla certifierade enligt PED-kraven f\u00f6r att arbeta med:<\/p>\n<ul>\n<li>Olika material<\/li>\n<li>Olika svetsmetoder<\/li>\n<li>Olika v\u00e4ggtjocklekar<\/li>\n<\/ul>\n<div class=\"gap\" style=\"line-height: 20px; height: 20px;\"><\/div>\n<p>Det \u00e4r d\u00e4rf\u00f6r v\u00e5ra kunder \u00e4r s\u00e4kra p\u00e5 att det alltid \u00e4r kompetenta h\u00e4nder som arbetar med sina tankar.<\/p>\n<div class=\"gap\" style=\"line-height: 20px; height: 20px;\"><\/div>\n<h2><span lang=\"sv\">JH St\u00e5lindustri v\u00e4rdes\u00e4tter professionalism<\/span><\/h2>\n<div class=\"gap\" style=\"line-height: 20px; height: 20px;\"><\/div>\n<p>P\u00e5 JH St\u00e5lindustri v\u00e4rdes\u00e4tter vi stolt en h\u00f6g professionalism. V\u00e5ra kunder kan d\u00e4rf\u00f6r ha h\u00f6ga f\u00f6rv\u00e4ntningar p\u00e5 v\u00e5rt arbete. V\u00e5ra kunder kan bland annat f\u00f6rv\u00e4nta sig:<\/p>\n<ul>\n<li>En grundl\u00e4ggande och djupg\u00e5ende dialog, d\u00e4r vi \u00e4r 100% engagerade i kundens behov och vilka krav som st\u00e4lls p\u00e5 id\u00e9n.<\/li>\n<li>Full sp\u00e5rbarhet p\u00e5 alla material.<\/li>\n<li>Ett f\u00f6rs\u00f6k att se till att kunden f\u00f6rst\u00e5r alla tekniska detaljer runt tankarna. H\u00e4r anv\u00e4nder vi till exempel 3D-ritningar f\u00f6r att skapa b\u00e4ttre f\u00f6rst\u00e5else.<\/li>\n<li>Dokumentation f\u00f6r tillverkning av tankarna. Dessa inkluderar material- och svetscertifikat, ytor, tryck- och avloppstest och mycket mer.<\/li>\n<\/ul>\n<div class=\"gap\" style=\"line-height: 20px; height: 20px;\"><\/div>\n<p>V\u00e5rt professionella s\u00e4tt och inte minst v\u00e5r kunskap, om de processer som anv\u00e4nds i de olika branscherna, \u00e4r anledningen till att vi kan ge r\u00e5d om och tillverka h\u00f6gkvalitativa processtankar.<\/p>\n<div class=\"gap\" style=\"line-height: 20px; height: 20px;\"><\/div>\n<p>Kontakta JH St\u00e5lindustri idag om du vill veta mer om processtankar eller v\u00e5ra procedurer p\u00e5 telefon +45 86 47 90 44 eller via e-post till jhstaal@jhstaal.com.<\/p>\n<p>[\/vc_column_text][\/vc_column_inner][\/vc_row_inner][\/vc_column][\/vc_row][vc_row][vc_column]<style type=\"text\/css\" data-type=\"the7_shortcodes-inline-css\">#default-btn-d8c5237c5fe76120b0f5003cd8542aa5 {\n  border-radius: 5px;\n  font-size: 18px;\n  line-height: 20px;\n}\n.btn-shadow#default-btn-d8c5237c5fe76120b0f5003cd8542aa5 {\n  box-shadow: 0 1px 6px rgba(0,0,0,0.12);\n  transition: box-shadow 0.2s ease-out, opacity 0.45s;\n}\n.btn-shadow#default-btn-d8c5237c5fe76120b0f5003cd8542aa5:hover {\n  box-shadow: 0 5px 11px 0 rgba(0,0,0,0.18), 0 4px 15px 0 rgba(0,0,0,0.15);\n}\n.btn-flat#default-btn-d8c5237c5fe76120b0f5003cd8542aa5 {\n  box-shadow: none;\n}\n.btn-flat#default-btn-d8c5237c5fe76120b0f5003cd8542aa5:hover {\n  box-shadow: none;\n}\n#default-btn-d8c5237c5fe76120b0f5003cd8542aa5.ico-right-side > i {\n  margin-right: 0px;\n  margin-left: 8px;\n}\n#default-btn-d8c5237c5fe76120b0f5003cd8542aa5 > i {\n  margin-right: 8px;\n  font-size: 25px;\n}\n#default-btn-d8c5237c5fe76120b0f5003cd8542aa5:not(:hover) {\n  border-width: 0px;\n  padding: 17px 24px 16px 24px;\n}\n#default-btn-d8c5237c5fe76120b0f5003cd8542aa5:hover {\n  border-width: 0px;\n  padding: 17px 24px 16px 24px;\n}\n#default-btn-d8c5237c5fe76120b0f5003cd8542aa5.ico-right-side > i {\n  margin-right: 0px;\n  margin-left: 8px;\n}\n#default-btn-d8c5237c5fe76120b0f5003cd8542aa5 > i {\n  margin-right: 8px;\n}\n<\/style><div class=\"btn-align-center\"><a href=\"https:\/\/jhstaal.com\/en\/datasheets\/\" class=\"default-btn-shortcode dt-btn link-hover-off btn-flat  vc_custom_1614268365676\" id=\"default-btn-d8c5237c5fe76120b0f5003cd8542aa5\" title=\"Datasheets\"><span>See our datasheets here<\/span><\/a><\/div>[vc_separator border_width=&#8221;3&#8243;]<div class=\"ult-spacer spacer-69e8fbf7999e0\" data-id=\"69e8fbf7999e0\" data-height=\"30\" data-height-mobile=\"30\" data-height-tab=\"30\" data-height-tab-portrait=\"30\" data-height-mobile-landscape=\"30\" style=\"clear:both;display:block;\"><\/div>[\/vc_column][\/vc_row][vc_row][vc_column]<div class=\"wf-container dt-gallery-container dt-photos-shortcode loading-effect-fade-in iso-grid jg-container description-on-hover hover-style-two hover-fade content-align-centre\" data-padding=\"20px\" data-cur-page=\"1\" data-target-height=\"240px\"><div class=\"wf-cell\" data-post-id=\"6380\" data-date=\"2021-02-01T18:02:10+00:00\" data-name=\"Stainless Steel Tank\">\n<article class=\"post post-6380 attachment type-attachment status-inherit hentry no-img description-off\">\n\n\t<figure class=\"rollover-project links-hovers-disabled\">\n\t<a href=\"\/wp-content\/uploads\/2017\/07\/Stainless-Steel-Tank.jpg\" class=\"rollover rollover-zoom dt-pswp-item layzr-bg\" title=\"Stainless Steel Tank\" data-dt-img-description=\"\"  data-large_image_width=\"2272\" data-large_image_height = \"1704\" ><img fetchpriority=\"high\" decoding=\"async\" class=\"preload-me jgrid-lazy-load aspect\" src=\"data:image\/svg+xml,%3Csvg%20xmlns%3D&#39;http%3A%2F%2Fwww.w3.org%2F2000%2Fsvg&#39;%20viewBox%3D&#39;0%200%20554%20312&#39;%2F%3E\" data-src=\"\/wp-content\/uploads\/2017\/07\/Stainless-Steel-Tank-554x312.jpg\" data-srcset=\"\/wp-content\/uploads\/2017\/07\/Stainless-Steel-Tank-554x312.jpg 554w, \/wp-content\/uploads\/2017\/07\/Stainless-Steel-Tank-1108x624.jpg 1108w\" loading=\"eager\" style=\"--ratio: 554 \/ 312\" sizes=\"(max-width: 554px) 100vw, 554px\" alt=\"\" width=\"554\" height=\"312\"  \/><\/a>\t<\/figure>\n<\/article>\n\n<\/div><div class=\"wf-cell\" data-post-id=\"6375\" data-date=\"2021-02-01T18:01:44+00:00\" data-name=\"Process Tanks\">\n<article class=\"post post-6375 attachment type-attachment status-inherit hentry no-img description-off\">\n\n\t<figure class=\"rollover-project links-hovers-disabled\">\n\t<a href=\"\/wp-content\/uploads\/2017\/07\/Process-Tanks.jpg\" class=\"rollover rollover-zoom dt-pswp-item layzr-bg\" title=\"Process Tanks\" data-dt-img-description=\"\"  data-large_image_width=\"2272\" data-large_image_height = \"1704\" ><img decoding=\"async\" class=\"preload-me jgrid-lazy-load aspect\" src=\"data:image\/svg+xml,%3Csvg%20xmlns%3D&#39;http%3A%2F%2Fwww.w3.org%2F2000%2Fsvg&#39;%20viewBox%3D&#39;0%200%20554%20312&#39;%2F%3E\" data-src=\"\/wp-content\/uploads\/2017\/07\/Process-Tanks-554x312.jpg\" data-srcset=\"\/wp-content\/uploads\/2017\/07\/Process-Tanks-554x312.jpg 554w, \/wp-content\/uploads\/2017\/07\/Process-Tanks-1108x624.jpg 1108w\" loading=\"eager\" style=\"--ratio: 554 \/ 312\" sizes=\"(max-width: 554px) 100vw, 554px\" alt=\"\" width=\"554\" height=\"312\"  \/><\/a>\t<\/figure>\n<\/article>\n\n<\/div><div class=\"wf-cell\" data-post-id=\"6370\" data-date=\"2021-02-01T18:01:21+00:00\" data-name=\"Process Tank\">\n<article class=\"post post-6370 attachment type-attachment status-inherit hentry no-img description-off\">\n\n\t<figure class=\"rollover-project links-hovers-disabled\">\n\t<a href=\"\/wp-content\/uploads\/2017\/07\/Process-Tank.jpg\" class=\"rollover rollover-zoom dt-pswp-item layzr-bg\" title=\"Process Tank\" data-dt-img-description=\"\"  data-large_image_width=\"640\" data-large_image_height = \"480\" ><img decoding=\"async\" class=\"preload-me jgrid-lazy-load aspect\" src=\"data:image\/svg+xml,%3Csvg%20xmlns%3D&#39;http%3A%2F%2Fwww.w3.org%2F2000%2Fsvg&#39;%20viewBox%3D&#39;0%200%20554%20312&#39;%2F%3E\" data-src=\"\/wp-content\/uploads\/2017\/07\/Process-Tank-554x312.jpg\" data-srcset=\"\/wp-content\/uploads\/2017\/07\/Process-Tank-554x312.jpg 554w, \/wp-content\/uploads\/2017\/07\/Process-Tank-640x360.jpg 640w\" loading=\"eager\" style=\"--ratio: 554 \/ 312\" sizes=\"(max-width: 554px) 100vw, 554px\" alt=\"\" width=\"554\" height=\"312\"  \/><\/a>\t<\/figure>\n<\/article>\n\n<\/div><div class=\"wf-cell\" data-post-id=\"6365\" data-date=\"2021-02-01T18:01:10+00:00\" data-name=\"Beer Process Tank\">\n<article class=\"post post-6365 attachment type-attachment status-inherit hentry no-img description-off\">\n\n\t<figure class=\"rollover-project links-hovers-disabled\">\n\t<a href=\"\/wp-content\/uploads\/2017\/07\/Beer-Process-Tank.jpg\" class=\"rollover rollover-zoom dt-pswp-item layzr-bg\" title=\"Beer Process Tank\" data-dt-img-description=\"\"  data-large_image_width=\"640\" data-large_image_height = \"480\" ><img decoding=\"async\" class=\"preload-me jgrid-lazy-load aspect\" src=\"data:image\/svg+xml,%3Csvg%20xmlns%3D&#39;http%3A%2F%2Fwww.w3.org%2F2000%2Fsvg&#39;%20viewBox%3D&#39;0%200%20554%20312&#39;%2F%3E\" data-src=\"\/wp-content\/uploads\/2017\/07\/Beer-Process-Tank-554x312.jpg\" data-srcset=\"\/wp-content\/uploads\/2017\/07\/Beer-Process-Tank-554x312.jpg 554w, \/wp-content\/uploads\/2017\/07\/Beer-Process-Tank-640x360.jpg 640w\" loading=\"eager\" style=\"--ratio: 554 \/ 312\" sizes=\"(max-width: 554px) 100vw, 554px\" alt=\"\" width=\"554\" height=\"312\"  \/><\/a>\t<\/figure>\n<\/article>\n\n<\/div><\/div>[\/vc_column][\/vc_row]<\/p>\n<\/div>","protected":false},"excerpt":{"rendered":"<p>[vc_row][vc_column][vc_single_image image=&#8221;4349&#8243; img_size=&#8221;full&#8221; alignment=&#8221;center&#8221;][vc_row_inner][vc_column_inner][vc_column_text] Processtankar \u00e4r ett annat ord f\u00f6r tryckl\u00f6sa tankar. Det \u00e4r den st\u00f6rsta gruppen av rostfria tankar, som t\u00e4cker blandningstankar, mogningstankar, j\u00e4sningstankar och tappningstankar. Allt detta \u00e4r tankar som ing\u00e5r i en processlinje i en bransch. JH St\u00e5lindustri levererar till exempel rostfria processtankar till mejeriindustrin och livsmedelsindustrin. Processtankar m\u00e5ste passa syftet Tryckfria&hellip;<\/p>\n","protected":false},"author":10,"featured_media":0,"parent":4235,"menu_order":0,"comment_status":"closed","ping_status":"closed","template":"","meta":{"footnotes":""},"yoast_head":"<!-- This site is optimized with the Yoast SEO plugin v22.2 - https:\/\/yoast.com\/wordpress\/plugins\/seo\/ -->\n<title>Rostfria processtankar - Tryckl\u00f6sa tankar - JH St\u00e5lindustri A\/S<\/title>\n<meta name=\"description\" content=\"JH St\u00e5lindustri A \/ S tillverkar och ger r\u00e5d om tryckl\u00f6sa tankar - \u00e4ven kallade processtankar. Inklusive blandningstankar, mognadstankar, j\u00e4sningstankar och tappningstankar.\" \/>\n<meta name=\"robots\" content=\"index, follow, max-snippet:-1, max-image-preview:large, max-video-preview:-1\" \/>\n<link rel=\"canonical\" href=\"https:\/\/jhstaal.com\/sv\/produkter\/rostfria-processtankar\/\" \/>\n<meta property=\"og:locale\" content=\"sv_SE\" \/>\n<meta property=\"og:type\" content=\"article\" \/>\n<meta property=\"og:title\" content=\"Rostfria processtankar - Tryckl\u00f6sa tankar - JH St\u00e5lindustri A\/S\" \/>\n<meta property=\"og:description\" content=\"JH St\u00e5lindustri A \/ S tillverkar och ger r\u00e5d om tryckl\u00f6sa tankar - \u00e4ven kallade processtankar. Inklusive blandningstankar, mognadstankar, j\u00e4sningstankar och tappningstankar.\" \/>\n<meta property=\"og:url\" content=\"https:\/\/jhstaal.com\/sv\/produkter\/rostfria-processtankar\/\" \/>\n<meta property=\"og:site_name\" content=\"JH St&aring;lindustri A\/S\" \/>\n<meta property=\"article:modified_time\" content=\"2021-03-01T18:39:06+00:00\" \/>\n<meta name=\"twitter:card\" content=\"summary_large_image\" \/>\n<meta name=\"twitter:label1\" content=\"Ber\u00e4knad l\u00e4stid\" \/>\n\t<meta name=\"twitter:data1\" content=\"3 minuter\" \/>\n<script type=\"application\/ld+json\" class=\"yoast-schema-graph\">{\"@context\":\"https:\/\/schema.org\",\"@graph\":[{\"@type\":\"WebPage\",\"@id\":\"https:\/\/jhstaal.com\/sv\/produkter\/rostfria-processtankar\/\",\"url\":\"https:\/\/jhstaal.com\/sv\/produkter\/rostfria-processtankar\/\",\"name\":\"Rostfria processtankar - Tryckl\u00f6sa tankar - JH St\u00e5lindustri A\/S\",\"isPartOf\":{\"@id\":\"https:\/\/jhstaal.dk\/nb\/#website\"},\"datePublished\":\"2020-12-10T14:01:39+00:00\",\"dateModified\":\"2021-03-01T18:39:06+00:00\",\"description\":\"JH St\u00e5lindustri A \/ S tillverkar och ger r\u00e5d om tryckl\u00f6sa tankar - \u00e4ven kallade processtankar. Inklusive blandningstankar, mognadstankar, j\u00e4sningstankar och tappningstankar.\",\"breadcrumb\":{\"@id\":\"https:\/\/jhstaal.com\/sv\/produkter\/rostfria-processtankar\/#breadcrumb\"},\"inLanguage\":\"sv-SE\",\"potentialAction\":[{\"@type\":\"ReadAction\",\"target\":[\"https:\/\/jhstaal.com\/sv\/produkter\/rostfria-processtankar\/\"]}]},{\"@type\":\"BreadcrumbList\",\"@id\":\"https:\/\/jhstaal.com\/sv\/produkter\/rostfria-processtankar\/#breadcrumb\",\"itemListElement\":[{\"@type\":\"ListItem\",\"position\":1,\"name\":\"Hjem\",\"item\":\"https:\/\/jhstaal.dk\/sv\/\"},{\"@type\":\"ListItem\",\"position\":2,\"name\":\"Produkter\",\"item\":\"https:\/\/jhstaal.dk\/sv\/produkter\/\"},{\"@type\":\"ListItem\",\"position\":3,\"name\":\"Rostfria processtankar\"}]},{\"@type\":\"WebSite\",\"@id\":\"https:\/\/jhstaal.dk\/nb\/#website\",\"url\":\"https:\/\/jhstaal.dk\/nb\/\",\"name\":\"JH St&aring;lindustri A\/S\",\"description\":\"St&aring;ltanke\",\"publisher\":{\"@id\":\"https:\/\/jhstaal.dk\/nb\/#organization\"},\"potentialAction\":[{\"@type\":\"SearchAction\",\"target\":{\"@type\":\"EntryPoint\",\"urlTemplate\":\"https:\/\/jhstaal.dk\/nb\/?s={search_term_string}\"},\"query-input\":\"required name=search_term_string\"}],\"inLanguage\":\"sv-SE\"},{\"@type\":\"Organization\",\"@id\":\"https:\/\/jhstaal.dk\/nb\/#organization\",\"name\":\"JH St\u00e5lindustri A\/S\",\"url\":\"https:\/\/jhstaal.dk\/nb\/\",\"logo\":{\"@type\":\"ImageObject\",\"inLanguage\":\"sv-SE\",\"@id\":\"https:\/\/jhstaal.dk\/nb\/#\/schema\/logo\/image\/\",\"url\":\"\/wp-content\/uploads\/2016\/09\/JHstaal-LOGO-600px.jpg\",\"contentUrl\":\"\/wp-content\/uploads\/2016\/09\/JHstaal-LOGO-600px.jpg\",\"width\":600,\"height\":160,\"caption\":\"JH St\u00e5lindustri A\/S\"},\"image\":{\"@id\":\"https:\/\/jhstaal.dk\/nb\/#\/schema\/logo\/image\/\"}}]}<\/script>\n<!-- \/ Yoast SEO plugin. -->","yoast_head_json":{"title":"Rostfria processtankar - Tryckl\u00f6sa tankar - JH St\u00e5lindustri A\/S","description":"JH St\u00e5lindustri A \/ S tillverkar och ger r\u00e5d om tryckl\u00f6sa tankar - \u00e4ven kallade processtankar. Inklusive blandningstankar, mognadstankar, j\u00e4sningstankar och tappningstankar.","robots":{"index":"index","follow":"follow","max-snippet":"max-snippet:-1","max-image-preview":"max-image-preview:large","max-video-preview":"max-video-preview:-1"},"canonical":"https:\/\/jhstaal.com\/sv\/produkter\/rostfria-processtankar\/","og_locale":"sv_SE","og_type":"article","og_title":"Rostfria processtankar - Tryckl\u00f6sa tankar - JH St\u00e5lindustri A\/S","og_description":"JH St\u00e5lindustri A \/ S tillverkar och ger r\u00e5d om tryckl\u00f6sa tankar - \u00e4ven kallade processtankar. Inklusive blandningstankar, mognadstankar, j\u00e4sningstankar och tappningstankar.","og_url":"https:\/\/jhstaal.com\/sv\/produkter\/rostfria-processtankar\/","og_site_name":"JH St&aring;lindustri A\/S","article_modified_time":"2021-03-01T18:39:06+00:00","twitter_card":"summary_large_image","twitter_misc":{"Ber\u00e4knad l\u00e4stid":"3 minuter"},"schema":{"@context":"https:\/\/schema.org","@graph":[{"@type":"WebPage","@id":"https:\/\/jhstaal.com\/sv\/produkter\/rostfria-processtankar\/","url":"https:\/\/jhstaal.com\/sv\/produkter\/rostfria-processtankar\/","name":"Rostfria processtankar - Tryckl\u00f6sa tankar - JH St\u00e5lindustri A\/S","isPartOf":{"@id":"https:\/\/jhstaal.dk\/nb\/#website"},"datePublished":"2020-12-10T14:01:39+00:00","dateModified":"2021-03-01T18:39:06+00:00","description":"JH St\u00e5lindustri A \/ S tillverkar och ger r\u00e5d om tryckl\u00f6sa tankar - \u00e4ven kallade processtankar. Inklusive blandningstankar, mognadstankar, j\u00e4sningstankar och tappningstankar.","breadcrumb":{"@id":"https:\/\/jhstaal.com\/sv\/produkter\/rostfria-processtankar\/#breadcrumb"},"inLanguage":"sv-SE","potentialAction":[{"@type":"ReadAction","target":["https:\/\/jhstaal.com\/sv\/produkter\/rostfria-processtankar\/"]}]},{"@type":"BreadcrumbList","@id":"https:\/\/jhstaal.com\/sv\/produkter\/rostfria-processtankar\/#breadcrumb","itemListElement":[{"@type":"ListItem","position":1,"name":"Hjem","item":"https:\/\/jhstaal.dk\/sv\/"},{"@type":"ListItem","position":2,"name":"Produkter","item":"https:\/\/jhstaal.dk\/sv\/produkter\/"},{"@type":"ListItem","position":3,"name":"Rostfria processtankar"}]},{"@type":"WebSite","@id":"https:\/\/jhstaal.dk\/nb\/#website","url":"https:\/\/jhstaal.dk\/nb\/","name":"JH St&aring;lindustri A\/S","description":"St&aring;ltanke","publisher":{"@id":"https:\/\/jhstaal.dk\/nb\/#organization"},"potentialAction":[{"@type":"SearchAction","target":{"@type":"EntryPoint","urlTemplate":"https:\/\/jhstaal.dk\/nb\/?s={search_term_string}"},"query-input":"required name=search_term_string"}],"inLanguage":"sv-SE"},{"@type":"Organization","@id":"https:\/\/jhstaal.dk\/nb\/#organization","name":"JH St\u00e5lindustri A\/S","url":"https:\/\/jhstaal.dk\/nb\/","logo":{"@type":"ImageObject","inLanguage":"sv-SE","@id":"https:\/\/jhstaal.dk\/nb\/#\/schema\/logo\/image\/","url":"\/wp-content\/uploads\/2016\/09\/JHstaal-LOGO-600px.jpg","contentUrl":"\/wp-content\/uploads\/2016\/09\/JHstaal-LOGO-600px.jpg","width":600,"height":160,"caption":"JH St\u00e5lindustri A\/S"},"image":{"@id":"https:\/\/jhstaal.dk\/nb\/#\/schema\/logo\/image\/"}}]}},"_links":{"self":[{"href":"https:\/\/jhstaal.com\/sv\/wp-json\/wp\/v2\/pages\/4346"}],"collection":[{"href":"https:\/\/jhstaal.com\/sv\/wp-json\/wp\/v2\/pages"}],"about":[{"href":"https:\/\/jhstaal.com\/sv\/wp-json\/wp\/v2\/types\/page"}],"author":[{"embeddable":true,"href":"https:\/\/jhstaal.com\/sv\/wp-json\/wp\/v2\/users\/10"}],"replies":[{"embeddable":true,"href":"https:\/\/jhstaal.com\/sv\/wp-json\/wp\/v2\/comments?post=4346"}],"version-history":[{"count":3,"href":"https:\/\/jhstaal.com\/sv\/wp-json\/wp\/v2\/pages\/4346\/revisions"}],"predecessor-version":[{"id":7120,"href":"https:\/\/jhstaal.com\/sv\/wp-json\/wp\/v2\/pages\/4346\/revisions\/7120"}],"up":[{"embeddable":true,"href":"https:\/\/jhstaal.com\/sv\/wp-json\/wp\/v2\/pages\/4235"}],"wp:attachment":[{"href":"https:\/\/jhstaal.com\/sv\/wp-json\/wp\/v2\/media?parent=4346"}],"curies":[{"name":"wp","href":"https:\/\/api.w.org\/{rel}","templated":true}]}}